{"id":3567,"date":"2022-06-23T12:54:48","date_gmt":"2022-06-23T10:54:48","guid":{"rendered":"https:\/\/www.presensa.com\/producto\/luminossa-tca-chemical-peel-12\/"},"modified":"2023-01-04T12:56:04","modified_gmt":"2023-01-04T11:56:04","slug":"luminossa-tca-chemical-peel-12","status":"publish","type":"product","link":"https:\/\/www.pressensa.shop\/en\/producto\/luminossa-tca-chemical-peel-12\/","title":{"rendered":"Luminossa TCA chemical peel 12%"},"content":{"rendered":"<p><strong>Formulated with:<\/strong><br \/>\nTrichloroacetic Acid<br \/>\nMandelic acid<br \/>\nKOJIC ACID<br \/>\n<strong>Characteristic<\/strong><br \/>\n-Vial of 5ml<br \/>\nMedical device for external use.<\/p>\n","protected":false},"excerpt":{"rendered":"<h2>TCA 12 chemical peeling vial<\/h2>\n<p><strong>Medium to deep<\/strong> trichloroacetic acid (TCA) peel stabilized with alpha-hydroxy acids. It is a CLASS I product with CE marking. Luminossa TCA is also formulated with Mandelic Acid and Kojic Acid up to 6%<\/p>\n<p>Its unique formula in gel form allows the stabilization of TCA thanks to strong cocktails and weak acids present in the formulation and mixed stoichiometrically to make the treatment stable, safe and effective.<\/p>\n<p>It is fast-acting; painless; no frost effect and no signs after treatment, obtaining an instant result that improves over time.<\/p>\n<p>Luminossa TCA is suitable for all ages and is not a photosensitizer.<\/p>\n<h2><span data-sheets-value=\"{\"1\":2,\"2\":\"h1Luminossa TCA peeling qu\u00edmico 12%\\nH2 Vial peeling qu\u00edmico tca 12\\nH2 \u00c1cidos peeling qu\u00edmico Luminossa TCA\\nH3 \u00c1cido mand\u00e9lico 6%\\nH3 \u00c1cido kojic 6%\\n\"}\" data-sheets-userformat=\"{\"2\":11011,\"3\":{\"1\":0},\"4\":{\"1\":2,\"2\":15389148},\"11\":4,\"12\":0,\"14\":{\"1\":2,\"2\":0},\"16\":11}\">Chemical peeling acids Luminossa TCA<\/span><\/h2>\n<p>Luminossa TCA formulated with acids such as Kojic Acid, up to 6%; Mandelic Acid, up to 6%; and lastly, Trichloroacetic Acid.<\/p>\n<h3><span data-sheets-value=\"{\"1\":2,\"2\":\"h1Luminossa TCA peeling qu\u00edmico 12%\\nH2 Vial peeling qu\u00edmico tca 12\\nH2 \u00c1cidos peeling qu\u00edmico Luminossa TCA\\nH3 \u00c1cido mand\u00e9lico 6%\\nH3 \u00c1cido kojic 6%\\n\"}\" data-sheets-userformat=\"{\"2\":11011,\"3\":{\"1\":0},\"4\":{\"1\":2,\"2\":15389148},\"11\":4,\"12\":0,\"14\":{\"1\":2,\"2\":0},\"16\":11}\">Kojic Acid 6%<\/span><\/h3>\n<p>Kojic Acid functions as a melanogenesis inhibitor and is specifically indicated for the treatment of melasma; chloasma; photoaging and dark circles under the eyes.<\/p>\n<h3><span data-sheets-value=\"{\"1\":2,\"2\":\"h1Luminossa TCA peeling qu\u00edmico 12%\\nH2 Vial peeling qu\u00edmico tca 12\\nH2 \u00c1cidos peeling qu\u00edmico Luminossa TCA\\nH3 \u00c1cido mand\u00e9lico 6%\\nH3 \u00c1cido kojic 6%\\n\"}\" data-sheets-userformat=\"{\"2\":11011,\"3\":{\"1\":0},\"4\":{\"1\":2,\"2\":15389148},\"11\":4,\"12\":0,\"14\":{\"1\":2,\"2\":0},\"16\":11}\">Mandelic acid 6%<\/span><\/h3>\n<p>Mandelic Acid as an alpha-hydroxy acid derived from the hydrolysis of almond extract. It is responsible for delaying skin aging at the cellular level, stimulating and renewing the skin, to leave it with a rich and youthful appearance.<\/p>\n<p>Also acts against wrinkles and is highly effective in treating acne.<\/p>\n<p><strong>Characteristic<br \/>\n<\/strong>-5ml vial<br \/>\nMedical device for external use.<\/p>\n<div class=\"page\" title=\"Page 18\">\n<div class=\"layoutArea\">\n<div class=\"column\">\n<p>&nbsp;<\/p>\n<\/div>\n<\/div>\n<\/div>\n<div class=\"page\" title=\"Page 18\">\n<div class=\"layoutArea\">\n<div class=\"column\">\n<p><span data-sheets-value=\"{\"1\":2,\"2\":\"h1Luminossa TCA peeling qu\u00edmico 12%\\nH2 Vial peeling qu\u00edmico tca 12\\nH2 \u00c1cidos peeling qu\u00edmico Luminossa TCA\\nH3 \u00c1cido mand\u00e9lico 6%\\nH3 \u00c1cido kojic 6%\\n\"}\" data-sheets-userformat=\"{\"2\":11011,\"3\":{\"1\":0},\"4\":{\"1\":2,\"2\":15389148},\"11\":4,\"12\":0,\"14\":{\"1\":2,\"2\":0},\"16\":11}\"> <\/span><\/p>\n<\/div>\n<\/div>\n<\/div>\n","protected":false},"featured_media":2116,"comment_status":"open","ping_status":"closed","template":"","meta":[],"product_brand":[],"product_cat":[61],"product_tag":[],"class_list":{"0":"post-3567","1":"product","2":"type-product","3":"status-publish","4":"has-post-thumbnail","6":"product_cat-profesional-en","7":"pa_tamano-box-5-vials","8":"pa_tamano-1-vial","10":"first","11":"instock","12":"taxable","13":"shipping-taxable","14":"purchasable","15":"product-type-variable"},"yoast_head":"<!-- This site is optimized with the Yoast SEO plugin v27.2 - https:\/\/yoast.com\/product\/yoast-seo-wordpress\/ -->\n<title>buy chemical peel TCA 12% 5ml<\/title>\n<meta name=\"description\" content=\"Trichloroacetic Acid peel vial 12% , 5ml medical device with class I for medium to deep peeling.\" \/>\n<meta name=\"robots\" content=\"index, follow, max-snippet:-1, max-image-preview:large, max-video-preview:-1\" \/>\n<link rel=\"canonical\" href=\"https:\/\/www.pressensa.shop\/en\/producto\/luminossa-tca-chemical-peel-12\/\" \/>\n<meta property=\"og:locale\" content=\"en_US\" \/>\n<meta property=\"og:type\" content=\"article\" \/>\n<meta property=\"og:title\" content=\"buy chemical peel TCA 12% 5ml\" \/>\n<meta property=\"og:description\" content=\"Trichloroacetic Acid peel vial 12% , 5ml medical device with class I for medium to deep peeling.\" \/>\n<meta property=\"og:url\" content=\"https:\/\/www.pressensa.shop\/en\/producto\/luminossa-tca-chemical-peel-12\/\" \/>\n<meta property=\"og:site_name\" content=\"Pressensa\" \/>\n<meta property=\"article:modified_time\" content=\"2023-01-04T11:56:04+00:00\" \/>\n<meta property=\"og:image\" content=\"https:\/\/eghgyirmzse.exactdn.com\/wp-content\/uploads\/2022\/07\/vial-peeling-qui\u0301mico-tca-12-1.png?strip=all&lossy=1&ssl=1\" \/>\n\t<meta property=\"og:image:width\" content=\"1080\" \/>\n\t<meta property=\"og:image:height\" content=\"1080\" \/>\n\t<meta property=\"og:image:type\" content=\"image\/png\" \/>\n<meta name=\"twitter:card\" content=\"summary_large_image\" \/>\n<script type=\"application\/ld+json\" class=\"yoast-schema-graph\">{\"@context\":\"https:\/\/schema.org\",\"@graph\":[{\"@type\":\"WebPage\",\"@id\":\"https:\/\/www.pressensa.shop\/en\/producto\/luminossa-tca-chemical-peel-12\/\",\"url\":\"https:\/\/www.pressensa.shop\/en\/producto\/luminossa-tca-chemical-peel-12\/\",\"name\":\"buy chemical peel TCA 12% 5ml\",\"isPartOf\":{\"@id\":\"https:\/\/www.pressensa.shop\/en\/#website\"},\"primaryImageOfPage\":{\"@id\":\"https:\/\/www.pressensa.shop\/en\/producto\/luminossa-tca-chemical-peel-12\/#primaryimage\"},\"image\":{\"@id\":\"https:\/\/www.pressensa.shop\/en\/producto\/luminossa-tca-chemical-peel-12\/#primaryimage\"},\"thumbnailUrl\":\"https:\/\/www.pressensa.shop\/wp-content\/uploads\/2022\/07\/vial-peeling-qui\u0301mico-tca-12-1.png\",\"datePublished\":\"2022-06-23T10:54:48+00:00\",\"dateModified\":\"2023-01-04T11:56:04+00:00\",\"description\":\"Trichloroacetic Acid peel vial 12% , 5ml medical device with class I for medium to deep peeling.\",\"breadcrumb\":{\"@id\":\"https:\/\/www.pressensa.shop\/en\/producto\/luminossa-tca-chemical-peel-12\/#breadcrumb\"},\"inLanguage\":\"en-US\",\"potentialAction\":[{\"@type\":\"ReadAction\",\"target\":[\"https:\/\/www.pressensa.shop\/en\/producto\/luminossa-tca-chemical-peel-12\/\"]}]},{\"@type\":\"ImageObject\",\"inLanguage\":\"en-US\",\"@id\":\"https:\/\/www.pressensa.shop\/en\/producto\/luminossa-tca-chemical-peel-12\/#primaryimage\",\"url\":\"https:\/\/www.pressensa.shop\/wp-content\/uploads\/2022\/07\/vial-peeling-qui\u0301mico-tca-12-1.png\",\"contentUrl\":\"https:\/\/www.pressensa.shop\/wp-content\/uploads\/2022\/07\/vial-peeling-qui\u0301mico-tca-12-1.png\",\"width\":1080,\"height\":1080,\"caption\":\"Peeling de \u00e1cido tricloroac\u00e9tico (TCA) de medio a profundo estabilizado con \u00e1cidos alfa-hidroxi.\"},{\"@type\":\"BreadcrumbList\",\"@id\":\"https:\/\/www.pressensa.shop\/en\/producto\/luminossa-tca-chemical-peel-12\/#breadcrumb\",\"itemListElement\":[{\"@type\":\"ListItem\",\"position\":1,\"name\":\"Portada\",\"item\":\"https:\/\/www.pressensa.shop\/en\/\"},{\"@type\":\"ListItem\",\"position\":2,\"name\":\"Store\",\"item\":\"https:\/\/www.pressensa.shop\/shop\/?lang=en\"},{\"@type\":\"ListItem\",\"position\":3,\"name\":\"Luminossa TCA chemical peel 12%\"}]},{\"@type\":\"WebSite\",\"@id\":\"https:\/\/www.pressensa.shop\/en\/#website\",\"url\":\"https:\/\/www.pressensa.shop\/en\/\",\"name\":\"Pressensa\",\"description\":\"fabricante de productos de dermocosmetica, estetica y medicina est\u00e9tica.\",\"publisher\":{\"@id\":\"https:\/\/www.pressensa.shop\/en\/#organization\"},\"potentialAction\":[{\"@type\":\"SearchAction\",\"target\":{\"@type\":\"EntryPoint\",\"urlTemplate\":\"https:\/\/www.pressensa.shop\/en\/?s={search_term_string}\"},\"query-input\":{\"@type\":\"PropertyValueSpecification\",\"valueRequired\":true,\"valueName\":\"search_term_string\"}}],\"inLanguage\":\"en-US\"},{\"@type\":\"Organization\",\"@id\":\"https:\/\/www.pressensa.shop\/en\/#organization\",\"name\":\"Pressensa\",\"url\":\"https:\/\/www.pressensa.shop\/en\/\",\"logo\":{\"@type\":\"ImageObject\",\"inLanguage\":\"en-US\",\"@id\":\"https:\/\/www.pressensa.shop\/en\/#\/schema\/logo\/image\/\",\"url\":\"https:\/\/www.pressensa.shop\/wp-content\/uploads\/2022\/06\/Recurso-24.png\",\"contentUrl\":\"https:\/\/www.pressensa.shop\/wp-content\/uploads\/2022\/06\/Recurso-24.png\",\"width\":281,\"height\":131,\"caption\":\"Pressensa\"},\"image\":{\"@id\":\"https:\/\/www.pressensa.shop\/en\/#\/schema\/logo\/image\/\"}}]}<\/script>\n<!-- \/ Yoast SEO plugin. -->","yoast_head_json":{"title":"buy chemical peel TCA 12% 5ml","description":"Trichloroacetic Acid peel vial 12% , 5ml medical device with class I for medium to deep peeling.","robots":{"index":"index","follow":"follow","max-snippet":"max-snippet:-1","max-image-preview":"max-image-preview:large","max-video-preview":"max-video-preview:-1"},"canonical":"https:\/\/www.pressensa.shop\/en\/producto\/luminossa-tca-chemical-peel-12\/","og_locale":"en_US","og_type":"article","og_title":"buy chemical peel TCA 12% 5ml","og_description":"Trichloroacetic Acid peel vial 12% , 5ml medical device with class I for medium to deep peeling.","og_url":"https:\/\/www.pressensa.shop\/en\/producto\/luminossa-tca-chemical-peel-12\/","og_site_name":"Pressensa","article_modified_time":"2023-01-04T11:56:04+00:00","og_image":[{"width":1080,"height":1080,"url":"https:\/\/eghgyirmzse.exactdn.com\/wp-content\/uploads\/2022\/07\/vial-peeling-qui\u0301mico-tca-12-1.png?strip=all&lossy=1&ssl=1","type":"image\/png"}],"twitter_card":"summary_large_image","schema":{"@context":"https:\/\/schema.org","@graph":[{"@type":"WebPage","@id":"https:\/\/www.pressensa.shop\/en\/producto\/luminossa-tca-chemical-peel-12\/","url":"https:\/\/www.pressensa.shop\/en\/producto\/luminossa-tca-chemical-peel-12\/","name":"buy chemical peel TCA 12% 5ml","isPartOf":{"@id":"https:\/\/www.pressensa.shop\/en\/#website"},"primaryImageOfPage":{"@id":"https:\/\/www.pressensa.shop\/en\/producto\/luminossa-tca-chemical-peel-12\/#primaryimage"},"image":{"@id":"https:\/\/www.pressensa.shop\/en\/producto\/luminossa-tca-chemical-peel-12\/#primaryimage"},"thumbnailUrl":"https:\/\/www.pressensa.shop\/wp-content\/uploads\/2022\/07\/vial-peeling-qui\u0301mico-tca-12-1.png","datePublished":"2022-06-23T10:54:48+00:00","dateModified":"2023-01-04T11:56:04+00:00","description":"Trichloroacetic Acid peel vial 12% , 5ml medical device with class I for medium to deep peeling.","breadcrumb":{"@id":"https:\/\/www.pressensa.shop\/en\/producto\/luminossa-tca-chemical-peel-12\/#breadcrumb"},"inLanguage":"en-US","potentialAction":[{"@type":"ReadAction","target":["https:\/\/www.pressensa.shop\/en\/producto\/luminossa-tca-chemical-peel-12\/"]}]},{"@type":"ImageObject","inLanguage":"en-US","@id":"https:\/\/www.pressensa.shop\/en\/producto\/luminossa-tca-chemical-peel-12\/#primaryimage","url":"https:\/\/www.pressensa.shop\/wp-content\/uploads\/2022\/07\/vial-peeling-qui\u0301mico-tca-12-1.png","contentUrl":"https:\/\/www.pressensa.shop\/wp-content\/uploads\/2022\/07\/vial-peeling-qui\u0301mico-tca-12-1.png","width":1080,"height":1080,"caption":"Peeling de \u00e1cido tricloroac\u00e9tico (TCA) de medio a profundo estabilizado con \u00e1cidos alfa-hidroxi."},{"@type":"BreadcrumbList","@id":"https:\/\/www.pressensa.shop\/en\/producto\/luminossa-tca-chemical-peel-12\/#breadcrumb","itemListElement":[{"@type":"ListItem","position":1,"name":"Portada","item":"https:\/\/www.pressensa.shop\/en\/"},{"@type":"ListItem","position":2,"name":"Store","item":"https:\/\/www.pressensa.shop\/shop\/?lang=en"},{"@type":"ListItem","position":3,"name":"Luminossa TCA chemical peel 12%"}]},{"@type":"WebSite","@id":"https:\/\/www.pressensa.shop\/en\/#website","url":"https:\/\/www.pressensa.shop\/en\/","name":"Pressensa","description":"fabricante de productos de dermocosmetica, estetica y medicina est\u00e9tica.","publisher":{"@id":"https:\/\/www.pressensa.shop\/en\/#organization"},"potentialAction":[{"@type":"SearchAction","target":{"@type":"EntryPoint","urlTemplate":"https:\/\/www.pressensa.shop\/en\/?s={search_term_string}"},"query-input":{"@type":"PropertyValueSpecification","valueRequired":true,"valueName":"search_term_string"}}],"inLanguage":"en-US"},{"@type":"Organization","@id":"https:\/\/www.pressensa.shop\/en\/#organization","name":"Pressensa","url":"https:\/\/www.pressensa.shop\/en\/","logo":{"@type":"ImageObject","inLanguage":"en-US","@id":"https:\/\/www.pressensa.shop\/en\/#\/schema\/logo\/image\/","url":"https:\/\/www.pressensa.shop\/wp-content\/uploads\/2022\/06\/Recurso-24.png","contentUrl":"https:\/\/www.pressensa.shop\/wp-content\/uploads\/2022\/06\/Recurso-24.png","width":281,"height":131,"caption":"Pressensa"},"image":{"@id":"https:\/\/www.pressensa.shop\/en\/#\/schema\/logo\/image\/"}}]}},"_links":{"self":[{"href":"https:\/\/www.pressensa.shop\/en\/wp-json\/wp\/v2\/product\/3567","targetHints":{"allow":["GET"]}}],"collection":[{"href":"https:\/\/www.pressensa.shop\/en\/wp-json\/wp\/v2\/product"}],"about":[{"href":"https:\/\/www.pressensa.shop\/en\/wp-json\/wp\/v2\/types\/product"}],"replies":[{"embeddable":true,"href":"https:\/\/www.pressensa.shop\/en\/wp-json\/wp\/v2\/comments?post=3567"}],"version-history":[{"count":0,"href":"https:\/\/www.pressensa.shop\/en\/wp-json\/wp\/v2\/product\/3567\/revisions"}],"wp:featuredmedia":[{"embeddable":true,"href":"https:\/\/www.pressensa.shop\/en\/wp-json\/wp\/v2\/media\/2116"}],"wp:attachment":[{"href":"https:\/\/www.pressensa.shop\/en\/wp-json\/wp\/v2\/media?parent=3567"}],"wp:term":[{"taxonomy":"product_brand","embeddable":true,"href":"https:\/\/www.pressensa.shop\/en\/wp-json\/wp\/v2\/product_brand?post=3567"},{"taxonomy":"product_cat","embeddable":true,"href":"https:\/\/www.pressensa.shop\/en\/wp-json\/wp\/v2\/product_cat?post=3567"},{"taxonomy":"product_tag","embeddable":true,"href":"https:\/\/www.pressensa.shop\/en\/wp-json\/wp\/v2\/product_tag?post=3567"}],"curies":[{"name":"wp","href":"https:\/\/api.w.org\/{rel}","templated":true}]}}