{"id":4557,"date":"2022-06-23T12:54:58","date_gmt":"2022-06-23T10:54:58","guid":{"rendered":"https:\/\/www.presensa.com\/producto\/freshydra-aloe-vera-tonic\/"},"modified":"2022-09-29T16:52:19","modified_gmt":"2022-09-29T14:52:19","slug":"freshydra-aloe-vera-tonic","status":"publish","type":"product","link":"https:\/\/www.pressensa.shop\/en\/producto\/freshydra-aloe-vera-tonic\/","title":{"rendered":"FresHydra aloe vera tonic"},"content":{"rendered":"<p><strong>Componentes:<br \/>\n<\/strong>Aloe Vera Extract<br \/>\nPropylene glycol<br \/>\nVegetal glycerin<br \/>\nOat Extract<br \/>\nAllantoin<br \/>\nLinden Extract<br \/>\nNatural Moisturizing Factor<\/p>\n<p>150ml<\/p>\n","protected":false},"excerpt":{"rendered":"<h2>Facial toner with Aloe Vera extract<\/h2>\n<p>Facial toner with Aloe Vera extract FresHydra Tonic is our Aloe Vera and plant extracts tonic. Formulated to tone the epidermis; refresh the skin; regulate its PH and prepare it for the products that we are going to apply later. We have designed this toner for all skin types, also for sensitive skin. It does not have any alcohol or parabens.<\/p>\n<h2>Freshydra Tonic 150ml<\/h2>\n<p>FresHydra Tonic is formulated with:<\/p>\n<h3>Aloe Vera Extract:<\/h3>\n<p>To smooth; regenerate and hydrate the skin due to its ability to retain water molecules.<\/p>\n<h3>Propylene glycol:<\/h3>\n<p>High moisturizing power. Moisturizing or humectant organic compound thanks to its ability to surround itself with water molecules.<\/p>\n<h3>Vegetal glycerin:<\/h3>\n<p>For a smooth and glowing complexion Glycerin is a polyalcohol. Due to its hygroscopic power, it obtains hydration of the surface, and impregnation of the stratum corneum provides immediate hydration.<\/p>\n<h3>Oat Extract:<\/h3>\n<p>This is one of the key components of the epidermal barrier. Este extracto est\u00e1 producido por biotecnolog\u00eda para que sea id\u00e9ntico a las ceramidas humanas y as\u00ed ser incorporados y utilizados m\u00e1s r\u00e1pidamente por la piel.<\/p>\n<h3>Allantoin:<\/h3>\n<p>Cleaning and improvement of damaged skin. It allows to reduce the skin&#8217;s healing time and thus promotes its regeneration since it favors and accelerates this natural process of the skin.<\/p>\n<h3>Extracto de Tilo:<\/h3>\n<p>Increases collagen production. The molecule takes the place of a human peptide involved in the manufacture of collagen.<\/p>\n<h3>Natural moisturizing factor:<\/h3>\n<p>Preserves the balance of the epidermis. It is a mixture of molecules capable of retaining water in the surface layers.<\/p>\n","protected":false},"featured_media":23496,"comment_status":"open","ping_status":"closed","template":"","meta":[],"product_brand":[],"product_cat":[67],"product_tag":[],"class_list":{"0":"post-4557","1":"product","2":"type-product","3":"status-publish","4":"has-post-thumbnail","6":"product_cat-home-care-en","8":"first","9":"instock","10":"taxable","11":"shipping-taxable","12":"purchasable","13":"product-type-simple"},"yoast_head":"<!-- This site is optimized with the Yoast SEO plugin v27.5 - https:\/\/yoast.com\/product\/yoast-seo-wordpress\/ -->\n<title>Buy skin Toner with Aloe Vera FresHydra<\/title>\n<meta name=\"description\" content=\"FresHydra is a facial toner with Aloe Vera extract for all skin types, including sensitive skin. Tones the epidermis, refreshes the skin, and regulates its PH. 15.18\u20ac 150ml.\" \/>\n<meta name=\"robots\" content=\"index, follow, max-snippet:-1, max-image-preview:large, max-video-preview:-1\" \/>\n<link rel=\"canonical\" href=\"https:\/\/www.pressensa.shop\/en\/producto\/freshydra-aloe-vera-tonic\/\" \/>\n<meta property=\"og:locale\" content=\"en_US\" \/>\n<meta property=\"og:type\" content=\"article\" \/>\n<meta property=\"og:title\" content=\"Buy skin Toner with Aloe Vera FresHydra\" \/>\n<meta property=\"og:description\" content=\"FresHydra is a facial toner with Aloe Vera extract for all skin types, including sensitive skin. Tones the epidermis, refreshes the skin, and regulates its PH. 15.18\u20ac 150ml.\" \/>\n<meta property=\"og:url\" content=\"https:\/\/www.pressensa.shop\/en\/producto\/freshydra-aloe-vera-tonic\/\" \/>\n<meta property=\"og:site_name\" content=\"Pressensa\" \/>\n<meta property=\"article:modified_time\" content=\"2022-09-29T14:52:19+00:00\" \/>\n<meta property=\"og:image\" content=\"https:\/\/www.pressensa.shop\/wp-content\/uploads\/2022\/06\/FRESHYDRA-BOTE.jpg\" \/>\n\t<meta property=\"og:image:width\" content=\"1920\" \/>\n\t<meta property=\"og:image:height\" content=\"1920\" \/>\n\t<meta property=\"og:image:type\" content=\"image\/jpeg\" \/>\n<meta name=\"twitter:card\" content=\"summary_large_image\" \/>\n<script type=\"application\/ld+json\" class=\"yoast-schema-graph\">{\"@context\":\"https:\\\/\\\/schema.org\",\"@graph\":[{\"@type\":\"WebPage\",\"@id\":\"https:\\\/\\\/www.pressensa.shop\\\/en\\\/producto\\\/freshydra-aloe-vera-tonic\\\/\",\"url\":\"https:\\\/\\\/www.pressensa.shop\\\/en\\\/producto\\\/freshydra-aloe-vera-tonic\\\/\",\"name\":\"Buy skin Toner with Aloe Vera FresHydra\",\"isPartOf\":{\"@id\":\"https:\\\/\\\/www.pressensa.shop\\\/en\\\/#website\"},\"primaryImageOfPage\":{\"@id\":\"https:\\\/\\\/www.pressensa.shop\\\/en\\\/producto\\\/freshydra-aloe-vera-tonic\\\/#primaryimage\"},\"image\":{\"@id\":\"https:\\\/\\\/www.pressensa.shop\\\/en\\\/producto\\\/freshydra-aloe-vera-tonic\\\/#primaryimage\"},\"thumbnailUrl\":\"https:\\\/\\\/www.pressensa.shop\\\/wp-content\\\/uploads\\\/2022\\\/07\\\/FRESHYDRA-BOTE.webp\",\"datePublished\":\"2022-06-23T10:54:58+00:00\",\"dateModified\":\"2022-09-29T14:52:19+00:00\",\"description\":\"FresHydra is a facial toner with Aloe Vera extract for all skin types, including sensitive skin. Tones the epidermis, refreshes the skin, and regulates its PH. 15.18\u20ac 150ml.\",\"breadcrumb\":{\"@id\":\"https:\\\/\\\/www.pressensa.shop\\\/en\\\/producto\\\/freshydra-aloe-vera-tonic\\\/#breadcrumb\"},\"inLanguage\":\"en-US\",\"potentialAction\":[{\"@type\":\"ReadAction\",\"target\":[\"https:\\\/\\\/www.pressensa.shop\\\/en\\\/producto\\\/freshydra-aloe-vera-tonic\\\/\"]}]},{\"@type\":\"ImageObject\",\"inLanguage\":\"en-US\",\"@id\":\"https:\\\/\\\/www.pressensa.shop\\\/en\\\/producto\\\/freshydra-aloe-vera-tonic\\\/#primaryimage\",\"url\":\"https:\\\/\\\/www.pressensa.shop\\\/wp-content\\\/uploads\\\/2022\\\/07\\\/FRESHYDRA-BOTE.webp\",\"contentUrl\":\"https:\\\/\\\/www.pressensa.shop\\\/wp-content\\\/uploads\\\/2022\\\/07\\\/FRESHYDRA-BOTE.webp\",\"width\":2160,\"height\":2160},{\"@type\":\"BreadcrumbList\",\"@id\":\"https:\\\/\\\/www.pressensa.shop\\\/en\\\/producto\\\/freshydra-aloe-vera-tonic\\\/#breadcrumb\",\"itemListElement\":[{\"@type\":\"ListItem\",\"position\":1,\"name\":\"Portada\",\"item\":\"https:\\\/\\\/www.pressensa.shop\\\/en\\\/\"},{\"@type\":\"ListItem\",\"position\":2,\"name\":\"Store\",\"item\":\"https:\\\/\\\/www.pressensa.shop\\\/shop\\\/?lang=en\"},{\"@type\":\"ListItem\",\"position\":3,\"name\":\"FresHydra aloe vera tonic\"}]},{\"@type\":\"WebSite\",\"@id\":\"https:\\\/\\\/www.pressensa.shop\\\/en\\\/#website\",\"url\":\"https:\\\/\\\/www.pressensa.shop\\\/en\\\/\",\"name\":\"Pressensa\",\"description\":\"fabricante de productos de dermocosmetica, estetica y medicina est\u00e9tica.\",\"publisher\":{\"@id\":\"https:\\\/\\\/www.pressensa.shop\\\/en\\\/#organization\"},\"potentialAction\":[{\"@type\":\"SearchAction\",\"target\":{\"@type\":\"EntryPoint\",\"urlTemplate\":\"https:\\\/\\\/www.pressensa.shop\\\/en\\\/?s={search_term_string}\"},\"query-input\":{\"@type\":\"PropertyValueSpecification\",\"valueRequired\":true,\"valueName\":\"search_term_string\"}}],\"inLanguage\":\"en-US\"},{\"@type\":\"Organization\",\"@id\":\"https:\\\/\\\/www.pressensa.shop\\\/en\\\/#organization\",\"name\":\"Pressensa\",\"url\":\"https:\\\/\\\/www.pressensa.shop\\\/en\\\/\",\"logo\":{\"@type\":\"ImageObject\",\"inLanguage\":\"en-US\",\"@id\":\"https:\\\/\\\/www.pressensa.shop\\\/en\\\/#\\\/schema\\\/logo\\\/image\\\/\",\"url\":\"https:\\\/\\\/www.pressensa.shop\\\/wp-content\\\/uploads\\\/2022\\\/06\\\/Recurso-24.png\",\"contentUrl\":\"https:\\\/\\\/www.pressensa.shop\\\/wp-content\\\/uploads\\\/2022\\\/06\\\/Recurso-24.png\",\"width\":281,\"height\":131,\"caption\":\"Pressensa\"},\"image\":{\"@id\":\"https:\\\/\\\/www.pressensa.shop\\\/en\\\/#\\\/schema\\\/logo\\\/image\\\/\"}}]}<\/script>\n<!-- \/ Yoast SEO plugin. -->","yoast_head_json":{"title":"Buy skin Toner with Aloe Vera FresHydra","description":"FresHydra is a facial toner with Aloe Vera extract for all skin types, including sensitive skin. Tones the epidermis, refreshes the skin, and regulates its PH. 15.18\u20ac 150ml.","robots":{"index":"index","follow":"follow","max-snippet":"max-snippet:-1","max-image-preview":"max-image-preview:large","max-video-preview":"max-video-preview:-1"},"canonical":"https:\/\/www.pressensa.shop\/en\/producto\/freshydra-aloe-vera-tonic\/","og_locale":"en_US","og_type":"article","og_title":"Buy skin Toner with Aloe Vera FresHydra","og_description":"FresHydra is a facial toner with Aloe Vera extract for all skin types, including sensitive skin. Tones the epidermis, refreshes the skin, and regulates its PH. 15.18\u20ac 150ml.","og_url":"https:\/\/www.pressensa.shop\/en\/producto\/freshydra-aloe-vera-tonic\/","og_site_name":"Pressensa","article_modified_time":"2022-09-29T14:52:19+00:00","og_image":[{"width":1920,"height":1920,"url":"https:\/\/www.pressensa.shop\/wp-content\/uploads\/2022\/06\/FRESHYDRA-BOTE.jpg","type":"image\/jpeg"}],"twitter_card":"summary_large_image","schema":{"@context":"https:\/\/schema.org","@graph":[{"@type":"WebPage","@id":"https:\/\/www.pressensa.shop\/en\/producto\/freshydra-aloe-vera-tonic\/","url":"https:\/\/www.pressensa.shop\/en\/producto\/freshydra-aloe-vera-tonic\/","name":"Buy skin Toner with Aloe Vera FresHydra","isPartOf":{"@id":"https:\/\/www.pressensa.shop\/en\/#website"},"primaryImageOfPage":{"@id":"https:\/\/www.pressensa.shop\/en\/producto\/freshydra-aloe-vera-tonic\/#primaryimage"},"image":{"@id":"https:\/\/www.pressensa.shop\/en\/producto\/freshydra-aloe-vera-tonic\/#primaryimage"},"thumbnailUrl":"https:\/\/www.pressensa.shop\/wp-content\/uploads\/2022\/07\/FRESHYDRA-BOTE.webp","datePublished":"2022-06-23T10:54:58+00:00","dateModified":"2022-09-29T14:52:19+00:00","description":"FresHydra is a facial toner with Aloe Vera extract for all skin types, including sensitive skin. Tones the epidermis, refreshes the skin, and regulates its PH. 15.18\u20ac 150ml.","breadcrumb":{"@id":"https:\/\/www.pressensa.shop\/en\/producto\/freshydra-aloe-vera-tonic\/#breadcrumb"},"inLanguage":"en-US","potentialAction":[{"@type":"ReadAction","target":["https:\/\/www.pressensa.shop\/en\/producto\/freshydra-aloe-vera-tonic\/"]}]},{"@type":"ImageObject","inLanguage":"en-US","@id":"https:\/\/www.pressensa.shop\/en\/producto\/freshydra-aloe-vera-tonic\/#primaryimage","url":"https:\/\/www.pressensa.shop\/wp-content\/uploads\/2022\/07\/FRESHYDRA-BOTE.webp","contentUrl":"https:\/\/www.pressensa.shop\/wp-content\/uploads\/2022\/07\/FRESHYDRA-BOTE.webp","width":2160,"height":2160},{"@type":"BreadcrumbList","@id":"https:\/\/www.pressensa.shop\/en\/producto\/freshydra-aloe-vera-tonic\/#breadcrumb","itemListElement":[{"@type":"ListItem","position":1,"name":"Portada","item":"https:\/\/www.pressensa.shop\/en\/"},{"@type":"ListItem","position":2,"name":"Store","item":"https:\/\/www.pressensa.shop\/shop\/?lang=en"},{"@type":"ListItem","position":3,"name":"FresHydra aloe vera tonic"}]},{"@type":"WebSite","@id":"https:\/\/www.pressensa.shop\/en\/#website","url":"https:\/\/www.pressensa.shop\/en\/","name":"Pressensa","description":"fabricante de productos de dermocosmetica, estetica y medicina est\u00e9tica.","publisher":{"@id":"https:\/\/www.pressensa.shop\/en\/#organization"},"potentialAction":[{"@type":"SearchAction","target":{"@type":"EntryPoint","urlTemplate":"https:\/\/www.pressensa.shop\/en\/?s={search_term_string}"},"query-input":{"@type":"PropertyValueSpecification","valueRequired":true,"valueName":"search_term_string"}}],"inLanguage":"en-US"},{"@type":"Organization","@id":"https:\/\/www.pressensa.shop\/en\/#organization","name":"Pressensa","url":"https:\/\/www.pressensa.shop\/en\/","logo":{"@type":"ImageObject","inLanguage":"en-US","@id":"https:\/\/www.pressensa.shop\/en\/#\/schema\/logo\/image\/","url":"https:\/\/www.pressensa.shop\/wp-content\/uploads\/2022\/06\/Recurso-24.png","contentUrl":"https:\/\/www.pressensa.shop\/wp-content\/uploads\/2022\/06\/Recurso-24.png","width":281,"height":131,"caption":"Pressensa"},"image":{"@id":"https:\/\/www.pressensa.shop\/en\/#\/schema\/logo\/image\/"}}]}},"_links":{"self":[{"href":"https:\/\/www.pressensa.shop\/en\/wp-json\/wp\/v2\/product\/4557","targetHints":{"allow":["GET"]}}],"collection":[{"href":"https:\/\/www.pressensa.shop\/en\/wp-json\/wp\/v2\/product"}],"about":[{"href":"https:\/\/www.pressensa.shop\/en\/wp-json\/wp\/v2\/types\/product"}],"replies":[{"embeddable":true,"href":"https:\/\/www.pressensa.shop\/en\/wp-json\/wp\/v2\/comments?post=4557"}],"version-history":[{"count":0,"href":"https:\/\/www.pressensa.shop\/en\/wp-json\/wp\/v2\/product\/4557\/revisions"}],"wp:featuredmedia":[{"embeddable":true,"href":"https:\/\/www.pressensa.shop\/en\/wp-json\/wp\/v2\/media\/23496"}],"wp:attachment":[{"href":"https:\/\/www.pressensa.shop\/en\/wp-json\/wp\/v2\/media?parent=4557"}],"wp:term":[{"taxonomy":"product_brand","embeddable":true,"href":"https:\/\/www.pressensa.shop\/en\/wp-json\/wp\/v2\/product_brand?post=4557"},{"taxonomy":"product_cat","embeddable":true,"href":"https:\/\/www.pressensa.shop\/en\/wp-json\/wp\/v2\/product_cat?post=4557"},{"taxonomy":"product_tag","embeddable":true,"href":"https:\/\/www.pressensa.shop\/en\/wp-json\/wp\/v2\/product_tag?post=4557"}],"curies":[{"name":"wp","href":"https:\/\/api.w.org\/{rel}","templated":true}]}}