{"id":4570,"date":"2022-07-21T11:12:44","date_gmt":"2022-07-21T09:12:44","guid":{"rendered":"https:\/\/www.presensa.com\/producto\/freshydra-aloe-vera-tonic-2\/"},"modified":"2026-04-14T17:22:37","modified_gmt":"2026-04-14T15:22:37","slug":"tonico-facial","status":"publish","type":"product","link":"https:\/\/www.pressensa.shop\/en\/producto\/tonico-facial\/","title":{"rendered":"FresHydra aloe vera tonic"},"content":{"rendered":"<p><strong>Components:<\/strong><\/p>\n<h3>Aloe Vera Extract<\/h3>\n<h3>Propylene glycol<\/h3>\n<h3>Vegetal glycerin<\/h3>\n<h3>Oat Extract<\/h3>\n<h3>Allantoin<\/h3>\n<h3>Linden Extract<\/h3>\n<h3>Natural Moisturizing Factor<\/h3>\n","protected":false},"excerpt":{"rendered":"<h2>Facial toner 500ml with Aloe Vera<\/h2>\n<p>Facial toner with Aloe Vera extract FresHydra Tonic is our Aloe Vera and plant extracts tonic. Formulated to tone the epidermis; refresh the skin; regulate its PH and prepare it for the products that we are going to apply later. We have designed this toner for all skin types, also for sensitive skin. It does not have any alcohol or parabens.<\/p>\n<p>FresHydra Tonic is formulated with:<br \/>\n<strong>Aloe Vera Extract:<\/strong><br \/>\nTo smooth; regenerate and hydrate the skin due to its ability to retain water molecules.<br \/>\n<strong>Propylene glycol:<\/strong><br \/>\nHigh moisturizing power. Moisturizing or humectant organic compound thanks to its ability to surround itself with water molecules.<br \/>\n<strong>Vegetal glycerin:<\/strong><br \/>\nFor a smooth and glowing complexion Glycerin is a polyalcohol. Due to its hygroscopic power, it obtains hydration of the surface, and impregnation of the stratum corneum provides immediate hydration.<br \/>\n<strong>Oat Extract:<\/strong><br \/>\nThis is one of the key components of the epidermal barrier. Este extracto est\u00e1 producido por biotecnolog\u00eda para que sea id\u00e9ntico a las ceramidas humanas y as\u00ed ser incorporados y utilizados m\u00e1s r\u00e1pidamente por la piel.<br \/>\n<strong>Allantoin:<\/strong><br \/>\nCleaning and improvement of damaged skin. It allows to reduce the skin&#8217;s healing time and thus promotes its regeneration since it favors and accelerates this natural process of the skin.<br \/>\n<strong>Extracto de Tilo:<\/strong><br \/>\nIncreases collagen production. The molecule takes the place of a human peptide involved in the manufacture of collagen.<br \/>\n<strong>Natural moisturizing factor:<\/strong><br \/>\nPreserves the balance of the epidermis. It is a mixture of molecules capable of retaining water in the surface layers.<\/p>\n","protected":false},"featured_media":23492,"comment_status":"open","ping_status":"closed","template":"","meta":[],"product_brand":[],"product_cat":[61],"product_tag":[],"class_list":{"0":"post-4570","1":"product","2":"type-product","3":"status-publish","4":"has-post-thumbnail","6":"product_cat-profesional-en","7":"pa_tamano-150ml-en","8":"pa_tamano-500ml-en-2","10":"first","11":"instock","12":"taxable","13":"shipping-taxable","14":"purchasable","15":"product-type-variable"},"yoast_head":"<!-- This site is optimized with the Yoast SEO plugin v27.5 - https:\/\/yoast.com\/product\/yoast-seo-wordpress\/ -->\n<title>Facial toner for aesthetic centers 500ml | FresHydra<\/title>\n<meta name=\"description\" content=\"FresHydra is a facial toner with Aloe Vera extract for all skin types, including sensitive skin. Size for aesthetic centers. 500ml y 150ml\" \/>\n<meta name=\"robots\" content=\"index, follow, max-snippet:-1, max-image-preview:large, max-video-preview:-1\" \/>\n<link rel=\"canonical\" href=\"https:\/\/www.pressensa.shop\/en\/producto\/tonico-facial\/\" \/>\n<meta property=\"og:locale\" content=\"en_US\" \/>\n<meta property=\"og:type\" content=\"article\" \/>\n<meta property=\"og:title\" content=\"Facial toner for aesthetic centers 500ml | FresHydra\" \/>\n<meta property=\"og:description\" content=\"FresHydra is a facial toner with Aloe Vera extract for all skin types, including sensitive skin. Size for aesthetic centers. 500ml y 150ml\" \/>\n<meta property=\"og:url\" content=\"https:\/\/www.pressensa.shop\/en\/producto\/tonico-facial\/\" \/>\n<meta property=\"og:site_name\" content=\"Pressensa\" \/>\n<meta property=\"article:modified_time\" content=\"2026-04-14T15:22:37+00:00\" \/>\n<meta property=\"og:image\" content=\"https:\/\/eghgyirmzse.exactdn.com\/wp-content\/uploads\/2022\/07\/freshydra.png?strip=all&lossy=1&ssl=1\" \/>\n\t<meta property=\"og:image:width\" content=\"1080\" \/>\n\t<meta property=\"og:image:height\" content=\"1080\" \/>\n\t<meta property=\"og:image:type\" content=\"image\/png\" \/>\n<meta name=\"twitter:card\" content=\"summary_large_image\" \/>\n<script type=\"application\/ld+json\" class=\"yoast-schema-graph\">{\"@context\":\"https:\\\/\\\/schema.org\",\"@graph\":[{\"@type\":\"WebPage\",\"@id\":\"https:\\\/\\\/www.pressensa.shop\\\/en\\\/producto\\\/tonico-facial\\\/\",\"url\":\"https:\\\/\\\/www.pressensa.shop\\\/en\\\/producto\\\/tonico-facial\\\/\",\"name\":\"Facial toner for aesthetic centers 500ml | FresHydra\",\"isPartOf\":{\"@id\":\"https:\\\/\\\/www.pressensa.shop\\\/en\\\/#website\"},\"primaryImageOfPage\":{\"@id\":\"https:\\\/\\\/www.pressensa.shop\\\/en\\\/producto\\\/tonico-facial\\\/#primaryimage\"},\"image\":{\"@id\":\"https:\\\/\\\/www.pressensa.shop\\\/en\\\/producto\\\/tonico-facial\\\/#primaryimage\"},\"thumbnailUrl\":\"https:\\\/\\\/www.pressensa.shop\\\/wp-content\\\/uploads\\\/2022\\\/07\\\/FRESHYDRA-GRANDE-BOTE.webp\",\"datePublished\":\"2022-07-21T09:12:44+00:00\",\"dateModified\":\"2026-04-14T15:22:37+00:00\",\"description\":\"FresHydra is a facial toner with Aloe Vera extract for all skin types, including sensitive skin. Size for aesthetic centers. 500ml y 150ml\",\"breadcrumb\":{\"@id\":\"https:\\\/\\\/www.pressensa.shop\\\/en\\\/producto\\\/tonico-facial\\\/#breadcrumb\"},\"inLanguage\":\"en-US\",\"potentialAction\":[{\"@type\":\"ReadAction\",\"target\":[\"https:\\\/\\\/www.pressensa.shop\\\/en\\\/producto\\\/tonico-facial\\\/\"]}]},{\"@type\":\"ImageObject\",\"inLanguage\":\"en-US\",\"@id\":\"https:\\\/\\\/www.pressensa.shop\\\/en\\\/producto\\\/tonico-facial\\\/#primaryimage\",\"url\":\"https:\\\/\\\/www.pressensa.shop\\\/wp-content\\\/uploads\\\/2022\\\/07\\\/FRESHYDRA-GRANDE-BOTE.webp\",\"contentUrl\":\"https:\\\/\\\/www.pressensa.shop\\\/wp-content\\\/uploads\\\/2022\\\/07\\\/FRESHYDRA-GRANDE-BOTE.webp\",\"width\":2160,\"height\":2160},{\"@type\":\"BreadcrumbList\",\"@id\":\"https:\\\/\\\/www.pressensa.shop\\\/en\\\/producto\\\/tonico-facial\\\/#breadcrumb\",\"itemListElement\":[{\"@type\":\"ListItem\",\"position\":1,\"name\":\"Portada\",\"item\":\"https:\\\/\\\/www.pressensa.shop\\\/en\\\/\"},{\"@type\":\"ListItem\",\"position\":2,\"name\":\"Store\",\"item\":\"https:\\\/\\\/www.pressensa.shop\\\/shop\\\/?lang=en\"},{\"@type\":\"ListItem\",\"position\":3,\"name\":\"FresHydra aloe vera tonic\"}]},{\"@type\":\"WebSite\",\"@id\":\"https:\\\/\\\/www.pressensa.shop\\\/en\\\/#website\",\"url\":\"https:\\\/\\\/www.pressensa.shop\\\/en\\\/\",\"name\":\"Pressensa\",\"description\":\"fabricante de productos de dermocosmetica, estetica y medicina est\u00e9tica.\",\"publisher\":{\"@id\":\"https:\\\/\\\/www.pressensa.shop\\\/en\\\/#organization\"},\"potentialAction\":[{\"@type\":\"SearchAction\",\"target\":{\"@type\":\"EntryPoint\",\"urlTemplate\":\"https:\\\/\\\/www.pressensa.shop\\\/en\\\/?s={search_term_string}\"},\"query-input\":{\"@type\":\"PropertyValueSpecification\",\"valueRequired\":true,\"valueName\":\"search_term_string\"}}],\"inLanguage\":\"en-US\"},{\"@type\":\"Organization\",\"@id\":\"https:\\\/\\\/www.pressensa.shop\\\/en\\\/#organization\",\"name\":\"Pressensa\",\"url\":\"https:\\\/\\\/www.pressensa.shop\\\/en\\\/\",\"logo\":{\"@type\":\"ImageObject\",\"inLanguage\":\"en-US\",\"@id\":\"https:\\\/\\\/www.pressensa.shop\\\/en\\\/#\\\/schema\\\/logo\\\/image\\\/\",\"url\":\"https:\\\/\\\/www.pressensa.shop\\\/wp-content\\\/uploads\\\/2022\\\/06\\\/Recurso-24.png\",\"contentUrl\":\"https:\\\/\\\/www.pressensa.shop\\\/wp-content\\\/uploads\\\/2022\\\/06\\\/Recurso-24.png\",\"width\":281,\"height\":131,\"caption\":\"Pressensa\"},\"image\":{\"@id\":\"https:\\\/\\\/www.pressensa.shop\\\/en\\\/#\\\/schema\\\/logo\\\/image\\\/\"}}]}<\/script>\n<!-- \/ Yoast SEO plugin. -->","yoast_head_json":{"title":"Facial toner for aesthetic centers 500ml | FresHydra","description":"FresHydra is a facial toner with Aloe Vera extract for all skin types, including sensitive skin. Size for aesthetic centers. 500ml y 150ml","robots":{"index":"index","follow":"follow","max-snippet":"max-snippet:-1","max-image-preview":"max-image-preview:large","max-video-preview":"max-video-preview:-1"},"canonical":"https:\/\/www.pressensa.shop\/en\/producto\/tonico-facial\/","og_locale":"en_US","og_type":"article","og_title":"Facial toner for aesthetic centers 500ml | FresHydra","og_description":"FresHydra is a facial toner with Aloe Vera extract for all skin types, including sensitive skin. Size for aesthetic centers. 500ml y 150ml","og_url":"https:\/\/www.pressensa.shop\/en\/producto\/tonico-facial\/","og_site_name":"Pressensa","article_modified_time":"2026-04-14T15:22:37+00:00","og_image":[{"width":1080,"height":1080,"url":"https:\/\/eghgyirmzse.exactdn.com\/wp-content\/uploads\/2022\/07\/freshydra.png?strip=all&lossy=1&ssl=1","type":"image\/png"}],"twitter_card":"summary_large_image","schema":{"@context":"https:\/\/schema.org","@graph":[{"@type":"WebPage","@id":"https:\/\/www.pressensa.shop\/en\/producto\/tonico-facial\/","url":"https:\/\/www.pressensa.shop\/en\/producto\/tonico-facial\/","name":"Facial toner for aesthetic centers 500ml | FresHydra","isPartOf":{"@id":"https:\/\/www.pressensa.shop\/en\/#website"},"primaryImageOfPage":{"@id":"https:\/\/www.pressensa.shop\/en\/producto\/tonico-facial\/#primaryimage"},"image":{"@id":"https:\/\/www.pressensa.shop\/en\/producto\/tonico-facial\/#primaryimage"},"thumbnailUrl":"https:\/\/www.pressensa.shop\/wp-content\/uploads\/2022\/07\/FRESHYDRA-GRANDE-BOTE.webp","datePublished":"2022-07-21T09:12:44+00:00","dateModified":"2026-04-14T15:22:37+00:00","description":"FresHydra is a facial toner with Aloe Vera extract for all skin types, including sensitive skin. Size for aesthetic centers. 500ml y 150ml","breadcrumb":{"@id":"https:\/\/www.pressensa.shop\/en\/producto\/tonico-facial\/#breadcrumb"},"inLanguage":"en-US","potentialAction":[{"@type":"ReadAction","target":["https:\/\/www.pressensa.shop\/en\/producto\/tonico-facial\/"]}]},{"@type":"ImageObject","inLanguage":"en-US","@id":"https:\/\/www.pressensa.shop\/en\/producto\/tonico-facial\/#primaryimage","url":"https:\/\/www.pressensa.shop\/wp-content\/uploads\/2022\/07\/FRESHYDRA-GRANDE-BOTE.webp","contentUrl":"https:\/\/www.pressensa.shop\/wp-content\/uploads\/2022\/07\/FRESHYDRA-GRANDE-BOTE.webp","width":2160,"height":2160},{"@type":"BreadcrumbList","@id":"https:\/\/www.pressensa.shop\/en\/producto\/tonico-facial\/#breadcrumb","itemListElement":[{"@type":"ListItem","position":1,"name":"Portada","item":"https:\/\/www.pressensa.shop\/en\/"},{"@type":"ListItem","position":2,"name":"Store","item":"https:\/\/www.pressensa.shop\/shop\/?lang=en"},{"@type":"ListItem","position":3,"name":"FresHydra aloe vera tonic"}]},{"@type":"WebSite","@id":"https:\/\/www.pressensa.shop\/en\/#website","url":"https:\/\/www.pressensa.shop\/en\/","name":"Pressensa","description":"fabricante de productos de dermocosmetica, estetica y medicina est\u00e9tica.","publisher":{"@id":"https:\/\/www.pressensa.shop\/en\/#organization"},"potentialAction":[{"@type":"SearchAction","target":{"@type":"EntryPoint","urlTemplate":"https:\/\/www.pressensa.shop\/en\/?s={search_term_string}"},"query-input":{"@type":"PropertyValueSpecification","valueRequired":true,"valueName":"search_term_string"}}],"inLanguage":"en-US"},{"@type":"Organization","@id":"https:\/\/www.pressensa.shop\/en\/#organization","name":"Pressensa","url":"https:\/\/www.pressensa.shop\/en\/","logo":{"@type":"ImageObject","inLanguage":"en-US","@id":"https:\/\/www.pressensa.shop\/en\/#\/schema\/logo\/image\/","url":"https:\/\/www.pressensa.shop\/wp-content\/uploads\/2022\/06\/Recurso-24.png","contentUrl":"https:\/\/www.pressensa.shop\/wp-content\/uploads\/2022\/06\/Recurso-24.png","width":281,"height":131,"caption":"Pressensa"},"image":{"@id":"https:\/\/www.pressensa.shop\/en\/#\/schema\/logo\/image\/"}}]}},"_links":{"self":[{"href":"https:\/\/www.pressensa.shop\/en\/wp-json\/wp\/v2\/product\/4570","targetHints":{"allow":["GET"]}}],"collection":[{"href":"https:\/\/www.pressensa.shop\/en\/wp-json\/wp\/v2\/product"}],"about":[{"href":"https:\/\/www.pressensa.shop\/en\/wp-json\/wp\/v2\/types\/product"}],"replies":[{"embeddable":true,"href":"https:\/\/www.pressensa.shop\/en\/wp-json\/wp\/v2\/comments?post=4570"}],"version-history":[{"count":0,"href":"https:\/\/www.pressensa.shop\/en\/wp-json\/wp\/v2\/product\/4570\/revisions"}],"wp:featuredmedia":[{"embeddable":true,"href":"https:\/\/www.pressensa.shop\/en\/wp-json\/wp\/v2\/media\/23492"}],"wp:attachment":[{"href":"https:\/\/www.pressensa.shop\/en\/wp-json\/wp\/v2\/media?parent=4570"}],"wp:term":[{"taxonomy":"product_brand","embeddable":true,"href":"https:\/\/www.pressensa.shop\/en\/wp-json\/wp\/v2\/product_brand?post=4570"},{"taxonomy":"product_cat","embeddable":true,"href":"https:\/\/www.pressensa.shop\/en\/wp-json\/wp\/v2\/product_cat?post=4570"},{"taxonomy":"product_tag","embeddable":true,"href":"https:\/\/www.pressensa.shop\/en\/wp-json\/wp\/v2\/product_tag?post=4570"}],"curies":[{"name":"wp","href":"https:\/\/api.w.org\/{rel}","templated":true}]}}