{"id":12507,"date":"2023-04-14T14:40:45","date_gmt":"2023-04-14T12:40:45","guid":{"rendered":"https:\/\/www.pressensa.shop\/?post_type=product&#038;p=12507"},"modified":"2026-02-15T08:40:05","modified_gmt":"2026-02-15T07:40:05","slug":"moonlight-care-kit-professionnel","status":"publish","type":"product","link":"https:\/\/www.pressensa.shop\/fr\/produit\/moonlight-care-kit-professionnel\/","title":{"rendered":"Moonlight Care Kit"},"content":{"rendered":"<p><strong>Contient:<\/strong><br \/>\nLait nettoyante DeePure<br \/>\nTonique hydratant FresHydra:<br \/>\nS\u00e9rum rides du front<br \/>\nSerum Retinol<br \/>\nCr\u00e8me revitalisante de nuit:<\/p>\n","protected":false},"excerpt":{"rendered":"<h2>trousse de soins de nuit<\/h2>\n<p>Offrez \u00e0 vos clients l&rsquo;exp\u00e9rience ultime en mati\u00e8re de soin de la peau avec notre kit haut de gamme ! Kit Moonlight Care.<\/p>\n<p>Ce kit contient tout ce dont vous avez besoin pour offrir une routine compl\u00e8te de soins de la peau avant de vous coucher, et chaque produit est formul\u00e9 avec des ingr\u00e9dients de haute qualit\u00e9 pour garantir les meilleurs r\u00e9sultats.<\/p>\n<p><strong>Contient:<\/strong><\/p>\n<p><strong>Lait nettoyante DeePure<\/strong><br \/>\nDeePure, un lait nettoyant et hydratant de touche cr\u00e9meuse et fra\u00eeche, formul\u00e9 avec l\u2019eau liposom\u00e9 des glaciers. Cette Eau du Glacier Liposomal est capt\u00e9e \u00e0 1.800 m de profondeur, ce qui garantit sa puret\u00e9 et sa fra\u00eecheur. L&rsquo;encapsulation dans des liposomes augmente sa p\u00e9n\u00e9tration dans la peau, provoquant une<strong>hydratation profonde<\/strong> et durable. Ses propri\u00e9t\u00e9s lui permettent d&rsquo;\u00eatre appliqu\u00e9 sur tous les <strong>types de peaux<\/strong>, m\u00eame les plus sensibles.<\/p>\n<p><strong>Tonique hydratant FresHydra:<\/strong><br \/>\nFormul\u00e9 pour tonifier l&rsquo;\u00e9piderme, rafra\u00eechir la peau, r\u00e9gulier le PH de la m\u00eame et pr\u00e9parer la pour les produits que nous allons appliquer apr\u00e8s. Nous avons con\u00e7u ce tonique pour tous les types de peaux, pensant aussi en ces plus sensibles. Il n&rsquo;y a pas d&rsquo;alcool.<\/p>\n<p><strong>S\u00e9rum rides du front :<\/strong><br \/>\nLe s\u00e9rum Forehead vita est le premier s\u00e9rum sp\u00e9cifique ciblant les rides du front. Une formule exclusive pour am\u00e9liorer l&rsquo;apparence des rides et des ridules. Et des \u00e9tudes scientifiques soutiennent son efficacit\u00e9 !<br \/>\n<strong>s\u00e9rum de r\u00e9tinol<\/strong><br \/>\nRetinoLift VitaSerum est notre puissant s\u00e9rum au r\u00e9tinol pour lutter contre les rides pendant la nuit ! Il contient des ingr\u00e9dients de haute qualit\u00e9 qui aident \u00e0 r\u00e9duire l&rsquo;apparence des ridules et des rides, \u00e0 am\u00e9liorer la texture et l&rsquo;\u00e9lasticit\u00e9 de la peau<\/p>\n<p><strong>Cr\u00e8me revitalisante de nuit:<\/strong><br \/>\nSupremEffects, gr\u00e2ce a peptide <strong>Argirelox \u2122<\/strong> et l\u2019acide hyaluronique de BPM (bas poids mol\u00e9culaire) fait qui il \u00eatre appr\u00e9ci\u00e9 un effet Lifting faciale sans proc\u00e9dures invasives. De plus, est formul\u00e9 comme toute notre range de cosm\u00e9tiques pour tous types de peaux, aussi les plus sensibles.<\/p>\n<blockquote><p><strong>L&rsquo;actif le plus remarquable dans ce kit est le r\u00e9tinol, l&rsquo;Argirelox\u2122 et l&rsquo;acide hyaluronique de faible poids mol\u00e9culaire.<\/strong><\/p><\/blockquote>\n","protected":false},"featured_media":23293,"comment_status":"open","ping_status":"closed","template":"","meta":[],"product_brand":[],"product_cat":[72],"product_tag":[],"class_list":{"0":"post-12507","1":"product","2":"type-product","3":"status-publish","4":"has-post-thumbnail","6":"product_cat-professionnelle","8":"first","9":"instock","10":"taxable","11":"shipping-taxable","12":"purchasable","13":"product-type-simple"},"yoast_head":"<!-- This site is optimized with the Yoast SEO plugin v27.4 - https:\/\/yoast.com\/product\/yoast-seo-wordpress\/ -->\n<title>Recommandez le meilleur kit de routine de nuit \u00e0 vos clients<\/title>\n<meta name=\"description\" content=\"Le meilleur kit pour vos clients - une routine de soin du visage nocturne contenant deux s\u00e9rums de r\u00e9tinol et une cr\u00e8me de nuit pour combattre les rides.\" \/>\n<meta name=\"robots\" content=\"index, follow, max-snippet:-1, max-image-preview:large, max-video-preview:-1\" \/>\n<link rel=\"canonical\" href=\"https:\/\/www.pressensa.shop\/fr\/produit\/moonlight-care-kit-professionnel\/\" \/>\n<meta property=\"og:locale\" content=\"fr_FR\" \/>\n<meta property=\"og:type\" content=\"article\" \/>\n<meta property=\"og:title\" content=\"Recommandez le meilleur kit de routine de nuit \u00e0 vos clients\" \/>\n<meta property=\"og:description\" content=\"Le meilleur kit pour vos clients - une routine de soin du visage nocturne contenant deux s\u00e9rums de r\u00e9tinol et une cr\u00e8me de nuit pour combattre les rides.\" \/>\n<meta property=\"og:url\" content=\"https:\/\/www.pressensa.shop\/fr\/produit\/moonlight-care-kit-professionnel\/\" \/>\n<meta property=\"og:site_name\" content=\"Pressensa\" \/>\n<meta property=\"article:modified_time\" content=\"2026-02-15T07:40:05+00:00\" \/>\n<meta property=\"og:image\" content=\"https:\/\/www.pressensa.shop\/wp-content\/uploads\/2023\/04\/MOONLIGHT-CARE-KIT-CELESTE-1.jpg\" \/>\n\t<meta property=\"og:image:width\" content=\"1920\" \/>\n\t<meta property=\"og:image:height\" content=\"1920\" \/>\n\t<meta property=\"og:image:type\" content=\"image\/jpeg\" \/>\n<meta name=\"twitter:card\" content=\"summary_large_image\" \/>\n<script type=\"application\/ld+json\" class=\"yoast-schema-graph\">{\"@context\":\"https:\\\/\\\/schema.org\",\"@graph\":[{\"@type\":\"WebPage\",\"@id\":\"https:\\\/\\\/www.pressensa.shop\\\/fr\\\/produit\\\/moonlight-care-kit-professionnel\\\/\",\"url\":\"https:\\\/\\\/www.pressensa.shop\\\/fr\\\/produit\\\/moonlight-care-kit-professionnel\\\/\",\"name\":\"Recommandez le meilleur kit de routine de nuit \u00e0 vos clients\",\"isPartOf\":{\"@id\":\"https:\\\/\\\/www.pressensa.shop\\\/fr\\\/#website\"},\"primaryImageOfPage\":{\"@id\":\"https:\\\/\\\/www.pressensa.shop\\\/fr\\\/produit\\\/moonlight-care-kit-professionnel\\\/#primaryimage\"},\"image\":{\"@id\":\"https:\\\/\\\/www.pressensa.shop\\\/fr\\\/produit\\\/moonlight-care-kit-professionnel\\\/#primaryimage\"},\"thumbnailUrl\":\"https:\\\/\\\/www.pressensa.shop\\\/wp-content\\\/uploads\\\/2023\\\/04\\\/MOONLIGHT-CARE-KIT-CELESTE.webp\",\"datePublished\":\"2023-04-14T12:40:45+00:00\",\"dateModified\":\"2026-02-15T07:40:05+00:00\",\"description\":\"Le meilleur kit pour vos clients - une routine de soin du visage nocturne contenant deux s\u00e9rums de r\u00e9tinol et une cr\u00e8me de nuit pour combattre les rides.\",\"breadcrumb\":{\"@id\":\"https:\\\/\\\/www.pressensa.shop\\\/fr\\\/produit\\\/moonlight-care-kit-professionnel\\\/#breadcrumb\"},\"inLanguage\":\"fr-FR\",\"potentialAction\":[{\"@type\":\"ReadAction\",\"target\":[\"https:\\\/\\\/www.pressensa.shop\\\/fr\\\/produit\\\/moonlight-care-kit-professionnel\\\/\"]}]},{\"@type\":\"ImageObject\",\"inLanguage\":\"fr-FR\",\"@id\":\"https:\\\/\\\/www.pressensa.shop\\\/fr\\\/produit\\\/moonlight-care-kit-professionnel\\\/#primaryimage\",\"url\":\"https:\\\/\\\/www.pressensa.shop\\\/wp-content\\\/uploads\\\/2023\\\/04\\\/MOONLIGHT-CARE-KIT-CELESTE.webp\",\"contentUrl\":\"https:\\\/\\\/www.pressensa.shop\\\/wp-content\\\/uploads\\\/2023\\\/04\\\/MOONLIGHT-CARE-KIT-CELESTE.webp\",\"width\":2160,\"height\":2160},{\"@type\":\"BreadcrumbList\",\"@id\":\"https:\\\/\\\/www.pressensa.shop\\\/fr\\\/produit\\\/moonlight-care-kit-professionnel\\\/#breadcrumb\",\"itemListElement\":[{\"@type\":\"ListItem\",\"position\":1,\"name\":\"Portada\",\"item\":\"https:\\\/\\\/www.pressensa.shop\\\/fr\\\/\"},{\"@type\":\"ListItem\",\"position\":2,\"name\":\"Boutique\",\"item\":\"https:\\\/\\\/www.pressensa.shop\\\/fr\\\/boutique\\\/\"},{\"@type\":\"ListItem\",\"position\":3,\"name\":\"Moonlight Care Kit\"}]},{\"@type\":\"WebSite\",\"@id\":\"https:\\\/\\\/www.pressensa.shop\\\/fr\\\/#website\",\"url\":\"https:\\\/\\\/www.pressensa.shop\\\/fr\\\/\",\"name\":\"Pressensa\",\"description\":\"fabricante de productos de dermocosmetica, estetica y medicina est\u00e9tica.\",\"publisher\":{\"@id\":\"https:\\\/\\\/www.pressensa.shop\\\/fr\\\/#organization\"},\"potentialAction\":[{\"@type\":\"SearchAction\",\"target\":{\"@type\":\"EntryPoint\",\"urlTemplate\":\"https:\\\/\\\/www.pressensa.shop\\\/fr\\\/?s={search_term_string}\"},\"query-input\":{\"@type\":\"PropertyValueSpecification\",\"valueRequired\":true,\"valueName\":\"search_term_string\"}}],\"inLanguage\":\"fr-FR\"},{\"@type\":\"Organization\",\"@id\":\"https:\\\/\\\/www.pressensa.shop\\\/fr\\\/#organization\",\"name\":\"Pressensa\",\"url\":\"https:\\\/\\\/www.pressensa.shop\\\/fr\\\/\",\"logo\":{\"@type\":\"ImageObject\",\"inLanguage\":\"fr-FR\",\"@id\":\"https:\\\/\\\/www.pressensa.shop\\\/fr\\\/#\\\/schema\\\/logo\\\/image\\\/\",\"url\":\"https:\\\/\\\/www.pressensa.shop\\\/wp-content\\\/uploads\\\/2022\\\/06\\\/Recurso-24.png\",\"contentUrl\":\"https:\\\/\\\/www.pressensa.shop\\\/wp-content\\\/uploads\\\/2022\\\/06\\\/Recurso-24.png\",\"width\":281,\"height\":131,\"caption\":\"Pressensa\"},\"image\":{\"@id\":\"https:\\\/\\\/www.pressensa.shop\\\/fr\\\/#\\\/schema\\\/logo\\\/image\\\/\"}}]}<\/script>\n<!-- \/ Yoast SEO plugin. -->","yoast_head_json":{"title":"Recommandez le meilleur kit de routine de nuit \u00e0 vos clients","description":"Le meilleur kit pour vos clients - une routine de soin du visage nocturne contenant deux s\u00e9rums de r\u00e9tinol et une cr\u00e8me de nuit pour combattre les rides.","robots":{"index":"index","follow":"follow","max-snippet":"max-snippet:-1","max-image-preview":"max-image-preview:large","max-video-preview":"max-video-preview:-1"},"canonical":"https:\/\/www.pressensa.shop\/fr\/produit\/moonlight-care-kit-professionnel\/","og_locale":"fr_FR","og_type":"article","og_title":"Recommandez le meilleur kit de routine de nuit \u00e0 vos clients","og_description":"Le meilleur kit pour vos clients - une routine de soin du visage nocturne contenant deux s\u00e9rums de r\u00e9tinol et une cr\u00e8me de nuit pour combattre les rides.","og_url":"https:\/\/www.pressensa.shop\/fr\/produit\/moonlight-care-kit-professionnel\/","og_site_name":"Pressensa","article_modified_time":"2026-02-15T07:40:05+00:00","og_image":[{"width":1920,"height":1920,"url":"https:\/\/www.pressensa.shop\/wp-content\/uploads\/2023\/04\/MOONLIGHT-CARE-KIT-CELESTE-1.jpg","type":"image\/jpeg"}],"twitter_card":"summary_large_image","schema":{"@context":"https:\/\/schema.org","@graph":[{"@type":"WebPage","@id":"https:\/\/www.pressensa.shop\/fr\/produit\/moonlight-care-kit-professionnel\/","url":"https:\/\/www.pressensa.shop\/fr\/produit\/moonlight-care-kit-professionnel\/","name":"Recommandez le meilleur kit de routine de nuit \u00e0 vos clients","isPartOf":{"@id":"https:\/\/www.pressensa.shop\/fr\/#website"},"primaryImageOfPage":{"@id":"https:\/\/www.pressensa.shop\/fr\/produit\/moonlight-care-kit-professionnel\/#primaryimage"},"image":{"@id":"https:\/\/www.pressensa.shop\/fr\/produit\/moonlight-care-kit-professionnel\/#primaryimage"},"thumbnailUrl":"https:\/\/www.pressensa.shop\/wp-content\/uploads\/2023\/04\/MOONLIGHT-CARE-KIT-CELESTE.webp","datePublished":"2023-04-14T12:40:45+00:00","dateModified":"2026-02-15T07:40:05+00:00","description":"Le meilleur kit pour vos clients - une routine de soin du visage nocturne contenant deux s\u00e9rums de r\u00e9tinol et une cr\u00e8me de nuit pour combattre les rides.","breadcrumb":{"@id":"https:\/\/www.pressensa.shop\/fr\/produit\/moonlight-care-kit-professionnel\/#breadcrumb"},"inLanguage":"fr-FR","potentialAction":[{"@type":"ReadAction","target":["https:\/\/www.pressensa.shop\/fr\/produit\/moonlight-care-kit-professionnel\/"]}]},{"@type":"ImageObject","inLanguage":"fr-FR","@id":"https:\/\/www.pressensa.shop\/fr\/produit\/moonlight-care-kit-professionnel\/#primaryimage","url":"https:\/\/www.pressensa.shop\/wp-content\/uploads\/2023\/04\/MOONLIGHT-CARE-KIT-CELESTE.webp","contentUrl":"https:\/\/www.pressensa.shop\/wp-content\/uploads\/2023\/04\/MOONLIGHT-CARE-KIT-CELESTE.webp","width":2160,"height":2160},{"@type":"BreadcrumbList","@id":"https:\/\/www.pressensa.shop\/fr\/produit\/moonlight-care-kit-professionnel\/#breadcrumb","itemListElement":[{"@type":"ListItem","position":1,"name":"Portada","item":"https:\/\/www.pressensa.shop\/fr\/"},{"@type":"ListItem","position":2,"name":"Boutique","item":"https:\/\/www.pressensa.shop\/fr\/boutique\/"},{"@type":"ListItem","position":3,"name":"Moonlight Care Kit"}]},{"@type":"WebSite","@id":"https:\/\/www.pressensa.shop\/fr\/#website","url":"https:\/\/www.pressensa.shop\/fr\/","name":"Pressensa","description":"fabricante de productos de dermocosmetica, estetica y medicina est\u00e9tica.","publisher":{"@id":"https:\/\/www.pressensa.shop\/fr\/#organization"},"potentialAction":[{"@type":"SearchAction","target":{"@type":"EntryPoint","urlTemplate":"https:\/\/www.pressensa.shop\/fr\/?s={search_term_string}"},"query-input":{"@type":"PropertyValueSpecification","valueRequired":true,"valueName":"search_term_string"}}],"inLanguage":"fr-FR"},{"@type":"Organization","@id":"https:\/\/www.pressensa.shop\/fr\/#organization","name":"Pressensa","url":"https:\/\/www.pressensa.shop\/fr\/","logo":{"@type":"ImageObject","inLanguage":"fr-FR","@id":"https:\/\/www.pressensa.shop\/fr\/#\/schema\/logo\/image\/","url":"https:\/\/www.pressensa.shop\/wp-content\/uploads\/2022\/06\/Recurso-24.png","contentUrl":"https:\/\/www.pressensa.shop\/wp-content\/uploads\/2022\/06\/Recurso-24.png","width":281,"height":131,"caption":"Pressensa"},"image":{"@id":"https:\/\/www.pressensa.shop\/fr\/#\/schema\/logo\/image\/"}}]}},"_links":{"self":[{"href":"https:\/\/www.pressensa.shop\/fr\/wp-json\/wp\/v2\/product\/12507","targetHints":{"allow":["GET"]}}],"collection":[{"href":"https:\/\/www.pressensa.shop\/fr\/wp-json\/wp\/v2\/product"}],"about":[{"href":"https:\/\/www.pressensa.shop\/fr\/wp-json\/wp\/v2\/types\/product"}],"replies":[{"embeddable":true,"href":"https:\/\/www.pressensa.shop\/fr\/wp-json\/wp\/v2\/comments?post=12507"}],"version-history":[{"count":0,"href":"https:\/\/www.pressensa.shop\/fr\/wp-json\/wp\/v2\/product\/12507\/revisions"}],"wp:featuredmedia":[{"embeddable":true,"href":"https:\/\/www.pressensa.shop\/fr\/wp-json\/wp\/v2\/media\/23293"}],"wp:attachment":[{"href":"https:\/\/www.pressensa.shop\/fr\/wp-json\/wp\/v2\/media?parent=12507"}],"wp:term":[{"taxonomy":"product_brand","embeddable":true,"href":"https:\/\/www.pressensa.shop\/fr\/wp-json\/wp\/v2\/product_brand?post=12507"},{"taxonomy":"product_cat","embeddable":true,"href":"https:\/\/www.pressensa.shop\/fr\/wp-json\/wp\/v2\/product_cat?post=12507"},{"taxonomy":"product_tag","embeddable":true,"href":"https:\/\/www.pressensa.shop\/fr\/wp-json\/wp\/v2\/product_tag?post=12507"}],"curies":[{"name":"wp","href":"https:\/\/api.w.org\/{rel}","templated":true}]}}