{"id":13683,"date":"2023-01-10T17:01:38","date_gmt":"2023-01-10T16:01:38","guid":{"rendered":"https:\/\/www.pressensa.shop\/producto\/forehead-ampoule-argireline-amplified-sur-le-front\/"},"modified":"2023-11-03T14:02:54","modified_gmt":"2023-11-03T13:02:54","slug":"front-cocktail-developpe-pour-le-soin-specifique-de-la-zone-frontale-2","status":"publish","type":"product","link":"https:\/\/www.pressensa.shop\/fr\/produit\/front-cocktail-developpe-pour-le-soin-specifique-de-la-zone-frontale-2\/","title":{"rendered":"FOREHEAD | Ampoule Argireline\u00ae Amplified sur le front"},"content":{"rendered":"<p><strong>Composants :<\/strong><\/p>\n<h3>Argireline\u00ae Amplifi\u00e9 Peptide<\/h3>\n<h3>Argirelox\u2122 peptide<\/h3>\n<h3>Hyaluronic acid<\/h3>\n<p>&nbsp;<\/p>\n<p><strong>Indications<\/strong><br \/>\nForeHead est un cocktail sp\u00e9cialement con\u00e7u pour les rides du front, il est compos\u00e9 de peptides Botox-like et d&rsquo;acide hyaluronique.<\/p>\n<p><strong>R\u00e9sultats:<\/strong><\/p>\n<h3>R\u00e9duit la rugosit\u00e9 de la peau.<\/h3>\n<h3>Il a un effet volumateur.<\/h3>\n<h3>La peau para\u00eet moins fatigu\u00e9e.<\/h3>\n<h3>La peau acquiert plus de fermet\u00e9 et d&rsquo;\u00e9lasticit\u00e9.<\/h3>\n<h3>Peau visiblement plus \u00e9clatante.<\/h3>\n<h3>Am\u00e9liore l&rsquo;isotropie cutan\u00e9e.<\/h3>\n<h3>R\u00e9duit les ridules d&rsquo;expression.<\/h3>\n<h3>effet lifting.<\/h3>\n","protected":false},"excerpt":{"rendered":"<p><span style=\"font-weight: 400;\">R\u00e9duit les rides horizontales sur le front et les lignes verticales entre les sourcils.<\/span><\/p>\n<p><span style=\"font-weight: 400;\">Capte la lumi\u00e8re en embellissant le regard du tiers sup\u00e9rieur du visage<\/span><\/p>\n<p><b>Argireline\u00ae Amplified Mesotherapie Ampoule <\/b><\/p>\n<p><span style=\"font-weight: 400;\">1er produit du march\u00e9 \u00e0 se concentrer sur les rides du front en att\u00e9nuant (jeunes et les \u00e2g\u00e9es) la contraction musculaire et en acc\u00e9l\u00e9rant son rel\u00e2chement<\/span><\/p>\n<p><span style=\"font-weight: 400;\">Peptides d&rsquo;origine naturelle con\u00e7us et produits selon les principes de la<\/span> <b>CHIMIE VERTE.<\/b> <span style=\"font-weight: 400;\">Naturalit\u00e9 selon ISO 16128 &#8211; 99,50% d&rsquo;origine naturelle.<\/span><\/p>\n<p><span style=\"font-weight: 400;\">EFFICACIT\u00c9 TOUT-EN-UN sur la zone frontale en am\u00e9liorant : la fermet\u00e9 et l&rsquo;\u00e9lasticit\u00e9 de la peau ; rugosit\u00e9 de la surface de la peau, effet lifting. Moins de fatigue cutan\u00e9e et une peau plus \u00e9clatante.<\/span><\/p>\n<p><b>Meilleure combinaison d&rsquo;acide hyaluronique et de peptides d\u00e9riv\u00e9s naturellement (99,5%) de type toxine botulique :<\/b><\/p>\n<p><b>Peptide Argireline\u00ae Amplified <\/b><\/p>\n<p><span style=\"font-weight: 400;\">Augmente le pouvoir de liaison de 33 % par rapport au peptide Argireline\u00ae. Plus puissant que le peptide Argireline\u00ae en termes d&rsquo;inhibition des signaux neuronaux.  <\/span><br \/>\n<b>Peptide<\/b> <b>Argirelox<\/b><span style=\"font-weight: 400;\">\u2122<\/span><\/p>\n<p><span style=\"font-weight: 400;\">Actif qui combat les rides d&rsquo;expression en att\u00e9nuant la contraction musculaire de la voie pr\u00e9-synaptique. Le peptide Argirelox\u00a0\u00bb module la lib\u00e9ration d&rsquo;ac\u00e9tvicholine (ACh) de la fusion des v\u00e9sicules fix\u00e9es \u00e0 la membrane cellulaire dans le complexe SNARE, relaxant le muscle. Il aide \u00e0 maintenir l&rsquo;effet anti-rides visible plus longtemps.<\/span><\/p>\n<p><b>Munapsys\u2122 Jusqu&rsquo;\u00e0 37,6 % moins de profondeur de la plus grosse ride en 7 jours<\/b><\/p>\n<p><span style=\"font-weight: 400;\">C&rsquo;est le premier ingr\u00e9dient cosm\u00e9tique capable d&rsquo;agir \u00e0 la fois sur les voies pr\u00e9- et post-synaptiques de la contraction musculaire et sur une nouvelle prot\u00e9ine SNARE (Munc-18). Munc-18 se lie \u00e0 la syntaxine permettant l&rsquo;assemblage du complexe SNARE <\/span><\/p>\n<p><b>Acide<\/b> <b>hyaluronique<\/b><\/p>\n<p><span style=\"font-weight: 400;\">L&rsquo;acide hyaluronique est la cl\u00e9 d&rsquo;une peau hydrat\u00e9e et d&rsquo;apparence jeune. Ce puissant humectant aide \u00e0 reconstituer les niveaux d&rsquo;humidit\u00e9 et agit comme un excellent traitement anti-rides pour le front, travaillant pour am\u00e9liorer l&rsquo;apparence des ridules et des rides profondes du front.<\/span><\/p>\n","protected":false},"featured_media":0,"comment_status":"open","ping_status":"closed","template":"","meta":[],"product_brand":[],"product_cat":[],"product_tag":[],"class_list":{"0":"post-13683","1":"product","2":"type-product","3":"status-publish","6":"first","7":"instock","8":"taxable","9":"shipping-taxable","10":"purchasable","11":"product-type-variable"},"yoast_head":"<!-- This site is optimized with the Yoast SEO plugin v27.5 - https:\/\/yoast.com\/product\/yoast-seo-wordpress\/ -->\n<title>la fermet\u00e9 et l&#039;\u00e9lasticit\u00e9 de la peau ; rugosit\u00e9 de la surface de la peau, effet lifting. Moins de fatigue cutan\u00e9e et une peau plus \u00e9clatante.<\/title>\n<meta name=\"description\" content=\"ForeHead est un cocktail sp\u00e9cialement con\u00e7u pour les rides du front, il est compos\u00e9 de peptides Botox-like et d&#039;acide hyaluronique.\" \/>\n<meta name=\"robots\" content=\"index, follow, max-snippet:-1, max-image-preview:large, max-video-preview:-1\" \/>\n<link rel=\"canonical\" href=\"https:\/\/www.pressensa.shop\/fr\/produit\/front-cocktail-developpe-pour-le-soin-specifique-de-la-zone-frontale-2\/\" \/>\n<meta property=\"og:locale\" content=\"fr_FR\" \/>\n<meta property=\"og:type\" content=\"article\" \/>\n<meta property=\"og:title\" content=\"la fermet\u00e9 et l&#039;\u00e9lasticit\u00e9 de la peau ; rugosit\u00e9 de la surface de la peau, effet lifting. Moins de fatigue cutan\u00e9e et une peau plus \u00e9clatante.\" \/>\n<meta property=\"og:description\" content=\"ForeHead est un cocktail sp\u00e9cialement con\u00e7u pour les rides du front, il est compos\u00e9 de peptides Botox-like et d&#039;acide hyaluronique.\" \/>\n<meta property=\"og:url\" content=\"https:\/\/www.pressensa.shop\/fr\/produit\/front-cocktail-developpe-pour-le-soin-specifique-de-la-zone-frontale-2\/\" \/>\n<meta property=\"og:site_name\" content=\"Pressensa\" \/>\n<meta property=\"article:modified_time\" content=\"2023-11-03T13:02:54+00:00\" \/>\n<meta property=\"og:image\" content=\"https:\/\/www.pressensa.shop\/wp-content\/uploads\/2023\/01\/ForeHead1-ampollas-microneedling-frente-550x720.png\" \/>\n\t<meta property=\"og:image:width\" content=\"550\" \/>\n\t<meta property=\"og:image:height\" content=\"720\" \/>\n\t<meta property=\"og:image:type\" content=\"image\/png\" \/>\n<meta name=\"twitter:card\" content=\"summary_large_image\" \/>\n<script type=\"application\/ld+json\" class=\"yoast-schema-graph\">{\"@context\":\"https:\\\/\\\/schema.org\",\"@graph\":[{\"@type\":\"WebPage\",\"@id\":\"https:\\\/\\\/www.pressensa.shop\\\/fr\\\/produit\\\/front-cocktail-developpe-pour-le-soin-specifique-de-la-zone-frontale-2\\\/\",\"url\":\"https:\\\/\\\/www.pressensa.shop\\\/fr\\\/produit\\\/front-cocktail-developpe-pour-le-soin-specifique-de-la-zone-frontale-2\\\/\",\"name\":\"la fermet\u00e9 et l'\u00e9lasticit\u00e9 de la peau ; rugosit\u00e9 de la surface de la peau, effet lifting. Moins de fatigue cutan\u00e9e et une peau plus \u00e9clatante.\",\"isPartOf\":{\"@id\":\"https:\\\/\\\/www.pressensa.shop\\\/fr\\\/#website\"},\"datePublished\":\"2023-01-10T16:01:38+00:00\",\"dateModified\":\"2023-11-03T13:02:54+00:00\",\"description\":\"ForeHead est un cocktail sp\u00e9cialement con\u00e7u pour les rides du front, il est compos\u00e9 de peptides Botox-like et d'acide hyaluronique.\",\"breadcrumb\":{\"@id\":\"https:\\\/\\\/www.pressensa.shop\\\/fr\\\/produit\\\/front-cocktail-developpe-pour-le-soin-specifique-de-la-zone-frontale-2\\\/#breadcrumb\"},\"inLanguage\":\"fr-FR\",\"potentialAction\":[{\"@type\":\"ReadAction\",\"target\":[\"https:\\\/\\\/www.pressensa.shop\\\/fr\\\/produit\\\/front-cocktail-developpe-pour-le-soin-specifique-de-la-zone-frontale-2\\\/\"]}]},{\"@type\":\"BreadcrumbList\",\"@id\":\"https:\\\/\\\/www.pressensa.shop\\\/fr\\\/produit\\\/front-cocktail-developpe-pour-le-soin-specifique-de-la-zone-frontale-2\\\/#breadcrumb\",\"itemListElement\":[{\"@type\":\"ListItem\",\"position\":1,\"name\":\"Portada\",\"item\":\"https:\\\/\\\/www.pressensa.shop\\\/fr\\\/\"},{\"@type\":\"ListItem\",\"position\":2,\"name\":\"Boutique\",\"item\":\"https:\\\/\\\/www.pressensa.shop\\\/fr\\\/boutique\\\/\"},{\"@type\":\"ListItem\",\"position\":3,\"name\":\"FOREHEAD | Ampoule Argireline\u00ae Amplified sur le front\"}]},{\"@type\":\"WebSite\",\"@id\":\"https:\\\/\\\/www.pressensa.shop\\\/fr\\\/#website\",\"url\":\"https:\\\/\\\/www.pressensa.shop\\\/fr\\\/\",\"name\":\"Pressensa\",\"description\":\"fabricante de productos de dermocosmetica, estetica y medicina est\u00e9tica.\",\"publisher\":{\"@id\":\"https:\\\/\\\/www.pressensa.shop\\\/fr\\\/#organization\"},\"potentialAction\":[{\"@type\":\"SearchAction\",\"target\":{\"@type\":\"EntryPoint\",\"urlTemplate\":\"https:\\\/\\\/www.pressensa.shop\\\/fr\\\/?s={search_term_string}\"},\"query-input\":{\"@type\":\"PropertyValueSpecification\",\"valueRequired\":true,\"valueName\":\"search_term_string\"}}],\"inLanguage\":\"fr-FR\"},{\"@type\":\"Organization\",\"@id\":\"https:\\\/\\\/www.pressensa.shop\\\/fr\\\/#organization\",\"name\":\"Pressensa\",\"url\":\"https:\\\/\\\/www.pressensa.shop\\\/fr\\\/\",\"logo\":{\"@type\":\"ImageObject\",\"inLanguage\":\"fr-FR\",\"@id\":\"https:\\\/\\\/www.pressensa.shop\\\/fr\\\/#\\\/schema\\\/logo\\\/image\\\/\",\"url\":\"https:\\\/\\\/www.pressensa.shop\\\/wp-content\\\/uploads\\\/2022\\\/06\\\/Recurso-24.png\",\"contentUrl\":\"https:\\\/\\\/www.pressensa.shop\\\/wp-content\\\/uploads\\\/2022\\\/06\\\/Recurso-24.png\",\"width\":281,\"height\":131,\"caption\":\"Pressensa\"},\"image\":{\"@id\":\"https:\\\/\\\/www.pressensa.shop\\\/fr\\\/#\\\/schema\\\/logo\\\/image\\\/\"}}]}<\/script>\n<!-- \/ Yoast SEO plugin. -->","yoast_head_json":{"title":"la fermet\u00e9 et l'\u00e9lasticit\u00e9 de la peau ; rugosit\u00e9 de la surface de la peau, effet lifting. Moins de fatigue cutan\u00e9e et une peau plus \u00e9clatante.","description":"ForeHead est un cocktail sp\u00e9cialement con\u00e7u pour les rides du front, il est compos\u00e9 de peptides Botox-like et d'acide hyaluronique.","robots":{"index":"index","follow":"follow","max-snippet":"max-snippet:-1","max-image-preview":"max-image-preview:large","max-video-preview":"max-video-preview:-1"},"canonical":"https:\/\/www.pressensa.shop\/fr\/produit\/front-cocktail-developpe-pour-le-soin-specifique-de-la-zone-frontale-2\/","og_locale":"fr_FR","og_type":"article","og_title":"la fermet\u00e9 et l'\u00e9lasticit\u00e9 de la peau ; rugosit\u00e9 de la surface de la peau, effet lifting. Moins de fatigue cutan\u00e9e et une peau plus \u00e9clatante.","og_description":"ForeHead est un cocktail sp\u00e9cialement con\u00e7u pour les rides du front, il est compos\u00e9 de peptides Botox-like et d'acide hyaluronique.","og_url":"https:\/\/www.pressensa.shop\/fr\/produit\/front-cocktail-developpe-pour-le-soin-specifique-de-la-zone-frontale-2\/","og_site_name":"Pressensa","article_modified_time":"2023-11-03T13:02:54+00:00","og_image":[{"width":550,"height":720,"url":"https:\/\/www.pressensa.shop\/wp-content\/uploads\/2023\/01\/ForeHead1-ampollas-microneedling-frente-550x720.png","type":"image\/png"}],"twitter_card":"summary_large_image","schema":{"@context":"https:\/\/schema.org","@graph":[{"@type":"WebPage","@id":"https:\/\/www.pressensa.shop\/fr\/produit\/front-cocktail-developpe-pour-le-soin-specifique-de-la-zone-frontale-2\/","url":"https:\/\/www.pressensa.shop\/fr\/produit\/front-cocktail-developpe-pour-le-soin-specifique-de-la-zone-frontale-2\/","name":"la fermet\u00e9 et l'\u00e9lasticit\u00e9 de la peau ; rugosit\u00e9 de la surface de la peau, effet lifting. Moins de fatigue cutan\u00e9e et une peau plus \u00e9clatante.","isPartOf":{"@id":"https:\/\/www.pressensa.shop\/fr\/#website"},"datePublished":"2023-01-10T16:01:38+00:00","dateModified":"2023-11-03T13:02:54+00:00","description":"ForeHead est un cocktail sp\u00e9cialement con\u00e7u pour les rides du front, il est compos\u00e9 de peptides Botox-like et d'acide hyaluronique.","breadcrumb":{"@id":"https:\/\/www.pressensa.shop\/fr\/produit\/front-cocktail-developpe-pour-le-soin-specifique-de-la-zone-frontale-2\/#breadcrumb"},"inLanguage":"fr-FR","potentialAction":[{"@type":"ReadAction","target":["https:\/\/www.pressensa.shop\/fr\/produit\/front-cocktail-developpe-pour-le-soin-specifique-de-la-zone-frontale-2\/"]}]},{"@type":"BreadcrumbList","@id":"https:\/\/www.pressensa.shop\/fr\/produit\/front-cocktail-developpe-pour-le-soin-specifique-de-la-zone-frontale-2\/#breadcrumb","itemListElement":[{"@type":"ListItem","position":1,"name":"Portada","item":"https:\/\/www.pressensa.shop\/fr\/"},{"@type":"ListItem","position":2,"name":"Boutique","item":"https:\/\/www.pressensa.shop\/fr\/boutique\/"},{"@type":"ListItem","position":3,"name":"FOREHEAD | Ampoule Argireline\u00ae Amplified sur le front"}]},{"@type":"WebSite","@id":"https:\/\/www.pressensa.shop\/fr\/#website","url":"https:\/\/www.pressensa.shop\/fr\/","name":"Pressensa","description":"fabricante de productos de dermocosmetica, estetica y medicina est\u00e9tica.","publisher":{"@id":"https:\/\/www.pressensa.shop\/fr\/#organization"},"potentialAction":[{"@type":"SearchAction","target":{"@type":"EntryPoint","urlTemplate":"https:\/\/www.pressensa.shop\/fr\/?s={search_term_string}"},"query-input":{"@type":"PropertyValueSpecification","valueRequired":true,"valueName":"search_term_string"}}],"inLanguage":"fr-FR"},{"@type":"Organization","@id":"https:\/\/www.pressensa.shop\/fr\/#organization","name":"Pressensa","url":"https:\/\/www.pressensa.shop\/fr\/","logo":{"@type":"ImageObject","inLanguage":"fr-FR","@id":"https:\/\/www.pressensa.shop\/fr\/#\/schema\/logo\/image\/","url":"https:\/\/www.pressensa.shop\/wp-content\/uploads\/2022\/06\/Recurso-24.png","contentUrl":"https:\/\/www.pressensa.shop\/wp-content\/uploads\/2022\/06\/Recurso-24.png","width":281,"height":131,"caption":"Pressensa"},"image":{"@id":"https:\/\/www.pressensa.shop\/fr\/#\/schema\/logo\/image\/"}}]}},"_links":{"self":[{"href":"https:\/\/www.pressensa.shop\/fr\/wp-json\/wp\/v2\/product\/13683","targetHints":{"allow":["GET"]}}],"collection":[{"href":"https:\/\/www.pressensa.shop\/fr\/wp-json\/wp\/v2\/product"}],"about":[{"href":"https:\/\/www.pressensa.shop\/fr\/wp-json\/wp\/v2\/types\/product"}],"replies":[{"embeddable":true,"href":"https:\/\/www.pressensa.shop\/fr\/wp-json\/wp\/v2\/comments?post=13683"}],"version-history":[{"count":0,"href":"https:\/\/www.pressensa.shop\/fr\/wp-json\/wp\/v2\/product\/13683\/revisions"}],"wp:attachment":[{"href":"https:\/\/www.pressensa.shop\/fr\/wp-json\/wp\/v2\/media?parent=13683"}],"wp:term":[{"taxonomy":"product_brand","embeddable":true,"href":"https:\/\/www.pressensa.shop\/fr\/wp-json\/wp\/v2\/product_brand?post=13683"},{"taxonomy":"product_cat","embeddable":true,"href":"https:\/\/www.pressensa.shop\/fr\/wp-json\/wp\/v2\/product_cat?post=13683"},{"taxonomy":"product_tag","embeddable":true,"href":"https:\/\/www.pressensa.shop\/fr\/wp-json\/wp\/v2\/product_tag?post=13683"}],"curies":[{"name":"wp","href":"https:\/\/api.w.org\/{rel}","templated":true}]}}