{"id":18447,"date":"2024-09-13T11:49:06","date_gmt":"2024-09-13T09:49:06","guid":{"rendered":"https:\/\/www.pressensa.shop\/producto\/luminossa-tca-12-peeling-chimique-2\/"},"modified":"2024-12-03T00:00:43","modified_gmt":"2024-12-02T23:00:43","slug":"luminossa-tca-12-peeling-chimique-2","status":"publish","type":"product","link":"https:\/\/www.pressensa.shop\/fr\/produit\/luminossa-tca-12-peeling-chimique-2\/","title":{"rendered":"Luminossa TCA 12% peeling chimique"},"content":{"rendered":"<p><strong>Formul\u00e9 avec :<\/strong> Acide Trichloroac\u00e9tique, Acide Mand\u00e9lique, Acide K\u00f3jique<br \/><strong>Caract\u00e9ristiques: <\/strong>Flacon de 5 ml<br \/>Dispositif m\u00e9dical pour usage externe.<\/p>\n","protected":false},"excerpt":{"rendered":"<h2>-Flacon de 5 ml TCA 12<\/h2>\n<p> Peeling \u00e0 l&rsquo;acide trichloroac\u00e9tique (TCA) <strong>moyen \u00e0 profond <\/strong>stabilis\u00e9 avec  <strong>acides alpha-hydroxy. est un dispositif m\u00e9dical de CLASSE I avec marquage CE <\/strong> Luminossa TCA est \u00e9galement formul\u00e9 avec de<strong> l&rsquo;acide mand\u00e9lique et de l&rsquo;acide kojique (jusqu&rsquo;\u00e0 6 %).<\/strong> Sa formule unique en gel permet la stabilisation du TCA gr\u00e2ce \u00e0 des cocktails puissants et des acides faibles pr\u00e9sents dans la formulation, m\u00e9lang\u00e9s de mani\u00e8re st\u0153chiom\u00e9trique pour rendre le traitement stable, s\u00fbr et efficace. Il est d&rsquo;action rapide ; sans douleur ; aucun effet gel\u00e9 et aucun signe apr\u00e8s le traitement, obtenant un r\u00e9sultat instantan\u00e9 qui s&rsquo;am\u00e9liore avec le temps. Luminossa TCA convient \u00e0 tous les \u00e2ges et n&rsquo;est pas un photosensibilisant. <\/p>\n<h2><span data-sheets-value=\"{\"1\":2,\"2\":\"h1Luminossa TCA peeling qu\u00edmico 12%\\nH2 Vial peeling qu\u00edmico tca 12\\nH2 \u00c1cidos peeling qu\u00edmico Luminossa TCA\\nH3 \u00c1cido mand\u00e9lico 6%\\nH3 \u00c1cido kojic 6%\\n\"}\" data-sheets-userformat=\"{\"2\":11011,\"3\":{\"1\":0},\"4\":{\"1\":2,\"2\":15389148},\"11\":4,\"12\":0,\"14\":{\"1\":2,\"2\":0},\"16\":11}\">Acides exfoliants chimiques Luminossa TCA<\/span><\/h2>\n<p> Luminossa TCA formul\u00e9 avec des acides tels que l&rsquo;acide kojique, jusqu&rsquo;\u00e0 6 % ; Acide mand\u00e9lique, jusqu&rsquo;\u00e0 6 % ; et enfin, l&rsquo;acide trichlorac\u00e9tique. <\/p>\n<h3><span data-sheets-value=\"{\"1\":2,\"2\":\"h1Luminossa TCA peeling qu\u00edmico 12%\\nH2 Vial peeling qu\u00edmico tca 12\\nH2 \u00c1cidos peeling qu\u00edmico Luminossa TCA\\nH3 \u00c1cido mand\u00e9lico 6%\\nH3 \u00c1cido kojic 6%\\n\"}\" data-sheets-userformat=\"{\"2\":11011,\"3\":{\"1\":0},\"4\":{\"1\":2,\"2\":15389148},\"11\":4,\"12\":0,\"14\":{\"1\":2,\"2\":0},\"16\":11}\">Acide Kojique 6%<\/span><\/h3>\n<p> L&rsquo;acide kojique fonctionne comme un inhibiteur de la m\u00e9lanog\u00e9n\u00e8se et est sp\u00e9cifiquement indiqu\u00e9 pour le traitement du m\u00e9lasma, du chloasma, du photovieillissement et des cernes sous les yeux. <\/p>\n<h3><span data-sheets-value=\"{\"1\":2,\"2\":\"h1Luminossa TCA peeling qu\u00edmico 12%\\nH2 Vial peeling qu\u00edmico tca 12\\nH2 \u00c1cidos peeling qu\u00edmico Luminossa TCA\\nH3 \u00c1cido mand\u00e9lico 6%\\nH3 \u00c1cido kojic 6%\\n\"}\" data-sheets-userformat=\"{\"2\":11011,\"3\":{\"1\":0},\"4\":{\"1\":2,\"2\":15389148},\"11\":4,\"12\":0,\"14\":{\"1\":2,\"2\":0},\"16\":11}\">Acide mand\u00e9lique 6%<\/span><\/h3>\n<p> Acide mand\u00e9lique En tant qu&rsquo;acide alpha-hydroxy d\u00e9riv\u00e9 de l&rsquo;hydrolyse d&rsquo;extrait d&rsquo;amande. Il retarde le vieillissement cutan\u00e9 au niveau cellulaire en le stimulant et en le renouvelant, lui laissant une apparence riche et jeune. Ce dernier agit \u00e9galement contre les rides et est tr\u00e8s efficace dans le traitement de l&rsquo;acn\u00e9.<br \/><strong>Caract\u00e9ristiques<\/strong><br \/>Flacon de 5 ml<br \/>Dispositif m\u00e9dical pour usage externe.<\/p>\n","protected":false},"featured_media":23253,"comment_status":"open","ping_status":"closed","template":"","meta":[],"product_brand":[],"product_cat":[72],"product_tag":[],"class_list":{"0":"post-18447","1":"product","2":"type-product","3":"status-publish","4":"has-post-thumbnail","6":"product_cat-professionnelle","7":"pa_tamano-1-unit","8":"pa_tamano-boite-5-flacons","10":"first","11":"instock","12":"taxable","13":"shipping-taxable","14":"purchasable","15":"product-type-variable"},"yoast_head":"<!-- This site is optimized with the Yoast SEO plugin v27.4 - https:\/\/yoast.com\/product\/yoast-seo-wordpress\/ -->\n<title>acheter peeling chimique TCA 12% 5ml<\/title>\n<meta name=\"description\" content=\"Le LUMINOSSA TCA Peeling Moyenne est un dispositif m\u00e9dical de CLASSE I \u00e0 base d&#039;ACIDE TRICHLOROAC\u00c9TIQUE (TCA) \u00e0 12% stabilis\u00e9 avec des acides alphas-hydroxyles,\" \/>\n<meta name=\"robots\" content=\"index, follow, max-snippet:-1, max-image-preview:large, max-video-preview:-1\" \/>\n<link rel=\"canonical\" href=\"https:\/\/www.pressensa.shop\/fr\/produit\/luminossa-tca-12-peeling-chimique-2\/\" \/>\n<meta property=\"og:locale\" content=\"fr_FR\" \/>\n<meta property=\"og:type\" content=\"article\" \/>\n<meta property=\"og:title\" content=\"acheter peeling chimique TCA 12% 5ml\" \/>\n<meta property=\"og:description\" content=\"Le LUMINOSSA TCA Peeling Moyenne est un dispositif m\u00e9dical de CLASSE I \u00e0 base d&#039;ACIDE TRICHLOROAC\u00c9TIQUE (TCA) \u00e0 12% stabilis\u00e9 avec des acides alphas-hydroxyles,\" \/>\n<meta property=\"og:url\" content=\"https:\/\/www.pressensa.shop\/fr\/produit\/luminossa-tca-12-peeling-chimique-2\/\" \/>\n<meta property=\"og:site_name\" content=\"Pressensa\" \/>\n<meta property=\"article:modified_time\" content=\"2024-12-02T23:00:43+00:00\" \/>\n<meta property=\"og:image\" content=\"https:\/\/eghgyirmzse.exactdn.com\/wp-content\/uploads\/2022\/07\/vial-peeling-qui\u0301mico-tca-12-1.png?strip=all&lossy=1&ssl=1\" \/>\n\t<meta property=\"og:image:width\" content=\"1080\" \/>\n\t<meta property=\"og:image:height\" content=\"1080\" \/>\n\t<meta property=\"og:image:type\" content=\"image\/png\" \/>\n<meta name=\"twitter:card\" content=\"summary_large_image\" \/>\n<script type=\"application\/ld+json\" class=\"yoast-schema-graph\">{\"@context\":\"https:\\\/\\\/schema.org\",\"@graph\":[{\"@type\":\"WebPage\",\"@id\":\"https:\\\/\\\/www.pressensa.shop\\\/fr\\\/produit\\\/luminossa-tca-12-peeling-chimique-2\\\/\",\"url\":\"https:\\\/\\\/www.pressensa.shop\\\/fr\\\/produit\\\/luminossa-tca-12-peeling-chimique-2\\\/\",\"name\":\"acheter peeling chimique TCA 12% 5ml\",\"isPartOf\":{\"@id\":\"https:\\\/\\\/www.pressensa.shop\\\/fr\\\/#website\"},\"primaryImageOfPage\":{\"@id\":\"https:\\\/\\\/www.pressensa.shop\\\/fr\\\/produit\\\/luminossa-tca-12-peeling-chimique-2\\\/#primaryimage\"},\"image\":{\"@id\":\"https:\\\/\\\/www.pressensa.shop\\\/fr\\\/produit\\\/luminossa-tca-12-peeling-chimique-2\\\/#primaryimage\"},\"thumbnailUrl\":\"https:\\\/\\\/www.pressensa.shop\\\/wp-content\\\/uploads\\\/2024\\\/09\\\/LUMINOSSA-TCA-CAJA.webp\",\"datePublished\":\"2024-09-13T09:49:06+00:00\",\"dateModified\":\"2024-12-02T23:00:43+00:00\",\"description\":\"Le LUMINOSSA TCA Peeling Moyenne est un dispositif m\u00e9dical de CLASSE I \u00e0 base d'ACIDE TRICHLOROAC\u00c9TIQUE (TCA) \u00e0 12% stabilis\u00e9 avec des acides alphas-hydroxyles,\",\"breadcrumb\":{\"@id\":\"https:\\\/\\\/www.pressensa.shop\\\/fr\\\/produit\\\/luminossa-tca-12-peeling-chimique-2\\\/#breadcrumb\"},\"inLanguage\":\"fr-FR\",\"potentialAction\":[{\"@type\":\"ReadAction\",\"target\":[\"https:\\\/\\\/www.pressensa.shop\\\/fr\\\/produit\\\/luminossa-tca-12-peeling-chimique-2\\\/\"]}]},{\"@type\":\"ImageObject\",\"inLanguage\":\"fr-FR\",\"@id\":\"https:\\\/\\\/www.pressensa.shop\\\/fr\\\/produit\\\/luminossa-tca-12-peeling-chimique-2\\\/#primaryimage\",\"url\":\"https:\\\/\\\/www.pressensa.shop\\\/wp-content\\\/uploads\\\/2024\\\/09\\\/LUMINOSSA-TCA-CAJA.webp\",\"contentUrl\":\"https:\\\/\\\/www.pressensa.shop\\\/wp-content\\\/uploads\\\/2024\\\/09\\\/LUMINOSSA-TCA-CAJA.webp\",\"width\":2160,\"height\":2160},{\"@type\":\"BreadcrumbList\",\"@id\":\"https:\\\/\\\/www.pressensa.shop\\\/fr\\\/produit\\\/luminossa-tca-12-peeling-chimique-2\\\/#breadcrumb\",\"itemListElement\":[{\"@type\":\"ListItem\",\"position\":1,\"name\":\"Portada\",\"item\":\"https:\\\/\\\/www.pressensa.shop\\\/fr\\\/\"},{\"@type\":\"ListItem\",\"position\":2,\"name\":\"Boutique\",\"item\":\"https:\\\/\\\/www.pressensa.shop\\\/fr\\\/boutique\\\/\"},{\"@type\":\"ListItem\",\"position\":3,\"name\":\"Luminossa TCA 12% peeling chimique\"}]},{\"@type\":\"WebSite\",\"@id\":\"https:\\\/\\\/www.pressensa.shop\\\/fr\\\/#website\",\"url\":\"https:\\\/\\\/www.pressensa.shop\\\/fr\\\/\",\"name\":\"Pressensa\",\"description\":\"fabricante de productos de dermocosmetica, estetica y medicina est\u00e9tica.\",\"publisher\":{\"@id\":\"https:\\\/\\\/www.pressensa.shop\\\/fr\\\/#organization\"},\"potentialAction\":[{\"@type\":\"SearchAction\",\"target\":{\"@type\":\"EntryPoint\",\"urlTemplate\":\"https:\\\/\\\/www.pressensa.shop\\\/fr\\\/?s={search_term_string}\"},\"query-input\":{\"@type\":\"PropertyValueSpecification\",\"valueRequired\":true,\"valueName\":\"search_term_string\"}}],\"inLanguage\":\"fr-FR\"},{\"@type\":\"Organization\",\"@id\":\"https:\\\/\\\/www.pressensa.shop\\\/fr\\\/#organization\",\"name\":\"Pressensa\",\"url\":\"https:\\\/\\\/www.pressensa.shop\\\/fr\\\/\",\"logo\":{\"@type\":\"ImageObject\",\"inLanguage\":\"fr-FR\",\"@id\":\"https:\\\/\\\/www.pressensa.shop\\\/fr\\\/#\\\/schema\\\/logo\\\/image\\\/\",\"url\":\"https:\\\/\\\/www.pressensa.shop\\\/wp-content\\\/uploads\\\/2022\\\/06\\\/Recurso-24.png\",\"contentUrl\":\"https:\\\/\\\/www.pressensa.shop\\\/wp-content\\\/uploads\\\/2022\\\/06\\\/Recurso-24.png\",\"width\":281,\"height\":131,\"caption\":\"Pressensa\"},\"image\":{\"@id\":\"https:\\\/\\\/www.pressensa.shop\\\/fr\\\/#\\\/schema\\\/logo\\\/image\\\/\"}}]}<\/script>\n<!-- \/ Yoast SEO plugin. -->","yoast_head_json":{"title":"acheter peeling chimique TCA 12% 5ml","description":"Le LUMINOSSA TCA Peeling Moyenne est un dispositif m\u00e9dical de CLASSE I \u00e0 base d'ACIDE TRICHLOROAC\u00c9TIQUE (TCA) \u00e0 12% stabilis\u00e9 avec des acides alphas-hydroxyles,","robots":{"index":"index","follow":"follow","max-snippet":"max-snippet:-1","max-image-preview":"max-image-preview:large","max-video-preview":"max-video-preview:-1"},"canonical":"https:\/\/www.pressensa.shop\/fr\/produit\/luminossa-tca-12-peeling-chimique-2\/","og_locale":"fr_FR","og_type":"article","og_title":"acheter peeling chimique TCA 12% 5ml","og_description":"Le LUMINOSSA TCA Peeling Moyenne est un dispositif m\u00e9dical de CLASSE I \u00e0 base d'ACIDE TRICHLOROAC\u00c9TIQUE (TCA) \u00e0 12% stabilis\u00e9 avec des acides alphas-hydroxyles,","og_url":"https:\/\/www.pressensa.shop\/fr\/produit\/luminossa-tca-12-peeling-chimique-2\/","og_site_name":"Pressensa","article_modified_time":"2024-12-02T23:00:43+00:00","og_image":[{"width":1080,"height":1080,"url":"https:\/\/eghgyirmzse.exactdn.com\/wp-content\/uploads\/2022\/07\/vial-peeling-qui\u0301mico-tca-12-1.png?strip=all&lossy=1&ssl=1","type":"image\/png"}],"twitter_card":"summary_large_image","schema":{"@context":"https:\/\/schema.org","@graph":[{"@type":"WebPage","@id":"https:\/\/www.pressensa.shop\/fr\/produit\/luminossa-tca-12-peeling-chimique-2\/","url":"https:\/\/www.pressensa.shop\/fr\/produit\/luminossa-tca-12-peeling-chimique-2\/","name":"acheter peeling chimique TCA 12% 5ml","isPartOf":{"@id":"https:\/\/www.pressensa.shop\/fr\/#website"},"primaryImageOfPage":{"@id":"https:\/\/www.pressensa.shop\/fr\/produit\/luminossa-tca-12-peeling-chimique-2\/#primaryimage"},"image":{"@id":"https:\/\/www.pressensa.shop\/fr\/produit\/luminossa-tca-12-peeling-chimique-2\/#primaryimage"},"thumbnailUrl":"https:\/\/www.pressensa.shop\/wp-content\/uploads\/2024\/09\/LUMINOSSA-TCA-CAJA.webp","datePublished":"2024-09-13T09:49:06+00:00","dateModified":"2024-12-02T23:00:43+00:00","description":"Le LUMINOSSA TCA Peeling Moyenne est un dispositif m\u00e9dical de CLASSE I \u00e0 base d'ACIDE TRICHLOROAC\u00c9TIQUE (TCA) \u00e0 12% stabilis\u00e9 avec des acides alphas-hydroxyles,","breadcrumb":{"@id":"https:\/\/www.pressensa.shop\/fr\/produit\/luminossa-tca-12-peeling-chimique-2\/#breadcrumb"},"inLanguage":"fr-FR","potentialAction":[{"@type":"ReadAction","target":["https:\/\/www.pressensa.shop\/fr\/produit\/luminossa-tca-12-peeling-chimique-2\/"]}]},{"@type":"ImageObject","inLanguage":"fr-FR","@id":"https:\/\/www.pressensa.shop\/fr\/produit\/luminossa-tca-12-peeling-chimique-2\/#primaryimage","url":"https:\/\/www.pressensa.shop\/wp-content\/uploads\/2024\/09\/LUMINOSSA-TCA-CAJA.webp","contentUrl":"https:\/\/www.pressensa.shop\/wp-content\/uploads\/2024\/09\/LUMINOSSA-TCA-CAJA.webp","width":2160,"height":2160},{"@type":"BreadcrumbList","@id":"https:\/\/www.pressensa.shop\/fr\/produit\/luminossa-tca-12-peeling-chimique-2\/#breadcrumb","itemListElement":[{"@type":"ListItem","position":1,"name":"Portada","item":"https:\/\/www.pressensa.shop\/fr\/"},{"@type":"ListItem","position":2,"name":"Boutique","item":"https:\/\/www.pressensa.shop\/fr\/boutique\/"},{"@type":"ListItem","position":3,"name":"Luminossa TCA 12% peeling chimique"}]},{"@type":"WebSite","@id":"https:\/\/www.pressensa.shop\/fr\/#website","url":"https:\/\/www.pressensa.shop\/fr\/","name":"Pressensa","description":"fabricante de productos de dermocosmetica, estetica y medicina est\u00e9tica.","publisher":{"@id":"https:\/\/www.pressensa.shop\/fr\/#organization"},"potentialAction":[{"@type":"SearchAction","target":{"@type":"EntryPoint","urlTemplate":"https:\/\/www.pressensa.shop\/fr\/?s={search_term_string}"},"query-input":{"@type":"PropertyValueSpecification","valueRequired":true,"valueName":"search_term_string"}}],"inLanguage":"fr-FR"},{"@type":"Organization","@id":"https:\/\/www.pressensa.shop\/fr\/#organization","name":"Pressensa","url":"https:\/\/www.pressensa.shop\/fr\/","logo":{"@type":"ImageObject","inLanguage":"fr-FR","@id":"https:\/\/www.pressensa.shop\/fr\/#\/schema\/logo\/image\/","url":"https:\/\/www.pressensa.shop\/wp-content\/uploads\/2022\/06\/Recurso-24.png","contentUrl":"https:\/\/www.pressensa.shop\/wp-content\/uploads\/2022\/06\/Recurso-24.png","width":281,"height":131,"caption":"Pressensa"},"image":{"@id":"https:\/\/www.pressensa.shop\/fr\/#\/schema\/logo\/image\/"}}]}},"_links":{"self":[{"href":"https:\/\/www.pressensa.shop\/fr\/wp-json\/wp\/v2\/product\/18447","targetHints":{"allow":["GET"]}}],"collection":[{"href":"https:\/\/www.pressensa.shop\/fr\/wp-json\/wp\/v2\/product"}],"about":[{"href":"https:\/\/www.pressensa.shop\/fr\/wp-json\/wp\/v2\/types\/product"}],"replies":[{"embeddable":true,"href":"https:\/\/www.pressensa.shop\/fr\/wp-json\/wp\/v2\/comments?post=18447"}],"version-history":[{"count":0,"href":"https:\/\/www.pressensa.shop\/fr\/wp-json\/wp\/v2\/product\/18447\/revisions"}],"wp:featuredmedia":[{"embeddable":true,"href":"https:\/\/www.pressensa.shop\/fr\/wp-json\/wp\/v2\/media\/23253"}],"wp:attachment":[{"href":"https:\/\/www.pressensa.shop\/fr\/wp-json\/wp\/v2\/media?parent=18447"}],"wp:term":[{"taxonomy":"product_brand","embeddable":true,"href":"https:\/\/www.pressensa.shop\/fr\/wp-json\/wp\/v2\/product_brand?post=18447"},{"taxonomy":"product_cat","embeddable":true,"href":"https:\/\/www.pressensa.shop\/fr\/wp-json\/wp\/v2\/product_cat?post=18447"},{"taxonomy":"product_tag","embeddable":true,"href":"https:\/\/www.pressensa.shop\/fr\/wp-json\/wp\/v2\/product_tag?post=18447"}],"curies":[{"name":"wp","href":"https:\/\/api.w.org\/{rel}","templated":true}]}}