{"id":21481,"date":"2025-03-31T15:59:58","date_gmt":"2025-03-31T13:59:58","guid":{"rendered":"https:\/\/www.pressensa.shop\/?post_type=product&#038;p=21481"},"modified":"2026-02-15T08:40:08","modified_gmt":"2026-02-15T07:40:08","slug":"post-peel-pack","status":"publish","type":"product","link":"https:\/\/www.pressensa.shop\/fr\/produit\/post-peel-pack\/","title":{"rendered":"Post Peel Pack"},"content":{"rendered":"<p><strong>Componentes:<\/strong><br \/>\nDefencExtra SPF 80<br \/>\nCreaMask C<\/p>\n<p>Pack de 2 produits dans un \u00e9tui en coton<\/p>\n","protected":false},"excerpt":{"rendered":"<h2>Post Peel Pack<\/h2>\n<p>a \u00e9t\u00e9 sp\u00e9cialement con\u00e7u pour accompagner les protocoles de peeling, de laser ou d\u2019exfoliation profonde. Ce duo aide \u00e0 prot\u00e9ger, apaiser et renforcer la peau apr\u00e8s les soins esth\u00e9tiques, en apportant un confort imm\u00e9diat et en favorisant une r\u00e9cup\u00e9ration rapide et s\u00e9curis\u00e9e.<\/p>\n<h2>\ud83d\udd39 Cr\u00e8me solaire SPF 80+ DefencExtra<\/h2>\n<p>Protection \u00e0 large spectre (UVA\/UVB) avec une texture l\u00e9g\u00e8re et une finition invisible. Id\u00e9ale pour les peaux sensibilis\u00e9es apr\u00e8s un peeling.<\/p>\n<h2>\ud83d\udd39 Masque \u00e0 la Vitamine C CreaMask c<\/h2>\n<p>Formule \u00e0 base de vitamine C stabilis\u00e9e et de collag\u00e8ne, qui apporte de l\u2019\u00e9clat, am\u00e9liore la texture et favorise la r\u00e9g\u00e9n\u00e9ration cutan\u00e9e.<\/p>\n<h2>\ud83c\udf93 Id\u00e9al pour :<\/h2>\n<p>\u2714\ufe0f Soin post-traitement en cabine<br \/>\n\u2714\ufe0f Recommandation de vente pour usage \u00e0 domicile<br \/>\n\u2714\ufe0f Optimisation des r\u00e9sultats cliniques<\/p>\n","protected":false},"featured_media":23197,"comment_status":"open","ping_status":"closed","template":"","meta":[],"product_brand":[],"product_cat":[72],"product_tag":[],"class_list":{"0":"post-21481","1":"product","2":"type-product","3":"status-publish","4":"has-post-thumbnail","6":"product_cat-professionnelle","8":"first","9":"instock","10":"taxable","11":"shipping-taxable","12":"purchasable","13":"product-type-simple"},"yoast_head":"<!-- This site is optimized with the Yoast SEO plugin v27.4 - https:\/\/yoast.com\/product\/yoast-seo-wordpress\/ -->\n<title>Post Peel Pack | Protection et R\u00e9paration de la Peau Professionnelle<\/title>\n<meta name=\"description\" content=\"Duo professionnel avec \u00e9cran solaire SPF 50+ et masque \u00e0 la vitamine C. Id\u00e9al apr\u00e8s un peeling, un laser ou une exfoliation. R\u00e9cup\u00e9ration rapide et s\u00e9curis\u00e9e.\" \/>\n<meta name=\"robots\" content=\"index, follow, max-snippet:-1, max-image-preview:large, max-video-preview:-1\" \/>\n<link rel=\"canonical\" href=\"https:\/\/www.pressensa.shop\/fr\/produit\/post-peel-pack\/\" \/>\n<meta property=\"og:locale\" content=\"fr_FR\" \/>\n<meta property=\"og:type\" content=\"article\" \/>\n<meta property=\"og:title\" content=\"Post Peel Pack | Protection et R\u00e9paration de la Peau Professionnelle\" \/>\n<meta property=\"og:description\" content=\"Duo professionnel avec \u00e9cran solaire SPF 50+ et masque \u00e0 la vitamine C. Id\u00e9al apr\u00e8s un peeling, un laser ou une exfoliation. R\u00e9cup\u00e9ration rapide et s\u00e9curis\u00e9e.\" \/>\n<meta property=\"og:url\" content=\"https:\/\/www.pressensa.shop\/fr\/produit\/post-peel-pack\/\" \/>\n<meta property=\"og:site_name\" content=\"Pressensa\" \/>\n<meta property=\"article:modified_time\" content=\"2026-02-15T07:40:08+00:00\" \/>\n<meta property=\"og:image\" content=\"https:\/\/www.pressensa.shop\/wp-content\/uploads\/2025\/03\/PRODUCTOS-OFERTA-POST-PEELING-2-1.jpg\" \/>\n\t<meta property=\"og:image:width\" content=\"1920\" \/>\n\t<meta property=\"og:image:height\" content=\"1920\" \/>\n\t<meta property=\"og:image:type\" content=\"image\/jpeg\" \/>\n<meta name=\"twitter:card\" content=\"summary_large_image\" \/>\n<script type=\"application\/ld+json\" class=\"yoast-schema-graph\">{\"@context\":\"https:\\\/\\\/schema.org\",\"@graph\":[{\"@type\":\"WebPage\",\"@id\":\"https:\\\/\\\/www.pressensa.shop\\\/fr\\\/produit\\\/post-peel-pack\\\/\",\"url\":\"https:\\\/\\\/www.pressensa.shop\\\/fr\\\/produit\\\/post-peel-pack\\\/\",\"name\":\"Post Peel Pack | Protection et R\u00e9paration de la Peau Professionnelle\",\"isPartOf\":{\"@id\":\"https:\\\/\\\/www.pressensa.shop\\\/fr\\\/#website\"},\"primaryImageOfPage\":{\"@id\":\"https:\\\/\\\/www.pressensa.shop\\\/fr\\\/produit\\\/post-peel-pack\\\/#primaryimage\"},\"image\":{\"@id\":\"https:\\\/\\\/www.pressensa.shop\\\/fr\\\/produit\\\/post-peel-pack\\\/#primaryimage\"},\"thumbnailUrl\":\"https:\\\/\\\/www.pressensa.shop\\\/wp-content\\\/uploads\\\/2025\\\/03\\\/PROTECT-GLOW-2.webp\",\"datePublished\":\"2025-03-31T13:59:58+00:00\",\"dateModified\":\"2026-02-15T07:40:08+00:00\",\"description\":\"Duo professionnel avec \u00e9cran solaire SPF 50+ et masque \u00e0 la vitamine C. Id\u00e9al apr\u00e8s un peeling, un laser ou une exfoliation. R\u00e9cup\u00e9ration rapide et s\u00e9curis\u00e9e.\",\"breadcrumb\":{\"@id\":\"https:\\\/\\\/www.pressensa.shop\\\/fr\\\/produit\\\/post-peel-pack\\\/#breadcrumb\"},\"inLanguage\":\"fr-FR\",\"potentialAction\":[{\"@type\":\"ReadAction\",\"target\":[\"https:\\\/\\\/www.pressensa.shop\\\/fr\\\/produit\\\/post-peel-pack\\\/\"]}]},{\"@type\":\"ImageObject\",\"inLanguage\":\"fr-FR\",\"@id\":\"https:\\\/\\\/www.pressensa.shop\\\/fr\\\/produit\\\/post-peel-pack\\\/#primaryimage\",\"url\":\"https:\\\/\\\/www.pressensa.shop\\\/wp-content\\\/uploads\\\/2025\\\/03\\\/PROTECT-GLOW-2.webp\",\"contentUrl\":\"https:\\\/\\\/www.pressensa.shop\\\/wp-content\\\/uploads\\\/2025\\\/03\\\/PROTECT-GLOW-2.webp\",\"width\":2160,\"height\":2160},{\"@type\":\"BreadcrumbList\",\"@id\":\"https:\\\/\\\/www.pressensa.shop\\\/fr\\\/produit\\\/post-peel-pack\\\/#breadcrumb\",\"itemListElement\":[{\"@type\":\"ListItem\",\"position\":1,\"name\":\"Portada\",\"item\":\"https:\\\/\\\/www.pressensa.shop\\\/fr\\\/\"},{\"@type\":\"ListItem\",\"position\":2,\"name\":\"Boutique\",\"item\":\"https:\\\/\\\/www.pressensa.shop\\\/fr\\\/boutique\\\/\"},{\"@type\":\"ListItem\",\"position\":3,\"name\":\"Post Peel Pack\"}]},{\"@type\":\"WebSite\",\"@id\":\"https:\\\/\\\/www.pressensa.shop\\\/fr\\\/#website\",\"url\":\"https:\\\/\\\/www.pressensa.shop\\\/fr\\\/\",\"name\":\"Pressensa\",\"description\":\"fabricante de productos de dermocosmetica, estetica y medicina est\u00e9tica.\",\"publisher\":{\"@id\":\"https:\\\/\\\/www.pressensa.shop\\\/fr\\\/#organization\"},\"potentialAction\":[{\"@type\":\"SearchAction\",\"target\":{\"@type\":\"EntryPoint\",\"urlTemplate\":\"https:\\\/\\\/www.pressensa.shop\\\/fr\\\/?s={search_term_string}\"},\"query-input\":{\"@type\":\"PropertyValueSpecification\",\"valueRequired\":true,\"valueName\":\"search_term_string\"}}],\"inLanguage\":\"fr-FR\"},{\"@type\":\"Organization\",\"@id\":\"https:\\\/\\\/www.pressensa.shop\\\/fr\\\/#organization\",\"name\":\"Pressensa\",\"url\":\"https:\\\/\\\/www.pressensa.shop\\\/fr\\\/\",\"logo\":{\"@type\":\"ImageObject\",\"inLanguage\":\"fr-FR\",\"@id\":\"https:\\\/\\\/www.pressensa.shop\\\/fr\\\/#\\\/schema\\\/logo\\\/image\\\/\",\"url\":\"https:\\\/\\\/www.pressensa.shop\\\/wp-content\\\/uploads\\\/2022\\\/06\\\/Recurso-24.png\",\"contentUrl\":\"https:\\\/\\\/www.pressensa.shop\\\/wp-content\\\/uploads\\\/2022\\\/06\\\/Recurso-24.png\",\"width\":281,\"height\":131,\"caption\":\"Pressensa\"},\"image\":{\"@id\":\"https:\\\/\\\/www.pressensa.shop\\\/fr\\\/#\\\/schema\\\/logo\\\/image\\\/\"}}]}<\/script>\n<!-- \/ Yoast SEO plugin. -->","yoast_head_json":{"title":"Post Peel Pack | Protection et R\u00e9paration de la Peau Professionnelle","description":"Duo professionnel avec \u00e9cran solaire SPF 50+ et masque \u00e0 la vitamine C. Id\u00e9al apr\u00e8s un peeling, un laser ou une exfoliation. R\u00e9cup\u00e9ration rapide et s\u00e9curis\u00e9e.","robots":{"index":"index","follow":"follow","max-snippet":"max-snippet:-1","max-image-preview":"max-image-preview:large","max-video-preview":"max-video-preview:-1"},"canonical":"https:\/\/www.pressensa.shop\/fr\/produit\/post-peel-pack\/","og_locale":"fr_FR","og_type":"article","og_title":"Post Peel Pack | Protection et R\u00e9paration de la Peau Professionnelle","og_description":"Duo professionnel avec \u00e9cran solaire SPF 50+ et masque \u00e0 la vitamine C. Id\u00e9al apr\u00e8s un peeling, un laser ou une exfoliation. R\u00e9cup\u00e9ration rapide et s\u00e9curis\u00e9e.","og_url":"https:\/\/www.pressensa.shop\/fr\/produit\/post-peel-pack\/","og_site_name":"Pressensa","article_modified_time":"2026-02-15T07:40:08+00:00","og_image":[{"width":1920,"height":1920,"url":"https:\/\/www.pressensa.shop\/wp-content\/uploads\/2025\/03\/PRODUCTOS-OFERTA-POST-PEELING-2-1.jpg","type":"image\/jpeg"}],"twitter_card":"summary_large_image","schema":{"@context":"https:\/\/schema.org","@graph":[{"@type":"WebPage","@id":"https:\/\/www.pressensa.shop\/fr\/produit\/post-peel-pack\/","url":"https:\/\/www.pressensa.shop\/fr\/produit\/post-peel-pack\/","name":"Post Peel Pack | Protection et R\u00e9paration de la Peau Professionnelle","isPartOf":{"@id":"https:\/\/www.pressensa.shop\/fr\/#website"},"primaryImageOfPage":{"@id":"https:\/\/www.pressensa.shop\/fr\/produit\/post-peel-pack\/#primaryimage"},"image":{"@id":"https:\/\/www.pressensa.shop\/fr\/produit\/post-peel-pack\/#primaryimage"},"thumbnailUrl":"https:\/\/www.pressensa.shop\/wp-content\/uploads\/2025\/03\/PROTECT-GLOW-2.webp","datePublished":"2025-03-31T13:59:58+00:00","dateModified":"2026-02-15T07:40:08+00:00","description":"Duo professionnel avec \u00e9cran solaire SPF 50+ et masque \u00e0 la vitamine C. Id\u00e9al apr\u00e8s un peeling, un laser ou une exfoliation. R\u00e9cup\u00e9ration rapide et s\u00e9curis\u00e9e.","breadcrumb":{"@id":"https:\/\/www.pressensa.shop\/fr\/produit\/post-peel-pack\/#breadcrumb"},"inLanguage":"fr-FR","potentialAction":[{"@type":"ReadAction","target":["https:\/\/www.pressensa.shop\/fr\/produit\/post-peel-pack\/"]}]},{"@type":"ImageObject","inLanguage":"fr-FR","@id":"https:\/\/www.pressensa.shop\/fr\/produit\/post-peel-pack\/#primaryimage","url":"https:\/\/www.pressensa.shop\/wp-content\/uploads\/2025\/03\/PROTECT-GLOW-2.webp","contentUrl":"https:\/\/www.pressensa.shop\/wp-content\/uploads\/2025\/03\/PROTECT-GLOW-2.webp","width":2160,"height":2160},{"@type":"BreadcrumbList","@id":"https:\/\/www.pressensa.shop\/fr\/produit\/post-peel-pack\/#breadcrumb","itemListElement":[{"@type":"ListItem","position":1,"name":"Portada","item":"https:\/\/www.pressensa.shop\/fr\/"},{"@type":"ListItem","position":2,"name":"Boutique","item":"https:\/\/www.pressensa.shop\/fr\/boutique\/"},{"@type":"ListItem","position":3,"name":"Post Peel Pack"}]},{"@type":"WebSite","@id":"https:\/\/www.pressensa.shop\/fr\/#website","url":"https:\/\/www.pressensa.shop\/fr\/","name":"Pressensa","description":"fabricante de productos de dermocosmetica, estetica y medicina est\u00e9tica.","publisher":{"@id":"https:\/\/www.pressensa.shop\/fr\/#organization"},"potentialAction":[{"@type":"SearchAction","target":{"@type":"EntryPoint","urlTemplate":"https:\/\/www.pressensa.shop\/fr\/?s={search_term_string}"},"query-input":{"@type":"PropertyValueSpecification","valueRequired":true,"valueName":"search_term_string"}}],"inLanguage":"fr-FR"},{"@type":"Organization","@id":"https:\/\/www.pressensa.shop\/fr\/#organization","name":"Pressensa","url":"https:\/\/www.pressensa.shop\/fr\/","logo":{"@type":"ImageObject","inLanguage":"fr-FR","@id":"https:\/\/www.pressensa.shop\/fr\/#\/schema\/logo\/image\/","url":"https:\/\/www.pressensa.shop\/wp-content\/uploads\/2022\/06\/Recurso-24.png","contentUrl":"https:\/\/www.pressensa.shop\/wp-content\/uploads\/2022\/06\/Recurso-24.png","width":281,"height":131,"caption":"Pressensa"},"image":{"@id":"https:\/\/www.pressensa.shop\/fr\/#\/schema\/logo\/image\/"}}]}},"_links":{"self":[{"href":"https:\/\/www.pressensa.shop\/fr\/wp-json\/wp\/v2\/product\/21481","targetHints":{"allow":["GET"]}}],"collection":[{"href":"https:\/\/www.pressensa.shop\/fr\/wp-json\/wp\/v2\/product"}],"about":[{"href":"https:\/\/www.pressensa.shop\/fr\/wp-json\/wp\/v2\/types\/product"}],"replies":[{"embeddable":true,"href":"https:\/\/www.pressensa.shop\/fr\/wp-json\/wp\/v2\/comments?post=21481"}],"version-history":[{"count":0,"href":"https:\/\/www.pressensa.shop\/fr\/wp-json\/wp\/v2\/product\/21481\/revisions"}],"wp:featuredmedia":[{"embeddable":true,"href":"https:\/\/www.pressensa.shop\/fr\/wp-json\/wp\/v2\/media\/23197"}],"wp:attachment":[{"href":"https:\/\/www.pressensa.shop\/fr\/wp-json\/wp\/v2\/media?parent=21481"}],"wp:term":[{"taxonomy":"product_brand","embeddable":true,"href":"https:\/\/www.pressensa.shop\/fr\/wp-json\/wp\/v2\/product_brand?post=21481"},{"taxonomy":"product_cat","embeddable":true,"href":"https:\/\/www.pressensa.shop\/fr\/wp-json\/wp\/v2\/product_cat?post=21481"},{"taxonomy":"product_tag","embeddable":true,"href":"https:\/\/www.pressensa.shop\/fr\/wp-json\/wp\/v2\/product_tag?post=21481"}],"curies":[{"name":"wp","href":"https:\/\/api.w.org\/{rel}","templated":true}]}}