{"id":22011,"date":"2025-04-30T13:07:21","date_gmt":"2025-04-30T11:07:21","guid":{"rendered":"https:\/\/www.pressensa.shop\/producto\/pack-dete-anti-cellulite\/"},"modified":"2025-05-06T10:20:06","modified_gmt":"2025-05-06T08:20:06","slug":"pack-dete-anti-cellulite","status":"publish","type":"product","link":"https:\/\/www.pressensa.shop\/fr\/produit\/pack-dete-anti-cellulite\/","title":{"rendered":"Pack d&rsquo;\u00e9t\u00e9 anti-cellulite"},"content":{"rendered":"<h2 data-sourcepos=\"5:1-5:83\"><strong>Pr\u00e9parez-vous pour un \u00e9t\u00e9 avec une peau ferme et lisse ! Kit Duo R\u00e9ducteur et Raffermissant. <\/strong><\/h2>\n<p data-sourcepos=\"7:1-7:81\">Une peau lisse et ferme cet \u00e9t\u00e9 avec notre pack anti-cellulite. Cet \u00e9t\u00e9, combattez la cellulite et le rel\u00e2chement cutan\u00e9 avec notre kit puissant. Il comprend :  <\/p>\n<ul data-sourcepos=\"9:1-11:0\">\n<li data-sourcepos=\"9:1-9:236\">\n<h3><strong>ReduCelite Gel R\u00e9ducteur Effet Chauffant (250 ml) :<\/strong><\/h3>\n<p>Dites adieu \u00e0 la cellulite gr\u00e2ce \u00e0 sa formule \u00e0 la caf\u00e9ine, \u00e0 la carnitine et au Provislim\u2122. Son effet chauffant active la circulation et potentialise l&rsquo;\u00e9limination des graisses, id\u00e9al avant l&rsquo;entra\u00eenement ! <\/li>\n<li data-sourcepos=\"10:1-11:0\">\n<h3><strong>ProFirming Gel Raffermissant Effet Froid (250 ml) :<\/strong><\/h3>\n<p>Rafra\u00eechissez et raffermissez votre peau apr\u00e8s le soleil et l&rsquo;exercice. Sa triple action r\u00e9duit les vergetures, combat le rel\u00e2chement cutan\u00e9 et tonifie les fessiers, les cuisses, l&rsquo;abdomen et la poitrine. <\/li>\n<\/ul>\n","protected":false},"excerpt":{"rendered":"<h2 data-sourcepos=\"5:1-5:83\"><strong>Pr\u00e9parez-vous pour un \u00e9t\u00e9 avec une peau ferme et lisse ! Kit Duo R\u00e9ducteur et Raffermissant. <\/strong><\/h2>\n<p data-sourcepos=\"7:1-7:81\">Une peau lisse et ferme cet \u00e9t\u00e9 avec notre pack anti-cellulite. Cet \u00e9t\u00e9, combattez la cellulite et le rel\u00e2chement cutan\u00e9 avec notre kit puissant. Il comprend :  <\/p>\n<ul data-sourcepos=\"9:1-11:0\">\n<li data-sourcepos=\"9:1-9:236\">\n<h3><strong>ReduCelite Gel R\u00e9ducteur Effet Chauffant (250 ml) :<\/strong><\/h3>\n<p>Dites adieu \u00e0 la cellulite gr\u00e2ce \u00e0 sa formule \u00e0 la caf\u00e9ine, \u00e0 la carnitine et au Provislim\u2122. Son effet chauffant active la circulation et potentialise l&rsquo;\u00e9limination des graisses, id\u00e9al avant l&rsquo;entra\u00eenement ! <\/li>\n<li data-sourcepos=\"10:1-11:0\">\n<h3><strong>ProFirming Gel Raffermissant Effet Froid (250 ml) :<\/strong><\/h3>\n<p>Rafra\u00eechissez et raffermissez votre peau apr\u00e8s le soleil et l&rsquo;exercice. Sa triple action r\u00e9duit les vergetures, combat le rel\u00e2chement cutan\u00e9 et tonifie les fessiers, les cuisses, l&rsquo;abdomen et la poitrine. <\/li>\n<\/ul>\n","protected":false},"featured_media":23193,"comment_status":"open","ping_status":"closed","template":"","meta":[],"product_brand":[],"product_cat":[],"product_tag":[],"class_list":{"0":"post-22011","1":"product","2":"type-product","3":"status-publish","4":"has-post-thumbnail","7":"first","8":"instock","9":"taxable","10":"shipping-taxable","11":"purchasable","12":"product-type-simple"},"yoast_head":"<!-- This site is optimized with the Yoast SEO plugin v27.3 - https:\/\/yoast.com\/product\/yoast-seo-wordpress\/ -->\n<title>Une peau lisse et ferme cet \u00e9t\u00e9 avec notre pack anti-cellulite<\/title>\n<meta name=\"description\" content=\"Une peau lisse et ferme cet \u00e9t\u00e9 avec notre pack anti-cellulite. Gel r\u00e9ducteur et gel raffermissant. Id\u00e9al avant et apr\u00e8s l&#039;exercice !\" \/>\n<meta name=\"robots\" content=\"index, follow, max-snippet:-1, max-image-preview:large, max-video-preview:-1\" \/>\n<link rel=\"canonical\" href=\"https:\/\/www.pressensa.shop\/fr\/produit\/pack-dete-anti-cellulite\/\" \/>\n<meta property=\"og:locale\" content=\"fr_FR\" \/>\n<meta property=\"og:type\" content=\"article\" \/>\n<meta property=\"og:title\" content=\"Une peau lisse et ferme cet \u00e9t\u00e9 avec notre pack anti-cellulite\" \/>\n<meta property=\"og:description\" content=\"Une peau lisse et ferme cet \u00e9t\u00e9 avec notre pack anti-cellulite. Gel r\u00e9ducteur et gel raffermissant. Id\u00e9al avant et apr\u00e8s l&#039;exercice !\" \/>\n<meta property=\"og:url\" content=\"https:\/\/www.pressensa.shop\/fr\/produit\/pack-dete-anti-cellulite\/\" \/>\n<meta property=\"og:site_name\" content=\"Pressensa\" \/>\n<meta property=\"article:modified_time\" content=\"2025-05-06T08:20:06+00:00\" \/>\n<meta property=\"og:image\" content=\"https:\/\/eghgyirmzse.exactdn.com\/wp-content\/uploads\/2025\/04\/Diseno-sin-titulo-95.jpg?strip=all&lossy=1&ssl=1\" \/>\n\t<meta property=\"og:image:width\" content=\"1500\" \/>\n\t<meta property=\"og:image:height\" content=\"1500\" \/>\n\t<meta property=\"og:image:type\" content=\"image\/jpeg\" \/>\n<meta name=\"twitter:card\" content=\"summary_large_image\" \/>\n<meta name=\"twitter:label1\" content=\"Dur\u00e9e de lecture estim\u00e9e\" \/>\n\t<meta name=\"twitter:data1\" content=\"1 minute\" \/>\n<script type=\"application\/ld+json\" class=\"yoast-schema-graph\">{\"@context\":\"https:\\\/\\\/schema.org\",\"@graph\":[{\"@type\":\"WebPage\",\"@id\":\"https:\\\/\\\/www.pressensa.shop\\\/fr\\\/produit\\\/pack-dete-anti-cellulite\\\/\",\"url\":\"https:\\\/\\\/www.pressensa.shop\\\/fr\\\/produit\\\/pack-dete-anti-cellulite\\\/\",\"name\":\"Une peau lisse et ferme cet \u00e9t\u00e9 avec notre pack anti-cellulite\",\"isPartOf\":{\"@id\":\"https:\\\/\\\/www.pressensa.shop\\\/fr\\\/#website\"},\"primaryImageOfPage\":{\"@id\":\"https:\\\/\\\/www.pressensa.shop\\\/fr\\\/produit\\\/pack-dete-anti-cellulite\\\/#primaryimage\"},\"image\":{\"@id\":\"https:\\\/\\\/www.pressensa.shop\\\/fr\\\/produit\\\/pack-dete-anti-cellulite\\\/#primaryimage\"},\"thumbnailUrl\":\"https:\\\/\\\/www.pressensa.shop\\\/wp-content\\\/uploads\\\/2025\\\/04\\\/PACK-VERANO-PARTICULARES.webp\",\"datePublished\":\"2025-04-30T11:07:21+00:00\",\"dateModified\":\"2025-05-06T08:20:06+00:00\",\"description\":\"Une peau lisse et ferme cet \u00e9t\u00e9 avec notre pack anti-cellulite. Gel r\u00e9ducteur et gel raffermissant. Id\u00e9al avant et apr\u00e8s l'exercice !\",\"breadcrumb\":{\"@id\":\"https:\\\/\\\/www.pressensa.shop\\\/fr\\\/produit\\\/pack-dete-anti-cellulite\\\/#breadcrumb\"},\"inLanguage\":\"fr-FR\",\"potentialAction\":[{\"@type\":\"ReadAction\",\"target\":[\"https:\\\/\\\/www.pressensa.shop\\\/fr\\\/produit\\\/pack-dete-anti-cellulite\\\/\"]}]},{\"@type\":\"ImageObject\",\"inLanguage\":\"fr-FR\",\"@id\":\"https:\\\/\\\/www.pressensa.shop\\\/fr\\\/produit\\\/pack-dete-anti-cellulite\\\/#primaryimage\",\"url\":\"https:\\\/\\\/www.pressensa.shop\\\/wp-content\\\/uploads\\\/2025\\\/04\\\/PACK-VERANO-PARTICULARES.webp\",\"contentUrl\":\"https:\\\/\\\/www.pressensa.shop\\\/wp-content\\\/uploads\\\/2025\\\/04\\\/PACK-VERANO-PARTICULARES.webp\",\"width\":2160,\"height\":2160},{\"@type\":\"BreadcrumbList\",\"@id\":\"https:\\\/\\\/www.pressensa.shop\\\/fr\\\/produit\\\/pack-dete-anti-cellulite\\\/#breadcrumb\",\"itemListElement\":[{\"@type\":\"ListItem\",\"position\":1,\"name\":\"Portada\",\"item\":\"https:\\\/\\\/www.pressensa.shop\\\/fr\\\/\"},{\"@type\":\"ListItem\",\"position\":2,\"name\":\"Boutique\",\"item\":\"https:\\\/\\\/www.pressensa.shop\\\/fr\\\/boutique\\\/\"},{\"@type\":\"ListItem\",\"position\":3,\"name\":\"Pack d&#8217;\u00e9t\u00e9 anti-cellulite\"}]},{\"@type\":\"WebSite\",\"@id\":\"https:\\\/\\\/www.pressensa.shop\\\/fr\\\/#website\",\"url\":\"https:\\\/\\\/www.pressensa.shop\\\/fr\\\/\",\"name\":\"Pressensa\",\"description\":\"fabricante de productos de dermocosmetica, estetica y medicina est\u00e9tica.\",\"publisher\":{\"@id\":\"https:\\\/\\\/www.pressensa.shop\\\/fr\\\/#organization\"},\"potentialAction\":[{\"@type\":\"SearchAction\",\"target\":{\"@type\":\"EntryPoint\",\"urlTemplate\":\"https:\\\/\\\/www.pressensa.shop\\\/fr\\\/?s={search_term_string}\"},\"query-input\":{\"@type\":\"PropertyValueSpecification\",\"valueRequired\":true,\"valueName\":\"search_term_string\"}}],\"inLanguage\":\"fr-FR\"},{\"@type\":\"Organization\",\"@id\":\"https:\\\/\\\/www.pressensa.shop\\\/fr\\\/#organization\",\"name\":\"Pressensa\",\"url\":\"https:\\\/\\\/www.pressensa.shop\\\/fr\\\/\",\"logo\":{\"@type\":\"ImageObject\",\"inLanguage\":\"fr-FR\",\"@id\":\"https:\\\/\\\/www.pressensa.shop\\\/fr\\\/#\\\/schema\\\/logo\\\/image\\\/\",\"url\":\"https:\\\/\\\/www.pressensa.shop\\\/wp-content\\\/uploads\\\/2022\\\/06\\\/Recurso-24.png\",\"contentUrl\":\"https:\\\/\\\/www.pressensa.shop\\\/wp-content\\\/uploads\\\/2022\\\/06\\\/Recurso-24.png\",\"width\":281,\"height\":131,\"caption\":\"Pressensa\"},\"image\":{\"@id\":\"https:\\\/\\\/www.pressensa.shop\\\/fr\\\/#\\\/schema\\\/logo\\\/image\\\/\"}}]}<\/script>\n<!-- \/ Yoast SEO plugin. -->","yoast_head_json":{"title":"Une peau lisse et ferme cet \u00e9t\u00e9 avec notre pack anti-cellulite","description":"Une peau lisse et ferme cet \u00e9t\u00e9 avec notre pack anti-cellulite. Gel r\u00e9ducteur et gel raffermissant. Id\u00e9al avant et apr\u00e8s l'exercice !","robots":{"index":"index","follow":"follow","max-snippet":"max-snippet:-1","max-image-preview":"max-image-preview:large","max-video-preview":"max-video-preview:-1"},"canonical":"https:\/\/www.pressensa.shop\/fr\/produit\/pack-dete-anti-cellulite\/","og_locale":"fr_FR","og_type":"article","og_title":"Une peau lisse et ferme cet \u00e9t\u00e9 avec notre pack anti-cellulite","og_description":"Une peau lisse et ferme cet \u00e9t\u00e9 avec notre pack anti-cellulite. Gel r\u00e9ducteur et gel raffermissant. Id\u00e9al avant et apr\u00e8s l'exercice !","og_url":"https:\/\/www.pressensa.shop\/fr\/produit\/pack-dete-anti-cellulite\/","og_site_name":"Pressensa","article_modified_time":"2025-05-06T08:20:06+00:00","og_image":[{"width":1500,"height":1500,"url":"https:\/\/eghgyirmzse.exactdn.com\/wp-content\/uploads\/2025\/04\/Diseno-sin-titulo-95.jpg?strip=all&lossy=1&ssl=1","type":"image\/jpeg"}],"twitter_card":"summary_large_image","twitter_misc":{"Dur\u00e9e de lecture estim\u00e9e":"1 minute"},"schema":{"@context":"https:\/\/schema.org","@graph":[{"@type":"WebPage","@id":"https:\/\/www.pressensa.shop\/fr\/produit\/pack-dete-anti-cellulite\/","url":"https:\/\/www.pressensa.shop\/fr\/produit\/pack-dete-anti-cellulite\/","name":"Une peau lisse et ferme cet \u00e9t\u00e9 avec notre pack anti-cellulite","isPartOf":{"@id":"https:\/\/www.pressensa.shop\/fr\/#website"},"primaryImageOfPage":{"@id":"https:\/\/www.pressensa.shop\/fr\/produit\/pack-dete-anti-cellulite\/#primaryimage"},"image":{"@id":"https:\/\/www.pressensa.shop\/fr\/produit\/pack-dete-anti-cellulite\/#primaryimage"},"thumbnailUrl":"https:\/\/www.pressensa.shop\/wp-content\/uploads\/2025\/04\/PACK-VERANO-PARTICULARES.webp","datePublished":"2025-04-30T11:07:21+00:00","dateModified":"2025-05-06T08:20:06+00:00","description":"Une peau lisse et ferme cet \u00e9t\u00e9 avec notre pack anti-cellulite. Gel r\u00e9ducteur et gel raffermissant. Id\u00e9al avant et apr\u00e8s l'exercice !","breadcrumb":{"@id":"https:\/\/www.pressensa.shop\/fr\/produit\/pack-dete-anti-cellulite\/#breadcrumb"},"inLanguage":"fr-FR","potentialAction":[{"@type":"ReadAction","target":["https:\/\/www.pressensa.shop\/fr\/produit\/pack-dete-anti-cellulite\/"]}]},{"@type":"ImageObject","inLanguage":"fr-FR","@id":"https:\/\/www.pressensa.shop\/fr\/produit\/pack-dete-anti-cellulite\/#primaryimage","url":"https:\/\/www.pressensa.shop\/wp-content\/uploads\/2025\/04\/PACK-VERANO-PARTICULARES.webp","contentUrl":"https:\/\/www.pressensa.shop\/wp-content\/uploads\/2025\/04\/PACK-VERANO-PARTICULARES.webp","width":2160,"height":2160},{"@type":"BreadcrumbList","@id":"https:\/\/www.pressensa.shop\/fr\/produit\/pack-dete-anti-cellulite\/#breadcrumb","itemListElement":[{"@type":"ListItem","position":1,"name":"Portada","item":"https:\/\/www.pressensa.shop\/fr\/"},{"@type":"ListItem","position":2,"name":"Boutique","item":"https:\/\/www.pressensa.shop\/fr\/boutique\/"},{"@type":"ListItem","position":3,"name":"Pack d&#8217;\u00e9t\u00e9 anti-cellulite"}]},{"@type":"WebSite","@id":"https:\/\/www.pressensa.shop\/fr\/#website","url":"https:\/\/www.pressensa.shop\/fr\/","name":"Pressensa","description":"fabricante de productos de dermocosmetica, estetica y medicina est\u00e9tica.","publisher":{"@id":"https:\/\/www.pressensa.shop\/fr\/#organization"},"potentialAction":[{"@type":"SearchAction","target":{"@type":"EntryPoint","urlTemplate":"https:\/\/www.pressensa.shop\/fr\/?s={search_term_string}"},"query-input":{"@type":"PropertyValueSpecification","valueRequired":true,"valueName":"search_term_string"}}],"inLanguage":"fr-FR"},{"@type":"Organization","@id":"https:\/\/www.pressensa.shop\/fr\/#organization","name":"Pressensa","url":"https:\/\/www.pressensa.shop\/fr\/","logo":{"@type":"ImageObject","inLanguage":"fr-FR","@id":"https:\/\/www.pressensa.shop\/fr\/#\/schema\/logo\/image\/","url":"https:\/\/www.pressensa.shop\/wp-content\/uploads\/2022\/06\/Recurso-24.png","contentUrl":"https:\/\/www.pressensa.shop\/wp-content\/uploads\/2022\/06\/Recurso-24.png","width":281,"height":131,"caption":"Pressensa"},"image":{"@id":"https:\/\/www.pressensa.shop\/fr\/#\/schema\/logo\/image\/"}}]}},"_links":{"self":[{"href":"https:\/\/www.pressensa.shop\/fr\/wp-json\/wp\/v2\/product\/22011","targetHints":{"allow":["GET"]}}],"collection":[{"href":"https:\/\/www.pressensa.shop\/fr\/wp-json\/wp\/v2\/product"}],"about":[{"href":"https:\/\/www.pressensa.shop\/fr\/wp-json\/wp\/v2\/types\/product"}],"replies":[{"embeddable":true,"href":"https:\/\/www.pressensa.shop\/fr\/wp-json\/wp\/v2\/comments?post=22011"}],"version-history":[{"count":0,"href":"https:\/\/www.pressensa.shop\/fr\/wp-json\/wp\/v2\/product\/22011\/revisions"}],"wp:featuredmedia":[{"embeddable":true,"href":"https:\/\/www.pressensa.shop\/fr\/wp-json\/wp\/v2\/media\/23193"}],"wp:attachment":[{"href":"https:\/\/www.pressensa.shop\/fr\/wp-json\/wp\/v2\/media?parent=22011"}],"wp:term":[{"taxonomy":"product_brand","embeddable":true,"href":"https:\/\/www.pressensa.shop\/fr\/wp-json\/wp\/v2\/product_brand?post=22011"},{"taxonomy":"product_cat","embeddable":true,"href":"https:\/\/www.pressensa.shop\/fr\/wp-json\/wp\/v2\/product_cat?post=22011"},{"taxonomy":"product_tag","embeddable":true,"href":"https:\/\/www.pressensa.shop\/fr\/wp-json\/wp\/v2\/product_tag?post=22011"}],"curies":[{"name":"wp","href":"https:\/\/api.w.org\/{rel}","templated":true}]}}