{"id":22840,"date":"2025-09-12T10:05:22","date_gmt":"2025-09-12T08:05:22","guid":{"rendered":"https:\/\/www.pressensa.shop\/?post_type=product&#038;p=22840"},"modified":"2025-10-08T15:11:59","modified_gmt":"2025-10-08T13:11:59","slug":"protocole-de-peeling-en-4-etapes","status":"publish","type":"product","link":"https:\/\/www.pressensa.shop\/fr\/produit\/protocole-de-peeling-en-4-etapes\/","title":{"rendered":"Effectiva Method | Kit de Peeling \u2013 Protocole Complet en 3 \u00c9tapes"},"content":{"rendered":"<p>\ud83c\udf81 <strong data-start=\"993\" data-end=\"1063\"> Kit de Protocole Clinique de Peeling en 3 \u00c9tapes \u2014 R\u00e9serv\u00e9 aux professionnels n\u2019ayant pas encore test\u00e9 nos traitements.<\/strong> Essayez notre peeling professionnel. Seuls les frais de livraison sont \u00e0 votre charge. Quantit\u00e9s limit\u00e9es.  <\/p>\n<h3 data-start=\"3067\" data-end=\"3095\">\ud83e\uddeaQue contient votre kit ?<\/h3>\n<ul data-start=\"3097\" data-end=\"3380\">\n<li data-start=\"3153\" data-end=\"3192\">\n<p data-start=\"3155\" data-end=\"3192\">\u2705 <strong data-start=\"3157\" data-end=\"3183\">1 RejovaPeel \u2013 Peeling glycolique professionnel<\/strong><\/p>\n<\/li>\n<li data-start=\"3193\" data-end=\"3243\">\n<p data-start=\"3195\" data-end=\"3243\">\u2705 <strong data-start=\"3197\" data-end=\"3234\">1 BalancyPeel \u2013 Solution neutralisante<\/strong><\/p>\n<\/li>\n<li>\u2705 <strong data-start=\"3197\" data-end=\"3234\">1 AseptyCool \u2013 Spray apaisant post-peeling<\/strong><\/li>\n<\/ul>\n<p data-start=\"3246\" data-end=\"3290\"> \u2705 <strong data-start=\"3248\" data-end=\"3290\">Guide d&rsquo;application pas \u00e0 pas (PDF envoy\u00e9 par email)<\/strong><\/p>\n<p>&nbsp;<\/p>\n","protected":false},"excerpt":{"rendered":"<p>&nbsp;<\/p>\n<h3 data-start=\"1217\" data-end=\"1267\">\u2728 <strong data-start=\"1223\" data-end=\"1267\">Votre premier protocole complet de peeling professionnel<\/strong><\/h3>\n<p data-start=\"1269\" data-end=\"1465\">Nous vous accueillons avec un protocole en 3 \u00e9tapes con\u00e7u pour offrir des r\u00e9sultats visibles d\u00e8s la premi\u00e8re application. Ce kit est destin\u00e9 aux professionnels qui n&rsquo;ont pas encore essay\u00e9 nos traitements de peeling. <\/p>\n<p data-start=\"1467\" data-end=\"1511\">\ud83d\udce6<strong>Seuls les frais de livraison sont \u00e0 votre charge \u2013<\/strong> <strong>Stock limit\u00e9 : 50 kits disponibles<\/strong><\/p>\n<h3 data-start=\"1518\" data-end=\"1550\">\ud83d\udcc4 <strong data-start=\"1525\" data-end=\"1550\">D\u00e9tails du kit<\/strong><\/h3>\n<p data-start=\"1552\" data-end=\"1642\"><strong data-start=\"1552\" data-end=\"1604\">1. Peelings professionnels<\/strong><\/p>\n<ul data-start=\"1644\" data-end=\"2022\">\n<li data-start=\"1859\" data-end=\"2022\">\n<p data-start=\"1861\" data-end=\"2022\"><strong data-start=\"1861\" data-end=\"1892\">RejovaPeel (\u00e0 base d&rsquo;acide glycolique) : <\/strong> Exfoliation contr\u00f4l\u00e9e pour am\u00e9liorer la texture de la peau, unifier le teint et att\u00e9nuer les cicatrices. \u2705 Acide glycolique, acide lactique, acide citrique, D-panth\u00e9nol.<\/p>\n<\/li>\n<\/ul>\n<hr data-start=\"2024\" data-end=\"2027\">\n<p data-start=\"2029\" data-end=\"2186\"><strong data-start=\"2029\" data-end=\"2075\">2. BalancyPeel \u2013 Neutralisant professionnel <\/strong> Spray effervescent \u00e0 base de bicarbonate et camomille. \u2714\ufe0f Calme la peau et neutralise l&rsquo;effet du peeling.<\/p>\n<hr data-start=\"2188\" data-end=\"2191\">\n<p data-start=\"2193\" data-end=\"2339\"><strong data-start=\"2193\" data-end=\"2234\">3. AseptyCool \u2013 Spray apaisant post-peeling <\/strong> Spray rafra\u00eechissant \u00e0 l\u2019aloe vera, menthol et panth\u00e9nol. \u2714\ufe0f Apaise, r\u00e9g\u00e9n\u00e8re et hydrate.<\/p>\n<hr data-start=\"2341\" data-end=\"2344\">\n<p data-start=\"2346\" data-end=\"2370\"><strong data-start=\"2346\" data-end=\"2370\">4. Extras incluidos:<\/strong><\/p>\n<p data-start=\"2346\" data-end=\"2370\">\ud83d\udcd8 <strong data-start=\"355\" data-end=\"391\">Guide d\u2019application <\/strong> envoy\u00e9 par e-mail apr\u00e8s la commande.<\/p>\n<p data-start=\"2500\" data-end=\"2695\">\ud83d\uded1 <strong data-start=\"2606\" data-end=\"2636\">1 seul kit par professionnel.<\/strong><\/p>\n<p data-start=\"2739\" data-end=\"2792\"><strong data-start=\"2739\" data-end=\"2792\">Demandez votre kit d\u00e8s maintenant \u2013 Ne payez que la livraison<\/strong><\/p>\n","protected":false},"featured_media":23177,"comment_status":"open","ping_status":"closed","template":"","meta":[],"product_brand":[],"product_cat":[],"product_tag":[],"class_list":{"0":"post-22840","1":"product","2":"type-product","3":"status-publish","4":"has-post-thumbnail","7":"first","8":"instock","9":"sold-individually","10":"taxable","11":"shipping-taxable","12":"purchasable","13":"product-type-simple"},"yoast_head":"<!-- This site is optimized with the Yoast SEO plugin v27.3 - https:\/\/yoast.com\/product\/yoast-seo-wordpress\/ -->\n<title>Protocole Complet en 3 \u00c9tapes<\/title>\n<meta name=\"description\" content=\"Protocole complet de peeling en 3 \u00e9tapes, con\u00e7u pour les professionnels n\u2019ayant pas encore test\u00e9 nos traitements. Vous ne payez que les frais de livraison.\" \/>\n<meta name=\"robots\" content=\"index, follow, max-snippet:-1, max-image-preview:large, max-video-preview:-1\" \/>\n<link rel=\"canonical\" href=\"https:\/\/www.pressensa.shop\/fr\/produit\/protocole-de-peeling-en-4-etapes\/\" \/>\n<meta property=\"og:locale\" content=\"fr_FR\" \/>\n<meta property=\"og:type\" content=\"article\" \/>\n<meta property=\"og:title\" content=\"Protocole Complet en 3 \u00c9tapes\" \/>\n<meta property=\"og:description\" content=\"Protocole complet de peeling en 3 \u00e9tapes, con\u00e7u pour les professionnels n\u2019ayant pas encore test\u00e9 nos traitements. Vous ne payez que les frais de livraison.\" \/>\n<meta property=\"og:url\" content=\"https:\/\/www.pressensa.shop\/fr\/produit\/protocole-de-peeling-en-4-etapes\/\" \/>\n<meta property=\"og:site_name\" content=\"Pressensa\" \/>\n<meta property=\"article:modified_time\" content=\"2025-10-08T13:11:59+00:00\" \/>\n<meta property=\"og:image\" content=\"https:\/\/eghgyirmzse.exactdn.com\/wp-content\/uploads\/2025\/09\/Peeling-3-pasos.jpg?strip=all&lossy=1&ssl=1\" \/>\n\t<meta property=\"og:image:width\" content=\"1080\" \/>\n\t<meta property=\"og:image:height\" content=\"1080\" \/>\n\t<meta property=\"og:image:type\" content=\"image\/jpeg\" \/>\n<meta name=\"twitter:card\" content=\"summary_large_image\" \/>\n<script type=\"application\/ld+json\" class=\"yoast-schema-graph\">{\"@context\":\"https:\\\/\\\/schema.org\",\"@graph\":[{\"@type\":\"WebPage\",\"@id\":\"https:\\\/\\\/www.pressensa.shop\\\/fr\\\/produit\\\/protocole-de-peeling-en-4-etapes\\\/\",\"url\":\"https:\\\/\\\/www.pressensa.shop\\\/fr\\\/produit\\\/protocole-de-peeling-en-4-etapes\\\/\",\"name\":\"Protocole Complet en 3 \u00c9tapes\",\"isPartOf\":{\"@id\":\"https:\\\/\\\/www.pressensa.shop\\\/fr\\\/#website\"},\"primaryImageOfPage\":{\"@id\":\"https:\\\/\\\/www.pressensa.shop\\\/fr\\\/produit\\\/protocole-de-peeling-en-4-etapes\\\/#primaryimage\"},\"image\":{\"@id\":\"https:\\\/\\\/www.pressensa.shop\\\/fr\\\/produit\\\/protocole-de-peeling-en-4-etapes\\\/#primaryimage\"},\"thumbnailUrl\":\"https:\\\/\\\/www.pressensa.shop\\\/wp-content\\\/uploads\\\/2025\\\/09\\\/Peeling-3-pasos.webp\",\"datePublished\":\"2025-09-12T08:05:22+00:00\",\"dateModified\":\"2025-10-08T13:11:59+00:00\",\"description\":\"Protocole complet de peeling en 3 \u00e9tapes, con\u00e7u pour les professionnels n\u2019ayant pas encore test\u00e9 nos traitements. Vous ne payez que les frais de livraison.\",\"breadcrumb\":{\"@id\":\"https:\\\/\\\/www.pressensa.shop\\\/fr\\\/produit\\\/protocole-de-peeling-en-4-etapes\\\/#breadcrumb\"},\"inLanguage\":\"fr-FR\",\"potentialAction\":[{\"@type\":\"ReadAction\",\"target\":[\"https:\\\/\\\/www.pressensa.shop\\\/fr\\\/produit\\\/protocole-de-peeling-en-4-etapes\\\/\"]}]},{\"@type\":\"ImageObject\",\"inLanguage\":\"fr-FR\",\"@id\":\"https:\\\/\\\/www.pressensa.shop\\\/fr\\\/produit\\\/protocole-de-peeling-en-4-etapes\\\/#primaryimage\",\"url\":\"https:\\\/\\\/www.pressensa.shop\\\/wp-content\\\/uploads\\\/2025\\\/09\\\/Peeling-3-pasos.webp\",\"contentUrl\":\"https:\\\/\\\/www.pressensa.shop\\\/wp-content\\\/uploads\\\/2025\\\/09\\\/Peeling-3-pasos.webp\",\"width\":1080,\"height\":1080},{\"@type\":\"BreadcrumbList\",\"@id\":\"https:\\\/\\\/www.pressensa.shop\\\/fr\\\/produit\\\/protocole-de-peeling-en-4-etapes\\\/#breadcrumb\",\"itemListElement\":[{\"@type\":\"ListItem\",\"position\":1,\"name\":\"Portada\",\"item\":\"https:\\\/\\\/www.pressensa.shop\\\/fr\\\/\"},{\"@type\":\"ListItem\",\"position\":2,\"name\":\"Boutique\",\"item\":\"https:\\\/\\\/www.pressensa.shop\\\/fr\\\/boutique\\\/\"},{\"@type\":\"ListItem\",\"position\":3,\"name\":\"Effectiva Method | Kit de Peeling \u2013 Protocole Complet en 3 \u00c9tapes\"}]},{\"@type\":\"WebSite\",\"@id\":\"https:\\\/\\\/www.pressensa.shop\\\/fr\\\/#website\",\"url\":\"https:\\\/\\\/www.pressensa.shop\\\/fr\\\/\",\"name\":\"Pressensa\",\"description\":\"fabricante de productos de dermocosmetica, estetica y medicina est\u00e9tica.\",\"publisher\":{\"@id\":\"https:\\\/\\\/www.pressensa.shop\\\/fr\\\/#organization\"},\"potentialAction\":[{\"@type\":\"SearchAction\",\"target\":{\"@type\":\"EntryPoint\",\"urlTemplate\":\"https:\\\/\\\/www.pressensa.shop\\\/fr\\\/?s={search_term_string}\"},\"query-input\":{\"@type\":\"PropertyValueSpecification\",\"valueRequired\":true,\"valueName\":\"search_term_string\"}}],\"inLanguage\":\"fr-FR\"},{\"@type\":\"Organization\",\"@id\":\"https:\\\/\\\/www.pressensa.shop\\\/fr\\\/#organization\",\"name\":\"Pressensa\",\"url\":\"https:\\\/\\\/www.pressensa.shop\\\/fr\\\/\",\"logo\":{\"@type\":\"ImageObject\",\"inLanguage\":\"fr-FR\",\"@id\":\"https:\\\/\\\/www.pressensa.shop\\\/fr\\\/#\\\/schema\\\/logo\\\/image\\\/\",\"url\":\"https:\\\/\\\/www.pressensa.shop\\\/wp-content\\\/uploads\\\/2022\\\/06\\\/Recurso-24.png\",\"contentUrl\":\"https:\\\/\\\/www.pressensa.shop\\\/wp-content\\\/uploads\\\/2022\\\/06\\\/Recurso-24.png\",\"width\":281,\"height\":131,\"caption\":\"Pressensa\"},\"image\":{\"@id\":\"https:\\\/\\\/www.pressensa.shop\\\/fr\\\/#\\\/schema\\\/logo\\\/image\\\/\"}}]}<\/script>\n<!-- \/ Yoast SEO plugin. -->","yoast_head_json":{"title":"Protocole Complet en 3 \u00c9tapes","description":"Protocole complet de peeling en 3 \u00e9tapes, con\u00e7u pour les professionnels n\u2019ayant pas encore test\u00e9 nos traitements. Vous ne payez que les frais de livraison.","robots":{"index":"index","follow":"follow","max-snippet":"max-snippet:-1","max-image-preview":"max-image-preview:large","max-video-preview":"max-video-preview:-1"},"canonical":"https:\/\/www.pressensa.shop\/fr\/produit\/protocole-de-peeling-en-4-etapes\/","og_locale":"fr_FR","og_type":"article","og_title":"Protocole Complet en 3 \u00c9tapes","og_description":"Protocole complet de peeling en 3 \u00e9tapes, con\u00e7u pour les professionnels n\u2019ayant pas encore test\u00e9 nos traitements. Vous ne payez que les frais de livraison.","og_url":"https:\/\/www.pressensa.shop\/fr\/produit\/protocole-de-peeling-en-4-etapes\/","og_site_name":"Pressensa","article_modified_time":"2025-10-08T13:11:59+00:00","og_image":[{"width":1080,"height":1080,"url":"https:\/\/eghgyirmzse.exactdn.com\/wp-content\/uploads\/2025\/09\/Peeling-3-pasos.jpg?strip=all&lossy=1&ssl=1","type":"image\/jpeg"}],"twitter_card":"summary_large_image","schema":{"@context":"https:\/\/schema.org","@graph":[{"@type":"WebPage","@id":"https:\/\/www.pressensa.shop\/fr\/produit\/protocole-de-peeling-en-4-etapes\/","url":"https:\/\/www.pressensa.shop\/fr\/produit\/protocole-de-peeling-en-4-etapes\/","name":"Protocole Complet en 3 \u00c9tapes","isPartOf":{"@id":"https:\/\/www.pressensa.shop\/fr\/#website"},"primaryImageOfPage":{"@id":"https:\/\/www.pressensa.shop\/fr\/produit\/protocole-de-peeling-en-4-etapes\/#primaryimage"},"image":{"@id":"https:\/\/www.pressensa.shop\/fr\/produit\/protocole-de-peeling-en-4-etapes\/#primaryimage"},"thumbnailUrl":"https:\/\/www.pressensa.shop\/wp-content\/uploads\/2025\/09\/Peeling-3-pasos.webp","datePublished":"2025-09-12T08:05:22+00:00","dateModified":"2025-10-08T13:11:59+00:00","description":"Protocole complet de peeling en 3 \u00e9tapes, con\u00e7u pour les professionnels n\u2019ayant pas encore test\u00e9 nos traitements. Vous ne payez que les frais de livraison.","breadcrumb":{"@id":"https:\/\/www.pressensa.shop\/fr\/produit\/protocole-de-peeling-en-4-etapes\/#breadcrumb"},"inLanguage":"fr-FR","potentialAction":[{"@type":"ReadAction","target":["https:\/\/www.pressensa.shop\/fr\/produit\/protocole-de-peeling-en-4-etapes\/"]}]},{"@type":"ImageObject","inLanguage":"fr-FR","@id":"https:\/\/www.pressensa.shop\/fr\/produit\/protocole-de-peeling-en-4-etapes\/#primaryimage","url":"https:\/\/www.pressensa.shop\/wp-content\/uploads\/2025\/09\/Peeling-3-pasos.webp","contentUrl":"https:\/\/www.pressensa.shop\/wp-content\/uploads\/2025\/09\/Peeling-3-pasos.webp","width":1080,"height":1080},{"@type":"BreadcrumbList","@id":"https:\/\/www.pressensa.shop\/fr\/produit\/protocole-de-peeling-en-4-etapes\/#breadcrumb","itemListElement":[{"@type":"ListItem","position":1,"name":"Portada","item":"https:\/\/www.pressensa.shop\/fr\/"},{"@type":"ListItem","position":2,"name":"Boutique","item":"https:\/\/www.pressensa.shop\/fr\/boutique\/"},{"@type":"ListItem","position":3,"name":"Effectiva Method | Kit de Peeling \u2013 Protocole Complet en 3 \u00c9tapes"}]},{"@type":"WebSite","@id":"https:\/\/www.pressensa.shop\/fr\/#website","url":"https:\/\/www.pressensa.shop\/fr\/","name":"Pressensa","description":"fabricante de productos de dermocosmetica, estetica y medicina est\u00e9tica.","publisher":{"@id":"https:\/\/www.pressensa.shop\/fr\/#organization"},"potentialAction":[{"@type":"SearchAction","target":{"@type":"EntryPoint","urlTemplate":"https:\/\/www.pressensa.shop\/fr\/?s={search_term_string}"},"query-input":{"@type":"PropertyValueSpecification","valueRequired":true,"valueName":"search_term_string"}}],"inLanguage":"fr-FR"},{"@type":"Organization","@id":"https:\/\/www.pressensa.shop\/fr\/#organization","name":"Pressensa","url":"https:\/\/www.pressensa.shop\/fr\/","logo":{"@type":"ImageObject","inLanguage":"fr-FR","@id":"https:\/\/www.pressensa.shop\/fr\/#\/schema\/logo\/image\/","url":"https:\/\/www.pressensa.shop\/wp-content\/uploads\/2022\/06\/Recurso-24.png","contentUrl":"https:\/\/www.pressensa.shop\/wp-content\/uploads\/2022\/06\/Recurso-24.png","width":281,"height":131,"caption":"Pressensa"},"image":{"@id":"https:\/\/www.pressensa.shop\/fr\/#\/schema\/logo\/image\/"}}]}},"_links":{"self":[{"href":"https:\/\/www.pressensa.shop\/fr\/wp-json\/wp\/v2\/product\/22840","targetHints":{"allow":["GET"]}}],"collection":[{"href":"https:\/\/www.pressensa.shop\/fr\/wp-json\/wp\/v2\/product"}],"about":[{"href":"https:\/\/www.pressensa.shop\/fr\/wp-json\/wp\/v2\/types\/product"}],"replies":[{"embeddable":true,"href":"https:\/\/www.pressensa.shop\/fr\/wp-json\/wp\/v2\/comments?post=22840"}],"version-history":[{"count":0,"href":"https:\/\/www.pressensa.shop\/fr\/wp-json\/wp\/v2\/product\/22840\/revisions"}],"wp:featuredmedia":[{"embeddable":true,"href":"https:\/\/www.pressensa.shop\/fr\/wp-json\/wp\/v2\/media\/23177"}],"wp:attachment":[{"href":"https:\/\/www.pressensa.shop\/fr\/wp-json\/wp\/v2\/media?parent=22840"}],"wp:term":[{"taxonomy":"product_brand","embeddable":true,"href":"https:\/\/www.pressensa.shop\/fr\/wp-json\/wp\/v2\/product_brand?post=22840"},{"taxonomy":"product_cat","embeddable":true,"href":"https:\/\/www.pressensa.shop\/fr\/wp-json\/wp\/v2\/product_cat?post=22840"},{"taxonomy":"product_tag","embeddable":true,"href":"https:\/\/www.pressensa.shop\/fr\/wp-json\/wp\/v2\/product_tag?post=22840"}],"curies":[{"name":"wp","href":"https:\/\/api.w.org\/{rel}","templated":true}]}}