{"id":25033,"date":"2026-01-29T10:04:29","date_gmt":"2026-01-29T09:04:29","guid":{"rendered":"https:\/\/www.pressensa.shop\/?post_type=product&#038;p=25033"},"modified":"2026-02-01T05:33:48","modified_gmt":"2026-02-01T04:33:48","slug":"protocole-luminossa-tca-eclat-reparation","status":"publish","type":"product","link":"https:\/\/www.pressensa.shop\/fr\/produit\/protocole-luminossa-tca-eclat-reparation\/","title":{"rendered":"Protocole Luminossa TCA \u00c9clat &#038; R\u00e9paration"},"content":{"rendered":"<p data-path-to-node=\"10\"><b data-path-to-node=\"10\" data-index-in-node=\"0\">Le kit contient :<\/b><\/p>\n<ul data-path-to-node=\"11\">\n<li>\n<p data-path-to-node=\"11,0,0\"><b data-path-to-node=\"11,0,0\" data-index-in-node=\"0\">1 Flacon Luminossa TCA Peeling 12%<\/b><\/p>\n<\/li>\n<li>\n<p data-path-to-node=\"11,1,0\"><b data-path-to-node=\"11,1,0\" data-index-in-node=\"0\">Dermo-Repair :<\/b> S\u00e9rum r\u00e9g\u00e9n\u00e9rateur post-peeling.<\/p>\n<\/li>\n<\/ul>\n","protected":false},"excerpt":{"rendered":"<p data-path-to-node=\"12\">Ce protocole m\u00e9dico-esth\u00e9tique avanc\u00e9 combine la puissance du TCA \u00e0 12 % avec la biotechnologie r\u00e9paratrice de la Centella Asiatica. Contrairement aux peelings TCA conventionnels, le syst\u00e8me Luminossa offre une exfoliation moyenne \u00e0 profonde sans douleur, sans effet de \u00ab\u00a0frosting\u00a0\u00bb (blanchiment) et sans interrompre la vie sociale du patient, garantissant un r\u00e9sultat illuminateur instantan\u00e9.<\/p>\n<p data-path-to-node=\"13\"><b data-path-to-node=\"13\" data-index-in-node=\"0\">\u00c9tapes d&rsquo;application :<\/b><\/p>\n<ol start=\"1\" data-path-to-node=\"14\">\n<li>\n<p data-path-to-node=\"14,0,0\"><b data-path-to-node=\"14,0,0\" data-index-in-node=\"0\">\u00c9tape 1 : Peeling Luminossa TCA (12%).<\/b> Dispositif m\u00e9dical de Classe I utilisant un m\u00e9lange st\u0153chiom\u00e9trique de TCA, d&rsquo;acide mand\u00e9lique (6 %) et d&rsquo;acide kojique (6 %).<\/p>\n<ul data-path-to-node=\"14,0,1\">\n<li>\n<p data-path-to-node=\"14,0,1,0,0\"><b data-path-to-node=\"14,0,1,0,0\" data-index-in-node=\"0\">Action :<\/b> Inhibe la m\u00e9lanogen\u00e8se (traite le m\u00e9lasma et les cernes), stimule le renouvellement cellulaire et combat l&rsquo;acn\u00e9 et le photo-vieillissement.<\/p>\n<\/li>\n<li>\n<p data-path-to-node=\"14,0,1,1,0\"><b data-path-to-node=\"14,0,1,1,0\" data-index-in-node=\"0\">Application :<\/b> Appliquer 1 ml du flacon sur la zone \u00e0 traiter. Laisser agir 3 \u00e0 5 minutes puis rincer \u00e0 l&rsquo;eau ti\u00e8de.<\/p>\n<\/li>\n<\/ul>\n<\/li>\n<li>\n<p data-path-to-node=\"14,1,0\"><b data-path-to-node=\"14,1,0\" data-index-in-node=\"0\">\u00c9tape 2 : S\u00e9rum R\u00e9g\u00e9n\u00e9rateur Dermo-Repair.<\/b> Le scellage indispensable pour tout traitement au TCA.<\/p>\n<ul data-path-to-node=\"14,1,1\">\n<li>\n<p data-path-to-node=\"14,1,1,0,0\"><b data-path-to-node=\"14,1,1,0,0\" data-index-in-node=\"0\">Application :<\/b> Appliquer par massage doux jusqu&rsquo;\u00e0 absorption compl\u00e8te pour sceller le traitement.<\/p>\n<\/li>\n<li>\n<p data-path-to-node=\"14,1,1,1,0\"><b data-path-to-node=\"14,1,1,1,0\" data-index-in-node=\"0\">Action :<\/b> Agit sur les trois \u00e9tapes de la r\u00e9paration (inflammation, prolif\u00e9ration et remodelage).<\/p>\n<\/li>\n<li>\n<p data-path-to-node=\"14,1,1,2,0\"><b data-path-to-node=\"14,1,1,2,0\" data-index-in-node=\"0\">B\u00e9n\u00e9fice :<\/b> Gr\u00e2ce \u00e0 la Centella Asiatica et au Panth\u00e9nol, il acc\u00e9l\u00e8re la cicatrisation et restaure la barri\u00e8re cutan\u00e9e imm\u00e9diatement apr\u00e8s l&rsquo;action de l&rsquo;acide.<\/p>\n<\/li>\n<\/ul>\n<\/li>\n<\/ol>\n","protected":false},"featured_media":25073,"comment_status":"open","ping_status":"closed","template":"","meta":[],"product_brand":[],"product_cat":[72],"product_tag":[],"class_list":{"0":"post-25033","1":"product","2":"type-product","3":"status-publish","4":"has-post-thumbnail","6":"product_cat-professionnelle","8":"first","9":"instock","10":"sale","11":"taxable","12":"shipping-taxable","13":"purchasable","14":"product-type-simple"},"yoast_head":"<!-- This site is optimized with the Yoast SEO plugin v27.4 - https:\/\/yoast.com\/product\/yoast-seo-wordpress\/ -->\n<title>Protocole Luminossa TCA 12% \u00c9clat<\/title>\n<meta name=\"description\" content=\"Protocole Luminossa TCA 12%. Peeling moyen sans douleur ni \u00e9viction sociale. Traite le m\u00e9lasma et l&#039;acn\u00e9 pour un \u00e9clat instantan\u00e9 et une peau r\u00e9par\u00e9e.\" \/>\n<meta name=\"robots\" content=\"index, follow, max-snippet:-1, max-image-preview:large, max-video-preview:-1\" \/>\n<link rel=\"canonical\" href=\"https:\/\/www.pressensa.shop\/fr\/produit\/protocole-luminossa-tca-eclat-reparation\/\" \/>\n<meta property=\"og:locale\" content=\"fr_FR\" \/>\n<meta property=\"og:type\" content=\"article\" \/>\n<meta property=\"og:title\" content=\"Protocole Luminossa TCA 12% \u00c9clat\" \/>\n<meta property=\"og:description\" content=\"Protocole Luminossa TCA 12%. Peeling moyen sans douleur ni \u00e9viction sociale. Traite le m\u00e9lasma et l&#039;acn\u00e9 pour un \u00e9clat instantan\u00e9 et une peau r\u00e9par\u00e9e.\" \/>\n<meta property=\"og:url\" content=\"https:\/\/www.pressensa.shop\/fr\/produit\/protocole-luminossa-tca-eclat-reparation\/\" \/>\n<meta property=\"og:site_name\" content=\"Pressensa\" \/>\n<meta property=\"article:modified_time\" content=\"2026-02-01T04:33:48+00:00\" \/>\n<meta property=\"og:image\" content=\"https:\/\/www.pressensa.shop\/wp-content\/uploads\/2026\/01\/PACK-LUMINOSSA-1.webp\" \/>\n\t<meta property=\"og:image:width\" content=\"2160\" \/>\n\t<meta property=\"og:image:height\" content=\"2160\" \/>\n\t<meta property=\"og:image:type\" content=\"image\/webp\" \/>\n<meta name=\"twitter:card\" content=\"summary_large_image\" \/>\n<script type=\"application\/ld+json\" class=\"yoast-schema-graph\">{\"@context\":\"https:\\\/\\\/schema.org\",\"@graph\":[{\"@type\":\"WebPage\",\"@id\":\"https:\\\/\\\/www.pressensa.shop\\\/fr\\\/produit\\\/protocole-luminossa-tca-eclat-reparation\\\/\",\"url\":\"https:\\\/\\\/www.pressensa.shop\\\/fr\\\/produit\\\/protocole-luminossa-tca-eclat-reparation\\\/\",\"name\":\"Protocole Luminossa TCA 12% \u00c9clat\",\"isPartOf\":{\"@id\":\"https:\\\/\\\/www.pressensa.shop\\\/fr\\\/#website\"},\"primaryImageOfPage\":{\"@id\":\"https:\\\/\\\/www.pressensa.shop\\\/fr\\\/produit\\\/protocole-luminossa-tca-eclat-reparation\\\/#primaryimage\"},\"image\":{\"@id\":\"https:\\\/\\\/www.pressensa.shop\\\/fr\\\/produit\\\/protocole-luminossa-tca-eclat-reparation\\\/#primaryimage\"},\"thumbnailUrl\":\"https:\\\/\\\/www.pressensa.shop\\\/wp-content\\\/uploads\\\/2026\\\/01\\\/PACK-LUMINOSSA-1.webp\",\"datePublished\":\"2026-01-29T09:04:29+00:00\",\"dateModified\":\"2026-02-01T04:33:48+00:00\",\"description\":\"Protocole Luminossa TCA 12%. Peeling moyen sans douleur ni \u00e9viction sociale. Traite le m\u00e9lasma et l'acn\u00e9 pour un \u00e9clat instantan\u00e9 et une peau r\u00e9par\u00e9e.\",\"breadcrumb\":{\"@id\":\"https:\\\/\\\/www.pressensa.shop\\\/fr\\\/produit\\\/protocole-luminossa-tca-eclat-reparation\\\/#breadcrumb\"},\"inLanguage\":\"fr-FR\",\"potentialAction\":[{\"@type\":\"ReadAction\",\"target\":[\"https:\\\/\\\/www.pressensa.shop\\\/fr\\\/produit\\\/protocole-luminossa-tca-eclat-reparation\\\/\"]}]},{\"@type\":\"ImageObject\",\"inLanguage\":\"fr-FR\",\"@id\":\"https:\\\/\\\/www.pressensa.shop\\\/fr\\\/produit\\\/protocole-luminossa-tca-eclat-reparation\\\/#primaryimage\",\"url\":\"https:\\\/\\\/www.pressensa.shop\\\/wp-content\\\/uploads\\\/2026\\\/01\\\/PACK-LUMINOSSA-1.webp\",\"contentUrl\":\"https:\\\/\\\/www.pressensa.shop\\\/wp-content\\\/uploads\\\/2026\\\/01\\\/PACK-LUMINOSSA-1.webp\",\"width\":2160,\"height\":2160},{\"@type\":\"BreadcrumbList\",\"@id\":\"https:\\\/\\\/www.pressensa.shop\\\/fr\\\/produit\\\/protocole-luminossa-tca-eclat-reparation\\\/#breadcrumb\",\"itemListElement\":[{\"@type\":\"ListItem\",\"position\":1,\"name\":\"Portada\",\"item\":\"https:\\\/\\\/www.pressensa.shop\\\/fr\\\/\"},{\"@type\":\"ListItem\",\"position\":2,\"name\":\"Boutique\",\"item\":\"https:\\\/\\\/www.pressensa.shop\\\/fr\\\/boutique\\\/\"},{\"@type\":\"ListItem\",\"position\":3,\"name\":\"Protocole Luminossa TCA \u00c9clat &#038; R\u00e9paration\"}]},{\"@type\":\"WebSite\",\"@id\":\"https:\\\/\\\/www.pressensa.shop\\\/fr\\\/#website\",\"url\":\"https:\\\/\\\/www.pressensa.shop\\\/fr\\\/\",\"name\":\"Pressensa\",\"description\":\"fabricante de productos de dermocosmetica, estetica y medicina est\u00e9tica.\",\"publisher\":{\"@id\":\"https:\\\/\\\/www.pressensa.shop\\\/fr\\\/#organization\"},\"potentialAction\":[{\"@type\":\"SearchAction\",\"target\":{\"@type\":\"EntryPoint\",\"urlTemplate\":\"https:\\\/\\\/www.pressensa.shop\\\/fr\\\/?s={search_term_string}\"},\"query-input\":{\"@type\":\"PropertyValueSpecification\",\"valueRequired\":true,\"valueName\":\"search_term_string\"}}],\"inLanguage\":\"fr-FR\"},{\"@type\":\"Organization\",\"@id\":\"https:\\\/\\\/www.pressensa.shop\\\/fr\\\/#organization\",\"name\":\"Pressensa\",\"url\":\"https:\\\/\\\/www.pressensa.shop\\\/fr\\\/\",\"logo\":{\"@type\":\"ImageObject\",\"inLanguage\":\"fr-FR\",\"@id\":\"https:\\\/\\\/www.pressensa.shop\\\/fr\\\/#\\\/schema\\\/logo\\\/image\\\/\",\"url\":\"https:\\\/\\\/www.pressensa.shop\\\/wp-content\\\/uploads\\\/2022\\\/06\\\/Recurso-24.png\",\"contentUrl\":\"https:\\\/\\\/www.pressensa.shop\\\/wp-content\\\/uploads\\\/2022\\\/06\\\/Recurso-24.png\",\"width\":281,\"height\":131,\"caption\":\"Pressensa\"},\"image\":{\"@id\":\"https:\\\/\\\/www.pressensa.shop\\\/fr\\\/#\\\/schema\\\/logo\\\/image\\\/\"}}]}<\/script>\n<!-- \/ Yoast SEO plugin. -->","yoast_head_json":{"title":"Protocole Luminossa TCA 12% \u00c9clat","description":"Protocole Luminossa TCA 12%. Peeling moyen sans douleur ni \u00e9viction sociale. Traite le m\u00e9lasma et l'acn\u00e9 pour un \u00e9clat instantan\u00e9 et une peau r\u00e9par\u00e9e.","robots":{"index":"index","follow":"follow","max-snippet":"max-snippet:-1","max-image-preview":"max-image-preview:large","max-video-preview":"max-video-preview:-1"},"canonical":"https:\/\/www.pressensa.shop\/fr\/produit\/protocole-luminossa-tca-eclat-reparation\/","og_locale":"fr_FR","og_type":"article","og_title":"Protocole Luminossa TCA 12% \u00c9clat","og_description":"Protocole Luminossa TCA 12%. Peeling moyen sans douleur ni \u00e9viction sociale. Traite le m\u00e9lasma et l'acn\u00e9 pour un \u00e9clat instantan\u00e9 et une peau r\u00e9par\u00e9e.","og_url":"https:\/\/www.pressensa.shop\/fr\/produit\/protocole-luminossa-tca-eclat-reparation\/","og_site_name":"Pressensa","article_modified_time":"2026-02-01T04:33:48+00:00","og_image":[{"width":2160,"height":2160,"url":"https:\/\/www.pressensa.shop\/wp-content\/uploads\/2026\/01\/PACK-LUMINOSSA-1.webp","type":"image\/webp"}],"twitter_card":"summary_large_image","schema":{"@context":"https:\/\/schema.org","@graph":[{"@type":"WebPage","@id":"https:\/\/www.pressensa.shop\/fr\/produit\/protocole-luminossa-tca-eclat-reparation\/","url":"https:\/\/www.pressensa.shop\/fr\/produit\/protocole-luminossa-tca-eclat-reparation\/","name":"Protocole Luminossa TCA 12% \u00c9clat","isPartOf":{"@id":"https:\/\/www.pressensa.shop\/fr\/#website"},"primaryImageOfPage":{"@id":"https:\/\/www.pressensa.shop\/fr\/produit\/protocole-luminossa-tca-eclat-reparation\/#primaryimage"},"image":{"@id":"https:\/\/www.pressensa.shop\/fr\/produit\/protocole-luminossa-tca-eclat-reparation\/#primaryimage"},"thumbnailUrl":"https:\/\/www.pressensa.shop\/wp-content\/uploads\/2026\/01\/PACK-LUMINOSSA-1.webp","datePublished":"2026-01-29T09:04:29+00:00","dateModified":"2026-02-01T04:33:48+00:00","description":"Protocole Luminossa TCA 12%. Peeling moyen sans douleur ni \u00e9viction sociale. Traite le m\u00e9lasma et l'acn\u00e9 pour un \u00e9clat instantan\u00e9 et une peau r\u00e9par\u00e9e.","breadcrumb":{"@id":"https:\/\/www.pressensa.shop\/fr\/produit\/protocole-luminossa-tca-eclat-reparation\/#breadcrumb"},"inLanguage":"fr-FR","potentialAction":[{"@type":"ReadAction","target":["https:\/\/www.pressensa.shop\/fr\/produit\/protocole-luminossa-tca-eclat-reparation\/"]}]},{"@type":"ImageObject","inLanguage":"fr-FR","@id":"https:\/\/www.pressensa.shop\/fr\/produit\/protocole-luminossa-tca-eclat-reparation\/#primaryimage","url":"https:\/\/www.pressensa.shop\/wp-content\/uploads\/2026\/01\/PACK-LUMINOSSA-1.webp","contentUrl":"https:\/\/www.pressensa.shop\/wp-content\/uploads\/2026\/01\/PACK-LUMINOSSA-1.webp","width":2160,"height":2160},{"@type":"BreadcrumbList","@id":"https:\/\/www.pressensa.shop\/fr\/produit\/protocole-luminossa-tca-eclat-reparation\/#breadcrumb","itemListElement":[{"@type":"ListItem","position":1,"name":"Portada","item":"https:\/\/www.pressensa.shop\/fr\/"},{"@type":"ListItem","position":2,"name":"Boutique","item":"https:\/\/www.pressensa.shop\/fr\/boutique\/"},{"@type":"ListItem","position":3,"name":"Protocole Luminossa TCA \u00c9clat &#038; R\u00e9paration"}]},{"@type":"WebSite","@id":"https:\/\/www.pressensa.shop\/fr\/#website","url":"https:\/\/www.pressensa.shop\/fr\/","name":"Pressensa","description":"fabricante de productos de dermocosmetica, estetica y medicina est\u00e9tica.","publisher":{"@id":"https:\/\/www.pressensa.shop\/fr\/#organization"},"potentialAction":[{"@type":"SearchAction","target":{"@type":"EntryPoint","urlTemplate":"https:\/\/www.pressensa.shop\/fr\/?s={search_term_string}"},"query-input":{"@type":"PropertyValueSpecification","valueRequired":true,"valueName":"search_term_string"}}],"inLanguage":"fr-FR"},{"@type":"Organization","@id":"https:\/\/www.pressensa.shop\/fr\/#organization","name":"Pressensa","url":"https:\/\/www.pressensa.shop\/fr\/","logo":{"@type":"ImageObject","inLanguage":"fr-FR","@id":"https:\/\/www.pressensa.shop\/fr\/#\/schema\/logo\/image\/","url":"https:\/\/www.pressensa.shop\/wp-content\/uploads\/2022\/06\/Recurso-24.png","contentUrl":"https:\/\/www.pressensa.shop\/wp-content\/uploads\/2022\/06\/Recurso-24.png","width":281,"height":131,"caption":"Pressensa"},"image":{"@id":"https:\/\/www.pressensa.shop\/fr\/#\/schema\/logo\/image\/"}}]}},"_links":{"self":[{"href":"https:\/\/www.pressensa.shop\/fr\/wp-json\/wp\/v2\/product\/25033","targetHints":{"allow":["GET"]}}],"collection":[{"href":"https:\/\/www.pressensa.shop\/fr\/wp-json\/wp\/v2\/product"}],"about":[{"href":"https:\/\/www.pressensa.shop\/fr\/wp-json\/wp\/v2\/types\/product"}],"replies":[{"embeddable":true,"href":"https:\/\/www.pressensa.shop\/fr\/wp-json\/wp\/v2\/comments?post=25033"}],"version-history":[{"count":0,"href":"https:\/\/www.pressensa.shop\/fr\/wp-json\/wp\/v2\/product\/25033\/revisions"}],"wp:featuredmedia":[{"embeddable":true,"href":"https:\/\/www.pressensa.shop\/fr\/wp-json\/wp\/v2\/media\/25073"}],"wp:attachment":[{"href":"https:\/\/www.pressensa.shop\/fr\/wp-json\/wp\/v2\/media?parent=25033"}],"wp:term":[{"taxonomy":"product_brand","embeddable":true,"href":"https:\/\/www.pressensa.shop\/fr\/wp-json\/wp\/v2\/product_brand?post=25033"},{"taxonomy":"product_cat","embeddable":true,"href":"https:\/\/www.pressensa.shop\/fr\/wp-json\/wp\/v2\/product_cat?post=25033"},{"taxonomy":"product_tag","embeddable":true,"href":"https:\/\/www.pressensa.shop\/fr\/wp-json\/wp\/v2\/product_tag?post=25033"}],"curies":[{"name":"wp","href":"https:\/\/api.w.org\/{rel}","templated":true}]}}