{"id":4598,"date":"2022-06-23T12:54:48","date_gmt":"2022-06-23T10:54:48","guid":{"rendered":"https:\/\/www.presensa.com\/producto\/luminossa-tca-12-peeling-chimique\/"},"modified":"2022-09-30T14:02:10","modified_gmt":"2022-09-30T12:02:10","slug":"luminossa-tca-12-peeling-chimique","status":"publish","type":"product","link":"https:\/\/www.pressensa.shop\/fr\/produit\/luminossa-tca-12-peeling-chimique\/","title":{"rendered":"Luminossa TCA 12% peeling chimique"},"content":{"rendered":"<p><strong>Formul\u00e9 avec :<\/strong><br \/>\nAcide trichloroacetic<br \/>\nacide mand\u00e9lique<br \/>\nAcide Kojique<br \/>\n<strong>Caract\u00e9ristiques<\/strong><br \/>\nFlacon de 5 ml<br \/>\n-Dispositif m\u00e9dical \u00e0 usage externe.<\/p>\n","protected":false},"excerpt":{"rendered":"<h2>-Flacon de 5 ml TCA 12<\/h2>\n<p>Luminossa TCA 12% peeling chimique <strong>moyen \u00e0 profond,<\/strong> <strong>acides alpha-hydroxy. est un dispositif m\u00e9dical de CLASSE I avec marquage CE <\/strong><\/p>\n<p>Luminosa TCA est \u00e9galement formul\u00e9 avec de l&#8217;acide mand\u00e9lique et de <strong>l&#8217;acide kojique (jusqu&#8217;\u00e0 6 %)<\/strong><\/p>\n<p>Sa formule unique sous forme de gel permet la stabilisation du TCA gr\u00e2ce \u00e0 des cocktails forts et des acides faibles pr\u00e9sents dans la formulation et m\u00e9lang\u00e9s stoechiom\u00e9triquement pour rendre le traitement stable, s\u00fbr et efficace.<\/p>\n<p>Il est d&#8217;action rapide ; sans douleur ; aucun effet gel\u00e9 et aucun signe apr\u00e8s le traitement, obtenant un r\u00e9sultat instantan\u00e9 qui s&#8217;am\u00e9liore avec le temps.<\/p>\n<p>Luminossa TCA convient \u00e0 tous les \u00e2ges et n&#8217;est pas un photosensibilisant.<\/p>\n<h2><span data-sheets-value=\"{\"1\":2,\"2\":\"h1Luminossa TCA peeling qu\u00edmico 12%\\nH2 Vial peeling qu\u00edmico tca 12\\nH2 \u00c1cidos peeling qu\u00edmico Luminossa TCA\\nH3 \u00c1cido mand\u00e9lico 6%\\nH3 \u00c1cido kojic 6%\\n\"}\" data-sheets-userformat=\"{\"2\":11011,\"3\":{\"1\":0},\"4\":{\"1\":2,\"2\":15389148},\"11\":4,\"12\":0,\"14\":{\"1\":2,\"2\":0},\"16\":11}\">Acides exfoliants chimiques Luminossa TCA<\/span><\/h2>\n<p>Luminossa TCA formul\u00e9 avec des acides tels que l&#8217;acide kojique, jusqu&#8217;\u00e0 6 % ; Acide mand\u00e9lique, jusqu&#8217;\u00e0 6 % ; et enfin, l&#8217;acide trichlorac\u00e9tique.<\/p>\n<h3><span data-sheets-value=\"{\"1\":2,\"2\":\"h1Luminossa TCA peeling qu\u00edmico 12%\\nH2 Vial peeling qu\u00edmico tca 12\\nH2 \u00c1cidos peeling qu\u00edmico Luminossa TCA\\nH3 \u00c1cido mand\u00e9lico 6%\\nH3 \u00c1cido kojic 6%\\n\"}\" data-sheets-userformat=\"{\"2\":11011,\"3\":{\"1\":0},\"4\":{\"1\":2,\"2\":15389148},\"11\":4,\"12\":0,\"14\":{\"1\":2,\"2\":0},\"16\":11}\">Acide Kojique 6%<\/span><\/h3>\n<p>L&#8217;acide kojique fonctionne comme un inhibiteur de la m\u00e9lanog\u00e9n\u00e8se et est sp\u00e9cifiquement indiqu\u00e9 pour le traitement du m\u00e9lasma, du chloasma, du photovieillissement et des cernes sous les yeux.<\/p>\n<h3><span data-sheets-value=\"{\"1\":2,\"2\":\"h1Luminossa TCA peeling qu\u00edmico 12%\\nH2 Vial peeling qu\u00edmico tca 12\\nH2 \u00c1cidos peeling qu\u00edmico Luminossa TCA\\nH3 \u00c1cido mand\u00e9lico 6%\\nH3 \u00c1cido kojic 6%\\n\"}\" data-sheets-userformat=\"{\"2\":11011,\"3\":{\"1\":0},\"4\":{\"1\":2,\"2\":15389148},\"11\":4,\"12\":0,\"14\":{\"1\":2,\"2\":0},\"16\":11}\">Acide mand\u00e9lique 6%<\/span><\/h3>\n<p>Acide mand\u00e9lique En tant qu&#8217;acide alpha-hydroxy d\u00e9riv\u00e9 de l&#8217;hydrolyse d&#8217;extrait d&#8217;amande. Il retarde le vieillissement cutan\u00e9 au niveau cellulaire en le stimulant et en le renouvelant, lui laissant une apparence riche et jeune.<\/p>\n<p>Il agit \u00e9galement contre les rides ; il est tr\u00e8s efficace dans le traitement de l&#8217;acn\u00e9.<\/p>\n<p><strong>Caract\u00e9ristiques<br \/>\n<\/strong>-5ml<br \/>\n-Dispositif m\u00e9dical \u00e0 usage externe.<\/p>\n<div class=\"page\" title=\"Page 18\">\n<div class=\"layoutArea\">\n<div class=\"column\">\n<p>&nbsp;<\/p>\n<\/div>\n<\/div>\n<\/div>\n<div class=\"page\" title=\"Page 18\">\n<div class=\"layoutArea\">\n<div class=\"column\">\n<p><span data-sheets-value=\"{\"1\":2,\"2\":\"h1Luminossa TCA peeling qu\u00edmico 12%\\nH2 Vial peeling qu\u00edmico tca 12\\nH2 \u00c1cidos peeling qu\u00edmico Luminossa TCA\\nH3 \u00c1cido mand\u00e9lico 6%\\nH3 \u00c1cido kojic 6%\\n\"}\" data-sheets-userformat=\"{\"2\":11011,\"3\":{\"1\":0},\"4\":{\"1\":2,\"2\":15389148},\"11\":4,\"12\":0,\"14\":{\"1\":2,\"2\":0},\"16\":11}\"> <\/span><\/p>\n<\/div>\n<\/div>\n<\/div>\n","protected":false},"featured_media":2117,"comment_status":"open","ping_status":"closed","template":"","meta":[],"product_brand":[],"product_cat":[72],"product_tag":[],"class_list":{"0":"post-4598","1":"product","2":"type-product","3":"status-publish","4":"has-post-thumbnail","6":"product_cat-professionnelle","7":"pa_tamano-1-unit","8":"pa_tamano-boite-5-flacons","10":"first","11":"instock","12":"taxable","13":"shipping-taxable","14":"purchasable","15":"product-type-variable"},"yoast_head":"<!-- This site is optimized with the Yoast SEO plugin v27.6 - https:\/\/yoast.com\/product\/yoast-seo-wordpress\/ -->\n<title>acheter peeling chimique TCA 12% 5ml<\/title>\n<meta name=\"description\" content=\"Le LUMINOSSA TCA Peeling Moyenne est un dispositif m\u00e9dical de CLASSE I \u00e0 base d&#039;ACIDE TRICHLOROAC\u00c9TIQUE (TCA) \u00e0 12% stabilis\u00e9 avec des acides alphas-hydroxyles,\" \/>\n<meta name=\"robots\" content=\"index, follow, max-snippet:-1, max-image-preview:large, max-video-preview:-1\" \/>\n<link rel=\"canonical\" href=\"https:\/\/www.pressensa.shop\/fr\/produit\/luminossa-tca-12-peeling-chimique\/\" \/>\n<meta property=\"og:locale\" content=\"fr_FR\" \/>\n<meta property=\"og:type\" content=\"article\" \/>\n<meta property=\"og:title\" content=\"acheter peeling chimique TCA 12% 5ml\" \/>\n<meta property=\"og:description\" content=\"Le LUMINOSSA TCA Peeling Moyenne est un dispositif m\u00e9dical de CLASSE I \u00e0 base d&#039;ACIDE TRICHLOROAC\u00c9TIQUE (TCA) \u00e0 12% stabilis\u00e9 avec des acides alphas-hydroxyles,\" \/>\n<meta property=\"og:url\" content=\"https:\/\/www.pressensa.shop\/fr\/produit\/luminossa-tca-12-peeling-chimique\/\" \/>\n<meta property=\"og:site_name\" content=\"Pressensa\" \/>\n<meta property=\"article:modified_time\" content=\"2022-09-30T12:02:10+00:00\" \/>\n<meta property=\"og:image\" content=\"https:\/\/eghgyirmzse.exactdn.com\/wp-content\/uploads\/2022\/07\/vial-peeling-qui\u0301mico-tca-12-1.png?strip=all&lossy=1&ssl=1\" \/>\n\t<meta property=\"og:image:width\" content=\"1080\" \/>\n\t<meta property=\"og:image:height\" content=\"1080\" \/>\n\t<meta property=\"og:image:type\" content=\"image\/png\" \/>\n<meta name=\"twitter:card\" content=\"summary_large_image\" \/>\n<script type=\"application\/ld+json\" class=\"yoast-schema-graph\">{\"@context\":\"https:\\\/\\\/schema.org\",\"@graph\":[{\"@type\":\"WebPage\",\"@id\":\"https:\\\/\\\/www.pressensa.shop\\\/fr\\\/produit\\\/luminossa-tca-12-peeling-chimique\\\/\",\"url\":\"https:\\\/\\\/www.pressensa.shop\\\/fr\\\/produit\\\/luminossa-tca-12-peeling-chimique\\\/\",\"name\":\"acheter peeling chimique TCA 12% 5ml\",\"isPartOf\":{\"@id\":\"https:\\\/\\\/www.pressensa.shop\\\/fr\\\/#website\"},\"primaryImageOfPage\":{\"@id\":\"https:\\\/\\\/www.pressensa.shop\\\/fr\\\/produit\\\/luminossa-tca-12-peeling-chimique\\\/#primaryimage\"},\"image\":{\"@id\":\"https:\\\/\\\/www.pressensa.shop\\\/fr\\\/produit\\\/luminossa-tca-12-peeling-chimique\\\/#primaryimage\"},\"thumbnailUrl\":\"https:\\\/\\\/www.pressensa.shop\\\/wp-content\\\/uploads\\\/2022\\\/07\\\/vial-peeling-qui\u0301mico-tca-12-1.png\",\"datePublished\":\"2022-06-23T10:54:48+00:00\",\"dateModified\":\"2022-09-30T12:02:10+00:00\",\"description\":\"Le LUMINOSSA TCA Peeling Moyenne est un dispositif m\u00e9dical de CLASSE I \u00e0 base d'ACIDE TRICHLOROAC\u00c9TIQUE (TCA) \u00e0 12% stabilis\u00e9 avec des acides alphas-hydroxyles,\",\"breadcrumb\":{\"@id\":\"https:\\\/\\\/www.pressensa.shop\\\/fr\\\/produit\\\/luminossa-tca-12-peeling-chimique\\\/#breadcrumb\"},\"inLanguage\":\"fr-FR\",\"potentialAction\":[{\"@type\":\"ReadAction\",\"target\":[\"https:\\\/\\\/www.pressensa.shop\\\/fr\\\/produit\\\/luminossa-tca-12-peeling-chimique\\\/\"]}]},{\"@type\":\"ImageObject\",\"inLanguage\":\"fr-FR\",\"@id\":\"https:\\\/\\\/www.pressensa.shop\\\/fr\\\/produit\\\/luminossa-tca-12-peeling-chimique\\\/#primaryimage\",\"url\":\"https:\\\/\\\/www.pressensa.shop\\\/wp-content\\\/uploads\\\/2022\\\/07\\\/vial-peeling-qui\u0301mico-tca-12-1.png\",\"contentUrl\":\"https:\\\/\\\/www.pressensa.shop\\\/wp-content\\\/uploads\\\/2022\\\/07\\\/vial-peeling-qui\u0301mico-tca-12-1.png\",\"width\":1080,\"height\":1080,\"caption\":\"Peeling moyen \u00e0 profond \u00e0 l'acide trichloroac\u00e9tique (TCA) stabilis\u00e9 avec des acides alpha-hydroxy.\"},{\"@type\":\"BreadcrumbList\",\"@id\":\"https:\\\/\\\/www.pressensa.shop\\\/fr\\\/produit\\\/luminossa-tca-12-peeling-chimique\\\/#breadcrumb\",\"itemListElement\":[{\"@type\":\"ListItem\",\"position\":1,\"name\":\"Portada\",\"item\":\"https:\\\/\\\/www.pressensa.shop\\\/fr\\\/\"},{\"@type\":\"ListItem\",\"position\":2,\"name\":\"Boutique\",\"item\":\"https:\\\/\\\/www.pressensa.shop\\\/fr\\\/boutique\\\/\"},{\"@type\":\"ListItem\",\"position\":3,\"name\":\"Luminossa TCA 12% peeling chimique\"}]},{\"@type\":\"WebSite\",\"@id\":\"https:\\\/\\\/www.pressensa.shop\\\/fr\\\/#website\",\"url\":\"https:\\\/\\\/www.pressensa.shop\\\/fr\\\/\",\"name\":\"Pressensa\",\"description\":\"fabricante de productos de dermocosmetica, estetica y medicina est\u00e9tica.\",\"publisher\":{\"@id\":\"https:\\\/\\\/www.pressensa.shop\\\/fr\\\/#organization\"},\"potentialAction\":[{\"@type\":\"SearchAction\",\"target\":{\"@type\":\"EntryPoint\",\"urlTemplate\":\"https:\\\/\\\/www.pressensa.shop\\\/fr\\\/?s={search_term_string}\"},\"query-input\":{\"@type\":\"PropertyValueSpecification\",\"valueRequired\":true,\"valueName\":\"search_term_string\"}}],\"inLanguage\":\"fr-FR\"},{\"@type\":\"Organization\",\"@id\":\"https:\\\/\\\/www.pressensa.shop\\\/fr\\\/#organization\",\"name\":\"Pressensa\",\"url\":\"https:\\\/\\\/www.pressensa.shop\\\/fr\\\/\",\"logo\":{\"@type\":\"ImageObject\",\"inLanguage\":\"fr-FR\",\"@id\":\"https:\\\/\\\/www.pressensa.shop\\\/fr\\\/#\\\/schema\\\/logo\\\/image\\\/\",\"url\":\"https:\\\/\\\/www.pressensa.shop\\\/wp-content\\\/uploads\\\/2022\\\/06\\\/Recurso-24.png\",\"contentUrl\":\"https:\\\/\\\/www.pressensa.shop\\\/wp-content\\\/uploads\\\/2022\\\/06\\\/Recurso-24.png\",\"width\":281,\"height\":131,\"caption\":\"Pressensa\"},\"image\":{\"@id\":\"https:\\\/\\\/www.pressensa.shop\\\/fr\\\/#\\\/schema\\\/logo\\\/image\\\/\"}}]}<\/script>\n<!-- \/ Yoast SEO plugin. -->","yoast_head_json":{"title":"acheter peeling chimique TCA 12% 5ml","description":"Le LUMINOSSA TCA Peeling Moyenne est un dispositif m\u00e9dical de CLASSE I \u00e0 base d'ACIDE TRICHLOROAC\u00c9TIQUE (TCA) \u00e0 12% stabilis\u00e9 avec des acides alphas-hydroxyles,","robots":{"index":"index","follow":"follow","max-snippet":"max-snippet:-1","max-image-preview":"max-image-preview:large","max-video-preview":"max-video-preview:-1"},"canonical":"https:\/\/www.pressensa.shop\/fr\/produit\/luminossa-tca-12-peeling-chimique\/","og_locale":"fr_FR","og_type":"article","og_title":"acheter peeling chimique TCA 12% 5ml","og_description":"Le LUMINOSSA TCA Peeling Moyenne est un dispositif m\u00e9dical de CLASSE I \u00e0 base d'ACIDE TRICHLOROAC\u00c9TIQUE (TCA) \u00e0 12% stabilis\u00e9 avec des acides alphas-hydroxyles,","og_url":"https:\/\/www.pressensa.shop\/fr\/produit\/luminossa-tca-12-peeling-chimique\/","og_site_name":"Pressensa","article_modified_time":"2022-09-30T12:02:10+00:00","og_image":[{"width":1080,"height":1080,"url":"https:\/\/eghgyirmzse.exactdn.com\/wp-content\/uploads\/2022\/07\/vial-peeling-qui\u0301mico-tca-12-1.png?strip=all&lossy=1&ssl=1","type":"image\/png"}],"twitter_card":"summary_large_image","schema":{"@context":"https:\/\/schema.org","@graph":[{"@type":"WebPage","@id":"https:\/\/www.pressensa.shop\/fr\/produit\/luminossa-tca-12-peeling-chimique\/","url":"https:\/\/www.pressensa.shop\/fr\/produit\/luminossa-tca-12-peeling-chimique\/","name":"acheter peeling chimique TCA 12% 5ml","isPartOf":{"@id":"https:\/\/www.pressensa.shop\/fr\/#website"},"primaryImageOfPage":{"@id":"https:\/\/www.pressensa.shop\/fr\/produit\/luminossa-tca-12-peeling-chimique\/#primaryimage"},"image":{"@id":"https:\/\/www.pressensa.shop\/fr\/produit\/luminossa-tca-12-peeling-chimique\/#primaryimage"},"thumbnailUrl":"https:\/\/www.pressensa.shop\/wp-content\/uploads\/2022\/07\/vial-peeling-qui\u0301mico-tca-12-1.png","datePublished":"2022-06-23T10:54:48+00:00","dateModified":"2022-09-30T12:02:10+00:00","description":"Le LUMINOSSA TCA Peeling Moyenne est un dispositif m\u00e9dical de CLASSE I \u00e0 base d'ACIDE TRICHLOROAC\u00c9TIQUE (TCA) \u00e0 12% stabilis\u00e9 avec des acides alphas-hydroxyles,","breadcrumb":{"@id":"https:\/\/www.pressensa.shop\/fr\/produit\/luminossa-tca-12-peeling-chimique\/#breadcrumb"},"inLanguage":"fr-FR","potentialAction":[{"@type":"ReadAction","target":["https:\/\/www.pressensa.shop\/fr\/produit\/luminossa-tca-12-peeling-chimique\/"]}]},{"@type":"ImageObject","inLanguage":"fr-FR","@id":"https:\/\/www.pressensa.shop\/fr\/produit\/luminossa-tca-12-peeling-chimique\/#primaryimage","url":"https:\/\/www.pressensa.shop\/wp-content\/uploads\/2022\/07\/vial-peeling-qui\u0301mico-tca-12-1.png","contentUrl":"https:\/\/www.pressensa.shop\/wp-content\/uploads\/2022\/07\/vial-peeling-qui\u0301mico-tca-12-1.png","width":1080,"height":1080,"caption":"Peeling moyen \u00e0 profond \u00e0 l'acide trichloroac\u00e9tique (TCA) stabilis\u00e9 avec des acides alpha-hydroxy."},{"@type":"BreadcrumbList","@id":"https:\/\/www.pressensa.shop\/fr\/produit\/luminossa-tca-12-peeling-chimique\/#breadcrumb","itemListElement":[{"@type":"ListItem","position":1,"name":"Portada","item":"https:\/\/www.pressensa.shop\/fr\/"},{"@type":"ListItem","position":2,"name":"Boutique","item":"https:\/\/www.pressensa.shop\/fr\/boutique\/"},{"@type":"ListItem","position":3,"name":"Luminossa TCA 12% peeling chimique"}]},{"@type":"WebSite","@id":"https:\/\/www.pressensa.shop\/fr\/#website","url":"https:\/\/www.pressensa.shop\/fr\/","name":"Pressensa","description":"fabricante de productos de dermocosmetica, estetica y medicina est\u00e9tica.","publisher":{"@id":"https:\/\/www.pressensa.shop\/fr\/#organization"},"potentialAction":[{"@type":"SearchAction","target":{"@type":"EntryPoint","urlTemplate":"https:\/\/www.pressensa.shop\/fr\/?s={search_term_string}"},"query-input":{"@type":"PropertyValueSpecification","valueRequired":true,"valueName":"search_term_string"}}],"inLanguage":"fr-FR"},{"@type":"Organization","@id":"https:\/\/www.pressensa.shop\/fr\/#organization","name":"Pressensa","url":"https:\/\/www.pressensa.shop\/fr\/","logo":{"@type":"ImageObject","inLanguage":"fr-FR","@id":"https:\/\/www.pressensa.shop\/fr\/#\/schema\/logo\/image\/","url":"https:\/\/www.pressensa.shop\/wp-content\/uploads\/2022\/06\/Recurso-24.png","contentUrl":"https:\/\/www.pressensa.shop\/wp-content\/uploads\/2022\/06\/Recurso-24.png","width":281,"height":131,"caption":"Pressensa"},"image":{"@id":"https:\/\/www.pressensa.shop\/fr\/#\/schema\/logo\/image\/"}}]}},"_links":{"self":[{"href":"https:\/\/www.pressensa.shop\/fr\/wp-json\/wp\/v2\/product\/4598","targetHints":{"allow":["GET"]}}],"collection":[{"href":"https:\/\/www.pressensa.shop\/fr\/wp-json\/wp\/v2\/product"}],"about":[{"href":"https:\/\/www.pressensa.shop\/fr\/wp-json\/wp\/v2\/types\/product"}],"replies":[{"embeddable":true,"href":"https:\/\/www.pressensa.shop\/fr\/wp-json\/wp\/v2\/comments?post=4598"}],"version-history":[{"count":0,"href":"https:\/\/www.pressensa.shop\/fr\/wp-json\/wp\/v2\/product\/4598\/revisions"}],"wp:featuredmedia":[{"embeddable":true,"href":"https:\/\/www.pressensa.shop\/fr\/wp-json\/wp\/v2\/media\/2117"}],"wp:attachment":[{"href":"https:\/\/www.pressensa.shop\/fr\/wp-json\/wp\/v2\/media?parent=4598"}],"wp:term":[{"taxonomy":"product_brand","embeddable":true,"href":"https:\/\/www.pressensa.shop\/fr\/wp-json\/wp\/v2\/product_brand?post=4598"},{"taxonomy":"product_cat","embeddable":true,"href":"https:\/\/www.pressensa.shop\/fr\/wp-json\/wp\/v2\/product_cat?post=4598"},{"taxonomy":"product_tag","embeddable":true,"href":"https:\/\/www.pressensa.shop\/fr\/wp-json\/wp\/v2\/product_tag?post=4598"}],"curies":[{"name":"wp","href":"https:\/\/api.w.org\/{rel}","templated":true}]}}