{"id":4604,"date":"2022-06-23T12:54:49","date_gmt":"2022-06-23T10:54:49","guid":{"rendered":"https:\/\/www.presensa.com\/producto\/luminossa-tca-strong-25-peeling-chimique\/"},"modified":"2025-10-20T12:50:10","modified_gmt":"2025-10-20T10:50:10","slug":"luminossa-peeling-chimique-tca-25","status":"publish","type":"product","link":"https:\/\/www.pressensa.shop\/fr\/produit\/luminossa-peeling-chimique-tca-25\/","title":{"rendered":"Luminossa TCA STRONG 25% peeling chimique"},"content":{"rendered":"<p><strong>Formul\u00e9 avec :<\/strong><\/p>\n<p>Acide trichlorac\u00e9tique<br \/>\nAcide mand\u00e9lique<br \/>\nAcide kojique<\/p>\n<p><strong>Caract\u00e9ristiques<br \/>\n&#8211;<\/strong>Flacon de 5 ml<br \/>\n-Dispositif m\u00e9dical \u00e0 usage externe.<\/p>\n","protected":false},"excerpt":{"rendered":"<h2>Flacon de 5 ml TCA 25<\/h2>\n<p><strong>Dispositif m\u00e9dical<\/strong>\u00e0 usage externe. Luminossa TCA Strong est un dispositif m\u00e9dical \u00e0 usage professionnel. Un <strong>peeling chimique<\/strong>hautement concentr\u00e9 \u00e0 base <strong>d&rsquo;acide trichlorac\u00e9tique (25%), d&rsquo;acide mand\u00e9lique<\/strong> et d&rsquo;acide kojique avec une action exfoliante sp\u00e9ciale pour traiter les d\u00e9fauts cutan\u00e9s dus aux l\u00e9sions acn\u00e9iques et \u00e0 la dyschromie cutan\u00e9e.<\/p>\n<p>Elle est rapide, indolore, sans effet de gel et sans signes post-traitement, obtenant un r\u00e9sultat instantan\u00e9 qui s&rsquo;am\u00e9liore avec le temps.<\/p>\n<p><strong>Luminossa TCA<\/strong> convient \u00e0 tous les \u00e2ges et n&rsquo;est pas un photosensibilisant.<\/p>\n<h2>Acides exfoliants chimiques Luminossa TCA Strong<\/h2>\n<p>Luminossa TCA act\u00faa sobre todo el espesor de la epidermis para tratar lesiones de acn\u00e9 de moderadas a severas y puntos superficiales a pronfundos. Luminossa TCA Strong convient \u00e0 tous les \u00e2ges et n&rsquo;est pas un photosensibilisant.<\/p>\n<h3>Acide Kojique 6%<\/h3>\n<p>L&rsquo;acide kojique s&rsquo;agit comme un inhibiteur de la m\u00e9lanog\u00e9n\u00e8se et est sp\u00e9cifiquement indiqu\u00e9 pour le traitement du m\u00e9lasma, chloasma, photovieillissement et cernes<\/p>\n<h3>Acide mand\u00e9lique 6%<\/h3>\n<p>Acide mand\u00e9lique En tant qu&rsquo;acide alpha-hydroxy d\u00e9riv\u00e9 de l&rsquo;hydrolyse d&rsquo;extrait d&rsquo;amande. Il retarde le vieillissement cutan\u00e9 au niveau cellulaire en le stimulant et en le renouvelant, lui laissant une apparence riche et jeune.<\/p>\n<p>Il agit \u00e9galement contre les rides ; il est tr\u00e8s efficace dans le traitement de l&rsquo;acn\u00e9.<\/p>\n<p><strong>Caract\u00e9ristiques<\/strong>&#8211;<br \/>\nFlacon de 5 ml<br \/>\n-Dispositif m\u00e9dical \u00e0 usage externe.<\/p>\n<p>-Prix r\u00e9duit 40% ! Produit \u00e0 date de p\u00e9remption proche (31\/01\/2026)<\/p>\n","protected":false},"featured_media":23695,"comment_status":"open","ping_status":"closed","template":"","meta":[],"product_brand":[],"product_cat":[72],"product_tag":[],"class_list":{"0":"post-4604","1":"product","2":"type-product","3":"status-publish","4":"has-post-thumbnail","6":"product_cat-professionnelle","7":"pa_tamano-1-unit","8":"pa_tamano-boite-5-flacons","10":"first","11":"instock","12":"taxable","13":"shipping-taxable","14":"purchasable","15":"product-type-variable"},"yoast_head":"<!-- This site is optimized with the Yoast SEO plugin v27.3 - https:\/\/yoast.com\/product\/yoast-seo-wordpress\/ -->\n<title>Acheter Luminossa TCA Strong peeling TCA 25%<\/title>\n<meta name=\"description\" content=\"Le LUMINOSSA TCA Strong Peeling Profond est un dispositif m\u00e9dical de CLASSE II \u00e0 base d&#039;ACIDE TRICHLOROAC\u00c9TIQUE (TCA) \u00e0 25%\" \/>\n<meta name=\"robots\" content=\"index, follow, max-snippet:-1, max-image-preview:large, max-video-preview:-1\" \/>\n<link rel=\"canonical\" href=\"https:\/\/www.pressensa.shop\/fr\/produit\/luminossa-peeling-chimique-tca-25\/\" \/>\n<meta property=\"og:locale\" content=\"fr_FR\" \/>\n<meta property=\"og:type\" content=\"article\" \/>\n<meta property=\"og:title\" content=\"Acheter Luminossa TCA Strong peeling TCA 25%\" \/>\n<meta property=\"og:description\" content=\"Le LUMINOSSA TCA Strong Peeling Profond est un dispositif m\u00e9dical de CLASSE II \u00e0 base d&#039;ACIDE TRICHLOROAC\u00c9TIQUE (TCA) \u00e0 25%\" \/>\n<meta property=\"og:url\" content=\"https:\/\/www.pressensa.shop\/fr\/produit\/luminossa-peeling-chimique-tca-25\/\" \/>\n<meta property=\"og:site_name\" content=\"Pressensa\" \/>\n<meta property=\"article:modified_time\" content=\"2025-10-20T10:50:10+00:00\" \/>\n<meta property=\"og:image\" content=\"https:\/\/www.pressensa.shop\/wp-content\/uploads\/2022\/06\/LUMINOSSA-TCA-STRONG-CAJA.webp\" \/>\n\t<meta property=\"og:image:width\" content=\"2160\" \/>\n\t<meta property=\"og:image:height\" content=\"2160\" \/>\n\t<meta property=\"og:image:type\" content=\"image\/webp\" \/>\n<meta name=\"twitter:card\" content=\"summary_large_image\" \/>\n<script type=\"application\/ld+json\" class=\"yoast-schema-graph\">{\"@context\":\"https:\\\/\\\/schema.org\",\"@graph\":[{\"@type\":\"WebPage\",\"@id\":\"https:\\\/\\\/www.pressensa.shop\\\/fr\\\/produit\\\/luminossa-peeling-chimique-tca-25\\\/\",\"url\":\"https:\\\/\\\/www.pressensa.shop\\\/fr\\\/produit\\\/luminossa-peeling-chimique-tca-25\\\/\",\"name\":\"Acheter Luminossa TCA Strong peeling TCA 25%\",\"isPartOf\":{\"@id\":\"https:\\\/\\\/www.pressensa.shop\\\/fr\\\/#website\"},\"primaryImageOfPage\":{\"@id\":\"https:\\\/\\\/www.pressensa.shop\\\/fr\\\/produit\\\/luminossa-peeling-chimique-tca-25\\\/#primaryimage\"},\"image\":{\"@id\":\"https:\\\/\\\/www.pressensa.shop\\\/fr\\\/produit\\\/luminossa-peeling-chimique-tca-25\\\/#primaryimage\"},\"thumbnailUrl\":\"https:\\\/\\\/www.pressensa.shop\\\/wp-content\\\/uploads\\\/2022\\\/06\\\/LUMINOSSA-TCA-STRONG-CAJA.webp\",\"datePublished\":\"2022-06-23T10:54:49+00:00\",\"dateModified\":\"2025-10-20T10:50:10+00:00\",\"description\":\"Le LUMINOSSA TCA Strong Peeling Profond est un dispositif m\u00e9dical de CLASSE II \u00e0 base d'ACIDE TRICHLOROAC\u00c9TIQUE (TCA) \u00e0 25%\",\"breadcrumb\":{\"@id\":\"https:\\\/\\\/www.pressensa.shop\\\/fr\\\/produit\\\/luminossa-peeling-chimique-tca-25\\\/#breadcrumb\"},\"inLanguage\":\"fr-FR\",\"potentialAction\":[{\"@type\":\"ReadAction\",\"target\":[\"https:\\\/\\\/www.pressensa.shop\\\/fr\\\/produit\\\/luminossa-peeling-chimique-tca-25\\\/\"]}]},{\"@type\":\"ImageObject\",\"inLanguage\":\"fr-FR\",\"@id\":\"https:\\\/\\\/www.pressensa.shop\\\/fr\\\/produit\\\/luminossa-peeling-chimique-tca-25\\\/#primaryimage\",\"url\":\"https:\\\/\\\/www.pressensa.shop\\\/wp-content\\\/uploads\\\/2022\\\/06\\\/LUMINOSSA-TCA-STRONG-CAJA.webp\",\"contentUrl\":\"https:\\\/\\\/www.pressensa.shop\\\/wp-content\\\/uploads\\\/2022\\\/06\\\/LUMINOSSA-TCA-STRONG-CAJA.webp\",\"width\":2160,\"height\":2160},{\"@type\":\"BreadcrumbList\",\"@id\":\"https:\\\/\\\/www.pressensa.shop\\\/fr\\\/produit\\\/luminossa-peeling-chimique-tca-25\\\/#breadcrumb\",\"itemListElement\":[{\"@type\":\"ListItem\",\"position\":1,\"name\":\"Portada\",\"item\":\"https:\\\/\\\/www.pressensa.shop\\\/fr\\\/\"},{\"@type\":\"ListItem\",\"position\":2,\"name\":\"Boutique\",\"item\":\"https:\\\/\\\/www.pressensa.shop\\\/fr\\\/boutique\\\/\"},{\"@type\":\"ListItem\",\"position\":3,\"name\":\"Luminossa TCA STRONG 25% peeling chimique\"}]},{\"@type\":\"WebSite\",\"@id\":\"https:\\\/\\\/www.pressensa.shop\\\/fr\\\/#website\",\"url\":\"https:\\\/\\\/www.pressensa.shop\\\/fr\\\/\",\"name\":\"Pressensa\",\"description\":\"fabricante de productos de dermocosmetica, estetica y medicina est\u00e9tica.\",\"publisher\":{\"@id\":\"https:\\\/\\\/www.pressensa.shop\\\/fr\\\/#organization\"},\"potentialAction\":[{\"@type\":\"SearchAction\",\"target\":{\"@type\":\"EntryPoint\",\"urlTemplate\":\"https:\\\/\\\/www.pressensa.shop\\\/fr\\\/?s={search_term_string}\"},\"query-input\":{\"@type\":\"PropertyValueSpecification\",\"valueRequired\":true,\"valueName\":\"search_term_string\"}}],\"inLanguage\":\"fr-FR\"},{\"@type\":\"Organization\",\"@id\":\"https:\\\/\\\/www.pressensa.shop\\\/fr\\\/#organization\",\"name\":\"Pressensa\",\"url\":\"https:\\\/\\\/www.pressensa.shop\\\/fr\\\/\",\"logo\":{\"@type\":\"ImageObject\",\"inLanguage\":\"fr-FR\",\"@id\":\"https:\\\/\\\/www.pressensa.shop\\\/fr\\\/#\\\/schema\\\/logo\\\/image\\\/\",\"url\":\"https:\\\/\\\/www.pressensa.shop\\\/wp-content\\\/uploads\\\/2022\\\/06\\\/Recurso-24.png\",\"contentUrl\":\"https:\\\/\\\/www.pressensa.shop\\\/wp-content\\\/uploads\\\/2022\\\/06\\\/Recurso-24.png\",\"width\":281,\"height\":131,\"caption\":\"Pressensa\"},\"image\":{\"@id\":\"https:\\\/\\\/www.pressensa.shop\\\/fr\\\/#\\\/schema\\\/logo\\\/image\\\/\"}}]}<\/script>\n<!-- \/ Yoast SEO plugin. -->","yoast_head_json":{"title":"Acheter Luminossa TCA Strong peeling TCA 25%","description":"Le LUMINOSSA TCA Strong Peeling Profond est un dispositif m\u00e9dical de CLASSE II \u00e0 base d'ACIDE TRICHLOROAC\u00c9TIQUE (TCA) \u00e0 25%","robots":{"index":"index","follow":"follow","max-snippet":"max-snippet:-1","max-image-preview":"max-image-preview:large","max-video-preview":"max-video-preview:-1"},"canonical":"https:\/\/www.pressensa.shop\/fr\/produit\/luminossa-peeling-chimique-tca-25\/","og_locale":"fr_FR","og_type":"article","og_title":"Acheter Luminossa TCA Strong peeling TCA 25%","og_description":"Le LUMINOSSA TCA Strong Peeling Profond est un dispositif m\u00e9dical de CLASSE II \u00e0 base d'ACIDE TRICHLOROAC\u00c9TIQUE (TCA) \u00e0 25%","og_url":"https:\/\/www.pressensa.shop\/fr\/produit\/luminossa-peeling-chimique-tca-25\/","og_site_name":"Pressensa","article_modified_time":"2025-10-20T10:50:10+00:00","og_image":[{"width":2160,"height":2160,"url":"https:\/\/www.pressensa.shop\/wp-content\/uploads\/2022\/06\/LUMINOSSA-TCA-STRONG-CAJA.webp","type":"image\/webp"}],"twitter_card":"summary_large_image","schema":{"@context":"https:\/\/schema.org","@graph":[{"@type":"WebPage","@id":"https:\/\/www.pressensa.shop\/fr\/produit\/luminossa-peeling-chimique-tca-25\/","url":"https:\/\/www.pressensa.shop\/fr\/produit\/luminossa-peeling-chimique-tca-25\/","name":"Acheter Luminossa TCA Strong peeling TCA 25%","isPartOf":{"@id":"https:\/\/www.pressensa.shop\/fr\/#website"},"primaryImageOfPage":{"@id":"https:\/\/www.pressensa.shop\/fr\/produit\/luminossa-peeling-chimique-tca-25\/#primaryimage"},"image":{"@id":"https:\/\/www.pressensa.shop\/fr\/produit\/luminossa-peeling-chimique-tca-25\/#primaryimage"},"thumbnailUrl":"https:\/\/www.pressensa.shop\/wp-content\/uploads\/2022\/06\/LUMINOSSA-TCA-STRONG-CAJA.webp","datePublished":"2022-06-23T10:54:49+00:00","dateModified":"2025-10-20T10:50:10+00:00","description":"Le LUMINOSSA TCA Strong Peeling Profond est un dispositif m\u00e9dical de CLASSE II \u00e0 base d'ACIDE TRICHLOROAC\u00c9TIQUE (TCA) \u00e0 25%","breadcrumb":{"@id":"https:\/\/www.pressensa.shop\/fr\/produit\/luminossa-peeling-chimique-tca-25\/#breadcrumb"},"inLanguage":"fr-FR","potentialAction":[{"@type":"ReadAction","target":["https:\/\/www.pressensa.shop\/fr\/produit\/luminossa-peeling-chimique-tca-25\/"]}]},{"@type":"ImageObject","inLanguage":"fr-FR","@id":"https:\/\/www.pressensa.shop\/fr\/produit\/luminossa-peeling-chimique-tca-25\/#primaryimage","url":"https:\/\/www.pressensa.shop\/wp-content\/uploads\/2022\/06\/LUMINOSSA-TCA-STRONG-CAJA.webp","contentUrl":"https:\/\/www.pressensa.shop\/wp-content\/uploads\/2022\/06\/LUMINOSSA-TCA-STRONG-CAJA.webp","width":2160,"height":2160},{"@type":"BreadcrumbList","@id":"https:\/\/www.pressensa.shop\/fr\/produit\/luminossa-peeling-chimique-tca-25\/#breadcrumb","itemListElement":[{"@type":"ListItem","position":1,"name":"Portada","item":"https:\/\/www.pressensa.shop\/fr\/"},{"@type":"ListItem","position":2,"name":"Boutique","item":"https:\/\/www.pressensa.shop\/fr\/boutique\/"},{"@type":"ListItem","position":3,"name":"Luminossa TCA STRONG 25% peeling chimique"}]},{"@type":"WebSite","@id":"https:\/\/www.pressensa.shop\/fr\/#website","url":"https:\/\/www.pressensa.shop\/fr\/","name":"Pressensa","description":"fabricante de productos de dermocosmetica, estetica y medicina est\u00e9tica.","publisher":{"@id":"https:\/\/www.pressensa.shop\/fr\/#organization"},"potentialAction":[{"@type":"SearchAction","target":{"@type":"EntryPoint","urlTemplate":"https:\/\/www.pressensa.shop\/fr\/?s={search_term_string}"},"query-input":{"@type":"PropertyValueSpecification","valueRequired":true,"valueName":"search_term_string"}}],"inLanguage":"fr-FR"},{"@type":"Organization","@id":"https:\/\/www.pressensa.shop\/fr\/#organization","name":"Pressensa","url":"https:\/\/www.pressensa.shop\/fr\/","logo":{"@type":"ImageObject","inLanguage":"fr-FR","@id":"https:\/\/www.pressensa.shop\/fr\/#\/schema\/logo\/image\/","url":"https:\/\/www.pressensa.shop\/wp-content\/uploads\/2022\/06\/Recurso-24.png","contentUrl":"https:\/\/www.pressensa.shop\/wp-content\/uploads\/2022\/06\/Recurso-24.png","width":281,"height":131,"caption":"Pressensa"},"image":{"@id":"https:\/\/www.pressensa.shop\/fr\/#\/schema\/logo\/image\/"}}]}},"_links":{"self":[{"href":"https:\/\/www.pressensa.shop\/fr\/wp-json\/wp\/v2\/product\/4604","targetHints":{"allow":["GET"]}}],"collection":[{"href":"https:\/\/www.pressensa.shop\/fr\/wp-json\/wp\/v2\/product"}],"about":[{"href":"https:\/\/www.pressensa.shop\/fr\/wp-json\/wp\/v2\/types\/product"}],"replies":[{"embeddable":true,"href":"https:\/\/www.pressensa.shop\/fr\/wp-json\/wp\/v2\/comments?post=4604"}],"version-history":[{"count":0,"href":"https:\/\/www.pressensa.shop\/fr\/wp-json\/wp\/v2\/product\/4604\/revisions"}],"wp:featuredmedia":[{"embeddable":true,"href":"https:\/\/www.pressensa.shop\/fr\/wp-json\/wp\/v2\/media\/23695"}],"wp:attachment":[{"href":"https:\/\/www.pressensa.shop\/fr\/wp-json\/wp\/v2\/media?parent=4604"}],"wp:term":[{"taxonomy":"product_brand","embeddable":true,"href":"https:\/\/www.pressensa.shop\/fr\/wp-json\/wp\/v2\/product_brand?post=4604"},{"taxonomy":"product_cat","embeddable":true,"href":"https:\/\/www.pressensa.shop\/fr\/wp-json\/wp\/v2\/product_cat?post=4604"},{"taxonomy":"product_tag","embeddable":true,"href":"https:\/\/www.pressensa.shop\/fr\/wp-json\/wp\/v2\/product_tag?post=4604"}],"curies":[{"name":"wp","href":"https:\/\/api.w.org\/{rel}","templated":true}]}}