{"id":4622,"date":"2022-06-23T12:54:49","date_gmt":"2022-06-23T10:54:49","guid":{"rendered":"https:\/\/www.presensa.com\/producto\/fullnesse-acide-hyaluronique-35\/"},"modified":"2026-01-09T12:54:57","modified_gmt":"2026-01-09T11:54:57","slug":"fullnesse-acide-hyaluronique-3-5","status":"publish","type":"product","link":"https:\/\/www.pressensa.shop\/fr\/produit\/fullnesse-acide-hyaluronique-3-5\/","title":{"rendered":"Fullnesse acide hyaluronique 3,5%"},"content":{"rendered":"<p><strong>Composants<\/strong><\/p>\n<h3>Acide Hyaluronique 3,5%<\/h3>\n<h3>Silicium Organique 1%<\/h3>\n<p>Flacon de 10 ml ; Bo\u00eete de 10 unit\u00e9s<\/p>\n","protected":false},"excerpt":{"rendered":"<h2>Acide Hyaluronique 3,5%<\/h2>\n<p>Fullnesse est une combinaison d&rsquo;acide hyaluronique et de silicium organique ; vital pour obtenir une peau tonique et ferme. Est un traitement pr\u00e9ventif efficace des signes g\u00e9n\u00e9raux du vieillissement.<\/p>\n<p>L&rsquo;acide hyaluronique est un agent hydratant pour la peau et gr\u00e2ce \u00e0 son grand pouvoir de r\u00e9tention des mol\u00e9cules d&rsquo;eau, il maintient l&rsquo;\u00e9lasticit\u00e9 extracellulaire des tissus. Par cons\u00e9quent, il joue un r\u00f4le fondamental dans le vieillissement cutan\u00e9, la cicatrisation des plaies et la cicatrisation.<\/p>\n<p>En th\u00e9rapeutique, il est utilis\u00e9 dans les implants de comblement de la peau, anti-\u00e2ge et dans les applications topiques de cicatrisation des plaies.<\/p>\n<p>Il est synergique avec la plupart des substances telles que les vitamines, les acides amin\u00e9s, les peptides, les oligo-\u00e9l\u00e9ments, jouant un r\u00f4le important dans les processus de renouvellement et de rajeunissement de la peau.<\/p>\n<h2>Silicium Organique 1%1%<\/h2>\n<p>Il est essentiel pour la mise en place de la structure du derme, unifie les glycosaminoglycanes avec les polyuroniques cr\u00e9ant des ponts entre eux ; d\u00e9termine la conformation structurelle du tissu conjonctif.<\/p>\n<h4>Id\u00e9al pour\u2026<\/h4>\n<p>Traiter toutes sortes de rides.<br \/>\nProcure une hydratation profonde et durable.<br \/>\nRestructurant et r\u00e9affirmant le teint de la peau, am\u00e9liorant son \u00e9lasticit\u00e9.<br \/>\nPr\u00e9vient et traite le vieillissement cutan\u00e9 ainsi que pr\u00e9venir et traiter sp\u00e9cifiquement le stress cutan\u00e9 (exposition solaire, peeling agressif, etc.).<br \/>\nG\u00e9n\u00e9ration de n\u00e9osynth\u00e8se de collag\u00e8ne<br \/>\nProt\u00e9ger les fibroblastes.<\/p>\n","protected":false},"featured_media":23677,"comment_status":"open","ping_status":"closed","template":"","meta":[],"product_brand":[],"product_cat":[72],"product_tag":[],"class_list":{"0":"post-4622","1":"product","2":"type-product","3":"status-publish","4":"has-post-thumbnail","6":"product_cat-professionnelle","7":"pa_tamano-boite-10-flacons","8":"pa_tamano-1-unit","10":"first","11":"instock","12":"taxable","13":"shipping-taxable","14":"purchasable","15":"product-type-variable"},"yoast_head":"<!-- This site is optimized with the Yoast SEO plugin v27.4 - https:\/\/yoast.com\/product\/yoast-seo-wordpress\/ -->\n<title>Acheter flacon acide hyaluronique 3,5% + Silicium Organique 1%<\/title>\n<meta name=\"description\" content=\"Fullnesse. Formule synergique.Tous types de rides. Hydratation profonde de la peau. Pr\u00e9vention et traitement du vieillissement cutan\u00e9. 10ml x 10u.\" \/>\n<meta name=\"robots\" content=\"index, follow, max-snippet:-1, max-image-preview:large, max-video-preview:-1\" \/>\n<link rel=\"canonical\" href=\"https:\/\/www.pressensa.shop\/fr\/produit\/fullnesse-acide-hyaluronique-3-5\/\" \/>\n<meta property=\"og:locale\" content=\"fr_FR\" \/>\n<meta property=\"og:type\" content=\"article\" \/>\n<meta property=\"og:title\" content=\"Acheter flacon acide hyaluronique 3,5% + Silicium Organique 1%\" \/>\n<meta property=\"og:description\" content=\"Fullnesse. Formule synergique.Tous types de rides. Hydratation profonde de la peau. Pr\u00e9vention et traitement du vieillissement cutan\u00e9. 10ml x 10u.\" \/>\n<meta property=\"og:url\" content=\"https:\/\/www.pressensa.shop\/fr\/produit\/fullnesse-acide-hyaluronique-3-5\/\" \/>\n<meta property=\"og:site_name\" content=\"Pressensa\" \/>\n<meta property=\"article:modified_time\" content=\"2026-01-09T11:54:57+00:00\" \/>\n<meta property=\"og:image\" content=\"https:\/\/eghgyirmzse.exactdn.com\/wp-content\/uploads\/2022\/06\/vial-fullnesse-acido-hialuronico-3.5.png?strip=all&lossy=1&ssl=1\" \/>\n\t<meta property=\"og:image:width\" content=\"1080\" \/>\n\t<meta property=\"og:image:height\" content=\"1080\" \/>\n\t<meta property=\"og:image:type\" content=\"image\/png\" \/>\n<meta name=\"twitter:card\" content=\"summary_large_image\" \/>\n<script type=\"application\/ld+json\" class=\"yoast-schema-graph\">{\"@context\":\"https:\\\/\\\/schema.org\",\"@graph\":[{\"@type\":\"WebPage\",\"@id\":\"https:\\\/\\\/www.pressensa.shop\\\/fr\\\/produit\\\/fullnesse-acide-hyaluronique-3-5\\\/\",\"url\":\"https:\\\/\\\/www.pressensa.shop\\\/fr\\\/produit\\\/fullnesse-acide-hyaluronique-3-5\\\/\",\"name\":\"Acheter flacon acide hyaluronique 3,5% + Silicium Organique 1%\",\"isPartOf\":{\"@id\":\"https:\\\/\\\/www.pressensa.shop\\\/fr\\\/#website\"},\"primaryImageOfPage\":{\"@id\":\"https:\\\/\\\/www.pressensa.shop\\\/fr\\\/produit\\\/fullnesse-acide-hyaluronique-3-5\\\/#primaryimage\"},\"image\":{\"@id\":\"https:\\\/\\\/www.pressensa.shop\\\/fr\\\/produit\\\/fullnesse-acide-hyaluronique-3-5\\\/#primaryimage\"},\"thumbnailUrl\":\"https:\\\/\\\/www.pressensa.shop\\\/wp-content\\\/uploads\\\/2022\\\/06\\\/FULLNESSE-CAJA.webp\",\"datePublished\":\"2022-06-23T10:54:49+00:00\",\"dateModified\":\"2026-01-09T11:54:57+00:00\",\"description\":\"Fullnesse. Formule synergique.Tous types de rides. Hydratation profonde de la peau. Pr\u00e9vention et traitement du vieillissement cutan\u00e9. 10ml x 10u.\",\"breadcrumb\":{\"@id\":\"https:\\\/\\\/www.pressensa.shop\\\/fr\\\/produit\\\/fullnesse-acide-hyaluronique-3-5\\\/#breadcrumb\"},\"inLanguage\":\"fr-FR\",\"potentialAction\":[{\"@type\":\"ReadAction\",\"target\":[\"https:\\\/\\\/www.pressensa.shop\\\/fr\\\/produit\\\/fullnesse-acide-hyaluronique-3-5\\\/\"]}]},{\"@type\":\"ImageObject\",\"inLanguage\":\"fr-FR\",\"@id\":\"https:\\\/\\\/www.pressensa.shop\\\/fr\\\/produit\\\/fullnesse-acide-hyaluronique-3-5\\\/#primaryimage\",\"url\":\"https:\\\/\\\/www.pressensa.shop\\\/wp-content\\\/uploads\\\/2022\\\/06\\\/FULLNESSE-CAJA.webp\",\"contentUrl\":\"https:\\\/\\\/www.pressensa.shop\\\/wp-content\\\/uploads\\\/2022\\\/06\\\/FULLNESSE-CAJA.webp\",\"width\":2160,\"height\":2160},{\"@type\":\"BreadcrumbList\",\"@id\":\"https:\\\/\\\/www.pressensa.shop\\\/fr\\\/produit\\\/fullnesse-acide-hyaluronique-3-5\\\/#breadcrumb\",\"itemListElement\":[{\"@type\":\"ListItem\",\"position\":1,\"name\":\"Portada\",\"item\":\"https:\\\/\\\/www.pressensa.shop\\\/fr\\\/\"},{\"@type\":\"ListItem\",\"position\":2,\"name\":\"Boutique\",\"item\":\"https:\\\/\\\/www.pressensa.shop\\\/fr\\\/boutique\\\/\"},{\"@type\":\"ListItem\",\"position\":3,\"name\":\"Fullnesse acide hyaluronique 3,5%\"}]},{\"@type\":\"WebSite\",\"@id\":\"https:\\\/\\\/www.pressensa.shop\\\/fr\\\/#website\",\"url\":\"https:\\\/\\\/www.pressensa.shop\\\/fr\\\/\",\"name\":\"Pressensa\",\"description\":\"fabricante de productos de dermocosmetica, estetica y medicina est\u00e9tica.\",\"publisher\":{\"@id\":\"https:\\\/\\\/www.pressensa.shop\\\/fr\\\/#organization\"},\"potentialAction\":[{\"@type\":\"SearchAction\",\"target\":{\"@type\":\"EntryPoint\",\"urlTemplate\":\"https:\\\/\\\/www.pressensa.shop\\\/fr\\\/?s={search_term_string}\"},\"query-input\":{\"@type\":\"PropertyValueSpecification\",\"valueRequired\":true,\"valueName\":\"search_term_string\"}}],\"inLanguage\":\"fr-FR\"},{\"@type\":\"Organization\",\"@id\":\"https:\\\/\\\/www.pressensa.shop\\\/fr\\\/#organization\",\"name\":\"Pressensa\",\"url\":\"https:\\\/\\\/www.pressensa.shop\\\/fr\\\/\",\"logo\":{\"@type\":\"ImageObject\",\"inLanguage\":\"fr-FR\",\"@id\":\"https:\\\/\\\/www.pressensa.shop\\\/fr\\\/#\\\/schema\\\/logo\\\/image\\\/\",\"url\":\"https:\\\/\\\/www.pressensa.shop\\\/wp-content\\\/uploads\\\/2022\\\/06\\\/Recurso-24.png\",\"contentUrl\":\"https:\\\/\\\/www.pressensa.shop\\\/wp-content\\\/uploads\\\/2022\\\/06\\\/Recurso-24.png\",\"width\":281,\"height\":131,\"caption\":\"Pressensa\"},\"image\":{\"@id\":\"https:\\\/\\\/www.pressensa.shop\\\/fr\\\/#\\\/schema\\\/logo\\\/image\\\/\"}}]}<\/script>\n<!-- \/ Yoast SEO plugin. -->","yoast_head_json":{"title":"Acheter flacon acide hyaluronique 3,5% + Silicium Organique 1%","description":"Fullnesse. Formule synergique.Tous types de rides. Hydratation profonde de la peau. Pr\u00e9vention et traitement du vieillissement cutan\u00e9. 10ml x 10u.","robots":{"index":"index","follow":"follow","max-snippet":"max-snippet:-1","max-image-preview":"max-image-preview:large","max-video-preview":"max-video-preview:-1"},"canonical":"https:\/\/www.pressensa.shop\/fr\/produit\/fullnesse-acide-hyaluronique-3-5\/","og_locale":"fr_FR","og_type":"article","og_title":"Acheter flacon acide hyaluronique 3,5% + Silicium Organique 1%","og_description":"Fullnesse. Formule synergique.Tous types de rides. Hydratation profonde de la peau. Pr\u00e9vention et traitement du vieillissement cutan\u00e9. 10ml x 10u.","og_url":"https:\/\/www.pressensa.shop\/fr\/produit\/fullnesse-acide-hyaluronique-3-5\/","og_site_name":"Pressensa","article_modified_time":"2026-01-09T11:54:57+00:00","og_image":[{"width":1080,"height":1080,"url":"https:\/\/eghgyirmzse.exactdn.com\/wp-content\/uploads\/2022\/06\/vial-fullnesse-acido-hialuronico-3.5.png?strip=all&lossy=1&ssl=1","type":"image\/png"}],"twitter_card":"summary_large_image","schema":{"@context":"https:\/\/schema.org","@graph":[{"@type":"WebPage","@id":"https:\/\/www.pressensa.shop\/fr\/produit\/fullnesse-acide-hyaluronique-3-5\/","url":"https:\/\/www.pressensa.shop\/fr\/produit\/fullnesse-acide-hyaluronique-3-5\/","name":"Acheter flacon acide hyaluronique 3,5% + Silicium Organique 1%","isPartOf":{"@id":"https:\/\/www.pressensa.shop\/fr\/#website"},"primaryImageOfPage":{"@id":"https:\/\/www.pressensa.shop\/fr\/produit\/fullnesse-acide-hyaluronique-3-5\/#primaryimage"},"image":{"@id":"https:\/\/www.pressensa.shop\/fr\/produit\/fullnesse-acide-hyaluronique-3-5\/#primaryimage"},"thumbnailUrl":"https:\/\/www.pressensa.shop\/wp-content\/uploads\/2022\/06\/FULLNESSE-CAJA.webp","datePublished":"2022-06-23T10:54:49+00:00","dateModified":"2026-01-09T11:54:57+00:00","description":"Fullnesse. Formule synergique.Tous types de rides. Hydratation profonde de la peau. Pr\u00e9vention et traitement du vieillissement cutan\u00e9. 10ml x 10u.","breadcrumb":{"@id":"https:\/\/www.pressensa.shop\/fr\/produit\/fullnesse-acide-hyaluronique-3-5\/#breadcrumb"},"inLanguage":"fr-FR","potentialAction":[{"@type":"ReadAction","target":["https:\/\/www.pressensa.shop\/fr\/produit\/fullnesse-acide-hyaluronique-3-5\/"]}]},{"@type":"ImageObject","inLanguage":"fr-FR","@id":"https:\/\/www.pressensa.shop\/fr\/produit\/fullnesse-acide-hyaluronique-3-5\/#primaryimage","url":"https:\/\/www.pressensa.shop\/wp-content\/uploads\/2022\/06\/FULLNESSE-CAJA.webp","contentUrl":"https:\/\/www.pressensa.shop\/wp-content\/uploads\/2022\/06\/FULLNESSE-CAJA.webp","width":2160,"height":2160},{"@type":"BreadcrumbList","@id":"https:\/\/www.pressensa.shop\/fr\/produit\/fullnesse-acide-hyaluronique-3-5\/#breadcrumb","itemListElement":[{"@type":"ListItem","position":1,"name":"Portada","item":"https:\/\/www.pressensa.shop\/fr\/"},{"@type":"ListItem","position":2,"name":"Boutique","item":"https:\/\/www.pressensa.shop\/fr\/boutique\/"},{"@type":"ListItem","position":3,"name":"Fullnesse acide hyaluronique 3,5%"}]},{"@type":"WebSite","@id":"https:\/\/www.pressensa.shop\/fr\/#website","url":"https:\/\/www.pressensa.shop\/fr\/","name":"Pressensa","description":"fabricante de productos de dermocosmetica, estetica y medicina est\u00e9tica.","publisher":{"@id":"https:\/\/www.pressensa.shop\/fr\/#organization"},"potentialAction":[{"@type":"SearchAction","target":{"@type":"EntryPoint","urlTemplate":"https:\/\/www.pressensa.shop\/fr\/?s={search_term_string}"},"query-input":{"@type":"PropertyValueSpecification","valueRequired":true,"valueName":"search_term_string"}}],"inLanguage":"fr-FR"},{"@type":"Organization","@id":"https:\/\/www.pressensa.shop\/fr\/#organization","name":"Pressensa","url":"https:\/\/www.pressensa.shop\/fr\/","logo":{"@type":"ImageObject","inLanguage":"fr-FR","@id":"https:\/\/www.pressensa.shop\/fr\/#\/schema\/logo\/image\/","url":"https:\/\/www.pressensa.shop\/wp-content\/uploads\/2022\/06\/Recurso-24.png","contentUrl":"https:\/\/www.pressensa.shop\/wp-content\/uploads\/2022\/06\/Recurso-24.png","width":281,"height":131,"caption":"Pressensa"},"image":{"@id":"https:\/\/www.pressensa.shop\/fr\/#\/schema\/logo\/image\/"}}]}},"_links":{"self":[{"href":"https:\/\/www.pressensa.shop\/fr\/wp-json\/wp\/v2\/product\/4622","targetHints":{"allow":["GET"]}}],"collection":[{"href":"https:\/\/www.pressensa.shop\/fr\/wp-json\/wp\/v2\/product"}],"about":[{"href":"https:\/\/www.pressensa.shop\/fr\/wp-json\/wp\/v2\/types\/product"}],"replies":[{"embeddable":true,"href":"https:\/\/www.pressensa.shop\/fr\/wp-json\/wp\/v2\/comments?post=4622"}],"version-history":[{"count":0,"href":"https:\/\/www.pressensa.shop\/fr\/wp-json\/wp\/v2\/product\/4622\/revisions"}],"wp:featuredmedia":[{"embeddable":true,"href":"https:\/\/www.pressensa.shop\/fr\/wp-json\/wp\/v2\/media\/23677"}],"wp:attachment":[{"href":"https:\/\/www.pressensa.shop\/fr\/wp-json\/wp\/v2\/media?parent=4622"}],"wp:term":[{"taxonomy":"product_brand","embeddable":true,"href":"https:\/\/www.pressensa.shop\/fr\/wp-json\/wp\/v2\/product_brand?post=4622"},{"taxonomy":"product_cat","embeddable":true,"href":"https:\/\/www.pressensa.shop\/fr\/wp-json\/wp\/v2\/product_cat?post=4622"},{"taxonomy":"product_tag","embeddable":true,"href":"https:\/\/www.pressensa.shop\/fr\/wp-json\/wp\/v2\/product_tag?post=4622"}],"curies":[{"name":"wp","href":"https:\/\/api.w.org\/{rel}","templated":true}]}}