{"id":4631,"date":"2022-06-23T12:54:50","date_gmt":"2022-06-23T10:54:50","guid":{"rendered":"https:\/\/www.presensa.com\/producto\/lypolesse-avec-phosphatidylcholine-5\/"},"modified":"2026-03-29T16:54:10","modified_gmt":"2026-03-29T14:54:10","slug":"flacon-lipotica-phosphatidylcholine-5","status":"publish","type":"product","link":"https:\/\/www.pressensa.shop\/fr\/produit\/flacon-lipotica-phosphatidylcholine-5\/","title":{"rendered":"Lypolesse avec Phosphatidylcholine 5%"},"content":{"rendered":"<p><strong>Composants<\/strong><br \/>\nPhosphatidylcholine 5%<br \/>\nD\u00e9soxycholique, 2,5 %<br \/>\nCaf\u00e9ine 3%<br \/>\nL-Carnitine 5%<br \/>\nSilicium Organique 1%1%<\/p>\n<p>Flacon de 10 ml ; Bo\u00eete de 10 unit\u00e9s.<\/p>\n","protected":false},"excerpt":{"rendered":"<h2>Flacon avec Phosphatidylcholine 5%<\/h2>\n<p>Lypolesse est formul\u00e9 pour acc\u00e9l\u00e9rer le processus de lipolyse dans les zones \u00e0 plus forte concentration de graisse localis\u00e9e, telles que les cuisses, les fesses et l&rsquo;abdomen, notamment. Il contient les principes actifs les plus appropri\u00e9s pour mener \u00e0 bien cette action tels que la phosphatidylcholine et le d\u00e9soxycholique, de plus, ses principes actifs incluent la caf\u00e9ine connue pour sa grande action sur les graisses et la L-carnitine comme mobilisateur cl\u00e9 dans la lipolyse.<\/p>\n<h2>Solution avec Deoxycholate 2,5 %<\/h2>\n<p>L&rsquo;acide d\u00e9soxycholique aide \u00e0 \u00e9liminer le double menton et les amas graisseux localis\u00e9s.<\/p>\n<h2>L&rsquo;acide d\u00e9soxycholique aide \u00e0 \u00e9liminer le double menton et les amas graisseux localis\u00e9s.<\/h2>\n<p>Cocktail st\u00e9rile pour les graisses localis\u00e9es : cuisses, fesses et ventre. L&rsquo;utilisation de Lypolesse est enti\u00e8rement destin\u00e9e au corps. Le m\u00e9canisme d&rsquo;action de son principe actif, la phosphatidylcholine, consiste \u00e0 activer les r\u00e9cepteurs situ\u00e9s sous la membrane externe des cellules adipeuses, \u00e9tablissant ainsi un processus de \u00ab\u00a0dissolution\u00a0\u00bb, qui se termine par la lib\u00e9ration d&rsquo;acides gras.<\/p>\n","protected":false},"featured_media":23658,"comment_status":"open","ping_status":"closed","template":"","meta":[],"product_brand":[],"product_cat":[72],"product_tag":[],"class_list":{"0":"post-4631","1":"product","2":"type-product","3":"status-publish","4":"has-post-thumbnail","6":"product_cat-professionnelle","7":"pa_tamano-boite-10-flacons","8":"pa_tamano-1-unit","10":"first","11":"instock","12":"taxable","13":"shipping-taxable","14":"purchasable","15":"product-type-variable"},"yoast_head":"<!-- This site is optimized with the Yoast SEO plugin v27.4 - https:\/\/yoast.com\/product\/yoast-seo-wordpress\/ -->\n<title>Lypolesse avec Phosphatidylcholine 5% - Pressensa<\/title>\n<meta name=\"description\" content=\"Solution Lipolytique avec Phosphatidylcholine 5% Acide hyaluronique 0,5%. cocktail lipolytique avec PHOSPHATIDYLCHOLINE 5%, DEOXYCHOLATE 2.5%, CAF\u00c9INE 3%, L-CARNITINE 5%, BIO SILICIUM 1%, DMAE 1%\" \/>\n<meta name=\"robots\" content=\"index, follow, max-snippet:-1, max-image-preview:large, max-video-preview:-1\" \/>\n<link rel=\"canonical\" href=\"https:\/\/www.pressensa.shop\/fr\/produit\/flacon-lipotica-phosphatidylcholine-5\/\" \/>\n<meta property=\"og:locale\" content=\"fr_FR\" \/>\n<meta property=\"og:type\" content=\"article\" \/>\n<meta property=\"og:title\" content=\"Lypolesse avec Phosphatidylcholine 5% - Pressensa\" \/>\n<meta property=\"og:description\" content=\"Solution Lipolytique avec Phosphatidylcholine 5% Acide hyaluronique 0,5%. cocktail lipolytique avec PHOSPHATIDYLCHOLINE 5%, DEOXYCHOLATE 2.5%, CAF\u00c9INE 3%, L-CARNITINE 5%, BIO SILICIUM 1%, DMAE 1%\" \/>\n<meta property=\"og:url\" content=\"https:\/\/www.pressensa.shop\/fr\/produit\/flacon-lipotica-phosphatidylcholine-5\/\" \/>\n<meta property=\"og:site_name\" content=\"Pressensa\" \/>\n<meta property=\"article:modified_time\" content=\"2026-03-29T14:54:10+00:00\" \/>\n<meta property=\"og:image\" content=\"https:\/\/www.pressensa.shop\/wp-content\/uploads\/2022\/06\/lypolesse-vial-phosphatidycholine-5.png\" \/>\n\t<meta property=\"og:image:width\" content=\"1080\" \/>\n\t<meta property=\"og:image:height\" content=\"1080\" \/>\n\t<meta property=\"og:image:type\" content=\"image\/png\" \/>\n<meta name=\"twitter:card\" content=\"summary_large_image\" \/>\n<script type=\"application\/ld+json\" class=\"yoast-schema-graph\">{\"@context\":\"https:\\\/\\\/schema.org\",\"@graph\":[{\"@type\":\"WebPage\",\"@id\":\"https:\\\/\\\/www.pressensa.shop\\\/fr\\\/produit\\\/flacon-lipotica-phosphatidylcholine-5\\\/\",\"url\":\"https:\\\/\\\/www.pressensa.shop\\\/fr\\\/produit\\\/flacon-lipotica-phosphatidylcholine-5\\\/\",\"name\":\"Lypolesse avec Phosphatidylcholine 5% - Pressensa\",\"isPartOf\":{\"@id\":\"https:\\\/\\\/www.pressensa.shop\\\/fr\\\/#website\"},\"primaryImageOfPage\":{\"@id\":\"https:\\\/\\\/www.pressensa.shop\\\/fr\\\/produit\\\/flacon-lipotica-phosphatidylcholine-5\\\/#primaryimage\"},\"image\":{\"@id\":\"https:\\\/\\\/www.pressensa.shop\\\/fr\\\/produit\\\/flacon-lipotica-phosphatidylcholine-5\\\/#primaryimage\"},\"thumbnailUrl\":\"https:\\\/\\\/www.pressensa.shop\\\/wp-content\\\/uploads\\\/2022\\\/06\\\/LYPOLESSE-CAJA.webp\",\"datePublished\":\"2022-06-23T10:54:50+00:00\",\"dateModified\":\"2026-03-29T14:54:10+00:00\",\"description\":\"Solution Lipolytique avec Phosphatidylcholine 5% Acide hyaluronique 0,5%. cocktail lipolytique avec PHOSPHATIDYLCHOLINE 5%, DEOXYCHOLATE 2.5%, CAF\u00c9INE 3%, L-CARNITINE 5%, BIO SILICIUM 1%, DMAE 1%\",\"breadcrumb\":{\"@id\":\"https:\\\/\\\/www.pressensa.shop\\\/fr\\\/produit\\\/flacon-lipotica-phosphatidylcholine-5\\\/#breadcrumb\"},\"inLanguage\":\"fr-FR\",\"potentialAction\":[{\"@type\":\"ReadAction\",\"target\":[\"https:\\\/\\\/www.pressensa.shop\\\/fr\\\/produit\\\/flacon-lipotica-phosphatidylcholine-5\\\/\"]}]},{\"@type\":\"ImageObject\",\"inLanguage\":\"fr-FR\",\"@id\":\"https:\\\/\\\/www.pressensa.shop\\\/fr\\\/produit\\\/flacon-lipotica-phosphatidylcholine-5\\\/#primaryimage\",\"url\":\"https:\\\/\\\/www.pressensa.shop\\\/wp-content\\\/uploads\\\/2022\\\/06\\\/LYPOLESSE-CAJA.webp\",\"contentUrl\":\"https:\\\/\\\/www.pressensa.shop\\\/wp-content\\\/uploads\\\/2022\\\/06\\\/LYPOLESSE-CAJA.webp\",\"width\":2160,\"height\":2160},{\"@type\":\"BreadcrumbList\",\"@id\":\"https:\\\/\\\/www.pressensa.shop\\\/fr\\\/produit\\\/flacon-lipotica-phosphatidylcholine-5\\\/#breadcrumb\",\"itemListElement\":[{\"@type\":\"ListItem\",\"position\":1,\"name\":\"Portada\",\"item\":\"https:\\\/\\\/www.pressensa.shop\\\/fr\\\/\"},{\"@type\":\"ListItem\",\"position\":2,\"name\":\"Boutique\",\"item\":\"https:\\\/\\\/www.pressensa.shop\\\/fr\\\/boutique\\\/\"},{\"@type\":\"ListItem\",\"position\":3,\"name\":\"Lypolesse avec Phosphatidylcholine 5%\"}]},{\"@type\":\"WebSite\",\"@id\":\"https:\\\/\\\/www.pressensa.shop\\\/fr\\\/#website\",\"url\":\"https:\\\/\\\/www.pressensa.shop\\\/fr\\\/\",\"name\":\"Pressensa\",\"description\":\"fabricante de productos de dermocosmetica, estetica y medicina est\u00e9tica.\",\"publisher\":{\"@id\":\"https:\\\/\\\/www.pressensa.shop\\\/fr\\\/#organization\"},\"potentialAction\":[{\"@type\":\"SearchAction\",\"target\":{\"@type\":\"EntryPoint\",\"urlTemplate\":\"https:\\\/\\\/www.pressensa.shop\\\/fr\\\/?s={search_term_string}\"},\"query-input\":{\"@type\":\"PropertyValueSpecification\",\"valueRequired\":true,\"valueName\":\"search_term_string\"}}],\"inLanguage\":\"fr-FR\"},{\"@type\":\"Organization\",\"@id\":\"https:\\\/\\\/www.pressensa.shop\\\/fr\\\/#organization\",\"name\":\"Pressensa\",\"url\":\"https:\\\/\\\/www.pressensa.shop\\\/fr\\\/\",\"logo\":{\"@type\":\"ImageObject\",\"inLanguage\":\"fr-FR\",\"@id\":\"https:\\\/\\\/www.pressensa.shop\\\/fr\\\/#\\\/schema\\\/logo\\\/image\\\/\",\"url\":\"https:\\\/\\\/www.pressensa.shop\\\/wp-content\\\/uploads\\\/2022\\\/06\\\/Recurso-24.png\",\"contentUrl\":\"https:\\\/\\\/www.pressensa.shop\\\/wp-content\\\/uploads\\\/2022\\\/06\\\/Recurso-24.png\",\"width\":281,\"height\":131,\"caption\":\"Pressensa\"},\"image\":{\"@id\":\"https:\\\/\\\/www.pressensa.shop\\\/fr\\\/#\\\/schema\\\/logo\\\/image\\\/\"}}]}<\/script>\n<!-- \/ Yoast SEO plugin. -->","yoast_head_json":{"title":"Lypolesse avec Phosphatidylcholine 5% - Pressensa","description":"Solution Lipolytique avec Phosphatidylcholine 5% Acide hyaluronique 0,5%. cocktail lipolytique avec PHOSPHATIDYLCHOLINE 5%, DEOXYCHOLATE 2.5%, CAF\u00c9INE 3%, L-CARNITINE 5%, BIO SILICIUM 1%, DMAE 1%","robots":{"index":"index","follow":"follow","max-snippet":"max-snippet:-1","max-image-preview":"max-image-preview:large","max-video-preview":"max-video-preview:-1"},"canonical":"https:\/\/www.pressensa.shop\/fr\/produit\/flacon-lipotica-phosphatidylcholine-5\/","og_locale":"fr_FR","og_type":"article","og_title":"Lypolesse avec Phosphatidylcholine 5% - Pressensa","og_description":"Solution Lipolytique avec Phosphatidylcholine 5% Acide hyaluronique 0,5%. cocktail lipolytique avec PHOSPHATIDYLCHOLINE 5%, DEOXYCHOLATE 2.5%, CAF\u00c9INE 3%, L-CARNITINE 5%, BIO SILICIUM 1%, DMAE 1%","og_url":"https:\/\/www.pressensa.shop\/fr\/produit\/flacon-lipotica-phosphatidylcholine-5\/","og_site_name":"Pressensa","article_modified_time":"2026-03-29T14:54:10+00:00","og_image":[{"width":1080,"height":1080,"url":"https:\/\/www.pressensa.shop\/wp-content\/uploads\/2022\/06\/lypolesse-vial-phosphatidycholine-5.png","type":"image\/png"}],"twitter_card":"summary_large_image","schema":{"@context":"https:\/\/schema.org","@graph":[{"@type":"WebPage","@id":"https:\/\/www.pressensa.shop\/fr\/produit\/flacon-lipotica-phosphatidylcholine-5\/","url":"https:\/\/www.pressensa.shop\/fr\/produit\/flacon-lipotica-phosphatidylcholine-5\/","name":"Lypolesse avec Phosphatidylcholine 5% - Pressensa","isPartOf":{"@id":"https:\/\/www.pressensa.shop\/fr\/#website"},"primaryImageOfPage":{"@id":"https:\/\/www.pressensa.shop\/fr\/produit\/flacon-lipotica-phosphatidylcholine-5\/#primaryimage"},"image":{"@id":"https:\/\/www.pressensa.shop\/fr\/produit\/flacon-lipotica-phosphatidylcholine-5\/#primaryimage"},"thumbnailUrl":"https:\/\/www.pressensa.shop\/wp-content\/uploads\/2022\/06\/LYPOLESSE-CAJA.webp","datePublished":"2022-06-23T10:54:50+00:00","dateModified":"2026-03-29T14:54:10+00:00","description":"Solution Lipolytique avec Phosphatidylcholine 5% Acide hyaluronique 0,5%. cocktail lipolytique avec PHOSPHATIDYLCHOLINE 5%, DEOXYCHOLATE 2.5%, CAF\u00c9INE 3%, L-CARNITINE 5%, BIO SILICIUM 1%, DMAE 1%","breadcrumb":{"@id":"https:\/\/www.pressensa.shop\/fr\/produit\/flacon-lipotica-phosphatidylcholine-5\/#breadcrumb"},"inLanguage":"fr-FR","potentialAction":[{"@type":"ReadAction","target":["https:\/\/www.pressensa.shop\/fr\/produit\/flacon-lipotica-phosphatidylcholine-5\/"]}]},{"@type":"ImageObject","inLanguage":"fr-FR","@id":"https:\/\/www.pressensa.shop\/fr\/produit\/flacon-lipotica-phosphatidylcholine-5\/#primaryimage","url":"https:\/\/www.pressensa.shop\/wp-content\/uploads\/2022\/06\/LYPOLESSE-CAJA.webp","contentUrl":"https:\/\/www.pressensa.shop\/wp-content\/uploads\/2022\/06\/LYPOLESSE-CAJA.webp","width":2160,"height":2160},{"@type":"BreadcrumbList","@id":"https:\/\/www.pressensa.shop\/fr\/produit\/flacon-lipotica-phosphatidylcholine-5\/#breadcrumb","itemListElement":[{"@type":"ListItem","position":1,"name":"Portada","item":"https:\/\/www.pressensa.shop\/fr\/"},{"@type":"ListItem","position":2,"name":"Boutique","item":"https:\/\/www.pressensa.shop\/fr\/boutique\/"},{"@type":"ListItem","position":3,"name":"Lypolesse avec Phosphatidylcholine 5%"}]},{"@type":"WebSite","@id":"https:\/\/www.pressensa.shop\/fr\/#website","url":"https:\/\/www.pressensa.shop\/fr\/","name":"Pressensa","description":"fabricante de productos de dermocosmetica, estetica y medicina est\u00e9tica.","publisher":{"@id":"https:\/\/www.pressensa.shop\/fr\/#organization"},"potentialAction":[{"@type":"SearchAction","target":{"@type":"EntryPoint","urlTemplate":"https:\/\/www.pressensa.shop\/fr\/?s={search_term_string}"},"query-input":{"@type":"PropertyValueSpecification","valueRequired":true,"valueName":"search_term_string"}}],"inLanguage":"fr-FR"},{"@type":"Organization","@id":"https:\/\/www.pressensa.shop\/fr\/#organization","name":"Pressensa","url":"https:\/\/www.pressensa.shop\/fr\/","logo":{"@type":"ImageObject","inLanguage":"fr-FR","@id":"https:\/\/www.pressensa.shop\/fr\/#\/schema\/logo\/image\/","url":"https:\/\/www.pressensa.shop\/wp-content\/uploads\/2022\/06\/Recurso-24.png","contentUrl":"https:\/\/www.pressensa.shop\/wp-content\/uploads\/2022\/06\/Recurso-24.png","width":281,"height":131,"caption":"Pressensa"},"image":{"@id":"https:\/\/www.pressensa.shop\/fr\/#\/schema\/logo\/image\/"}}]}},"_links":{"self":[{"href":"https:\/\/www.pressensa.shop\/fr\/wp-json\/wp\/v2\/product\/4631","targetHints":{"allow":["GET"]}}],"collection":[{"href":"https:\/\/www.pressensa.shop\/fr\/wp-json\/wp\/v2\/product"}],"about":[{"href":"https:\/\/www.pressensa.shop\/fr\/wp-json\/wp\/v2\/types\/product"}],"replies":[{"embeddable":true,"href":"https:\/\/www.pressensa.shop\/fr\/wp-json\/wp\/v2\/comments?post=4631"}],"version-history":[{"count":0,"href":"https:\/\/www.pressensa.shop\/fr\/wp-json\/wp\/v2\/product\/4631\/revisions"}],"wp:featuredmedia":[{"embeddable":true,"href":"https:\/\/www.pressensa.shop\/fr\/wp-json\/wp\/v2\/media\/23658"}],"wp:attachment":[{"href":"https:\/\/www.pressensa.shop\/fr\/wp-json\/wp\/v2\/media?parent=4631"}],"wp:term":[{"taxonomy":"product_brand","embeddable":true,"href":"https:\/\/www.pressensa.shop\/fr\/wp-json\/wp\/v2\/product_brand?post=4631"},{"taxonomy":"product_cat","embeddable":true,"href":"https:\/\/www.pressensa.shop\/fr\/wp-json\/wp\/v2\/product_cat?post=4631"},{"taxonomy":"product_tag","embeddable":true,"href":"https:\/\/www.pressensa.shop\/fr\/wp-json\/wp\/v2\/product_tag?post=4631"}],"curies":[{"name":"wp","href":"https:\/\/api.w.org\/{rel}","templated":true}]}}