{"id":4773,"date":"2022-06-23T12:54:51","date_gmt":"2022-06-23T10:54:51","guid":{"rendered":"https:\/\/www.presensa.com\/producto\/skin-aging-ampoule-avec-vitamine-c\/"},"modified":"2026-02-23T16:41:17","modified_gmt":"2026-02-23T15:41:17","slug":"ampoule-vitamine-c-skin-aging","status":"publish","type":"product","link":"https:\/\/www.pressensa.shop\/fr\/produit\/ampoule-vitamine-c-skin-aging\/","title":{"rendered":"Skin Aging Ampoule avec Vitamine C"},"content":{"rendered":"<p><strong>Composants :<\/strong><\/p>\n<h3>Vitamine C<\/h3>\n<p>ampoule de 2 ml ; Bo\u00eete de 20 unit\u00e9s.<\/p>\n","protected":false},"excerpt":{"rendered":"<h2>Ampoule Vitamine C 20%<\/h2>\n<p>La vitamine C stimule la synth\u00e8se de collag\u00e8ne en transformant la proline en hydroxyproline, am\u00e9liorant ainsi la fonction de la proline hydroxylase (une enzyme qui m\u00e9die ce cycle m\u00e9tabolique). L&rsquo;hydroxyproline est une enzyme essentielle dans le processus de formation du collag\u00e8ne en tant que prot\u00e9ine qui donne de la fermet\u00e9 \u00e0 la peau et stimule sa jeunesse en aidant \u00e0 am\u00e9liorer la microcirculation et l&rsquo;\u00e9lasticit\u00e9 de la peau.<\/p>\n<p>La vitamine C diminue la peroxydation des lipides (LDL ou lipides de basse densit\u00e9 responsables de l&rsquo;art\u00e9rioscl\u00e9rose) et est \u00e9galement responsable des dommages oxydatifs de l&rsquo;ADN et des prot\u00e9ines. Pour cette raison, la vitamine C est dot\u00e9e d&rsquo;actions de d\u00e9fense contre le vieillissement cutan\u00e9.<\/p>\n<p>Cet actif est \u00e9galement indispensable \u00e0 la synth\u00e8se de la carnitine, \u00e9l\u00e9ment indispensable au transport des \u00e9l\u00e9ments gras vers les mitochondries pour am\u00e9liorer l&rsquo;apport \u00e9nerg\u00e9tique.<\/p>\n<h2>Ampoule de vitamine C pure<\/h2>\n<p>Participant \u00e0 la synth\u00e8se du collag\u00e8ne, la vitamine C aide \u00e0 pr\u00e9venir le vieillissement cutan\u00e9 et limite les dommages caus\u00e9s par les radicaux libres.<\/p>\n<p>La vitamine C aide \u00e0 r\u00e9duire les rides, \u00e0 am\u00e9liorer le teint et la fermet\u00e9 de la peau, en particulier chez les peaux photo-vieillies.<\/p>\n<p>La vitamine C est tr\u00e8s efficace sur les peaux \u00e0 tendance acn\u00e9ique, en pr\u00e9venant et en att\u00e9nuant les l\u00e9sions acn\u00e9iques.<\/p>\n<h4>Id\u00e9al pour\u2026<\/h4>\n<p>Prot\u00e9gez les cellules de la peau et pr\u00e9venez les dommages caus\u00e9s par les UV. De plus, il am\u00e9liore l&rsquo;apparence de la peau photo-vieillie et sa barri\u00e8re protectrice. Il est \u00e9galement responsable de la r\u00e9duction de l&rsquo;inflammation et de la stimulation de la production de collag\u00e8ne. Et enfin, il diminue l&rsquo;hyperpigmentation cutan\u00e9e.<\/p>\n<p>Son application est m\u00eame id\u00e9ale pour <strong>am\u00e9liorer l&rsquo;efficacit\u00e9 du peeling et de la dermabrasion.<\/strong> <\/p>\n","protected":false},"featured_media":23599,"comment_status":"open","ping_status":"closed","template":"","meta":[],"product_brand":[],"product_cat":[72],"product_tag":[],"class_list":{"0":"post-4773","1":"product","2":"type-product","3":"status-publish","4":"has-post-thumbnail","6":"product_cat-professionnelle","7":"pa_tamano-1-ampoule-2","8":"pa_tamano-boite-20-ampoule-fr","10":"first","11":"instock","12":"taxable","13":"shipping-taxable","14":"purchasable","15":"product-type-variable"},"yoast_head":"<!-- This site is optimized with the Yoast SEO plugin v27.4 - https:\/\/yoast.com\/product\/yoast-seo-wordpress\/ -->\n<title>Ampoule de Vitamine C 20% 1x 2 ml<\/title>\n<meta name=\"description\" content=\"Skin Aging Vitamine C 20% pour le visage et le corps. Une solution st\u00e9rile \u00e0 base de vitamine C pure. Traitement de la peau photo-vieillie. R\u00e9duire l&#039;inflammation. Traitement d&#039;hyperpigmentation.\" \/>\n<meta name=\"robots\" content=\"index, follow, max-snippet:-1, max-image-preview:large, max-video-preview:-1\" \/>\n<link rel=\"canonical\" href=\"https:\/\/www.pressensa.shop\/fr\/produit\/ampoule-vitamine-c-skin-aging\/\" \/>\n<meta property=\"og:locale\" content=\"fr_FR\" \/>\n<meta property=\"og:type\" content=\"article\" \/>\n<meta property=\"og:title\" content=\"Ampoule de Vitamine C 20% 1x 2 ml\" \/>\n<meta property=\"og:description\" content=\"Skin Aging Vitamine C 20% pour le visage et le corps. Une solution st\u00e9rile \u00e0 base de vitamine C pure. Traitement de la peau photo-vieillie. R\u00e9duire l&#039;inflammation. Traitement d&#039;hyperpigmentation.\" \/>\n<meta property=\"og:url\" content=\"https:\/\/www.pressensa.shop\/fr\/produit\/ampoule-vitamine-c-skin-aging\/\" \/>\n<meta property=\"og:site_name\" content=\"Pressensa\" \/>\n<meta property=\"article:modified_time\" content=\"2026-02-23T15:41:17+00:00\" \/>\n<meta property=\"og:image\" content=\"https:\/\/eghgyirmzse.exactdn.com\/wp-content\/uploads\/2022\/06\/skin-aging-ampolla-con-vitamina-c-20.png?strip=all&lossy=1&ssl=1\" \/>\n\t<meta property=\"og:image:width\" content=\"1080\" \/>\n\t<meta property=\"og:image:height\" content=\"1080\" \/>\n\t<meta property=\"og:image:type\" content=\"image\/png\" \/>\n<meta name=\"twitter:card\" content=\"summary_large_image\" \/>\n<script type=\"application\/ld+json\" class=\"yoast-schema-graph\">{\"@context\":\"https:\\\/\\\/schema.org\",\"@graph\":[{\"@type\":\"WebPage\",\"@id\":\"https:\\\/\\\/www.pressensa.shop\\\/fr\\\/produit\\\/ampoule-vitamine-c-skin-aging\\\/\",\"url\":\"https:\\\/\\\/www.pressensa.shop\\\/fr\\\/produit\\\/ampoule-vitamine-c-skin-aging\\\/\",\"name\":\"Ampoule de Vitamine C 20% 1x 2 ml\",\"isPartOf\":{\"@id\":\"https:\\\/\\\/www.pressensa.shop\\\/fr\\\/#website\"},\"primaryImageOfPage\":{\"@id\":\"https:\\\/\\\/www.pressensa.shop\\\/fr\\\/produit\\\/ampoule-vitamine-c-skin-aging\\\/#primaryimage\"},\"image\":{\"@id\":\"https:\\\/\\\/www.pressensa.shop\\\/fr\\\/produit\\\/ampoule-vitamine-c-skin-aging\\\/#primaryimage\"},\"thumbnailUrl\":\"https:\\\/\\\/www.pressensa.shop\\\/wp-content\\\/uploads\\\/2022\\\/06\\\/SKIN-AGING-CAJA.webp\",\"datePublished\":\"2022-06-23T10:54:51+00:00\",\"dateModified\":\"2026-02-23T15:41:17+00:00\",\"description\":\"Skin Aging Vitamine C 20% pour le visage et le corps. Une solution st\u00e9rile \u00e0 base de vitamine C pure. Traitement de la peau photo-vieillie. R\u00e9duire l'inflammation. Traitement d'hyperpigmentation.\",\"breadcrumb\":{\"@id\":\"https:\\\/\\\/www.pressensa.shop\\\/fr\\\/produit\\\/ampoule-vitamine-c-skin-aging\\\/#breadcrumb\"},\"inLanguage\":\"fr-FR\",\"potentialAction\":[{\"@type\":\"ReadAction\",\"target\":[\"https:\\\/\\\/www.pressensa.shop\\\/fr\\\/produit\\\/ampoule-vitamine-c-skin-aging\\\/\"]}]},{\"@type\":\"ImageObject\",\"inLanguage\":\"fr-FR\",\"@id\":\"https:\\\/\\\/www.pressensa.shop\\\/fr\\\/produit\\\/ampoule-vitamine-c-skin-aging\\\/#primaryimage\",\"url\":\"https:\\\/\\\/www.pressensa.shop\\\/wp-content\\\/uploads\\\/2022\\\/06\\\/SKIN-AGING-CAJA.webp\",\"contentUrl\":\"https:\\\/\\\/www.pressensa.shop\\\/wp-content\\\/uploads\\\/2022\\\/06\\\/SKIN-AGING-CAJA.webp\",\"width\":2160,\"height\":2160},{\"@type\":\"BreadcrumbList\",\"@id\":\"https:\\\/\\\/www.pressensa.shop\\\/fr\\\/produit\\\/ampoule-vitamine-c-skin-aging\\\/#breadcrumb\",\"itemListElement\":[{\"@type\":\"ListItem\",\"position\":1,\"name\":\"Portada\",\"item\":\"https:\\\/\\\/www.pressensa.shop\\\/fr\\\/\"},{\"@type\":\"ListItem\",\"position\":2,\"name\":\"Boutique\",\"item\":\"https:\\\/\\\/www.pressensa.shop\\\/fr\\\/boutique\\\/\"},{\"@type\":\"ListItem\",\"position\":3,\"name\":\"Skin Aging Ampoule avec Vitamine C\"}]},{\"@type\":\"WebSite\",\"@id\":\"https:\\\/\\\/www.pressensa.shop\\\/fr\\\/#website\",\"url\":\"https:\\\/\\\/www.pressensa.shop\\\/fr\\\/\",\"name\":\"Pressensa\",\"description\":\"fabricante de productos de dermocosmetica, estetica y medicina est\u00e9tica.\",\"publisher\":{\"@id\":\"https:\\\/\\\/www.pressensa.shop\\\/fr\\\/#organization\"},\"potentialAction\":[{\"@type\":\"SearchAction\",\"target\":{\"@type\":\"EntryPoint\",\"urlTemplate\":\"https:\\\/\\\/www.pressensa.shop\\\/fr\\\/?s={search_term_string}\"},\"query-input\":{\"@type\":\"PropertyValueSpecification\",\"valueRequired\":true,\"valueName\":\"search_term_string\"}}],\"inLanguage\":\"fr-FR\"},{\"@type\":\"Organization\",\"@id\":\"https:\\\/\\\/www.pressensa.shop\\\/fr\\\/#organization\",\"name\":\"Pressensa\",\"url\":\"https:\\\/\\\/www.pressensa.shop\\\/fr\\\/\",\"logo\":{\"@type\":\"ImageObject\",\"inLanguage\":\"fr-FR\",\"@id\":\"https:\\\/\\\/www.pressensa.shop\\\/fr\\\/#\\\/schema\\\/logo\\\/image\\\/\",\"url\":\"https:\\\/\\\/www.pressensa.shop\\\/wp-content\\\/uploads\\\/2022\\\/06\\\/Recurso-24.png\",\"contentUrl\":\"https:\\\/\\\/www.pressensa.shop\\\/wp-content\\\/uploads\\\/2022\\\/06\\\/Recurso-24.png\",\"width\":281,\"height\":131,\"caption\":\"Pressensa\"},\"image\":{\"@id\":\"https:\\\/\\\/www.pressensa.shop\\\/fr\\\/#\\\/schema\\\/logo\\\/image\\\/\"}}]}<\/script>\n<!-- \/ Yoast SEO plugin. -->","yoast_head_json":{"title":"Ampoule de Vitamine C 20% 1x 2 ml","description":"Skin Aging Vitamine C 20% pour le visage et le corps. Une solution st\u00e9rile \u00e0 base de vitamine C pure. Traitement de la peau photo-vieillie. R\u00e9duire l'inflammation. Traitement d'hyperpigmentation.","robots":{"index":"index","follow":"follow","max-snippet":"max-snippet:-1","max-image-preview":"max-image-preview:large","max-video-preview":"max-video-preview:-1"},"canonical":"https:\/\/www.pressensa.shop\/fr\/produit\/ampoule-vitamine-c-skin-aging\/","og_locale":"fr_FR","og_type":"article","og_title":"Ampoule de Vitamine C 20% 1x 2 ml","og_description":"Skin Aging Vitamine C 20% pour le visage et le corps. Une solution st\u00e9rile \u00e0 base de vitamine C pure. Traitement de la peau photo-vieillie. R\u00e9duire l'inflammation. Traitement d'hyperpigmentation.","og_url":"https:\/\/www.pressensa.shop\/fr\/produit\/ampoule-vitamine-c-skin-aging\/","og_site_name":"Pressensa","article_modified_time":"2026-02-23T15:41:17+00:00","og_image":[{"width":1080,"height":1080,"url":"https:\/\/eghgyirmzse.exactdn.com\/wp-content\/uploads\/2022\/06\/skin-aging-ampolla-con-vitamina-c-20.png?strip=all&lossy=1&ssl=1","type":"image\/png"}],"twitter_card":"summary_large_image","schema":{"@context":"https:\/\/schema.org","@graph":[{"@type":"WebPage","@id":"https:\/\/www.pressensa.shop\/fr\/produit\/ampoule-vitamine-c-skin-aging\/","url":"https:\/\/www.pressensa.shop\/fr\/produit\/ampoule-vitamine-c-skin-aging\/","name":"Ampoule de Vitamine C 20% 1x 2 ml","isPartOf":{"@id":"https:\/\/www.pressensa.shop\/fr\/#website"},"primaryImageOfPage":{"@id":"https:\/\/www.pressensa.shop\/fr\/produit\/ampoule-vitamine-c-skin-aging\/#primaryimage"},"image":{"@id":"https:\/\/www.pressensa.shop\/fr\/produit\/ampoule-vitamine-c-skin-aging\/#primaryimage"},"thumbnailUrl":"https:\/\/www.pressensa.shop\/wp-content\/uploads\/2022\/06\/SKIN-AGING-CAJA.webp","datePublished":"2022-06-23T10:54:51+00:00","dateModified":"2026-02-23T15:41:17+00:00","description":"Skin Aging Vitamine C 20% pour le visage et le corps. Une solution st\u00e9rile \u00e0 base de vitamine C pure. Traitement de la peau photo-vieillie. R\u00e9duire l'inflammation. Traitement d'hyperpigmentation.","breadcrumb":{"@id":"https:\/\/www.pressensa.shop\/fr\/produit\/ampoule-vitamine-c-skin-aging\/#breadcrumb"},"inLanguage":"fr-FR","potentialAction":[{"@type":"ReadAction","target":["https:\/\/www.pressensa.shop\/fr\/produit\/ampoule-vitamine-c-skin-aging\/"]}]},{"@type":"ImageObject","inLanguage":"fr-FR","@id":"https:\/\/www.pressensa.shop\/fr\/produit\/ampoule-vitamine-c-skin-aging\/#primaryimage","url":"https:\/\/www.pressensa.shop\/wp-content\/uploads\/2022\/06\/SKIN-AGING-CAJA.webp","contentUrl":"https:\/\/www.pressensa.shop\/wp-content\/uploads\/2022\/06\/SKIN-AGING-CAJA.webp","width":2160,"height":2160},{"@type":"BreadcrumbList","@id":"https:\/\/www.pressensa.shop\/fr\/produit\/ampoule-vitamine-c-skin-aging\/#breadcrumb","itemListElement":[{"@type":"ListItem","position":1,"name":"Portada","item":"https:\/\/www.pressensa.shop\/fr\/"},{"@type":"ListItem","position":2,"name":"Boutique","item":"https:\/\/www.pressensa.shop\/fr\/boutique\/"},{"@type":"ListItem","position":3,"name":"Skin Aging Ampoule avec Vitamine C"}]},{"@type":"WebSite","@id":"https:\/\/www.pressensa.shop\/fr\/#website","url":"https:\/\/www.pressensa.shop\/fr\/","name":"Pressensa","description":"fabricante de productos de dermocosmetica, estetica y medicina est\u00e9tica.","publisher":{"@id":"https:\/\/www.pressensa.shop\/fr\/#organization"},"potentialAction":[{"@type":"SearchAction","target":{"@type":"EntryPoint","urlTemplate":"https:\/\/www.pressensa.shop\/fr\/?s={search_term_string}"},"query-input":{"@type":"PropertyValueSpecification","valueRequired":true,"valueName":"search_term_string"}}],"inLanguage":"fr-FR"},{"@type":"Organization","@id":"https:\/\/www.pressensa.shop\/fr\/#organization","name":"Pressensa","url":"https:\/\/www.pressensa.shop\/fr\/","logo":{"@type":"ImageObject","inLanguage":"fr-FR","@id":"https:\/\/www.pressensa.shop\/fr\/#\/schema\/logo\/image\/","url":"https:\/\/www.pressensa.shop\/wp-content\/uploads\/2022\/06\/Recurso-24.png","contentUrl":"https:\/\/www.pressensa.shop\/wp-content\/uploads\/2022\/06\/Recurso-24.png","width":281,"height":131,"caption":"Pressensa"},"image":{"@id":"https:\/\/www.pressensa.shop\/fr\/#\/schema\/logo\/image\/"}}]}},"_links":{"self":[{"href":"https:\/\/www.pressensa.shop\/fr\/wp-json\/wp\/v2\/product\/4773","targetHints":{"allow":["GET"]}}],"collection":[{"href":"https:\/\/www.pressensa.shop\/fr\/wp-json\/wp\/v2\/product"}],"about":[{"href":"https:\/\/www.pressensa.shop\/fr\/wp-json\/wp\/v2\/types\/product"}],"replies":[{"embeddable":true,"href":"https:\/\/www.pressensa.shop\/fr\/wp-json\/wp\/v2\/comments?post=4773"}],"version-history":[{"count":0,"href":"https:\/\/www.pressensa.shop\/fr\/wp-json\/wp\/v2\/product\/4773\/revisions"}],"wp:featuredmedia":[{"embeddable":true,"href":"https:\/\/www.pressensa.shop\/fr\/wp-json\/wp\/v2\/media\/23599"}],"wp:attachment":[{"href":"https:\/\/www.pressensa.shop\/fr\/wp-json\/wp\/v2\/media?parent=4773"}],"wp:term":[{"taxonomy":"product_brand","embeddable":true,"href":"https:\/\/www.pressensa.shop\/fr\/wp-json\/wp\/v2\/product_brand?post=4773"},{"taxonomy":"product_cat","embeddable":true,"href":"https:\/\/www.pressensa.shop\/fr\/wp-json\/wp\/v2\/product_cat?post=4773"},{"taxonomy":"product_tag","embeddable":true,"href":"https:\/\/www.pressensa.shop\/fr\/wp-json\/wp\/v2\/product_tag?post=4773"}],"curies":[{"name":"wp","href":"https:\/\/api.w.org\/{rel}","templated":true}]}}