{"id":4774,"date":"2022-06-23T12:54:52","date_gmt":"2022-06-23T10:54:52","guid":{"rendered":"https:\/\/www.presensa.com\/producto\/cellulite-ampoule-l-carnitine-5\/"},"modified":"2025-02-13T12:17:33","modified_gmt":"2025-02-13T11:17:33","slug":"cellulite-ampoule-l-carnitine-5","status":"publish","type":"product","link":"https:\/\/www.pressensa.shop\/fr\/produit\/cellulite-ampoule-l-carnitine-5\/","title":{"rendered":"Cellulite Ampoule L-Carnitine 5%"},"content":{"rendered":"<p><strong>Composants<\/strong><\/p>\n<h3>L-carnitine<\/h3>\n<h3>Th\u00e9 Vert<\/h3>\n<p>Ampoule 5 ml ; bo\u00eete de 20 ampoules.<\/p>\n","protected":false},"excerpt":{"rendered":"<h2>Cellulite Ampoule L-Carnitine 5%<\/h2>\n<p>Cellulite est une solution st\u00e9rile \u00e0 base de L-carnitine pure qui agit principalement comme agent porteur dans le processus de lipolyse.<\/p>\n<p>Cellulite, est combin\u00e9e \u00e0 l&rsquo;extrait de th\u00e9 vert comme ingr\u00e9dient actif important pour drainer les liquides retenus dans tous les types de cellulite.<\/p>\n<h2>Cocktail au Th\u00e9 Vert 3% et L-Carnitine 5%<\/h2>\n<p>La L-carnitine, \u00e0 5% dans ce cocktail, joue un r\u00f4le essentiel dans la transformation des acides gras en \u00e9nergie m\u00e9tabolique.<\/p>\n<p>C&rsquo;est la seule substance capable d&rsquo;introduire des acides gras \u00e0 longue cha\u00eene \u00e0 travers la membrane mitochondriale interne dans les mitochondries, o\u00f9 ces acides sont br\u00fbl\u00e9s. Appelant ce processus comme b\u00eata-oxydation.<\/p>\n<p>Ce cocktail est \u00e9galement formul\u00e9 avec du Th\u00e9 Vert pour sa richesse en polyph\u00e9nols reconnus pour leurs agents lipolytiques. Le Th\u00e9 vert a \u00e9galement une action diur\u00e9tique et est capable de r\u00e9duire les niveaux de LDL-cholest\u00e9rol et de triglyc\u00e9rides plasmatiques, tout en augmentant les niveaux de HDL-cholest\u00e9rol.<\/p>\n<h4>Id\u00e9al pour\u2026<\/h4>\n<p>Cellulite, traite la cellulite sous toutes ses formes. De plus, c&rsquo;est un transporteur de graisse dans le processus lipolytique. C&rsquo;est une solution diur\u00e9tique pour la cellulite avec r\u00e9tention d&rsquo;eau. Et aussi, il am\u00e9liore la circulation sanguine et lymphatique.<\/p>\n","protected":false},"featured_media":25979,"comment_status":"open","ping_status":"closed","template":"","meta":[],"product_brand":[],"product_cat":[72],"product_tag":[],"class_list":{"0":"post-4774","1":"product","2":"type-product","3":"status-publish","4":"has-post-thumbnail","6":"product_cat-professionnelle","7":"pa_tamano-1-ampoule-2","8":"pa_tamano-boite-20-ampoule-fr","10":"first","11":"instock","12":"taxable","13":"shipping-taxable","14":"purchasable","15":"product-type-variable"},"yoast_head":"<!-- This site is optimized with the Yoast SEO plugin v27.5 - https:\/\/yoast.com\/product\/yoast-seo-wordpress\/ -->\n<title>Cellulite meso ampoule L-Carnitine 5% pour corps<\/title>\n<meta name=\"description\" content=\"solution st\u00e9rile \u00e0 base de L-Carnitine 5% pure. Transport les graisses dans les processus lipolytiques. Tous les types de cellulite. Am\u00e9lioration de la circulation sanguine et lymphatique. Pour la m\u00e9soth\u00e9rapie.\" \/>\n<meta name=\"robots\" content=\"index, follow, max-snippet:-1, max-image-preview:large, max-video-preview:-1\" \/>\n<link rel=\"canonical\" href=\"https:\/\/www.pressensa.shop\/fr\/produit\/cellulite-ampoule-l-carnitine-5\/\" \/>\n<meta property=\"og:locale\" content=\"fr_FR\" \/>\n<meta property=\"og:type\" content=\"article\" \/>\n<meta property=\"og:title\" content=\"Cellulite meso ampoule L-Carnitine 5% pour corps\" \/>\n<meta property=\"og:description\" content=\"solution st\u00e9rile \u00e0 base de L-Carnitine 5% pure. Transport les graisses dans les processus lipolytiques. Tous les types de cellulite. Am\u00e9lioration de la circulation sanguine et lymphatique. Pour la m\u00e9soth\u00e9rapie.\" \/>\n<meta property=\"og:url\" content=\"https:\/\/www.pressensa.shop\/fr\/produit\/cellulite-ampoule-l-carnitine-5\/\" \/>\n<meta property=\"og:site_name\" content=\"Pressensa\" \/>\n<meta property=\"article:modified_time\" content=\"2025-02-13T11:17:33+00:00\" \/>\n<meta property=\"og:image\" content=\"https:\/\/eghgyirmzse.exactdn.com\/wp-content\/uploads\/2022\/06\/cellulite-ampolla-lcarnitine-5.png?strip=all&lossy=1&ssl=1\" \/>\n\t<meta property=\"og:image:width\" content=\"1080\" \/>\n\t<meta property=\"og:image:height\" content=\"1080\" \/>\n\t<meta property=\"og:image:type\" content=\"image\/png\" \/>\n<meta name=\"twitter:card\" content=\"summary_large_image\" \/>\n<script type=\"application\/ld+json\" class=\"yoast-schema-graph\">{\"@context\":\"https:\\\/\\\/schema.org\",\"@graph\":[{\"@type\":\"WebPage\",\"@id\":\"https:\\\/\\\/www.pressensa.shop\\\/fr\\\/produit\\\/cellulite-ampoule-l-carnitine-5\\\/\",\"url\":\"https:\\\/\\\/www.pressensa.shop\\\/fr\\\/produit\\\/cellulite-ampoule-l-carnitine-5\\\/\",\"name\":\"Cellulite meso ampoule L-Carnitine 5% pour corps\",\"isPartOf\":{\"@id\":\"https:\\\/\\\/www.pressensa.shop\\\/fr\\\/#website\"},\"primaryImageOfPage\":{\"@id\":\"https:\\\/\\\/www.pressensa.shop\\\/fr\\\/produit\\\/cellulite-ampoule-l-carnitine-5\\\/#primaryimage\"},\"image\":{\"@id\":\"https:\\\/\\\/www.pressensa.shop\\\/fr\\\/produit\\\/cellulite-ampoule-l-carnitine-5\\\/#primaryimage\"},\"thumbnailUrl\":\"https:\\\/\\\/www.pressensa.shop\\\/wp-content\\\/uploads\\\/2022\\\/06\\\/CELLULITE-CAJA-1.webp\",\"datePublished\":\"2022-06-23T10:54:52+00:00\",\"dateModified\":\"2025-02-13T11:17:33+00:00\",\"description\":\"solution st\u00e9rile \u00e0 base de L-Carnitine 5% pure. Transport les graisses dans les processus lipolytiques. Tous les types de cellulite. Am\u00e9lioration de la circulation sanguine et lymphatique. Pour la m\u00e9soth\u00e9rapie.\",\"breadcrumb\":{\"@id\":\"https:\\\/\\\/www.pressensa.shop\\\/fr\\\/produit\\\/cellulite-ampoule-l-carnitine-5\\\/#breadcrumb\"},\"inLanguage\":\"fr-FR\",\"potentialAction\":[{\"@type\":\"ReadAction\",\"target\":[\"https:\\\/\\\/www.pressensa.shop\\\/fr\\\/produit\\\/cellulite-ampoule-l-carnitine-5\\\/\"]}]},{\"@type\":\"ImageObject\",\"inLanguage\":\"fr-FR\",\"@id\":\"https:\\\/\\\/www.pressensa.shop\\\/fr\\\/produit\\\/cellulite-ampoule-l-carnitine-5\\\/#primaryimage\",\"url\":\"https:\\\/\\\/www.pressensa.shop\\\/wp-content\\\/uploads\\\/2022\\\/06\\\/CELLULITE-CAJA-1.webp\",\"contentUrl\":\"https:\\\/\\\/www.pressensa.shop\\\/wp-content\\\/uploads\\\/2022\\\/06\\\/CELLULITE-CAJA-1.webp\",\"width\":2160,\"height\":2160},{\"@type\":\"BreadcrumbList\",\"@id\":\"https:\\\/\\\/www.pressensa.shop\\\/fr\\\/produit\\\/cellulite-ampoule-l-carnitine-5\\\/#breadcrumb\",\"itemListElement\":[{\"@type\":\"ListItem\",\"position\":1,\"name\":\"Portada\",\"item\":\"https:\\\/\\\/www.pressensa.shop\\\/fr\\\/\"},{\"@type\":\"ListItem\",\"position\":2,\"name\":\"Boutique\",\"item\":\"https:\\\/\\\/www.pressensa.shop\\\/fr\\\/boutique\\\/\"},{\"@type\":\"ListItem\",\"position\":3,\"name\":\"Cellulite Ampoule L-Carnitine 5%\"}]},{\"@type\":\"WebSite\",\"@id\":\"https:\\\/\\\/www.pressensa.shop\\\/fr\\\/#website\",\"url\":\"https:\\\/\\\/www.pressensa.shop\\\/fr\\\/\",\"name\":\"Pressensa\",\"description\":\"fabricante de productos de dermocosmetica, estetica y medicina est\u00e9tica.\",\"publisher\":{\"@id\":\"https:\\\/\\\/www.pressensa.shop\\\/fr\\\/#organization\"},\"potentialAction\":[{\"@type\":\"SearchAction\",\"target\":{\"@type\":\"EntryPoint\",\"urlTemplate\":\"https:\\\/\\\/www.pressensa.shop\\\/fr\\\/?s={search_term_string}\"},\"query-input\":{\"@type\":\"PropertyValueSpecification\",\"valueRequired\":true,\"valueName\":\"search_term_string\"}}],\"inLanguage\":\"fr-FR\"},{\"@type\":\"Organization\",\"@id\":\"https:\\\/\\\/www.pressensa.shop\\\/fr\\\/#organization\",\"name\":\"Pressensa\",\"url\":\"https:\\\/\\\/www.pressensa.shop\\\/fr\\\/\",\"logo\":{\"@type\":\"ImageObject\",\"inLanguage\":\"fr-FR\",\"@id\":\"https:\\\/\\\/www.pressensa.shop\\\/fr\\\/#\\\/schema\\\/logo\\\/image\\\/\",\"url\":\"https:\\\/\\\/www.pressensa.shop\\\/wp-content\\\/uploads\\\/2022\\\/06\\\/Recurso-24.png\",\"contentUrl\":\"https:\\\/\\\/www.pressensa.shop\\\/wp-content\\\/uploads\\\/2022\\\/06\\\/Recurso-24.png\",\"width\":281,\"height\":131,\"caption\":\"Pressensa\"},\"image\":{\"@id\":\"https:\\\/\\\/www.pressensa.shop\\\/fr\\\/#\\\/schema\\\/logo\\\/image\\\/\"}}]}<\/script>\n<!-- \/ Yoast SEO plugin. -->","yoast_head_json":{"title":"Cellulite meso ampoule L-Carnitine 5% pour corps","description":"solution st\u00e9rile \u00e0 base de L-Carnitine 5% pure. Transport les graisses dans les processus lipolytiques. Tous les types de cellulite. Am\u00e9lioration de la circulation sanguine et lymphatique. Pour la m\u00e9soth\u00e9rapie.","robots":{"index":"index","follow":"follow","max-snippet":"max-snippet:-1","max-image-preview":"max-image-preview:large","max-video-preview":"max-video-preview:-1"},"canonical":"https:\/\/www.pressensa.shop\/fr\/produit\/cellulite-ampoule-l-carnitine-5\/","og_locale":"fr_FR","og_type":"article","og_title":"Cellulite meso ampoule L-Carnitine 5% pour corps","og_description":"solution st\u00e9rile \u00e0 base de L-Carnitine 5% pure. Transport les graisses dans les processus lipolytiques. Tous les types de cellulite. Am\u00e9lioration de la circulation sanguine et lymphatique. Pour la m\u00e9soth\u00e9rapie.","og_url":"https:\/\/www.pressensa.shop\/fr\/produit\/cellulite-ampoule-l-carnitine-5\/","og_site_name":"Pressensa","article_modified_time":"2025-02-13T11:17:33+00:00","og_image":[{"width":1080,"height":1080,"url":"https:\/\/eghgyirmzse.exactdn.com\/wp-content\/uploads\/2022\/06\/cellulite-ampolla-lcarnitine-5.png?strip=all&lossy=1&ssl=1","type":"image\/png"}],"twitter_card":"summary_large_image","schema":{"@context":"https:\/\/schema.org","@graph":[{"@type":"WebPage","@id":"https:\/\/www.pressensa.shop\/fr\/produit\/cellulite-ampoule-l-carnitine-5\/","url":"https:\/\/www.pressensa.shop\/fr\/produit\/cellulite-ampoule-l-carnitine-5\/","name":"Cellulite meso ampoule L-Carnitine 5% pour corps","isPartOf":{"@id":"https:\/\/www.pressensa.shop\/fr\/#website"},"primaryImageOfPage":{"@id":"https:\/\/www.pressensa.shop\/fr\/produit\/cellulite-ampoule-l-carnitine-5\/#primaryimage"},"image":{"@id":"https:\/\/www.pressensa.shop\/fr\/produit\/cellulite-ampoule-l-carnitine-5\/#primaryimage"},"thumbnailUrl":"https:\/\/www.pressensa.shop\/wp-content\/uploads\/2022\/06\/CELLULITE-CAJA-1.webp","datePublished":"2022-06-23T10:54:52+00:00","dateModified":"2025-02-13T11:17:33+00:00","description":"solution st\u00e9rile \u00e0 base de L-Carnitine 5% pure. Transport les graisses dans les processus lipolytiques. Tous les types de cellulite. Am\u00e9lioration de la circulation sanguine et lymphatique. Pour la m\u00e9soth\u00e9rapie.","breadcrumb":{"@id":"https:\/\/www.pressensa.shop\/fr\/produit\/cellulite-ampoule-l-carnitine-5\/#breadcrumb"},"inLanguage":"fr-FR","potentialAction":[{"@type":"ReadAction","target":["https:\/\/www.pressensa.shop\/fr\/produit\/cellulite-ampoule-l-carnitine-5\/"]}]},{"@type":"ImageObject","inLanguage":"fr-FR","@id":"https:\/\/www.pressensa.shop\/fr\/produit\/cellulite-ampoule-l-carnitine-5\/#primaryimage","url":"https:\/\/www.pressensa.shop\/wp-content\/uploads\/2022\/06\/CELLULITE-CAJA-1.webp","contentUrl":"https:\/\/www.pressensa.shop\/wp-content\/uploads\/2022\/06\/CELLULITE-CAJA-1.webp","width":2160,"height":2160},{"@type":"BreadcrumbList","@id":"https:\/\/www.pressensa.shop\/fr\/produit\/cellulite-ampoule-l-carnitine-5\/#breadcrumb","itemListElement":[{"@type":"ListItem","position":1,"name":"Portada","item":"https:\/\/www.pressensa.shop\/fr\/"},{"@type":"ListItem","position":2,"name":"Boutique","item":"https:\/\/www.pressensa.shop\/fr\/boutique\/"},{"@type":"ListItem","position":3,"name":"Cellulite Ampoule L-Carnitine 5%"}]},{"@type":"WebSite","@id":"https:\/\/www.pressensa.shop\/fr\/#website","url":"https:\/\/www.pressensa.shop\/fr\/","name":"Pressensa","description":"fabricante de productos de dermocosmetica, estetica y medicina est\u00e9tica.","publisher":{"@id":"https:\/\/www.pressensa.shop\/fr\/#organization"},"potentialAction":[{"@type":"SearchAction","target":{"@type":"EntryPoint","urlTemplate":"https:\/\/www.pressensa.shop\/fr\/?s={search_term_string}"},"query-input":{"@type":"PropertyValueSpecification","valueRequired":true,"valueName":"search_term_string"}}],"inLanguage":"fr-FR"},{"@type":"Organization","@id":"https:\/\/www.pressensa.shop\/fr\/#organization","name":"Pressensa","url":"https:\/\/www.pressensa.shop\/fr\/","logo":{"@type":"ImageObject","inLanguage":"fr-FR","@id":"https:\/\/www.pressensa.shop\/fr\/#\/schema\/logo\/image\/","url":"https:\/\/www.pressensa.shop\/wp-content\/uploads\/2022\/06\/Recurso-24.png","contentUrl":"https:\/\/www.pressensa.shop\/wp-content\/uploads\/2022\/06\/Recurso-24.png","width":281,"height":131,"caption":"Pressensa"},"image":{"@id":"https:\/\/www.pressensa.shop\/fr\/#\/schema\/logo\/image\/"}}]}},"_links":{"self":[{"href":"https:\/\/www.pressensa.shop\/fr\/wp-json\/wp\/v2\/product\/4774","targetHints":{"allow":["GET"]}}],"collection":[{"href":"https:\/\/www.pressensa.shop\/fr\/wp-json\/wp\/v2\/product"}],"about":[{"href":"https:\/\/www.pressensa.shop\/fr\/wp-json\/wp\/v2\/types\/product"}],"replies":[{"embeddable":true,"href":"https:\/\/www.pressensa.shop\/fr\/wp-json\/wp\/v2\/comments?post=4774"}],"version-history":[{"count":0,"href":"https:\/\/www.pressensa.shop\/fr\/wp-json\/wp\/v2\/product\/4774\/revisions"}],"wp:featuredmedia":[{"embeddable":true,"href":"https:\/\/www.pressensa.shop\/fr\/wp-json\/wp\/v2\/media\/25979"}],"wp:attachment":[{"href":"https:\/\/www.pressensa.shop\/fr\/wp-json\/wp\/v2\/media?parent=4774"}],"wp:term":[{"taxonomy":"product_brand","embeddable":true,"href":"https:\/\/www.pressensa.shop\/fr\/wp-json\/wp\/v2\/product_brand?post=4774"},{"taxonomy":"product_cat","embeddable":true,"href":"https:\/\/www.pressensa.shop\/fr\/wp-json\/wp\/v2\/product_cat?post=4774"},{"taxonomy":"product_tag","embeddable":true,"href":"https:\/\/www.pressensa.shop\/fr\/wp-json\/wp\/v2\/product_tag?post=4774"}],"curies":[{"name":"wp","href":"https:\/\/api.w.org\/{rel}","templated":true}]}}