{"id":5187,"date":"2022-07-21T13:56:14","date_gmt":"2022-07-21T11:56:14","guid":{"rendered":"https:\/\/www.presensa.com\/producto\/exfolight\/"},"modified":"2025-12-02T09:38:29","modified_gmt":"2025-12-02T08:38:29","slug":"exfoliante-acido-glicolico-12","status":"publish","type":"product","link":"https:\/\/www.pressensa.shop\/fr\/produit\/exfoliante-acido-glicolico-12\/","title":{"rendered":"ExfoLight"},"content":{"rendered":"<p><strong>Composants<\/strong><\/p>\n<h3>Acide glycolique<\/h3>\n<h3>Pronalen AHA 50<\/h3>\n<h3>Niacinamide<\/h3>\n<p>Disponible en deux tailles.<\/p>\n","protected":false},"excerpt":{"rendered":"<h2>Exfoliant de visage \u00e0 l&rsquo;acide glycolique<\/h2>\n<p><strong>L&rsquo;acide glycolique<\/strong> \u00e9limine les cellules mortes et <strong>acc\u00e9l\u00e8re la r\u00e9g\u00e9n\u00e9ration de la peau.<\/strong> Pour cette raison, c&rsquo;est le principal ingr\u00e9dient actif d&rsquo;ExfoLight. Unes des actifs les plus importantes pour l\u2019exfoliation.<\/p>\n<blockquote><p>ExfoLight est id\u00e9ale pour faire des <strong>exfoliations non agressives<\/strong> avant de traitements comment la m\u00e9soth\u00e9rapie car les actifs p\u00e9n\u00e9traient beaucoup meilleur. Est la deuxi\u00e8me \u00e9tape du <em><strong>Syst\u00e8me Cosm\u00e9tique de Pressensa,<\/strong><\/em> essentiel \u00e0 quelque traitement professionnel.<\/p><\/blockquote>\n<h2>Acide glycolique 12% + Pronalen AHA 50 + Niacinamide<\/h2>\n<p><strong>Un exfoliant<\/strong>pour le visage \u00e0 <strong>l&rsquo;acide glycolique (12 %)<\/strong>con\u00e7u pour traiter les rides, les taches brunes et les <strong>signes de l&rsquo;\u00e2ge.<\/strong> De plus, il est formul\u00e9 pour agir comme un peeling facial non agressif. En cons\u00e9quence, il lib\u00e8re les cellules mortes de la peau en permettant son oxyg\u00e9nation et sa r\u00e9g\u00e9n\u00e9ration. Et pour \u00eatre efficace et s\u00fbr,<\/p>\n<p><strong>Le Pronalen AHA 50<\/strong> : est un concentr\u00e9 de fruit de la passion, citron, raisin et ananas. Avec une teneur totale en AHA d&rsquo;environ 50% (enti\u00e8rement enrichie en <strong>acide lactique<\/strong>, <strong>acide glycolique<\/strong>, acide citrique et acide tartrique).<\/p>\n<p>Dans sa formule, ExfoLight contient \u00e9galement du Niacinamide, qui aide \u00e0 pr\u00e9venir la perte<strong>d&rsquo;eau trans-\u00e9pidermique<\/strong>, en gardant la peau nourrie et<strong>bien hydrat\u00e9e.<\/strong><\/p>\n<p>Combat l&rsquo;acn\u00e9 et l&rsquo;hyperpigmentation.).<\/p>\n<p>.<\/p>\n","protected":false},"featured_media":21252,"comment_status":"open","ping_status":"closed","template":"","meta":[],"product_brand":[],"product_cat":[72],"product_tag":[],"class_list":{"0":"post-5187","1":"product","2":"type-product","3":"status-publish","4":"has-post-thumbnail","6":"product_cat-professionnelle","7":"pa_tamano-250ml-fr","8":"pa_tamano-30ml-fr","10":"first","11":"instock","12":"sale","13":"taxable","14":"shipping-taxable","15":"purchasable","16":"product-type-variable"},"yoast_head":"<!-- This site is optimized with the Yoast SEO plugin v27.4 - https:\/\/yoast.com\/product\/yoast-seo-wordpress\/ -->\n<title>Exfolight- Peeling d&#039;acide glycolique et hydroxy-acides organiques<\/title>\n<meta name=\"description\" content=\"Peeling visage non agressif. Formul\u00e9 avec le exact concentration d\u2019acide glycolique Acide glycolique 12% Pronalen AHA 50 et Niacinamide.\" \/>\n<meta name=\"robots\" content=\"index, follow, max-snippet:-1, max-image-preview:large, max-video-preview:-1\" \/>\n<link rel=\"canonical\" href=\"https:\/\/www.pressensa.shop\/fr\/produit\/exfoliante-acido-glicolico-12\/\" \/>\n<meta property=\"og:locale\" content=\"fr_FR\" \/>\n<meta property=\"og:type\" content=\"article\" \/>\n<meta property=\"og:title\" content=\"Exfolight- Peeling d&#039;acide glycolique et hydroxy-acides organiques\" \/>\n<meta property=\"og:description\" content=\"Peeling visage non agressif. Formul\u00e9 avec le exact concentration d\u2019acide glycolique Acide glycolique 12% Pronalen AHA 50 et Niacinamide.\" \/>\n<meta property=\"og:url\" content=\"https:\/\/www.pressensa.shop\/fr\/produit\/exfoliante-acido-glicolico-12\/\" \/>\n<meta property=\"og:site_name\" content=\"Pressensa\" \/>\n<meta property=\"article:modified_time\" content=\"2025-12-02T08:38:29+00:00\" \/>\n<meta property=\"og:image\" content=\"https:\/\/www.pressensa.shop\/wp-content\/uploads\/2022\/07\/EXFOLIGHT-GRANDE-1-1.jpg\" \/>\n\t<meta property=\"og:image:width\" content=\"1920\" \/>\n\t<meta property=\"og:image:height\" content=\"1920\" \/>\n\t<meta property=\"og:image:type\" content=\"image\/jpeg\" \/>\n<meta name=\"twitter:card\" content=\"summary_large_image\" \/>\n<script type=\"application\/ld+json\" class=\"yoast-schema-graph\">{\"@context\":\"https:\\\/\\\/schema.org\",\"@graph\":[{\"@type\":\"WebPage\",\"@id\":\"https:\\\/\\\/www.pressensa.shop\\\/fr\\\/produit\\\/exfoliante-acido-glicolico-12\\\/\",\"url\":\"https:\\\/\\\/www.pressensa.shop\\\/fr\\\/produit\\\/exfoliante-acido-glicolico-12\\\/\",\"name\":\"Exfolight- Peeling d'acide glycolique et hydroxy-acides organiques\",\"isPartOf\":{\"@id\":\"https:\\\/\\\/www.pressensa.shop\\\/fr\\\/#website\"},\"primaryImageOfPage\":{\"@id\":\"https:\\\/\\\/www.pressensa.shop\\\/fr\\\/produit\\\/exfoliante-acido-glicolico-12\\\/#primaryimage\"},\"image\":{\"@id\":\"https:\\\/\\\/www.pressensa.shop\\\/fr\\\/produit\\\/exfoliante-acido-glicolico-12\\\/#primaryimage\"},\"thumbnailUrl\":\"https:\\\/\\\/www.pressensa.shop\\\/wp-content\\\/uploads\\\/2022\\\/07\\\/EXFOLIGHT-GRANDE-1-1.jpg\",\"datePublished\":\"2022-07-21T11:56:14+00:00\",\"dateModified\":\"2025-12-02T08:38:29+00:00\",\"description\":\"Peeling visage non agressif. Formul\u00e9 avec le exact concentration d\u2019acide glycolique Acide glycolique 12% Pronalen AHA 50 et Niacinamide.\",\"breadcrumb\":{\"@id\":\"https:\\\/\\\/www.pressensa.shop\\\/fr\\\/produit\\\/exfoliante-acido-glicolico-12\\\/#breadcrumb\"},\"inLanguage\":\"fr-FR\",\"potentialAction\":[{\"@type\":\"ReadAction\",\"target\":[\"https:\\\/\\\/www.pressensa.shop\\\/fr\\\/produit\\\/exfoliante-acido-glicolico-12\\\/\"]}]},{\"@type\":\"ImageObject\",\"inLanguage\":\"fr-FR\",\"@id\":\"https:\\\/\\\/www.pressensa.shop\\\/fr\\\/produit\\\/exfoliante-acido-glicolico-12\\\/#primaryimage\",\"url\":\"https:\\\/\\\/www.pressensa.shop\\\/wp-content\\\/uploads\\\/2022\\\/07\\\/EXFOLIGHT-GRANDE-1-1.jpg\",\"contentUrl\":\"https:\\\/\\\/www.pressensa.shop\\\/wp-content\\\/uploads\\\/2022\\\/07\\\/EXFOLIGHT-GRANDE-1-1.jpg\",\"width\":1920,\"height\":1920},{\"@type\":\"BreadcrumbList\",\"@id\":\"https:\\\/\\\/www.pressensa.shop\\\/fr\\\/produit\\\/exfoliante-acido-glicolico-12\\\/#breadcrumb\",\"itemListElement\":[{\"@type\":\"ListItem\",\"position\":1,\"name\":\"Portada\",\"item\":\"https:\\\/\\\/www.pressensa.shop\\\/fr\\\/\"},{\"@type\":\"ListItem\",\"position\":2,\"name\":\"Boutique\",\"item\":\"https:\\\/\\\/www.pressensa.shop\\\/fr\\\/boutique\\\/\"},{\"@type\":\"ListItem\",\"position\":3,\"name\":\"ExfoLight\"}]},{\"@type\":\"WebSite\",\"@id\":\"https:\\\/\\\/www.pressensa.shop\\\/fr\\\/#website\",\"url\":\"https:\\\/\\\/www.pressensa.shop\\\/fr\\\/\",\"name\":\"Pressensa\",\"description\":\"fabricante de productos de dermocosmetica, estetica y medicina est\u00e9tica.\",\"publisher\":{\"@id\":\"https:\\\/\\\/www.pressensa.shop\\\/fr\\\/#organization\"},\"potentialAction\":[{\"@type\":\"SearchAction\",\"target\":{\"@type\":\"EntryPoint\",\"urlTemplate\":\"https:\\\/\\\/www.pressensa.shop\\\/fr\\\/?s={search_term_string}\"},\"query-input\":{\"@type\":\"PropertyValueSpecification\",\"valueRequired\":true,\"valueName\":\"search_term_string\"}}],\"inLanguage\":\"fr-FR\"},{\"@type\":\"Organization\",\"@id\":\"https:\\\/\\\/www.pressensa.shop\\\/fr\\\/#organization\",\"name\":\"Pressensa\",\"url\":\"https:\\\/\\\/www.pressensa.shop\\\/fr\\\/\",\"logo\":{\"@type\":\"ImageObject\",\"inLanguage\":\"fr-FR\",\"@id\":\"https:\\\/\\\/www.pressensa.shop\\\/fr\\\/#\\\/schema\\\/logo\\\/image\\\/\",\"url\":\"https:\\\/\\\/www.pressensa.shop\\\/wp-content\\\/uploads\\\/2022\\\/06\\\/Recurso-24.png\",\"contentUrl\":\"https:\\\/\\\/www.pressensa.shop\\\/wp-content\\\/uploads\\\/2022\\\/06\\\/Recurso-24.png\",\"width\":281,\"height\":131,\"caption\":\"Pressensa\"},\"image\":{\"@id\":\"https:\\\/\\\/www.pressensa.shop\\\/fr\\\/#\\\/schema\\\/logo\\\/image\\\/\"}}]}<\/script>\n<!-- \/ Yoast SEO plugin. -->","yoast_head_json":{"title":"Exfolight- Peeling d'acide glycolique et hydroxy-acides organiques","description":"Peeling visage non agressif. Formul\u00e9 avec le exact concentration d\u2019acide glycolique Acide glycolique 12% Pronalen AHA 50 et Niacinamide.","robots":{"index":"index","follow":"follow","max-snippet":"max-snippet:-1","max-image-preview":"max-image-preview:large","max-video-preview":"max-video-preview:-1"},"canonical":"https:\/\/www.pressensa.shop\/fr\/produit\/exfoliante-acido-glicolico-12\/","og_locale":"fr_FR","og_type":"article","og_title":"Exfolight- Peeling d'acide glycolique et hydroxy-acides organiques","og_description":"Peeling visage non agressif. Formul\u00e9 avec le exact concentration d\u2019acide glycolique Acide glycolique 12% Pronalen AHA 50 et Niacinamide.","og_url":"https:\/\/www.pressensa.shop\/fr\/produit\/exfoliante-acido-glicolico-12\/","og_site_name":"Pressensa","article_modified_time":"2025-12-02T08:38:29+00:00","og_image":[{"width":1920,"height":1920,"url":"https:\/\/www.pressensa.shop\/wp-content\/uploads\/2022\/07\/EXFOLIGHT-GRANDE-1-1.jpg","type":"image\/jpeg"}],"twitter_card":"summary_large_image","schema":{"@context":"https:\/\/schema.org","@graph":[{"@type":"WebPage","@id":"https:\/\/www.pressensa.shop\/fr\/produit\/exfoliante-acido-glicolico-12\/","url":"https:\/\/www.pressensa.shop\/fr\/produit\/exfoliante-acido-glicolico-12\/","name":"Exfolight- Peeling d'acide glycolique et hydroxy-acides organiques","isPartOf":{"@id":"https:\/\/www.pressensa.shop\/fr\/#website"},"primaryImageOfPage":{"@id":"https:\/\/www.pressensa.shop\/fr\/produit\/exfoliante-acido-glicolico-12\/#primaryimage"},"image":{"@id":"https:\/\/www.pressensa.shop\/fr\/produit\/exfoliante-acido-glicolico-12\/#primaryimage"},"thumbnailUrl":"https:\/\/www.pressensa.shop\/wp-content\/uploads\/2022\/07\/EXFOLIGHT-GRANDE-1-1.jpg","datePublished":"2022-07-21T11:56:14+00:00","dateModified":"2025-12-02T08:38:29+00:00","description":"Peeling visage non agressif. Formul\u00e9 avec le exact concentration d\u2019acide glycolique Acide glycolique 12% Pronalen AHA 50 et Niacinamide.","breadcrumb":{"@id":"https:\/\/www.pressensa.shop\/fr\/produit\/exfoliante-acido-glicolico-12\/#breadcrumb"},"inLanguage":"fr-FR","potentialAction":[{"@type":"ReadAction","target":["https:\/\/www.pressensa.shop\/fr\/produit\/exfoliante-acido-glicolico-12\/"]}]},{"@type":"ImageObject","inLanguage":"fr-FR","@id":"https:\/\/www.pressensa.shop\/fr\/produit\/exfoliante-acido-glicolico-12\/#primaryimage","url":"https:\/\/www.pressensa.shop\/wp-content\/uploads\/2022\/07\/EXFOLIGHT-GRANDE-1-1.jpg","contentUrl":"https:\/\/www.pressensa.shop\/wp-content\/uploads\/2022\/07\/EXFOLIGHT-GRANDE-1-1.jpg","width":1920,"height":1920},{"@type":"BreadcrumbList","@id":"https:\/\/www.pressensa.shop\/fr\/produit\/exfoliante-acido-glicolico-12\/#breadcrumb","itemListElement":[{"@type":"ListItem","position":1,"name":"Portada","item":"https:\/\/www.pressensa.shop\/fr\/"},{"@type":"ListItem","position":2,"name":"Boutique","item":"https:\/\/www.pressensa.shop\/fr\/boutique\/"},{"@type":"ListItem","position":3,"name":"ExfoLight"}]},{"@type":"WebSite","@id":"https:\/\/www.pressensa.shop\/fr\/#website","url":"https:\/\/www.pressensa.shop\/fr\/","name":"Pressensa","description":"fabricante de productos de dermocosmetica, estetica y medicina est\u00e9tica.","publisher":{"@id":"https:\/\/www.pressensa.shop\/fr\/#organization"},"potentialAction":[{"@type":"SearchAction","target":{"@type":"EntryPoint","urlTemplate":"https:\/\/www.pressensa.shop\/fr\/?s={search_term_string}"},"query-input":{"@type":"PropertyValueSpecification","valueRequired":true,"valueName":"search_term_string"}}],"inLanguage":"fr-FR"},{"@type":"Organization","@id":"https:\/\/www.pressensa.shop\/fr\/#organization","name":"Pressensa","url":"https:\/\/www.pressensa.shop\/fr\/","logo":{"@type":"ImageObject","inLanguage":"fr-FR","@id":"https:\/\/www.pressensa.shop\/fr\/#\/schema\/logo\/image\/","url":"https:\/\/www.pressensa.shop\/wp-content\/uploads\/2022\/06\/Recurso-24.png","contentUrl":"https:\/\/www.pressensa.shop\/wp-content\/uploads\/2022\/06\/Recurso-24.png","width":281,"height":131,"caption":"Pressensa"},"image":{"@id":"https:\/\/www.pressensa.shop\/fr\/#\/schema\/logo\/image\/"}}]}},"_links":{"self":[{"href":"https:\/\/www.pressensa.shop\/fr\/wp-json\/wp\/v2\/product\/5187","targetHints":{"allow":["GET"]}}],"collection":[{"href":"https:\/\/www.pressensa.shop\/fr\/wp-json\/wp\/v2\/product"}],"about":[{"href":"https:\/\/www.pressensa.shop\/fr\/wp-json\/wp\/v2\/types\/product"}],"replies":[{"embeddable":true,"href":"https:\/\/www.pressensa.shop\/fr\/wp-json\/wp\/v2\/comments?post=5187"}],"version-history":[{"count":0,"href":"https:\/\/www.pressensa.shop\/fr\/wp-json\/wp\/v2\/product\/5187\/revisions"}],"wp:featuredmedia":[{"embeddable":true,"href":"https:\/\/www.pressensa.shop\/fr\/wp-json\/wp\/v2\/media\/21252"}],"wp:attachment":[{"href":"https:\/\/www.pressensa.shop\/fr\/wp-json\/wp\/v2\/media?parent=5187"}],"wp:term":[{"taxonomy":"product_brand","embeddable":true,"href":"https:\/\/www.pressensa.shop\/fr\/wp-json\/wp\/v2\/product_brand?post=5187"},{"taxonomy":"product_cat","embeddable":true,"href":"https:\/\/www.pressensa.shop\/fr\/wp-json\/wp\/v2\/product_cat?post=5187"},{"taxonomy":"product_tag","embeddable":true,"href":"https:\/\/www.pressensa.shop\/fr\/wp-json\/wp\/v2\/product_tag?post=5187"}],"curies":[{"name":"wp","href":"https:\/\/api.w.org\/{rel}","templated":true}]}}