{"id":5201,"date":"2022-07-21T13:44:49","date_gmt":"2022-07-21T11:44:49","guid":{"rendered":"https:\/\/www.presensa.com\/producto\/defencextra\/"},"modified":"2026-01-28T13:40:03","modified_gmt":"2026-01-28T12:40:03","slug":"defencextra-2","status":"publish","type":"product","link":"https:\/\/www.pressensa.shop\/fr\/produit\/defencextra-2\/","title":{"rendered":"DefencExtra"},"content":{"rendered":"<p><strong>Composants :<\/strong><br \/>\nEXTRAIT D\u2019ALOE VERA,<br \/>\nEXTRAIT DE CAMOMILLE,<br \/>\nSuncat MTA<br \/>\nHYALURONATE DE SODIUM<\/p>\n<p>Disponible en deux tailles<\/p>\n","protected":false},"excerpt":{"rendered":"<h1>DefencExtra 80 SPF est une cr\u00e8me solaire<\/h1>\n<p>DefencExtra 80 SPF est une cr\u00e8me solaire de tr\u00e8s haute protection. Con\u00e7u pour une<strong>absorption rapide<\/strong> <strong>et facile sans laisser de r\u00e9sidu blanc<\/strong>. Nous avons formul\u00e9 DefencExtra pour prot\u00e9ger la peau du rayonnement solaire, de la mer et de la montagne ; bloquer l&rsquo;incidence des rayons solaires et \u00e9viter les processus de photosensibilisation. De plus, elle n&rsquo;est pas du<strong>tout grasse ni collante,<\/strong> elle est absorb\u00e9e instantan\u00e9ment sans laisser de r\u00e9sidu de produit ni de taches blanches, laissant une peau soyeuse et lisse que vous aurez envie de caresser.<\/p>\n<blockquote><p>Est id\u00e9ale utiliser protection solaire apr\u00e8s de traitements agressifs pour la peau comment il peut \u00e9tait le peeling. Nous avons formul\u00e9 cette \u00e9mulsion en pensant \u00e0 le parfaite fini pour les traitements \u00e0 cabine et la protection post\u00e9rieur \u00e0 sortir de la clinique.<\/p><\/blockquote>\n<h3>Pressensa 80 SPF contient :<\/h3>\n<p><strong>EXTRAIT D&rsquo;ALOE VERA :<\/strong>Il a une action hydratante et adoucissante sur la peau gr\u00e2ce \u00e0 sa capacit\u00e9 \u00e0 retenir les mol\u00e9cules d&rsquo;eau.<\/p>\n<p><strong>EXTRAIT DE CAMOMILLE<\/strong>: Il a une activit\u00e9 <strong>anti-inflammatoire<\/strong>tr\u00e8s importante, procurant un effet calmant au moment de l&rsquo;application. Elle poss\u00e8de \u00e9galement des propri\u00e9t\u00e9s antiseptiques et <strong>antioxydantes pour<\/strong> lutter contre le vieillissement cutan\u00e9 pr\u00e9matur\u00e9.<\/p>\n<p><strong>SUNCAT MTA<\/strong> &#8211; \u00c9crans solaires de <strong>derni\u00e8re g\u00e9n\u00e9ration<\/strong> qui offrent une protection s\u00fbre, efficace et durable contre les dommages caus\u00e9s par les rayons <strong>UVA\/UVB<\/strong><\/p>\n<p><strong>HYALURONATE DE SODIUM<\/strong>: Gr\u00e2ce \u00e0 son faible poids mol\u00e9culaire lorsqu&rsquo;il est appliqu\u00e9 par voie topique, il p\u00e9n\u00e8tre profond\u00e9ment dans le derme pour retenir et attirer l&rsquo;eau.<\/p>\n","protected":false},"featured_media":23424,"comment_status":"open","ping_status":"closed","template":"","meta":[],"product_brand":[],"product_cat":[72],"product_tag":[],"class_list":{"0":"post-5201","1":"product","2":"type-product","3":"status-publish","4":"has-post-thumbnail","6":"product_cat-professionnelle","7":"pa_tamano-250ml-fr","8":"pa_tamano-50ml-fr","9":"pa_tamano-spray-200ml-fr","11":"first","12":"instock","13":"taxable","14":"shipping-taxable","15":"purchasable","16":"product-type-variable"},"yoast_head":"<!-- This site is optimized with the Yoast SEO plugin v27.4 - https:\/\/yoast.com\/product\/yoast-seo-wordpress\/ -->\n<title>Acheter creme solaire haute protection 80 spf<\/title>\n<meta name=\"description\" content=\"Cr\u00e8me solaire pour le visage 80 SPF . pour les soins apr\u00e8s-esth\u00e9tiques en cabine tels que le peeling.\" \/>\n<meta name=\"robots\" content=\"index, follow, max-snippet:-1, max-image-preview:large, max-video-preview:-1\" \/>\n<link rel=\"canonical\" href=\"https:\/\/www.pressensa.shop\/fr\/produit\/defencextra-2\/\" \/>\n<meta property=\"og:locale\" content=\"fr_FR\" \/>\n<meta property=\"og:type\" content=\"article\" \/>\n<meta property=\"og:title\" content=\"Acheter creme solaire haute protection 80 spf\" \/>\n<meta property=\"og:description\" content=\"Cr\u00e8me solaire pour le visage 80 SPF . pour les soins apr\u00e8s-esth\u00e9tiques en cabine tels que le peeling.\" \/>\n<meta property=\"og:url\" content=\"https:\/\/www.pressensa.shop\/fr\/produit\/defencextra-2\/\" \/>\n<meta property=\"og:site_name\" content=\"Pressensa\" \/>\n<meta property=\"article:modified_time\" content=\"2026-01-28T12:40:03+00:00\" \/>\n<meta property=\"og:image\" content=\"https:\/\/www.pressensa.shop\/wp-content\/uploads\/2022\/07\/DEFENCEXTRA-GRANDE-1.jpg\" \/>\n\t<meta property=\"og:image:width\" content=\"1920\" \/>\n\t<meta property=\"og:image:height\" content=\"1920\" \/>\n\t<meta property=\"og:image:type\" content=\"image\/jpeg\" \/>\n<meta name=\"twitter:card\" content=\"summary_large_image\" \/>\n<script type=\"application\/ld+json\" class=\"yoast-schema-graph\">{\"@context\":\"https:\\\/\\\/schema.org\",\"@graph\":[{\"@type\":\"WebPage\",\"@id\":\"https:\\\/\\\/www.pressensa.shop\\\/fr\\\/produit\\\/defencextra-2\\\/\",\"url\":\"https:\\\/\\\/www.pressensa.shop\\\/fr\\\/produit\\\/defencextra-2\\\/\",\"name\":\"Acheter creme solaire haute protection 80 spf\",\"isPartOf\":{\"@id\":\"https:\\\/\\\/www.pressensa.shop\\\/fr\\\/#website\"},\"primaryImageOfPage\":{\"@id\":\"https:\\\/\\\/www.pressensa.shop\\\/fr\\\/produit\\\/defencextra-2\\\/#primaryimage\"},\"image\":{\"@id\":\"https:\\\/\\\/www.pressensa.shop\\\/fr\\\/produit\\\/defencextra-2\\\/#primaryimage\"},\"thumbnailUrl\":\"https:\\\/\\\/www.pressensa.shop\\\/wp-content\\\/uploads\\\/2022\\\/07\\\/DEFENCEXTRA-GRANDE.webp\",\"datePublished\":\"2022-07-21T11:44:49+00:00\",\"dateModified\":\"2026-01-28T12:40:03+00:00\",\"description\":\"Cr\u00e8me solaire pour le visage 80 SPF . pour les soins apr\u00e8s-esth\u00e9tiques en cabine tels que le peeling.\",\"breadcrumb\":{\"@id\":\"https:\\\/\\\/www.pressensa.shop\\\/fr\\\/produit\\\/defencextra-2\\\/#breadcrumb\"},\"inLanguage\":\"fr-FR\",\"potentialAction\":[{\"@type\":\"ReadAction\",\"target\":[\"https:\\\/\\\/www.pressensa.shop\\\/fr\\\/produit\\\/defencextra-2\\\/\"]}]},{\"@type\":\"ImageObject\",\"inLanguage\":\"fr-FR\",\"@id\":\"https:\\\/\\\/www.pressensa.shop\\\/fr\\\/produit\\\/defencextra-2\\\/#primaryimage\",\"url\":\"https:\\\/\\\/www.pressensa.shop\\\/wp-content\\\/uploads\\\/2022\\\/07\\\/DEFENCEXTRA-GRANDE.webp\",\"contentUrl\":\"https:\\\/\\\/www.pressensa.shop\\\/wp-content\\\/uploads\\\/2022\\\/07\\\/DEFENCEXTRA-GRANDE.webp\",\"width\":2160,\"height\":2160},{\"@type\":\"BreadcrumbList\",\"@id\":\"https:\\\/\\\/www.pressensa.shop\\\/fr\\\/produit\\\/defencextra-2\\\/#breadcrumb\",\"itemListElement\":[{\"@type\":\"ListItem\",\"position\":1,\"name\":\"Portada\",\"item\":\"https:\\\/\\\/www.pressensa.shop\\\/fr\\\/\"},{\"@type\":\"ListItem\",\"position\":2,\"name\":\"Boutique\",\"item\":\"https:\\\/\\\/www.pressensa.shop\\\/fr\\\/boutique\\\/\"},{\"@type\":\"ListItem\",\"position\":3,\"name\":\"DefencExtra\"}]},{\"@type\":\"WebSite\",\"@id\":\"https:\\\/\\\/www.pressensa.shop\\\/fr\\\/#website\",\"url\":\"https:\\\/\\\/www.pressensa.shop\\\/fr\\\/\",\"name\":\"Pressensa\",\"description\":\"fabricante de productos de dermocosmetica, estetica y medicina est\u00e9tica.\",\"publisher\":{\"@id\":\"https:\\\/\\\/www.pressensa.shop\\\/fr\\\/#organization\"},\"potentialAction\":[{\"@type\":\"SearchAction\",\"target\":{\"@type\":\"EntryPoint\",\"urlTemplate\":\"https:\\\/\\\/www.pressensa.shop\\\/fr\\\/?s={search_term_string}\"},\"query-input\":{\"@type\":\"PropertyValueSpecification\",\"valueRequired\":true,\"valueName\":\"search_term_string\"}}],\"inLanguage\":\"fr-FR\"},{\"@type\":\"Organization\",\"@id\":\"https:\\\/\\\/www.pressensa.shop\\\/fr\\\/#organization\",\"name\":\"Pressensa\",\"url\":\"https:\\\/\\\/www.pressensa.shop\\\/fr\\\/\",\"logo\":{\"@type\":\"ImageObject\",\"inLanguage\":\"fr-FR\",\"@id\":\"https:\\\/\\\/www.pressensa.shop\\\/fr\\\/#\\\/schema\\\/logo\\\/image\\\/\",\"url\":\"https:\\\/\\\/www.pressensa.shop\\\/wp-content\\\/uploads\\\/2022\\\/06\\\/Recurso-24.png\",\"contentUrl\":\"https:\\\/\\\/www.pressensa.shop\\\/wp-content\\\/uploads\\\/2022\\\/06\\\/Recurso-24.png\",\"width\":281,\"height\":131,\"caption\":\"Pressensa\"},\"image\":{\"@id\":\"https:\\\/\\\/www.pressensa.shop\\\/fr\\\/#\\\/schema\\\/logo\\\/image\\\/\"}}]}<\/script>\n<!-- \/ Yoast SEO plugin. -->","yoast_head_json":{"title":"Acheter creme solaire haute protection 80 spf","description":"Cr\u00e8me solaire pour le visage 80 SPF . pour les soins apr\u00e8s-esth\u00e9tiques en cabine tels que le peeling.","robots":{"index":"index","follow":"follow","max-snippet":"max-snippet:-1","max-image-preview":"max-image-preview:large","max-video-preview":"max-video-preview:-1"},"canonical":"https:\/\/www.pressensa.shop\/fr\/produit\/defencextra-2\/","og_locale":"fr_FR","og_type":"article","og_title":"Acheter creme solaire haute protection 80 spf","og_description":"Cr\u00e8me solaire pour le visage 80 SPF . pour les soins apr\u00e8s-esth\u00e9tiques en cabine tels que le peeling.","og_url":"https:\/\/www.pressensa.shop\/fr\/produit\/defencextra-2\/","og_site_name":"Pressensa","article_modified_time":"2026-01-28T12:40:03+00:00","og_image":[{"width":1920,"height":1920,"url":"https:\/\/www.pressensa.shop\/wp-content\/uploads\/2022\/07\/DEFENCEXTRA-GRANDE-1.jpg","type":"image\/jpeg"}],"twitter_card":"summary_large_image","schema":{"@context":"https:\/\/schema.org","@graph":[{"@type":"WebPage","@id":"https:\/\/www.pressensa.shop\/fr\/produit\/defencextra-2\/","url":"https:\/\/www.pressensa.shop\/fr\/produit\/defencextra-2\/","name":"Acheter creme solaire haute protection 80 spf","isPartOf":{"@id":"https:\/\/www.pressensa.shop\/fr\/#website"},"primaryImageOfPage":{"@id":"https:\/\/www.pressensa.shop\/fr\/produit\/defencextra-2\/#primaryimage"},"image":{"@id":"https:\/\/www.pressensa.shop\/fr\/produit\/defencextra-2\/#primaryimage"},"thumbnailUrl":"https:\/\/www.pressensa.shop\/wp-content\/uploads\/2022\/07\/DEFENCEXTRA-GRANDE.webp","datePublished":"2022-07-21T11:44:49+00:00","dateModified":"2026-01-28T12:40:03+00:00","description":"Cr\u00e8me solaire pour le visage 80 SPF . pour les soins apr\u00e8s-esth\u00e9tiques en cabine tels que le peeling.","breadcrumb":{"@id":"https:\/\/www.pressensa.shop\/fr\/produit\/defencextra-2\/#breadcrumb"},"inLanguage":"fr-FR","potentialAction":[{"@type":"ReadAction","target":["https:\/\/www.pressensa.shop\/fr\/produit\/defencextra-2\/"]}]},{"@type":"ImageObject","inLanguage":"fr-FR","@id":"https:\/\/www.pressensa.shop\/fr\/produit\/defencextra-2\/#primaryimage","url":"https:\/\/www.pressensa.shop\/wp-content\/uploads\/2022\/07\/DEFENCEXTRA-GRANDE.webp","contentUrl":"https:\/\/www.pressensa.shop\/wp-content\/uploads\/2022\/07\/DEFENCEXTRA-GRANDE.webp","width":2160,"height":2160},{"@type":"BreadcrumbList","@id":"https:\/\/www.pressensa.shop\/fr\/produit\/defencextra-2\/#breadcrumb","itemListElement":[{"@type":"ListItem","position":1,"name":"Portada","item":"https:\/\/www.pressensa.shop\/fr\/"},{"@type":"ListItem","position":2,"name":"Boutique","item":"https:\/\/www.pressensa.shop\/fr\/boutique\/"},{"@type":"ListItem","position":3,"name":"DefencExtra"}]},{"@type":"WebSite","@id":"https:\/\/www.pressensa.shop\/fr\/#website","url":"https:\/\/www.pressensa.shop\/fr\/","name":"Pressensa","description":"fabricante de productos de dermocosmetica, estetica y medicina est\u00e9tica.","publisher":{"@id":"https:\/\/www.pressensa.shop\/fr\/#organization"},"potentialAction":[{"@type":"SearchAction","target":{"@type":"EntryPoint","urlTemplate":"https:\/\/www.pressensa.shop\/fr\/?s={search_term_string}"},"query-input":{"@type":"PropertyValueSpecification","valueRequired":true,"valueName":"search_term_string"}}],"inLanguage":"fr-FR"},{"@type":"Organization","@id":"https:\/\/www.pressensa.shop\/fr\/#organization","name":"Pressensa","url":"https:\/\/www.pressensa.shop\/fr\/","logo":{"@type":"ImageObject","inLanguage":"fr-FR","@id":"https:\/\/www.pressensa.shop\/fr\/#\/schema\/logo\/image\/","url":"https:\/\/www.pressensa.shop\/wp-content\/uploads\/2022\/06\/Recurso-24.png","contentUrl":"https:\/\/www.pressensa.shop\/wp-content\/uploads\/2022\/06\/Recurso-24.png","width":281,"height":131,"caption":"Pressensa"},"image":{"@id":"https:\/\/www.pressensa.shop\/fr\/#\/schema\/logo\/image\/"}}]}},"_links":{"self":[{"href":"https:\/\/www.pressensa.shop\/fr\/wp-json\/wp\/v2\/product\/5201","targetHints":{"allow":["GET"]}}],"collection":[{"href":"https:\/\/www.pressensa.shop\/fr\/wp-json\/wp\/v2\/product"}],"about":[{"href":"https:\/\/www.pressensa.shop\/fr\/wp-json\/wp\/v2\/types\/product"}],"replies":[{"embeddable":true,"href":"https:\/\/www.pressensa.shop\/fr\/wp-json\/wp\/v2\/comments?post=5201"}],"version-history":[{"count":0,"href":"https:\/\/www.pressensa.shop\/fr\/wp-json\/wp\/v2\/product\/5201\/revisions"}],"wp:featuredmedia":[{"embeddable":true,"href":"https:\/\/www.pressensa.shop\/fr\/wp-json\/wp\/v2\/media\/23424"}],"wp:attachment":[{"href":"https:\/\/www.pressensa.shop\/fr\/wp-json\/wp\/v2\/media?parent=5201"}],"wp:term":[{"taxonomy":"product_brand","embeddable":true,"href":"https:\/\/www.pressensa.shop\/fr\/wp-json\/wp\/v2\/product_brand?post=5201"},{"taxonomy":"product_cat","embeddable":true,"href":"https:\/\/www.pressensa.shop\/fr\/wp-json\/wp\/v2\/product_cat?post=5201"},{"taxonomy":"product_tag","embeddable":true,"href":"https:\/\/www.pressensa.shop\/fr\/wp-json\/wp\/v2\/product_tag?post=5201"}],"curies":[{"name":"wp","href":"https:\/\/api.w.org\/{rel}","templated":true}]}}