{"id":5222,"date":"2022-07-21T13:10:09","date_gmt":"2022-07-21T11:10:09","guid":{"rendered":"https:\/\/www.presensa.com\/producto\/acnoless\/"},"modified":"2026-04-22T13:51:51","modified_gmt":"2026-04-22T11:51:51","slug":"gel-antiacne","status":"publish","type":"product","link":"https:\/\/www.pressensa.shop\/fr\/produit\/gel-antiacne\/","title":{"rendered":"AcnoLess"},"content":{"rendered":"<p><strong>Compossants : <\/strong><\/p>\n<h3>CytobiolTM Iris A2<\/h3>\n<h3>Citrustem TM<\/h3>\n<h3>EXTRAIT DE BOULEAU,<\/h3>\n<h3>EXTRAIT DE SOUCI,<\/h3>\n<h3>EXTRAIT D\u2019ALOE VERA,<\/h3>\n<h3>EXTRAIT DE CAMOMILLE,<\/h3>\n<h3>HYGROPLEX<\/h3>\n<p>&nbsp;<\/p>\n<p>Disponible en deux tailles<\/p>\n","protected":false},"excerpt":{"rendered":"<h2>Gel-cr\u00e8me contre l&rsquo;acn\u00e9<\/h2>\n<p>Acnoless est un gel-cr\u00e8me con\u00e7u pour aider \u00e0 combattre l&rsquo;acn\u00e9 du visage ; taches; les \u00e9ruptions cutan\u00e9es et les imperfections que l&rsquo;acn\u00e9 laisse sur la peau.<\/p>\n<p><strong>Prix \u200b\u200br\u00e9duit sur le grand format ! Produit bient\u00f4t p\u00e9rim\u00e9.  31\/11\/2026<\/strong><\/p>\n<p>Sa formule, riche en actifs sp\u00e9cifiques pour traiter l&rsquo;acn\u00e9, tels que l&rsquo;extrait d&rsquo;iris, la vitamine A et le zinc, a \u00e9t\u00e9 cliniquement prouv\u00e9e pour purifier la peau, minimiser les pores et r\u00e9duire les imperfections cutan\u00e9es.<\/p>\n<h3>Pour les peaux acn\u00e9iques et mixtes<\/h3>\n<p>Ce gel-cr\u00e8me aide \u00e0 r\u00e9duire les imperfections, matifie les peaux grasses et aide \u00e0 stopper l&rsquo;apparition des com\u00e9dons. C&rsquo;est un traitement id\u00e9al pour laisser une peau uniforme; mat, avec moins de brillance et sans imperfections.<\/p>\n<p>AcnoLess est rapidement absorb\u00e9 et ne laisse aucun r\u00e9sidu gras.<\/p>\n","protected":false},"featured_media":23463,"comment_status":"open","ping_status":"closed","template":"","meta":[],"product_brand":[],"product_cat":[72],"product_tag":[],"class_list":{"0":"post-5222","1":"product","2":"type-product","3":"status-publish","4":"has-post-thumbnail","6":"product_cat-professionnelle","7":"pa_tamano-250ml-fr","8":"pa_tamano-30ml-fr","10":"first","11":"instock","12":"sale","13":"taxable","14":"shipping-taxable","15":"purchasable","16":"product-type-variable"},"yoast_head":"<!-- This site is optimized with the Yoast SEO plugin v27.4 - https:\/\/yoast.com\/product\/yoast-seo-wordpress\/ -->\n<title>Acheter cr\u00e8me-gel anti acne pour peaux grasses<\/title>\n<meta name=\"description\" content=\"Gel cr\u00e8me pour l&#039;acn\u00e9. Traitement pour l&#039;acn\u00e9 et les peaux mixtes qui purifie la peau, minimise les pores et r\u00e9duit les imperfections cutan\u00e9es. vitamine A et le zinc 250ml\" \/>\n<meta name=\"robots\" content=\"noindex, nofollow\" \/>\n<meta property=\"og:locale\" content=\"fr_FR\" \/>\n<meta property=\"og:type\" content=\"article\" \/>\n<meta property=\"og:title\" content=\"Acheter cr\u00e8me-gel anti acne pour peaux grasses\" \/>\n<meta property=\"og:description\" content=\"Gel cr\u00e8me pour l&#039;acn\u00e9. Traitement pour l&#039;acn\u00e9 et les peaux mixtes qui purifie la peau, minimise les pores et r\u00e9duit les imperfections cutan\u00e9es. vitamine A et le zinc 250ml\" \/>\n<meta property=\"og:url\" content=\"https:\/\/www.pressensa.shop\/fr\/produit\/gel-antiacne\/\" \/>\n<meta property=\"og:site_name\" content=\"Pressensa\" \/>\n<meta property=\"article:modified_time\" content=\"2026-04-22T11:51:51+00:00\" \/>\n<meta property=\"og:image\" content=\"https:\/\/www.pressensa.shop\/wp-content\/uploads\/2022\/07\/ACNOLESS-GRANDE.webp\" \/>\n\t<meta property=\"og:image:width\" content=\"2160\" \/>\n\t<meta property=\"og:image:height\" content=\"2160\" \/>\n\t<meta property=\"og:image:type\" content=\"image\/webp\" \/>\n<meta name=\"twitter:card\" content=\"summary_large_image\" \/>\n<script type=\"application\/ld+json\" class=\"yoast-schema-graph\">{\"@context\":\"https:\\\/\\\/schema.org\",\"@graph\":[{\"@type\":\"WebPage\",\"@id\":\"https:\\\/\\\/www.pressensa.shop\\\/fr\\\/produit\\\/gel-antiacne\\\/\",\"url\":\"https:\\\/\\\/www.pressensa.shop\\\/fr\\\/produit\\\/gel-antiacne\\\/\",\"name\":\"Acheter cr\u00e8me-gel anti acne pour peaux grasses\",\"isPartOf\":{\"@id\":\"https:\\\/\\\/www.pressensa.shop\\\/fr\\\/#website\"},\"primaryImageOfPage\":{\"@id\":\"https:\\\/\\\/www.pressensa.shop\\\/fr\\\/produit\\\/gel-antiacne\\\/#primaryimage\"},\"image\":{\"@id\":\"https:\\\/\\\/www.pressensa.shop\\\/fr\\\/produit\\\/gel-antiacne\\\/#primaryimage\"},\"thumbnailUrl\":\"https:\\\/\\\/www.pressensa.shop\\\/wp-content\\\/uploads\\\/2022\\\/07\\\/ACNOLESS-GRANDE.webp\",\"datePublished\":\"2022-07-21T11:10:09+00:00\",\"dateModified\":\"2026-04-22T11:51:51+00:00\",\"description\":\"Gel cr\u00e8me pour l'acn\u00e9. Traitement pour l'acn\u00e9 et les peaux mixtes qui purifie la peau, minimise les pores et r\u00e9duit les imperfections cutan\u00e9es. vitamine A et le zinc 250ml\",\"breadcrumb\":{\"@id\":\"https:\\\/\\\/www.pressensa.shop\\\/fr\\\/produit\\\/gel-antiacne\\\/#breadcrumb\"},\"inLanguage\":\"fr-FR\",\"potentialAction\":[{\"@type\":\"ReadAction\",\"target\":[\"https:\\\/\\\/www.pressensa.shop\\\/fr\\\/produit\\\/gel-antiacne\\\/\"]}]},{\"@type\":\"ImageObject\",\"inLanguage\":\"fr-FR\",\"@id\":\"https:\\\/\\\/www.pressensa.shop\\\/fr\\\/produit\\\/gel-antiacne\\\/#primaryimage\",\"url\":\"https:\\\/\\\/www.pressensa.shop\\\/wp-content\\\/uploads\\\/2022\\\/07\\\/ACNOLESS-GRANDE.webp\",\"contentUrl\":\"https:\\\/\\\/www.pressensa.shop\\\/wp-content\\\/uploads\\\/2022\\\/07\\\/ACNOLESS-GRANDE.webp\",\"width\":2160,\"height\":2160},{\"@type\":\"BreadcrumbList\",\"@id\":\"https:\\\/\\\/www.pressensa.shop\\\/fr\\\/produit\\\/gel-antiacne\\\/#breadcrumb\",\"itemListElement\":[{\"@type\":\"ListItem\",\"position\":1,\"name\":\"Portada\",\"item\":\"https:\\\/\\\/www.pressensa.shop\\\/fr\\\/\"},{\"@type\":\"ListItem\",\"position\":2,\"name\":\"Boutique\",\"item\":\"https:\\\/\\\/www.pressensa.shop\\\/fr\\\/boutique\\\/\"},{\"@type\":\"ListItem\",\"position\":3,\"name\":\"AcnoLess\"}]},{\"@type\":\"WebSite\",\"@id\":\"https:\\\/\\\/www.pressensa.shop\\\/fr\\\/#website\",\"url\":\"https:\\\/\\\/www.pressensa.shop\\\/fr\\\/\",\"name\":\"Pressensa\",\"description\":\"fabricante de productos de dermocosmetica, estetica y medicina est\u00e9tica.\",\"publisher\":{\"@id\":\"https:\\\/\\\/www.pressensa.shop\\\/fr\\\/#organization\"},\"potentialAction\":[{\"@type\":\"SearchAction\",\"target\":{\"@type\":\"EntryPoint\",\"urlTemplate\":\"https:\\\/\\\/www.pressensa.shop\\\/fr\\\/?s={search_term_string}\"},\"query-input\":{\"@type\":\"PropertyValueSpecification\",\"valueRequired\":true,\"valueName\":\"search_term_string\"}}],\"inLanguage\":\"fr-FR\"},{\"@type\":\"Organization\",\"@id\":\"https:\\\/\\\/www.pressensa.shop\\\/fr\\\/#organization\",\"name\":\"Pressensa\",\"url\":\"https:\\\/\\\/www.pressensa.shop\\\/fr\\\/\",\"logo\":{\"@type\":\"ImageObject\",\"inLanguage\":\"fr-FR\",\"@id\":\"https:\\\/\\\/www.pressensa.shop\\\/fr\\\/#\\\/schema\\\/logo\\\/image\\\/\",\"url\":\"https:\\\/\\\/www.pressensa.shop\\\/wp-content\\\/uploads\\\/2022\\\/06\\\/Recurso-24.png\",\"contentUrl\":\"https:\\\/\\\/www.pressensa.shop\\\/wp-content\\\/uploads\\\/2022\\\/06\\\/Recurso-24.png\",\"width\":281,\"height\":131,\"caption\":\"Pressensa\"},\"image\":{\"@id\":\"https:\\\/\\\/www.pressensa.shop\\\/fr\\\/#\\\/schema\\\/logo\\\/image\\\/\"}}]}<\/script>\n<!-- \/ Yoast SEO plugin. -->","yoast_head_json":{"title":"Acheter cr\u00e8me-gel anti acne pour peaux grasses","description":"Gel cr\u00e8me pour l'acn\u00e9. Traitement pour l'acn\u00e9 et les peaux mixtes qui purifie la peau, minimise les pores et r\u00e9duit les imperfections cutan\u00e9es. vitamine A et le zinc 250ml","robots":{"index":"noindex","follow":"nofollow"},"og_locale":"fr_FR","og_type":"article","og_title":"Acheter cr\u00e8me-gel anti acne pour peaux grasses","og_description":"Gel cr\u00e8me pour l'acn\u00e9. Traitement pour l'acn\u00e9 et les peaux mixtes qui purifie la peau, minimise les pores et r\u00e9duit les imperfections cutan\u00e9es. vitamine A et le zinc 250ml","og_url":"https:\/\/www.pressensa.shop\/fr\/produit\/gel-antiacne\/","og_site_name":"Pressensa","article_modified_time":"2026-04-22T11:51:51+00:00","og_image":[{"width":2160,"height":2160,"url":"https:\/\/www.pressensa.shop\/wp-content\/uploads\/2022\/07\/ACNOLESS-GRANDE.webp","type":"image\/webp"}],"twitter_card":"summary_large_image","schema":{"@context":"https:\/\/schema.org","@graph":[{"@type":"WebPage","@id":"https:\/\/www.pressensa.shop\/fr\/produit\/gel-antiacne\/","url":"https:\/\/www.pressensa.shop\/fr\/produit\/gel-antiacne\/","name":"Acheter cr\u00e8me-gel anti acne pour peaux grasses","isPartOf":{"@id":"https:\/\/www.pressensa.shop\/fr\/#website"},"primaryImageOfPage":{"@id":"https:\/\/www.pressensa.shop\/fr\/produit\/gel-antiacne\/#primaryimage"},"image":{"@id":"https:\/\/www.pressensa.shop\/fr\/produit\/gel-antiacne\/#primaryimage"},"thumbnailUrl":"https:\/\/www.pressensa.shop\/wp-content\/uploads\/2022\/07\/ACNOLESS-GRANDE.webp","datePublished":"2022-07-21T11:10:09+00:00","dateModified":"2026-04-22T11:51:51+00:00","description":"Gel cr\u00e8me pour l'acn\u00e9. Traitement pour l'acn\u00e9 et les peaux mixtes qui purifie la peau, minimise les pores et r\u00e9duit les imperfections cutan\u00e9es. vitamine A et le zinc 250ml","breadcrumb":{"@id":"https:\/\/www.pressensa.shop\/fr\/produit\/gel-antiacne\/#breadcrumb"},"inLanguage":"fr-FR","potentialAction":[{"@type":"ReadAction","target":["https:\/\/www.pressensa.shop\/fr\/produit\/gel-antiacne\/"]}]},{"@type":"ImageObject","inLanguage":"fr-FR","@id":"https:\/\/www.pressensa.shop\/fr\/produit\/gel-antiacne\/#primaryimage","url":"https:\/\/www.pressensa.shop\/wp-content\/uploads\/2022\/07\/ACNOLESS-GRANDE.webp","contentUrl":"https:\/\/www.pressensa.shop\/wp-content\/uploads\/2022\/07\/ACNOLESS-GRANDE.webp","width":2160,"height":2160},{"@type":"BreadcrumbList","@id":"https:\/\/www.pressensa.shop\/fr\/produit\/gel-antiacne\/#breadcrumb","itemListElement":[{"@type":"ListItem","position":1,"name":"Portada","item":"https:\/\/www.pressensa.shop\/fr\/"},{"@type":"ListItem","position":2,"name":"Boutique","item":"https:\/\/www.pressensa.shop\/fr\/boutique\/"},{"@type":"ListItem","position":3,"name":"AcnoLess"}]},{"@type":"WebSite","@id":"https:\/\/www.pressensa.shop\/fr\/#website","url":"https:\/\/www.pressensa.shop\/fr\/","name":"Pressensa","description":"fabricante de productos de dermocosmetica, estetica y medicina est\u00e9tica.","publisher":{"@id":"https:\/\/www.pressensa.shop\/fr\/#organization"},"potentialAction":[{"@type":"SearchAction","target":{"@type":"EntryPoint","urlTemplate":"https:\/\/www.pressensa.shop\/fr\/?s={search_term_string}"},"query-input":{"@type":"PropertyValueSpecification","valueRequired":true,"valueName":"search_term_string"}}],"inLanguage":"fr-FR"},{"@type":"Organization","@id":"https:\/\/www.pressensa.shop\/fr\/#organization","name":"Pressensa","url":"https:\/\/www.pressensa.shop\/fr\/","logo":{"@type":"ImageObject","inLanguage":"fr-FR","@id":"https:\/\/www.pressensa.shop\/fr\/#\/schema\/logo\/image\/","url":"https:\/\/www.pressensa.shop\/wp-content\/uploads\/2022\/06\/Recurso-24.png","contentUrl":"https:\/\/www.pressensa.shop\/wp-content\/uploads\/2022\/06\/Recurso-24.png","width":281,"height":131,"caption":"Pressensa"},"image":{"@id":"https:\/\/www.pressensa.shop\/fr\/#\/schema\/logo\/image\/"}}]}},"_links":{"self":[{"href":"https:\/\/www.pressensa.shop\/fr\/wp-json\/wp\/v2\/product\/5222","targetHints":{"allow":["GET"]}}],"collection":[{"href":"https:\/\/www.pressensa.shop\/fr\/wp-json\/wp\/v2\/product"}],"about":[{"href":"https:\/\/www.pressensa.shop\/fr\/wp-json\/wp\/v2\/types\/product"}],"replies":[{"embeddable":true,"href":"https:\/\/www.pressensa.shop\/fr\/wp-json\/wp\/v2\/comments?post=5222"}],"version-history":[{"count":0,"href":"https:\/\/www.pressensa.shop\/fr\/wp-json\/wp\/v2\/product\/5222\/revisions"}],"wp:featuredmedia":[{"embeddable":true,"href":"https:\/\/www.pressensa.shop\/fr\/wp-json\/wp\/v2\/media\/23463"}],"wp:attachment":[{"href":"https:\/\/www.pressensa.shop\/fr\/wp-json\/wp\/v2\/media?parent=5222"}],"wp:term":[{"taxonomy":"product_brand","embeddable":true,"href":"https:\/\/www.pressensa.shop\/fr\/wp-json\/wp\/v2\/product_brand?post=5222"},{"taxonomy":"product_cat","embeddable":true,"href":"https:\/\/www.pressensa.shop\/fr\/wp-json\/wp\/v2\/product_cat?post=5222"},{"taxonomy":"product_tag","embeddable":true,"href":"https:\/\/www.pressensa.shop\/fr\/wp-json\/wp\/v2\/product_tag?post=5222"}],"curies":[{"name":"wp","href":"https:\/\/api.w.org\/{rel}","templated":true}]}}