{"id":5426,"date":"2022-07-27T14:05:25","date_gmt":"2022-07-27T12:05:25","guid":{"rendered":"https:\/\/www.presensa.com\/producto\/astringent-250-ml\/"},"modified":"2026-03-19T15:40:53","modified_gmt":"2026-03-19T14:40:53","slug":"masque-absorbant-astringent","status":"publish","type":"product","link":"https:\/\/www.pressensa.shop\/fr\/produit\/masque-absorbant-astringent\/","title":{"rendered":"Astringent 250 ml"},"content":{"rendered":"<p><strong>Composants :<\/strong><\/p>\n<h3>Sulfate de Zinc<\/h3>\n<h3>Hamamelis extract<\/h3>\n<p><strong>Antioxidants: <\/strong><\/p>\n<h3>Acide ascorbique (vitamine C)<\/h3>\n<h3>Tocoph\u00e9rols (vitamine E)<\/h3>\n<h3>Carot\u00e9no\u00efdes (vitamine A)<\/h3>\n<h3>S\u00e9l\u00e9nium<\/h3>\n<h3>Zinc<\/h3>\n<h3>Mangan\u00e8se<\/h3>\n<h3>.<\/h3>\n","protected":false},"excerpt":{"rendered":"<h2>Masque astringent absorbant<\/h2>\n<p><strong>Prix r\u00e9duit ! Produit \u00e0 date de p\u00e9remption proche.  31\/12\/2026<\/strong><\/p>\n<p><strong>CreaMask Astringent est un masque absorbant astringent, matifiant avec Sulfate de Zinc et Hydrolate d\u2019Hamam\u00e9lis.<\/strong><\/p>\n<p><strong>Purifiant,<\/strong> aide \u00e0 r\u00e9duire la brillance des peaux grasses, les com\u00e9dons et les rougeurs existants, am\u00e9liorant les imperfections cutan\u00e9es.<\/p>\n<p>Peaux acn\u00e9iques et\/ou s\u00e9borrh\u00e9iques, peaux mixtes et graisses.<\/p>\n<h2>Principaux actifs tels que Le Sulfate de Zinc et Hydrolat de Hamamelis<\/h2>\n<p>Propri\u00e9t\u00e9s qui le rendent utile contre l\u2019acn\u00e9:<br \/>\nDes \u00e9tudes montrent que le zinc peut \u00e9liminer les bact\u00e9ries responsables de l\u2019acn\u00e9. Le zinc peu aider a que cette bact\u00e9rie non g\u00e9n\u00e8re une r\u00e9sistance, travaillant ainsi sur ceux qui ont des bact\u00e9ries r\u00e9sistantes aux antibiotiques sur la peau.<br \/>\n-Le zinc peut temp\u00e9rer la r\u00e9ponse des inflammatoires sur les sujets \u00e0 tendance acn\u00e9ique et r\u00e9duire les effets potentiels des bact\u00e9ries sur la peau.<br \/>\n&#8211; Le zinc aide \u00e0 maintenir les pores de la peau ferm\u00e9s en s\u2019agitant comme r\u00e9ducteur de K\u00e9ratinocyte.<br \/>\n-Le zinc peut r\u00e9duire la quantit\u00e9 de grasse qui la peau produire.<br \/>\n-Est une puissante antioxydante. Les dommages inflammatoires du s\u00e9bum sont l&rsquo;une des causes profondes de l&rsquo;acn\u00e9, et des \u00e9tudes ont en outre conclu que la prise d&rsquo;antioxydants peut r\u00e9duire l&rsquo;acn\u00e9 pour cette raison.<\/p>\n<h3>Hamamelis extract<\/h3>\n<p>Hamamelis Virginiana est connue pour ses propri\u00e9t\u00e9s apaisantes et astringentes.<\/p>\n<p>L\u2019Hydrolat d\u2019Hamam\u00e9lis, traditionnellement utilis\u00e9 pour soulager les torsions et r\u00e9parer les coupures sur la peau, a un effet astringent lorsqu\u2019il est appliqu\u00e9 sur la peau.<\/p>\n<p>Hamam\u00e9lis contribue \u00e0 soulager les irritations de la peau et les br\u00fblures. Indiqu\u00e9 pour les peaux grasses et mixtes.<\/p>\n","protected":false},"featured_media":23374,"comment_status":"open","ping_status":"closed","template":"","meta":[],"product_brand":[],"product_cat":[72],"product_tag":[],"class_list":{"0":"post-5426","1":"product","2":"type-product","3":"status-publish","4":"has-post-thumbnail","6":"product_cat-professionnelle","8":"first","9":"instock","10":"sale","11":"taxable","12":"shipping-taxable","13":"purchasable","14":"product-type-simple"},"yoast_head":"<!-- This site is optimized with the Yoast SEO plugin v27.4 - https:\/\/yoast.com\/product\/yoast-seo-wordpress\/ -->\n<title>Astringent masque absorbant anti-acn\u00e9 professionnel<\/title>\n<meta name=\"description\" content=\"Actifs comme : sulfate de zinc + Hamam\u00e9lis Extract + acide ascorbique (vitamine C) 250ml. le masque aide \u00e0 r\u00e9duire la brillance de la peau grasse, les com\u00e9dons et les rougeurs, am\u00e9liorant les imperfections cutan\u00e9es\" \/>\n<meta name=\"robots\" content=\"index, follow, max-snippet:-1, max-image-preview:large, max-video-preview:-1\" \/>\n<link rel=\"canonical\" href=\"https:\/\/www.pressensa.shop\/fr\/produit\/masque-absorbant-astringent\/\" \/>\n<meta property=\"og:locale\" content=\"fr_FR\" \/>\n<meta property=\"og:type\" content=\"article\" \/>\n<meta property=\"og:title\" content=\"Astringent masque absorbant anti-acn\u00e9 professionnel\" \/>\n<meta property=\"og:description\" content=\"Actifs comme : sulfate de zinc + Hamam\u00e9lis Extract + acide ascorbique (vitamine C) 250ml. le masque aide \u00e0 r\u00e9duire la brillance de la peau grasse, les com\u00e9dons et les rougeurs, am\u00e9liorant les imperfections cutan\u00e9es\" \/>\n<meta property=\"og:url\" content=\"https:\/\/www.pressensa.shop\/fr\/produit\/masque-absorbant-astringent\/\" \/>\n<meta property=\"og:site_name\" content=\"Pressensa\" \/>\n<meta property=\"article:modified_time\" content=\"2026-03-19T14:40:53+00:00\" \/>\n<meta property=\"og:image\" content=\"https:\/\/www.pressensa.shop\/wp-content\/uploads\/2022\/07\/ABSORBED-CREAMASK-ASTRINGENT-GRANDE.webp\" \/>\n\t<meta property=\"og:image:width\" content=\"2160\" \/>\n\t<meta property=\"og:image:height\" content=\"2160\" \/>\n\t<meta property=\"og:image:type\" content=\"image\/webp\" \/>\n<meta name=\"twitter:card\" content=\"summary_large_image\" \/>\n<script type=\"application\/ld+json\" class=\"yoast-schema-graph\">{\"@context\":\"https:\\\/\\\/schema.org\",\"@graph\":[{\"@type\":\"WebPage\",\"@id\":\"https:\\\/\\\/www.pressensa.shop\\\/fr\\\/produit\\\/masque-absorbant-astringent\\\/\",\"url\":\"https:\\\/\\\/www.pressensa.shop\\\/fr\\\/produit\\\/masque-absorbant-astringent\\\/\",\"name\":\"Astringent masque absorbant anti-acn\u00e9 professionnel\",\"isPartOf\":{\"@id\":\"https:\\\/\\\/www.pressensa.shop\\\/fr\\\/#website\"},\"primaryImageOfPage\":{\"@id\":\"https:\\\/\\\/www.pressensa.shop\\\/fr\\\/produit\\\/masque-absorbant-astringent\\\/#primaryimage\"},\"image\":{\"@id\":\"https:\\\/\\\/www.pressensa.shop\\\/fr\\\/produit\\\/masque-absorbant-astringent\\\/#primaryimage\"},\"thumbnailUrl\":\"https:\\\/\\\/www.pressensa.shop\\\/wp-content\\\/uploads\\\/2022\\\/07\\\/ABSORBED-CREAMASK-ASTRINGENT-GRANDE.webp\",\"datePublished\":\"2022-07-27T12:05:25+00:00\",\"dateModified\":\"2026-03-19T14:40:53+00:00\",\"description\":\"Actifs comme : sulfate de zinc + Hamam\u00e9lis Extract + acide ascorbique (vitamine C) 250ml. le masque aide \u00e0 r\u00e9duire la brillance de la peau grasse, les com\u00e9dons et les rougeurs, am\u00e9liorant les imperfections cutan\u00e9es\",\"breadcrumb\":{\"@id\":\"https:\\\/\\\/www.pressensa.shop\\\/fr\\\/produit\\\/masque-absorbant-astringent\\\/#breadcrumb\"},\"inLanguage\":\"fr-FR\",\"potentialAction\":[{\"@type\":\"ReadAction\",\"target\":[\"https:\\\/\\\/www.pressensa.shop\\\/fr\\\/produit\\\/masque-absorbant-astringent\\\/\"]}]},{\"@type\":\"ImageObject\",\"inLanguage\":\"fr-FR\",\"@id\":\"https:\\\/\\\/www.pressensa.shop\\\/fr\\\/produit\\\/masque-absorbant-astringent\\\/#primaryimage\",\"url\":\"https:\\\/\\\/www.pressensa.shop\\\/wp-content\\\/uploads\\\/2022\\\/07\\\/ABSORBED-CREAMASK-ASTRINGENT-GRANDE.webp\",\"contentUrl\":\"https:\\\/\\\/www.pressensa.shop\\\/wp-content\\\/uploads\\\/2022\\\/07\\\/ABSORBED-CREAMASK-ASTRINGENT-GRANDE.webp\",\"width\":2160,\"height\":2160},{\"@type\":\"BreadcrumbList\",\"@id\":\"https:\\\/\\\/www.pressensa.shop\\\/fr\\\/produit\\\/masque-absorbant-astringent\\\/#breadcrumb\",\"itemListElement\":[{\"@type\":\"ListItem\",\"position\":1,\"name\":\"Portada\",\"item\":\"https:\\\/\\\/www.pressensa.shop\\\/fr\\\/\"},{\"@type\":\"ListItem\",\"position\":2,\"name\":\"Boutique\",\"item\":\"https:\\\/\\\/www.pressensa.shop\\\/fr\\\/boutique\\\/\"},{\"@type\":\"ListItem\",\"position\":3,\"name\":\"Astringent 250 ml\"}]},{\"@type\":\"WebSite\",\"@id\":\"https:\\\/\\\/www.pressensa.shop\\\/fr\\\/#website\",\"url\":\"https:\\\/\\\/www.pressensa.shop\\\/fr\\\/\",\"name\":\"Pressensa\",\"description\":\"fabricante de productos de dermocosmetica, estetica y medicina est\u00e9tica.\",\"publisher\":{\"@id\":\"https:\\\/\\\/www.pressensa.shop\\\/fr\\\/#organization\"},\"potentialAction\":[{\"@type\":\"SearchAction\",\"target\":{\"@type\":\"EntryPoint\",\"urlTemplate\":\"https:\\\/\\\/www.pressensa.shop\\\/fr\\\/?s={search_term_string}\"},\"query-input\":{\"@type\":\"PropertyValueSpecification\",\"valueRequired\":true,\"valueName\":\"search_term_string\"}}],\"inLanguage\":\"fr-FR\"},{\"@type\":\"Organization\",\"@id\":\"https:\\\/\\\/www.pressensa.shop\\\/fr\\\/#organization\",\"name\":\"Pressensa\",\"url\":\"https:\\\/\\\/www.pressensa.shop\\\/fr\\\/\",\"logo\":{\"@type\":\"ImageObject\",\"inLanguage\":\"fr-FR\",\"@id\":\"https:\\\/\\\/www.pressensa.shop\\\/fr\\\/#\\\/schema\\\/logo\\\/image\\\/\",\"url\":\"https:\\\/\\\/www.pressensa.shop\\\/wp-content\\\/uploads\\\/2022\\\/06\\\/Recurso-24.png\",\"contentUrl\":\"https:\\\/\\\/www.pressensa.shop\\\/wp-content\\\/uploads\\\/2022\\\/06\\\/Recurso-24.png\",\"width\":281,\"height\":131,\"caption\":\"Pressensa\"},\"image\":{\"@id\":\"https:\\\/\\\/www.pressensa.shop\\\/fr\\\/#\\\/schema\\\/logo\\\/image\\\/\"}}]}<\/script>\n<!-- \/ Yoast SEO plugin. -->","yoast_head_json":{"title":"Astringent masque absorbant anti-acn\u00e9 professionnel","description":"Actifs comme : sulfate de zinc + Hamam\u00e9lis Extract + acide ascorbique (vitamine C) 250ml. le masque aide \u00e0 r\u00e9duire la brillance de la peau grasse, les com\u00e9dons et les rougeurs, am\u00e9liorant les imperfections cutan\u00e9es","robots":{"index":"index","follow":"follow","max-snippet":"max-snippet:-1","max-image-preview":"max-image-preview:large","max-video-preview":"max-video-preview:-1"},"canonical":"https:\/\/www.pressensa.shop\/fr\/produit\/masque-absorbant-astringent\/","og_locale":"fr_FR","og_type":"article","og_title":"Astringent masque absorbant anti-acn\u00e9 professionnel","og_description":"Actifs comme : sulfate de zinc + Hamam\u00e9lis Extract + acide ascorbique (vitamine C) 250ml. le masque aide \u00e0 r\u00e9duire la brillance de la peau grasse, les com\u00e9dons et les rougeurs, am\u00e9liorant les imperfections cutan\u00e9es","og_url":"https:\/\/www.pressensa.shop\/fr\/produit\/masque-absorbant-astringent\/","og_site_name":"Pressensa","article_modified_time":"2026-03-19T14:40:53+00:00","og_image":[{"width":2160,"height":2160,"url":"https:\/\/www.pressensa.shop\/wp-content\/uploads\/2022\/07\/ABSORBED-CREAMASK-ASTRINGENT-GRANDE.webp","type":"image\/webp"}],"twitter_card":"summary_large_image","schema":{"@context":"https:\/\/schema.org","@graph":[{"@type":"WebPage","@id":"https:\/\/www.pressensa.shop\/fr\/produit\/masque-absorbant-astringent\/","url":"https:\/\/www.pressensa.shop\/fr\/produit\/masque-absorbant-astringent\/","name":"Astringent masque absorbant anti-acn\u00e9 professionnel","isPartOf":{"@id":"https:\/\/www.pressensa.shop\/fr\/#website"},"primaryImageOfPage":{"@id":"https:\/\/www.pressensa.shop\/fr\/produit\/masque-absorbant-astringent\/#primaryimage"},"image":{"@id":"https:\/\/www.pressensa.shop\/fr\/produit\/masque-absorbant-astringent\/#primaryimage"},"thumbnailUrl":"https:\/\/www.pressensa.shop\/wp-content\/uploads\/2022\/07\/ABSORBED-CREAMASK-ASTRINGENT-GRANDE.webp","datePublished":"2022-07-27T12:05:25+00:00","dateModified":"2026-03-19T14:40:53+00:00","description":"Actifs comme : sulfate de zinc + Hamam\u00e9lis Extract + acide ascorbique (vitamine C) 250ml. le masque aide \u00e0 r\u00e9duire la brillance de la peau grasse, les com\u00e9dons et les rougeurs, am\u00e9liorant les imperfections cutan\u00e9es","breadcrumb":{"@id":"https:\/\/www.pressensa.shop\/fr\/produit\/masque-absorbant-astringent\/#breadcrumb"},"inLanguage":"fr-FR","potentialAction":[{"@type":"ReadAction","target":["https:\/\/www.pressensa.shop\/fr\/produit\/masque-absorbant-astringent\/"]}]},{"@type":"ImageObject","inLanguage":"fr-FR","@id":"https:\/\/www.pressensa.shop\/fr\/produit\/masque-absorbant-astringent\/#primaryimage","url":"https:\/\/www.pressensa.shop\/wp-content\/uploads\/2022\/07\/ABSORBED-CREAMASK-ASTRINGENT-GRANDE.webp","contentUrl":"https:\/\/www.pressensa.shop\/wp-content\/uploads\/2022\/07\/ABSORBED-CREAMASK-ASTRINGENT-GRANDE.webp","width":2160,"height":2160},{"@type":"BreadcrumbList","@id":"https:\/\/www.pressensa.shop\/fr\/produit\/masque-absorbant-astringent\/#breadcrumb","itemListElement":[{"@type":"ListItem","position":1,"name":"Portada","item":"https:\/\/www.pressensa.shop\/fr\/"},{"@type":"ListItem","position":2,"name":"Boutique","item":"https:\/\/www.pressensa.shop\/fr\/boutique\/"},{"@type":"ListItem","position":3,"name":"Astringent 250 ml"}]},{"@type":"WebSite","@id":"https:\/\/www.pressensa.shop\/fr\/#website","url":"https:\/\/www.pressensa.shop\/fr\/","name":"Pressensa","description":"fabricante de productos de dermocosmetica, estetica y medicina est\u00e9tica.","publisher":{"@id":"https:\/\/www.pressensa.shop\/fr\/#organization"},"potentialAction":[{"@type":"SearchAction","target":{"@type":"EntryPoint","urlTemplate":"https:\/\/www.pressensa.shop\/fr\/?s={search_term_string}"},"query-input":{"@type":"PropertyValueSpecification","valueRequired":true,"valueName":"search_term_string"}}],"inLanguage":"fr-FR"},{"@type":"Organization","@id":"https:\/\/www.pressensa.shop\/fr\/#organization","name":"Pressensa","url":"https:\/\/www.pressensa.shop\/fr\/","logo":{"@type":"ImageObject","inLanguage":"fr-FR","@id":"https:\/\/www.pressensa.shop\/fr\/#\/schema\/logo\/image\/","url":"https:\/\/www.pressensa.shop\/wp-content\/uploads\/2022\/06\/Recurso-24.png","contentUrl":"https:\/\/www.pressensa.shop\/wp-content\/uploads\/2022\/06\/Recurso-24.png","width":281,"height":131,"caption":"Pressensa"},"image":{"@id":"https:\/\/www.pressensa.shop\/fr\/#\/schema\/logo\/image\/"}}]}},"_links":{"self":[{"href":"https:\/\/www.pressensa.shop\/fr\/wp-json\/wp\/v2\/product\/5426","targetHints":{"allow":["GET"]}}],"collection":[{"href":"https:\/\/www.pressensa.shop\/fr\/wp-json\/wp\/v2\/product"}],"about":[{"href":"https:\/\/www.pressensa.shop\/fr\/wp-json\/wp\/v2\/types\/product"}],"replies":[{"embeddable":true,"href":"https:\/\/www.pressensa.shop\/fr\/wp-json\/wp\/v2\/comments?post=5426"}],"version-history":[{"count":0,"href":"https:\/\/www.pressensa.shop\/fr\/wp-json\/wp\/v2\/product\/5426\/revisions"}],"wp:featuredmedia":[{"embeddable":true,"href":"https:\/\/www.pressensa.shop\/fr\/wp-json\/wp\/v2\/media\/23374"}],"wp:attachment":[{"href":"https:\/\/www.pressensa.shop\/fr\/wp-json\/wp\/v2\/media?parent=5426"}],"wp:term":[{"taxonomy":"product_brand","embeddable":true,"href":"https:\/\/www.pressensa.shop\/fr\/wp-json\/wp\/v2\/product_brand?post=5426"},{"taxonomy":"product_cat","embeddable":true,"href":"https:\/\/www.pressensa.shop\/fr\/wp-json\/wp\/v2\/product_cat?post=5426"},{"taxonomy":"product_tag","embeddable":true,"href":"https:\/\/www.pressensa.shop\/fr\/wp-json\/wp\/v2\/product_tag?post=5426"}],"curies":[{"name":"wp","href":"https:\/\/api.w.org\/{rel}","templated":true}]}}