{"id":5489,"date":"2022-07-27T13:14:52","date_gmt":"2022-07-27T11:14:52","guid":{"rendered":"https:\/\/www.presensa.com\/producto\/moisturizer-250-ml\/"},"modified":"2025-12-12T16:04:53","modified_gmt":"2025-12-12T15:04:53","slug":"moisturizer-masque-absorbant-hydratant-professionnel-acide-hyaluronique","status":"publish","type":"product","link":"https:\/\/www.pressensa.shop\/fr\/produit\/moisturizer-masque-absorbant-hydratant-professionnel-acide-hyaluronique\/","title":{"rendered":"Moisturizer 250 ml"},"content":{"rendered":"<p><strong>Composants :<\/strong><\/p>\n<h3>MARSturizer\u2122<\/h3>\n<h3>Amidon de ma\u00efs hydrolys\u00e9<\/h3>\n<h3>extrait de racine de Beta Vulgaris (betterave)<\/h3>\n<h3>ACIDE HYALURONIQUE<\/h3>\n<p>250ml<\/p>\n","protected":false},"excerpt":{"rendered":"<h2>Masque absorbant hydratant de jour avec MARSturizer \u00e0 la fois. et acide hyaluronique<\/h2>\n<p>Moisturizer est un masque absorbant et hydratant pour la journ\u00e9e MARSturizer et l\u2019acide hyaluronique.<\/p>\n<p>MARSturizer\u016f augmente l\u2019hydratation et r\u00e9duit la perte d\u2019eau trans\u00e9pidermique (TEWL) en renfor\u00e7ant la barri\u00e8re cutan\u00e9e gr\u00e2ce \u00e0 l\u2019expression accrue des g\u00e8nes li\u00e9s aux lipides et \u00e0 la couche corn\u00e9e. De plus, il prot\u00e8ge les k\u00e9ratinocytes de la d\u00e9shydratation et augmente l\u2019expression g\u00e9nique des canaux calciques.<\/p>\n<p>&#8211; Un complexe synergique d\u2019actifs d\u00e9riv\u00e9s de plantes.<br \/>\n&#8211; Am\u00e9liore le niveau d\u2019hydratation de la couche corn\u00e9e (EC) apr\u00e8s une seule application, imm\u00e9diatement et avec une longue dur\u00e9e.<br \/>\nInfluence positive durable \u00e0 la concentration du facteur d\u2019hydratation naturelles (FHN) prouv\u00e9 par la microspectroscopie confocale Raman.<br \/>\nEffet imm\u00e9diat et durable apr\u00e8s d\u2019une seule application :<br \/>\nAugmente le niveau d\u2019hydratation : de 3 \u00e0 5% en 24 heures et 1% en 8 heures.<br \/>\nAugmente la concentration de FHN \u00e0 le haut CC pendant 24h.<br \/>\nAcide Hyaluronique, Hydratation totale et augmente le volume.<br \/>\nGr\u00e2ce a se g\u00e9niale habilit\u00e9 d\u2019attirer et retenir l\u2019eau, s\u2019utilisation en traitements cosm\u00e9tiques topiques peut r\u00e9hydrater en profondeur l\u2019\u00e9piderme de la zone trait\u00e9. Il peut aussi augmenter l\u2019\u00e9paisseur et volume de la peau et r\u00e9duire les sillons, rendre la peau plus lisse.<\/p>\n<p>Moisturizer est formul\u00e9 pour tous types de peaux, inclue les plus sensibles comme tous les produits de Pressensa.<\/p>\n<p>Moisturizer appartient \u00e0 la ligne de Masques Absorbants (Absorbed CreaMask) con\u00e7ue pour une hydratation maximale \u00e0 les traitements professionnels.<\/p>\n<p><strong>Appliquer quotidiennement le matin sur une peau propre du visage et du cou, en massant la zone jusqu&rsquo;\u00e0 absorption compl\u00e8te.<\/strong><\/p>\n<p>Appliquer le matin sur la peau propre du visage et du cou, en massant la zone jusqu&rsquo;\u00e0 absorption compl\u00e8te.<\/p>\n<p>.<\/p>\n","protected":false},"featured_media":23044,"comment_status":"open","ping_status":"closed","template":"","meta":[],"product_brand":[],"product_cat":[72],"product_tag":[],"class_list":{"0":"post-5489","1":"product","2":"type-product","3":"status-publish","4":"has-post-thumbnail","6":"product_cat-professionnelle","8":"first","9":"instock","10":"taxable","11":"shipping-taxable","12":"purchasable","13":"product-type-simple"},"yoast_head":"<!-- This site is optimized with the Yoast SEO plugin v27.4 - https:\/\/yoast.com\/product\/yoast-seo-wordpress\/ -->\n<title>Acheter Masque hydratant absorbant avec \u00e0 effet \u00e9clat instantan\u00e9<\/title>\n<meta name=\"description\" content=\"Un complexe synergique d&#039;actifs d&#039;origine v\u00e9g\u00e9tale, comment DayMoist CLR \u2122 . 250ml. Actifs : MARSturizer \u016f Amidon de ma\u00efs hydrolys\u00e9\" \/>\n<meta name=\"robots\" content=\"index, follow, max-snippet:-1, max-image-preview:large, max-video-preview:-1\" \/>\n<link rel=\"canonical\" href=\"https:\/\/www.pressensa.shop\/fr\/produit\/moisturizer-masque-absorbant-hydratant-professionnel-acide-hyaluronique\/\" \/>\n<meta property=\"og:locale\" content=\"fr_FR\" \/>\n<meta property=\"og:type\" content=\"article\" \/>\n<meta property=\"og:title\" content=\"Acheter Masque hydratant absorbant avec \u00e0 effet \u00e9clat instantan\u00e9\" \/>\n<meta property=\"og:description\" content=\"Un complexe synergique d&#039;actifs d&#039;origine v\u00e9g\u00e9tale, comment DayMoist CLR \u2122 . 250ml. Actifs : MARSturizer \u016f Amidon de ma\u00efs hydrolys\u00e9\" \/>\n<meta property=\"og:url\" content=\"https:\/\/www.pressensa.shop\/fr\/produit\/moisturizer-masque-absorbant-hydratant-professionnel-acide-hyaluronique\/\" \/>\n<meta property=\"og:site_name\" content=\"Pressensa\" \/>\n<meta property=\"article:modified_time\" content=\"2025-12-12T15:04:53+00:00\" \/>\n<meta property=\"og:image\" content=\"https:\/\/www.pressensa.shop\/wp-content\/uploads\/2022\/07\/ABSORBED-CREAMASK-MOISTURIZER-GRANDE-1-1.jpg\" \/>\n\t<meta property=\"og:image:width\" content=\"1920\" \/>\n\t<meta property=\"og:image:height\" content=\"1920\" \/>\n\t<meta property=\"og:image:type\" content=\"image\/jpeg\" \/>\n<meta name=\"twitter:card\" content=\"summary_large_image\" \/>\n<script type=\"application\/ld+json\" class=\"yoast-schema-graph\">{\"@context\":\"https:\\\/\\\/schema.org\",\"@graph\":[{\"@type\":\"WebPage\",\"@id\":\"https:\\\/\\\/www.pressensa.shop\\\/fr\\\/produit\\\/moisturizer-masque-absorbant-hydratant-professionnel-acide-hyaluronique\\\/\",\"url\":\"https:\\\/\\\/www.pressensa.shop\\\/fr\\\/produit\\\/moisturizer-masque-absorbant-hydratant-professionnel-acide-hyaluronique\\\/\",\"name\":\"Acheter Masque hydratant absorbant avec \u00e0 effet \u00e9clat instantan\u00e9\",\"isPartOf\":{\"@id\":\"https:\\\/\\\/www.pressensa.shop\\\/fr\\\/#website\"},\"primaryImageOfPage\":{\"@id\":\"https:\\\/\\\/www.pressensa.shop\\\/fr\\\/produit\\\/moisturizer-masque-absorbant-hydratant-professionnel-acide-hyaluronique\\\/#primaryimage\"},\"image\":{\"@id\":\"https:\\\/\\\/www.pressensa.shop\\\/fr\\\/produit\\\/moisturizer-masque-absorbant-hydratant-professionnel-acide-hyaluronique\\\/#primaryimage\"},\"thumbnailUrl\":\"https:\\\/\\\/www.pressensa.shop\\\/wp-content\\\/uploads\\\/2022\\\/07\\\/ABSORBED-CREAMASK-MOISTURIZER-GRANDE-1-1.jpg\",\"datePublished\":\"2022-07-27T11:14:52+00:00\",\"dateModified\":\"2025-12-12T15:04:53+00:00\",\"description\":\"Un complexe synergique d'actifs d'origine v\u00e9g\u00e9tale, comment DayMoist CLR \u2122 . 250ml. Actifs : MARSturizer \u016f Amidon de ma\u00efs hydrolys\u00e9\",\"breadcrumb\":{\"@id\":\"https:\\\/\\\/www.pressensa.shop\\\/fr\\\/produit\\\/moisturizer-masque-absorbant-hydratant-professionnel-acide-hyaluronique\\\/#breadcrumb\"},\"inLanguage\":\"fr-FR\",\"potentialAction\":[{\"@type\":\"ReadAction\",\"target\":[\"https:\\\/\\\/www.pressensa.shop\\\/fr\\\/produit\\\/moisturizer-masque-absorbant-hydratant-professionnel-acide-hyaluronique\\\/\"]}]},{\"@type\":\"ImageObject\",\"inLanguage\":\"fr-FR\",\"@id\":\"https:\\\/\\\/www.pressensa.shop\\\/fr\\\/produit\\\/moisturizer-masque-absorbant-hydratant-professionnel-acide-hyaluronique\\\/#primaryimage\",\"url\":\"https:\\\/\\\/www.pressensa.shop\\\/wp-content\\\/uploads\\\/2022\\\/07\\\/ABSORBED-CREAMASK-MOISTURIZER-GRANDE-1-1.jpg\",\"contentUrl\":\"https:\\\/\\\/www.pressensa.shop\\\/wp-content\\\/uploads\\\/2022\\\/07\\\/ABSORBED-CREAMASK-MOISTURIZER-GRANDE-1-1.jpg\",\"width\":1920,\"height\":1920},{\"@type\":\"BreadcrumbList\",\"@id\":\"https:\\\/\\\/www.pressensa.shop\\\/fr\\\/produit\\\/moisturizer-masque-absorbant-hydratant-professionnel-acide-hyaluronique\\\/#breadcrumb\",\"itemListElement\":[{\"@type\":\"ListItem\",\"position\":1,\"name\":\"Portada\",\"item\":\"https:\\\/\\\/www.pressensa.shop\\\/fr\\\/\"},{\"@type\":\"ListItem\",\"position\":2,\"name\":\"Boutique\",\"item\":\"https:\\\/\\\/www.pressensa.shop\\\/fr\\\/boutique\\\/\"},{\"@type\":\"ListItem\",\"position\":3,\"name\":\"Moisturizer 250 ml\"}]},{\"@type\":\"WebSite\",\"@id\":\"https:\\\/\\\/www.pressensa.shop\\\/fr\\\/#website\",\"url\":\"https:\\\/\\\/www.pressensa.shop\\\/fr\\\/\",\"name\":\"Pressensa\",\"description\":\"fabricante de productos de dermocosmetica, estetica y medicina est\u00e9tica.\",\"publisher\":{\"@id\":\"https:\\\/\\\/www.pressensa.shop\\\/fr\\\/#organization\"},\"potentialAction\":[{\"@type\":\"SearchAction\",\"target\":{\"@type\":\"EntryPoint\",\"urlTemplate\":\"https:\\\/\\\/www.pressensa.shop\\\/fr\\\/?s={search_term_string}\"},\"query-input\":{\"@type\":\"PropertyValueSpecification\",\"valueRequired\":true,\"valueName\":\"search_term_string\"}}],\"inLanguage\":\"fr-FR\"},{\"@type\":\"Organization\",\"@id\":\"https:\\\/\\\/www.pressensa.shop\\\/fr\\\/#organization\",\"name\":\"Pressensa\",\"url\":\"https:\\\/\\\/www.pressensa.shop\\\/fr\\\/\",\"logo\":{\"@type\":\"ImageObject\",\"inLanguage\":\"fr-FR\",\"@id\":\"https:\\\/\\\/www.pressensa.shop\\\/fr\\\/#\\\/schema\\\/logo\\\/image\\\/\",\"url\":\"https:\\\/\\\/www.pressensa.shop\\\/wp-content\\\/uploads\\\/2022\\\/06\\\/Recurso-24.png\",\"contentUrl\":\"https:\\\/\\\/www.pressensa.shop\\\/wp-content\\\/uploads\\\/2022\\\/06\\\/Recurso-24.png\",\"width\":281,\"height\":131,\"caption\":\"Pressensa\"},\"image\":{\"@id\":\"https:\\\/\\\/www.pressensa.shop\\\/fr\\\/#\\\/schema\\\/logo\\\/image\\\/\"}}]}<\/script>\n<!-- \/ Yoast SEO plugin. -->","yoast_head_json":{"title":"Acheter Masque hydratant absorbant avec \u00e0 effet \u00e9clat instantan\u00e9","description":"Un complexe synergique d'actifs d'origine v\u00e9g\u00e9tale, comment DayMoist CLR \u2122 . 250ml. Actifs : MARSturizer \u016f Amidon de ma\u00efs hydrolys\u00e9","robots":{"index":"index","follow":"follow","max-snippet":"max-snippet:-1","max-image-preview":"max-image-preview:large","max-video-preview":"max-video-preview:-1"},"canonical":"https:\/\/www.pressensa.shop\/fr\/produit\/moisturizer-masque-absorbant-hydratant-professionnel-acide-hyaluronique\/","og_locale":"fr_FR","og_type":"article","og_title":"Acheter Masque hydratant absorbant avec \u00e0 effet \u00e9clat instantan\u00e9","og_description":"Un complexe synergique d'actifs d'origine v\u00e9g\u00e9tale, comment DayMoist CLR \u2122 . 250ml. Actifs : MARSturizer \u016f Amidon de ma\u00efs hydrolys\u00e9","og_url":"https:\/\/www.pressensa.shop\/fr\/produit\/moisturizer-masque-absorbant-hydratant-professionnel-acide-hyaluronique\/","og_site_name":"Pressensa","article_modified_time":"2025-12-12T15:04:53+00:00","og_image":[{"width":1920,"height":1920,"url":"https:\/\/www.pressensa.shop\/wp-content\/uploads\/2022\/07\/ABSORBED-CREAMASK-MOISTURIZER-GRANDE-1-1.jpg","type":"image\/jpeg"}],"twitter_card":"summary_large_image","schema":{"@context":"https:\/\/schema.org","@graph":[{"@type":"WebPage","@id":"https:\/\/www.pressensa.shop\/fr\/produit\/moisturizer-masque-absorbant-hydratant-professionnel-acide-hyaluronique\/","url":"https:\/\/www.pressensa.shop\/fr\/produit\/moisturizer-masque-absorbant-hydratant-professionnel-acide-hyaluronique\/","name":"Acheter Masque hydratant absorbant avec \u00e0 effet \u00e9clat instantan\u00e9","isPartOf":{"@id":"https:\/\/www.pressensa.shop\/fr\/#website"},"primaryImageOfPage":{"@id":"https:\/\/www.pressensa.shop\/fr\/produit\/moisturizer-masque-absorbant-hydratant-professionnel-acide-hyaluronique\/#primaryimage"},"image":{"@id":"https:\/\/www.pressensa.shop\/fr\/produit\/moisturizer-masque-absorbant-hydratant-professionnel-acide-hyaluronique\/#primaryimage"},"thumbnailUrl":"https:\/\/www.pressensa.shop\/wp-content\/uploads\/2022\/07\/ABSORBED-CREAMASK-MOISTURIZER-GRANDE-1-1.jpg","datePublished":"2022-07-27T11:14:52+00:00","dateModified":"2025-12-12T15:04:53+00:00","description":"Un complexe synergique d'actifs d'origine v\u00e9g\u00e9tale, comment DayMoist CLR \u2122 . 250ml. Actifs : MARSturizer \u016f Amidon de ma\u00efs hydrolys\u00e9","breadcrumb":{"@id":"https:\/\/www.pressensa.shop\/fr\/produit\/moisturizer-masque-absorbant-hydratant-professionnel-acide-hyaluronique\/#breadcrumb"},"inLanguage":"fr-FR","potentialAction":[{"@type":"ReadAction","target":["https:\/\/www.pressensa.shop\/fr\/produit\/moisturizer-masque-absorbant-hydratant-professionnel-acide-hyaluronique\/"]}]},{"@type":"ImageObject","inLanguage":"fr-FR","@id":"https:\/\/www.pressensa.shop\/fr\/produit\/moisturizer-masque-absorbant-hydratant-professionnel-acide-hyaluronique\/#primaryimage","url":"https:\/\/www.pressensa.shop\/wp-content\/uploads\/2022\/07\/ABSORBED-CREAMASK-MOISTURIZER-GRANDE-1-1.jpg","contentUrl":"https:\/\/www.pressensa.shop\/wp-content\/uploads\/2022\/07\/ABSORBED-CREAMASK-MOISTURIZER-GRANDE-1-1.jpg","width":1920,"height":1920},{"@type":"BreadcrumbList","@id":"https:\/\/www.pressensa.shop\/fr\/produit\/moisturizer-masque-absorbant-hydratant-professionnel-acide-hyaluronique\/#breadcrumb","itemListElement":[{"@type":"ListItem","position":1,"name":"Portada","item":"https:\/\/www.pressensa.shop\/fr\/"},{"@type":"ListItem","position":2,"name":"Boutique","item":"https:\/\/www.pressensa.shop\/fr\/boutique\/"},{"@type":"ListItem","position":3,"name":"Moisturizer 250 ml"}]},{"@type":"WebSite","@id":"https:\/\/www.pressensa.shop\/fr\/#website","url":"https:\/\/www.pressensa.shop\/fr\/","name":"Pressensa","description":"fabricante de productos de dermocosmetica, estetica y medicina est\u00e9tica.","publisher":{"@id":"https:\/\/www.pressensa.shop\/fr\/#organization"},"potentialAction":[{"@type":"SearchAction","target":{"@type":"EntryPoint","urlTemplate":"https:\/\/www.pressensa.shop\/fr\/?s={search_term_string}"},"query-input":{"@type":"PropertyValueSpecification","valueRequired":true,"valueName":"search_term_string"}}],"inLanguage":"fr-FR"},{"@type":"Organization","@id":"https:\/\/www.pressensa.shop\/fr\/#organization","name":"Pressensa","url":"https:\/\/www.pressensa.shop\/fr\/","logo":{"@type":"ImageObject","inLanguage":"fr-FR","@id":"https:\/\/www.pressensa.shop\/fr\/#\/schema\/logo\/image\/","url":"https:\/\/www.pressensa.shop\/wp-content\/uploads\/2022\/06\/Recurso-24.png","contentUrl":"https:\/\/www.pressensa.shop\/wp-content\/uploads\/2022\/06\/Recurso-24.png","width":281,"height":131,"caption":"Pressensa"},"image":{"@id":"https:\/\/www.pressensa.shop\/fr\/#\/schema\/logo\/image\/"}}]}},"_links":{"self":[{"href":"https:\/\/www.pressensa.shop\/fr\/wp-json\/wp\/v2\/product\/5489","targetHints":{"allow":["GET"]}}],"collection":[{"href":"https:\/\/www.pressensa.shop\/fr\/wp-json\/wp\/v2\/product"}],"about":[{"href":"https:\/\/www.pressensa.shop\/fr\/wp-json\/wp\/v2\/types\/product"}],"replies":[{"embeddable":true,"href":"https:\/\/www.pressensa.shop\/fr\/wp-json\/wp\/v2\/comments?post=5489"}],"version-history":[{"count":0,"href":"https:\/\/www.pressensa.shop\/fr\/wp-json\/wp\/v2\/product\/5489\/revisions"}],"wp:featuredmedia":[{"embeddable":true,"href":"https:\/\/www.pressensa.shop\/fr\/wp-json\/wp\/v2\/media\/23044"}],"wp:attachment":[{"href":"https:\/\/www.pressensa.shop\/fr\/wp-json\/wp\/v2\/media?parent=5489"}],"wp:term":[{"taxonomy":"product_brand","embeddable":true,"href":"https:\/\/www.pressensa.shop\/fr\/wp-json\/wp\/v2\/product_brand?post=5489"},{"taxonomy":"product_cat","embeddable":true,"href":"https:\/\/www.pressensa.shop\/fr\/wp-json\/wp\/v2\/product_cat?post=5489"},{"taxonomy":"product_tag","embeddable":true,"href":"https:\/\/www.pressensa.shop\/fr\/wp-json\/wp\/v2\/product_tag?post=5489"}],"curies":[{"name":"wp","href":"https:\/\/api.w.org\/{rel}","templated":true}]}}