{"id":5492,"date":"2022-07-27T12:47:44","date_gmt":"2022-07-27T10:47:44","guid":{"rendered":"https:\/\/www.presensa.com\/producto\/profirming-250-ml\/"},"modified":"2025-12-01T03:28:31","modified_gmt":"2025-12-01T02:28:31","slug":"profirming-cellulite-effet-froid-raffermissante-professionnel","status":"publish","type":"product","link":"https:\/\/www.pressensa.shop\/fr\/produit\/profirming-cellulite-effet-froid-raffermissante-professionnel\/","title":{"rendered":"Profirming 250 ml"},"content":{"rendered":"<p><strong>Composants<\/strong><\/p>\n<h3>Algisium C\u00ae<\/h3>\n<h3>Extrait botanique de pr\u00eale<\/h3>\n<h3>extrait de tilleul<\/h3>\n<h3>Manteca de Karit\u00e9<\/h3>\n","protected":false},"excerpt":{"rendered":"<h2>Gel effet froid raffermissant<\/h2>\n<p><strong>Profirming<\/strong>est un gel effet froid avec triple action :<\/p>\n<p class=\"p1\">-R\u00e9affirme le tissue aidant \u00e0 renforcer les fibres structurales pour am\u00e9liorer l\u2019\u00e9lasticit\u00e9 de la peau.<\/p>\n<p class=\"p1\">-R\u00e9duire les vergetures (rouges et perl\u00e9s) r\u00e9cup\u00e9rant les fibres \u00e9lastiques de la peau. Active la circulation, stimule le drainage lymphatique et redue l\u2019exc\u00e8s de r\u00e9tention de fluides.<\/p>\n<p class=\"p1\">-Exerce une action tr\u00e8s active avant la flaccidit\u00e9. Indiqu\u00e9 pour les fesses, l&rsquo;int\u00e9rieur des cuisses, les bras, l&rsquo;abdomen et les seins. Effet froid pour corps Triple action<\/p>\n<p>&nbsp;<\/p>\n","protected":false},"featured_media":23018,"comment_status":"open","ping_status":"closed","template":"","meta":[],"product_brand":[],"product_cat":[72],"product_tag":[],"class_list":{"0":"post-5492","1":"product","2":"type-product","3":"status-publish","4":"has-post-thumbnail","6":"product_cat-professionnelle","8":"first","9":"instock","10":"sale","11":"taxable","12":"shipping-taxable","13":"purchasable","14":"product-type-simple"},"yoast_head":"<!-- This site is optimized with the Yoast SEO plugin v27.3 - https:\/\/yoast.com\/product\/yoast-seo-wordpress\/ -->\n<title>Profirming \u00c9mulsion anti cellulite effet froid professionnel<\/title>\n<meta name=\"description\" content=\"\u00c9mulsion Concentr\u00e9.Effet Froid. Anti Cellulite, am\u00e9liore l&#039;\u00e9lasticit\u00e9, anti rel\u00e2chement. Usage professionnel combattre la cellulite 250ml.\" \/>\n<meta name=\"robots\" content=\"index, follow, max-snippet:-1, max-image-preview:large, max-video-preview:-1\" \/>\n<link rel=\"canonical\" href=\"https:\/\/www.pressensa.shop\/fr\/produit\/profirming-cellulite-effet-froid-raffermissante-professionnel\/\" \/>\n<meta property=\"og:locale\" content=\"fr_FR\" \/>\n<meta property=\"og:type\" content=\"article\" \/>\n<meta property=\"og:title\" content=\"Profirming \u00c9mulsion anti cellulite effet froid professionnel\" \/>\n<meta property=\"og:description\" content=\"\u00c9mulsion Concentr\u00e9.Effet Froid. Anti Cellulite, am\u00e9liore l&#039;\u00e9lasticit\u00e9, anti rel\u00e2chement. Usage professionnel combattre la cellulite 250ml.\" \/>\n<meta property=\"og:url\" content=\"https:\/\/www.pressensa.shop\/fr\/produit\/profirming-cellulite-effet-froid-raffermissante-professionnel\/\" \/>\n<meta property=\"og:site_name\" content=\"Pressensa\" \/>\n<meta property=\"article:modified_time\" content=\"2025-12-01T02:28:31+00:00\" \/>\n<meta property=\"og:image\" content=\"https:\/\/www.pressensa.shop\/wp-content\/uploads\/2025\/02\/PROFIRMING-GRANDE-1.jpg\" \/>\n\t<meta property=\"og:image:width\" content=\"1920\" \/>\n\t<meta property=\"og:image:height\" content=\"1920\" \/>\n\t<meta property=\"og:image:type\" content=\"image\/jpeg\" \/>\n<meta name=\"twitter:card\" content=\"summary_large_image\" \/>\n<script type=\"application\/ld+json\" class=\"yoast-schema-graph\">{\"@context\":\"https:\\\/\\\/schema.org\",\"@graph\":[{\"@type\":\"WebPage\",\"@id\":\"https:\\\/\\\/www.pressensa.shop\\\/fr\\\/produit\\\/profirming-cellulite-effet-froid-raffermissante-professionnel\\\/\",\"url\":\"https:\\\/\\\/www.pressensa.shop\\\/fr\\\/produit\\\/profirming-cellulite-effet-froid-raffermissante-professionnel\\\/\",\"name\":\"Profirming \u00c9mulsion anti cellulite effet froid professionnel\",\"isPartOf\":{\"@id\":\"https:\\\/\\\/www.pressensa.shop\\\/fr\\\/#website\"},\"primaryImageOfPage\":{\"@id\":\"https:\\\/\\\/www.pressensa.shop\\\/fr\\\/produit\\\/profirming-cellulite-effet-froid-raffermissante-professionnel\\\/#primaryimage\"},\"image\":{\"@id\":\"https:\\\/\\\/www.pressensa.shop\\\/fr\\\/produit\\\/profirming-cellulite-effet-froid-raffermissante-professionnel\\\/#primaryimage\"},\"thumbnailUrl\":\"https:\\\/\\\/www.pressensa.shop\\\/wp-content\\\/uploads\\\/2025\\\/02\\\/PROFIRMING-GRANDE-1.jpg\",\"datePublished\":\"2022-07-27T10:47:44+00:00\",\"dateModified\":\"2025-12-01T02:28:31+00:00\",\"description\":\"\u00c9mulsion Concentr\u00e9.Effet Froid. Anti Cellulite, am\u00e9liore l'\u00e9lasticit\u00e9, anti rel\u00e2chement. Usage professionnel combattre la cellulite 250ml.\",\"breadcrumb\":{\"@id\":\"https:\\\/\\\/www.pressensa.shop\\\/fr\\\/produit\\\/profirming-cellulite-effet-froid-raffermissante-professionnel\\\/#breadcrumb\"},\"inLanguage\":\"fr-FR\",\"potentialAction\":[{\"@type\":\"ReadAction\",\"target\":[\"https:\\\/\\\/www.pressensa.shop\\\/fr\\\/produit\\\/profirming-cellulite-effet-froid-raffermissante-professionnel\\\/\"]}]},{\"@type\":\"ImageObject\",\"inLanguage\":\"fr-FR\",\"@id\":\"https:\\\/\\\/www.pressensa.shop\\\/fr\\\/produit\\\/profirming-cellulite-effet-froid-raffermissante-professionnel\\\/#primaryimage\",\"url\":\"https:\\\/\\\/www.pressensa.shop\\\/wp-content\\\/uploads\\\/2025\\\/02\\\/PROFIRMING-GRANDE-1.jpg\",\"contentUrl\":\"https:\\\/\\\/www.pressensa.shop\\\/wp-content\\\/uploads\\\/2025\\\/02\\\/PROFIRMING-GRANDE-1.jpg\",\"width\":1920,\"height\":1920},{\"@type\":\"BreadcrumbList\",\"@id\":\"https:\\\/\\\/www.pressensa.shop\\\/fr\\\/produit\\\/profirming-cellulite-effet-froid-raffermissante-professionnel\\\/#breadcrumb\",\"itemListElement\":[{\"@type\":\"ListItem\",\"position\":1,\"name\":\"Portada\",\"item\":\"https:\\\/\\\/www.pressensa.shop\\\/fr\\\/\"},{\"@type\":\"ListItem\",\"position\":2,\"name\":\"Boutique\",\"item\":\"https:\\\/\\\/www.pressensa.shop\\\/fr\\\/boutique\\\/\"},{\"@type\":\"ListItem\",\"position\":3,\"name\":\"Profirming 250 ml\"}]},{\"@type\":\"WebSite\",\"@id\":\"https:\\\/\\\/www.pressensa.shop\\\/fr\\\/#website\",\"url\":\"https:\\\/\\\/www.pressensa.shop\\\/fr\\\/\",\"name\":\"Pressensa\",\"description\":\"fabricante de productos de dermocosmetica, estetica y medicina est\u00e9tica.\",\"publisher\":{\"@id\":\"https:\\\/\\\/www.pressensa.shop\\\/fr\\\/#organization\"},\"potentialAction\":[{\"@type\":\"SearchAction\",\"target\":{\"@type\":\"EntryPoint\",\"urlTemplate\":\"https:\\\/\\\/www.pressensa.shop\\\/fr\\\/?s={search_term_string}\"},\"query-input\":{\"@type\":\"PropertyValueSpecification\",\"valueRequired\":true,\"valueName\":\"search_term_string\"}}],\"inLanguage\":\"fr-FR\"},{\"@type\":\"Organization\",\"@id\":\"https:\\\/\\\/www.pressensa.shop\\\/fr\\\/#organization\",\"name\":\"Pressensa\",\"url\":\"https:\\\/\\\/www.pressensa.shop\\\/fr\\\/\",\"logo\":{\"@type\":\"ImageObject\",\"inLanguage\":\"fr-FR\",\"@id\":\"https:\\\/\\\/www.pressensa.shop\\\/fr\\\/#\\\/schema\\\/logo\\\/image\\\/\",\"url\":\"https:\\\/\\\/www.pressensa.shop\\\/wp-content\\\/uploads\\\/2022\\\/06\\\/Recurso-24.png\",\"contentUrl\":\"https:\\\/\\\/www.pressensa.shop\\\/wp-content\\\/uploads\\\/2022\\\/06\\\/Recurso-24.png\",\"width\":281,\"height\":131,\"caption\":\"Pressensa\"},\"image\":{\"@id\":\"https:\\\/\\\/www.pressensa.shop\\\/fr\\\/#\\\/schema\\\/logo\\\/image\\\/\"}}]}<\/script>\n<!-- \/ Yoast SEO plugin. -->","yoast_head_json":{"title":"Profirming \u00c9mulsion anti cellulite effet froid professionnel","description":"\u00c9mulsion Concentr\u00e9.Effet Froid. Anti Cellulite, am\u00e9liore l'\u00e9lasticit\u00e9, anti rel\u00e2chement. Usage professionnel combattre la cellulite 250ml.","robots":{"index":"index","follow":"follow","max-snippet":"max-snippet:-1","max-image-preview":"max-image-preview:large","max-video-preview":"max-video-preview:-1"},"canonical":"https:\/\/www.pressensa.shop\/fr\/produit\/profirming-cellulite-effet-froid-raffermissante-professionnel\/","og_locale":"fr_FR","og_type":"article","og_title":"Profirming \u00c9mulsion anti cellulite effet froid professionnel","og_description":"\u00c9mulsion Concentr\u00e9.Effet Froid. Anti Cellulite, am\u00e9liore l'\u00e9lasticit\u00e9, anti rel\u00e2chement. Usage professionnel combattre la cellulite 250ml.","og_url":"https:\/\/www.pressensa.shop\/fr\/produit\/profirming-cellulite-effet-froid-raffermissante-professionnel\/","og_site_name":"Pressensa","article_modified_time":"2025-12-01T02:28:31+00:00","og_image":[{"width":1920,"height":1920,"url":"https:\/\/www.pressensa.shop\/wp-content\/uploads\/2025\/02\/PROFIRMING-GRANDE-1.jpg","type":"image\/jpeg"}],"twitter_card":"summary_large_image","schema":{"@context":"https:\/\/schema.org","@graph":[{"@type":"WebPage","@id":"https:\/\/www.pressensa.shop\/fr\/produit\/profirming-cellulite-effet-froid-raffermissante-professionnel\/","url":"https:\/\/www.pressensa.shop\/fr\/produit\/profirming-cellulite-effet-froid-raffermissante-professionnel\/","name":"Profirming \u00c9mulsion anti cellulite effet froid professionnel","isPartOf":{"@id":"https:\/\/www.pressensa.shop\/fr\/#website"},"primaryImageOfPage":{"@id":"https:\/\/www.pressensa.shop\/fr\/produit\/profirming-cellulite-effet-froid-raffermissante-professionnel\/#primaryimage"},"image":{"@id":"https:\/\/www.pressensa.shop\/fr\/produit\/profirming-cellulite-effet-froid-raffermissante-professionnel\/#primaryimage"},"thumbnailUrl":"https:\/\/www.pressensa.shop\/wp-content\/uploads\/2025\/02\/PROFIRMING-GRANDE-1.jpg","datePublished":"2022-07-27T10:47:44+00:00","dateModified":"2025-12-01T02:28:31+00:00","description":"\u00c9mulsion Concentr\u00e9.Effet Froid. Anti Cellulite, am\u00e9liore l'\u00e9lasticit\u00e9, anti rel\u00e2chement. Usage professionnel combattre la cellulite 250ml.","breadcrumb":{"@id":"https:\/\/www.pressensa.shop\/fr\/produit\/profirming-cellulite-effet-froid-raffermissante-professionnel\/#breadcrumb"},"inLanguage":"fr-FR","potentialAction":[{"@type":"ReadAction","target":["https:\/\/www.pressensa.shop\/fr\/produit\/profirming-cellulite-effet-froid-raffermissante-professionnel\/"]}]},{"@type":"ImageObject","inLanguage":"fr-FR","@id":"https:\/\/www.pressensa.shop\/fr\/produit\/profirming-cellulite-effet-froid-raffermissante-professionnel\/#primaryimage","url":"https:\/\/www.pressensa.shop\/wp-content\/uploads\/2025\/02\/PROFIRMING-GRANDE-1.jpg","contentUrl":"https:\/\/www.pressensa.shop\/wp-content\/uploads\/2025\/02\/PROFIRMING-GRANDE-1.jpg","width":1920,"height":1920},{"@type":"BreadcrumbList","@id":"https:\/\/www.pressensa.shop\/fr\/produit\/profirming-cellulite-effet-froid-raffermissante-professionnel\/#breadcrumb","itemListElement":[{"@type":"ListItem","position":1,"name":"Portada","item":"https:\/\/www.pressensa.shop\/fr\/"},{"@type":"ListItem","position":2,"name":"Boutique","item":"https:\/\/www.pressensa.shop\/fr\/boutique\/"},{"@type":"ListItem","position":3,"name":"Profirming 250 ml"}]},{"@type":"WebSite","@id":"https:\/\/www.pressensa.shop\/fr\/#website","url":"https:\/\/www.pressensa.shop\/fr\/","name":"Pressensa","description":"fabricante de productos de dermocosmetica, estetica y medicina est\u00e9tica.","publisher":{"@id":"https:\/\/www.pressensa.shop\/fr\/#organization"},"potentialAction":[{"@type":"SearchAction","target":{"@type":"EntryPoint","urlTemplate":"https:\/\/www.pressensa.shop\/fr\/?s={search_term_string}"},"query-input":{"@type":"PropertyValueSpecification","valueRequired":true,"valueName":"search_term_string"}}],"inLanguage":"fr-FR"},{"@type":"Organization","@id":"https:\/\/www.pressensa.shop\/fr\/#organization","name":"Pressensa","url":"https:\/\/www.pressensa.shop\/fr\/","logo":{"@type":"ImageObject","inLanguage":"fr-FR","@id":"https:\/\/www.pressensa.shop\/fr\/#\/schema\/logo\/image\/","url":"https:\/\/www.pressensa.shop\/wp-content\/uploads\/2022\/06\/Recurso-24.png","contentUrl":"https:\/\/www.pressensa.shop\/wp-content\/uploads\/2022\/06\/Recurso-24.png","width":281,"height":131,"caption":"Pressensa"},"image":{"@id":"https:\/\/www.pressensa.shop\/fr\/#\/schema\/logo\/image\/"}}]}},"_links":{"self":[{"href":"https:\/\/www.pressensa.shop\/fr\/wp-json\/wp\/v2\/product\/5492","targetHints":{"allow":["GET"]}}],"collection":[{"href":"https:\/\/www.pressensa.shop\/fr\/wp-json\/wp\/v2\/product"}],"about":[{"href":"https:\/\/www.pressensa.shop\/fr\/wp-json\/wp\/v2\/types\/product"}],"replies":[{"embeddable":true,"href":"https:\/\/www.pressensa.shop\/fr\/wp-json\/wp\/v2\/comments?post=5492"}],"version-history":[{"count":0,"href":"https:\/\/www.pressensa.shop\/fr\/wp-json\/wp\/v2\/product\/5492\/revisions"}],"wp:featuredmedia":[{"embeddable":true,"href":"https:\/\/www.pressensa.shop\/fr\/wp-json\/wp\/v2\/media\/23018"}],"wp:attachment":[{"href":"https:\/\/www.pressensa.shop\/fr\/wp-json\/wp\/v2\/media?parent=5492"}],"wp:term":[{"taxonomy":"product_brand","embeddable":true,"href":"https:\/\/www.pressensa.shop\/fr\/wp-json\/wp\/v2\/product_brand?post=5492"},{"taxonomy":"product_cat","embeddable":true,"href":"https:\/\/www.pressensa.shop\/fr\/wp-json\/wp\/v2\/product_cat?post=5492"},{"taxonomy":"product_tag","embeddable":true,"href":"https:\/\/www.pressensa.shop\/fr\/wp-json\/wp\/v2\/product_tag?post=5492"}],"curies":[{"name":"wp","href":"https:\/\/api.w.org\/{rel}","templated":true}]}}