{"id":5769,"date":"2022-06-23T12:55:01","date_gmt":"2022-06-23T10:55:01","guid":{"rendered":"https:\/\/www.presensa.com\/producto\/intensive-treatment-kit\/"},"modified":"2026-02-15T08:40:06","modified_gmt":"2026-02-15T07:40:06","slug":"intensive-treatment-kit","status":"publish","type":"product","link":"https:\/\/www.pressensa.shop\/fr\/produit\/intensive-treatment-kit\/","title":{"rendered":"Intensive Treatment Kit"},"content":{"rendered":"<p><strong>Contiene<\/strong><br \/>\nLait d\u00e9maquillant DeePure<br \/>\nLotion tonique hydratante<br \/>\nS\u00e9rum antioxydant \u00e0 la vitamine C<br \/>\nCr\u00e8me de jour<br \/>\nCr\u00e8me de nuit<\/p>\n","protected":false},"excerpt":{"rendered":"<h2>Kit de traitement intensif<\/h2>\n<p>Si l&rsquo;une de vos t\u00e2ches en suspens est d&rsquo;hydrater votre peau, voici un conseil : buvez au moins <strong> deux litres d&rsquo;eau par jour<\/strong> et utilisez notre  <strong>Intensive Treatment Kit.<\/strong><\/p>\n<p>Un kit compl\u00e8tement pens\u00e9 pour la maxime hydratation de la peau formul\u00e9 pour tous types de peaux, inclut les sensibles.<\/p>\n<p><strong>Contient:<\/strong><\/p>\n<p><strong>Leche Limpiadora DeePure<\/strong><br \/>\nDeePure, un lait d\u00e9maquillant et hydratant \u00e0 la texture onctueuse et rafra\u00eechissante, formul\u00e9 \u00e0 base d&rsquo;eau glaciaire liposomale. Cette Eau du Glacier Liposomal est capt\u00e9e \u00e0 1.800 m de profondeur, ce qui garantit sa puret\u00e9 et sa fra\u00eecheur. L&rsquo;encapsulation dans des liposomes augmente sa p\u00e9n\u00e9tration dans la peau, provoquant une<strong>hydratation profonde<\/strong> et durable. Ses propri\u00e9t\u00e9s lui permettent d&rsquo;\u00eatre appliqu\u00e9 sur tous les <strong>types de peaux<\/strong>, m\u00eame les plus sensibles.<\/p>\n<p><strong>T\u00f3nico hidratante FresHydra:<\/strong><br \/>\nFormul\u00e9 pour tonifier l&rsquo;\u00e9piderme, rafra\u00eechir la peau, r\u00e9guler son pH et la pr\u00e9parer aux soins suivants. Nous avons con\u00e7u ce tonique pour tous les types de peaux, pensant aussi en ces plus sensibles. Il n&rsquo;y a pas d&rsquo;alcool.<\/p>\n<p><strong>Serum de Vitamina C antioxidante:<\/strong><br \/>\nLe s\u00e9rum Intense C+ VitaSerum est un s\u00e9rum antioxydant quotidien riche en vitamine C pure, parmi d&rsquo;autres actifs, formul\u00e9 pour stimuler la production de collag\u00e8ne et d&rsquo;\u00e9lastine.<\/p>\n<p><strong>Cr\u00e8me hydratante de jour :<\/strong><br \/>\nTotaLift 24 heures est une cr\u00e8me hydratante qui maintient la peau hydrat\u00e9e jusqu&rsquo;\u00e0 24 heures. En sa formule contient acide hyaluronique de HPM (haute poids mol\u00e9culaire) et est id\u00e9ale pour l\u2019usage quotidien, car il le donne propri\u00e9t\u00e9s hautement hydratantes, humectantes et adoucissantes, maintenant la douceur de la peau.<\/p>\n<p><strong>Crema de noche revitalizadora<\/strong><br \/>\nSupremEffects, gr\u00e2ce au peptide Argirelox<strong>\u2122<\/strong> et \u00e0 l&rsquo;acide hyaluronique de faible poids mol\u00e9culaire, offre un effet lifting visible sans intervention invasive. De plus, est formul\u00e9 comme toute notre range de cosm\u00e9tiques pour tous types de peaux, aussi les plus sensibles.<\/p>\n<blockquote><p><strong>L&rsquo; actif le plus remarquable de ce kit est le Vitamine C et l\u2019Acide Hyaluronique de bas poids mol\u00e9culaire.<\/strong><\/p><\/blockquote>\n","protected":false},"featured_media":23358,"comment_status":"open","ping_status":"closed","template":"","meta":[],"product_brand":[],"product_cat":[79],"product_tag":[],"class_list":{"0":"post-5769","1":"product","2":"type-product","3":"status-publish","4":"has-post-thumbnail","6":"product_cat-home-care-fr","8":"first","9":"instock","10":"taxable","11":"shipping-taxable","12":"purchasable","13":"product-type-simple"},"yoast_head":"<!-- This site is optimized with the Yoast SEO plugin v27.3 - https:\/\/yoast.com\/product\/yoast-seo-wordpress\/ -->\n<title>Acheter le pack de soins du visage pour femmes<\/title>\n<meta name=\"description\" content=\"Kit de soins du visage pour les femmes contenant un lait nettoyant et un tonique pour le visage. Cr\u00e8me de jour, cr\u00e8me de nuit et s\u00e9rum \u00e0 la vitamine C.\" \/>\n<meta name=\"robots\" content=\"index, follow, max-snippet:-1, max-image-preview:large, max-video-preview:-1\" \/>\n<link rel=\"canonical\" href=\"https:\/\/www.pressensa.shop\/fr\/produit\/intensive-treatment-kit\/\" \/>\n<meta property=\"og:locale\" content=\"fr_FR\" \/>\n<meta property=\"og:type\" content=\"article\" \/>\n<meta property=\"og:title\" content=\"Acheter le pack de soins du visage pour femmes\" \/>\n<meta property=\"og:description\" content=\"Kit de soins du visage pour les femmes contenant un lait nettoyant et un tonique pour le visage. Cr\u00e8me de jour, cr\u00e8me de nuit et s\u00e9rum \u00e0 la vitamine C.\" \/>\n<meta property=\"og:url\" content=\"https:\/\/www.pressensa.shop\/fr\/produit\/intensive-treatment-kit\/\" \/>\n<meta property=\"og:site_name\" content=\"Pressensa\" \/>\n<meta property=\"article:modified_time\" content=\"2026-02-15T07:40:06+00:00\" \/>\n<meta property=\"og:image\" content=\"https:\/\/www.pressensa.shop\/wp-content\/uploads\/2022\/08\/INTENSIVE-TREATMENT-KIT-AMARILLO.webp\" \/>\n\t<meta property=\"og:image:width\" content=\"2160\" \/>\n\t<meta property=\"og:image:height\" content=\"2160\" \/>\n\t<meta property=\"og:image:type\" content=\"image\/webp\" \/>\n<meta name=\"twitter:card\" content=\"summary_large_image\" \/>\n<script type=\"application\/ld+json\" class=\"yoast-schema-graph\">{\"@context\":\"https:\\\/\\\/schema.org\",\"@graph\":[{\"@type\":\"WebPage\",\"@id\":\"https:\\\/\\\/www.pressensa.shop\\\/fr\\\/produit\\\/intensive-treatment-kit\\\/\",\"url\":\"https:\\\/\\\/www.pressensa.shop\\\/fr\\\/produit\\\/intensive-treatment-kit\\\/\",\"name\":\"Acheter le pack de soins du visage pour femmes\",\"isPartOf\":{\"@id\":\"https:\\\/\\\/www.pressensa.shop\\\/fr\\\/#website\"},\"primaryImageOfPage\":{\"@id\":\"https:\\\/\\\/www.pressensa.shop\\\/fr\\\/produit\\\/intensive-treatment-kit\\\/#primaryimage\"},\"image\":{\"@id\":\"https:\\\/\\\/www.pressensa.shop\\\/fr\\\/produit\\\/intensive-treatment-kit\\\/#primaryimage\"},\"thumbnailUrl\":\"https:\\\/\\\/www.pressensa.shop\\\/wp-content\\\/uploads\\\/2022\\\/08\\\/INTENSIVE-TREATMENT-KIT-AMARILLO.webp\",\"datePublished\":\"2022-06-23T10:55:01+00:00\",\"dateModified\":\"2026-02-15T07:40:06+00:00\",\"description\":\"Kit de soins du visage pour les femmes contenant un lait nettoyant et un tonique pour le visage. Cr\u00e8me de jour, cr\u00e8me de nuit et s\u00e9rum \u00e0 la vitamine C.\",\"breadcrumb\":{\"@id\":\"https:\\\/\\\/www.pressensa.shop\\\/fr\\\/produit\\\/intensive-treatment-kit\\\/#breadcrumb\"},\"inLanguage\":\"fr-FR\",\"potentialAction\":[{\"@type\":\"ReadAction\",\"target\":[\"https:\\\/\\\/www.pressensa.shop\\\/fr\\\/produit\\\/intensive-treatment-kit\\\/\"]}]},{\"@type\":\"ImageObject\",\"inLanguage\":\"fr-FR\",\"@id\":\"https:\\\/\\\/www.pressensa.shop\\\/fr\\\/produit\\\/intensive-treatment-kit\\\/#primaryimage\",\"url\":\"https:\\\/\\\/www.pressensa.shop\\\/wp-content\\\/uploads\\\/2022\\\/08\\\/INTENSIVE-TREATMENT-KIT-AMARILLO.webp\",\"contentUrl\":\"https:\\\/\\\/www.pressensa.shop\\\/wp-content\\\/uploads\\\/2022\\\/08\\\/INTENSIVE-TREATMENT-KIT-AMARILLO.webp\",\"width\":2160,\"height\":2160},{\"@type\":\"BreadcrumbList\",\"@id\":\"https:\\\/\\\/www.pressensa.shop\\\/fr\\\/produit\\\/intensive-treatment-kit\\\/#breadcrumb\",\"itemListElement\":[{\"@type\":\"ListItem\",\"position\":1,\"name\":\"Portada\",\"item\":\"https:\\\/\\\/www.pressensa.shop\\\/fr\\\/\"},{\"@type\":\"ListItem\",\"position\":2,\"name\":\"Boutique\",\"item\":\"https:\\\/\\\/www.pressensa.shop\\\/fr\\\/boutique\\\/\"},{\"@type\":\"ListItem\",\"position\":3,\"name\":\"Intensive Treatment Kit\"}]},{\"@type\":\"WebSite\",\"@id\":\"https:\\\/\\\/www.pressensa.shop\\\/fr\\\/#website\",\"url\":\"https:\\\/\\\/www.pressensa.shop\\\/fr\\\/\",\"name\":\"Pressensa\",\"description\":\"fabricante de productos de dermocosmetica, estetica y medicina est\u00e9tica.\",\"publisher\":{\"@id\":\"https:\\\/\\\/www.pressensa.shop\\\/fr\\\/#organization\"},\"potentialAction\":[{\"@type\":\"SearchAction\",\"target\":{\"@type\":\"EntryPoint\",\"urlTemplate\":\"https:\\\/\\\/www.pressensa.shop\\\/fr\\\/?s={search_term_string}\"},\"query-input\":{\"@type\":\"PropertyValueSpecification\",\"valueRequired\":true,\"valueName\":\"search_term_string\"}}],\"inLanguage\":\"fr-FR\"},{\"@type\":\"Organization\",\"@id\":\"https:\\\/\\\/www.pressensa.shop\\\/fr\\\/#organization\",\"name\":\"Pressensa\",\"url\":\"https:\\\/\\\/www.pressensa.shop\\\/fr\\\/\",\"logo\":{\"@type\":\"ImageObject\",\"inLanguage\":\"fr-FR\",\"@id\":\"https:\\\/\\\/www.pressensa.shop\\\/fr\\\/#\\\/schema\\\/logo\\\/image\\\/\",\"url\":\"https:\\\/\\\/www.pressensa.shop\\\/wp-content\\\/uploads\\\/2022\\\/06\\\/Recurso-24.png\",\"contentUrl\":\"https:\\\/\\\/www.pressensa.shop\\\/wp-content\\\/uploads\\\/2022\\\/06\\\/Recurso-24.png\",\"width\":281,\"height\":131,\"caption\":\"Pressensa\"},\"image\":{\"@id\":\"https:\\\/\\\/www.pressensa.shop\\\/fr\\\/#\\\/schema\\\/logo\\\/image\\\/\"}}]}<\/script>\n<!-- \/ Yoast SEO plugin. -->","yoast_head_json":{"title":"Acheter le pack de soins du visage pour femmes","description":"Kit de soins du visage pour les femmes contenant un lait nettoyant et un tonique pour le visage. Cr\u00e8me de jour, cr\u00e8me de nuit et s\u00e9rum \u00e0 la vitamine C.","robots":{"index":"index","follow":"follow","max-snippet":"max-snippet:-1","max-image-preview":"max-image-preview:large","max-video-preview":"max-video-preview:-1"},"canonical":"https:\/\/www.pressensa.shop\/fr\/produit\/intensive-treatment-kit\/","og_locale":"fr_FR","og_type":"article","og_title":"Acheter le pack de soins du visage pour femmes","og_description":"Kit de soins du visage pour les femmes contenant un lait nettoyant et un tonique pour le visage. Cr\u00e8me de jour, cr\u00e8me de nuit et s\u00e9rum \u00e0 la vitamine C.","og_url":"https:\/\/www.pressensa.shop\/fr\/produit\/intensive-treatment-kit\/","og_site_name":"Pressensa","article_modified_time":"2026-02-15T07:40:06+00:00","og_image":[{"width":2160,"height":2160,"url":"https:\/\/www.pressensa.shop\/wp-content\/uploads\/2022\/08\/INTENSIVE-TREATMENT-KIT-AMARILLO.webp","type":"image\/webp"}],"twitter_card":"summary_large_image","schema":{"@context":"https:\/\/schema.org","@graph":[{"@type":"WebPage","@id":"https:\/\/www.pressensa.shop\/fr\/produit\/intensive-treatment-kit\/","url":"https:\/\/www.pressensa.shop\/fr\/produit\/intensive-treatment-kit\/","name":"Acheter le pack de soins du visage pour femmes","isPartOf":{"@id":"https:\/\/www.pressensa.shop\/fr\/#website"},"primaryImageOfPage":{"@id":"https:\/\/www.pressensa.shop\/fr\/produit\/intensive-treatment-kit\/#primaryimage"},"image":{"@id":"https:\/\/www.pressensa.shop\/fr\/produit\/intensive-treatment-kit\/#primaryimage"},"thumbnailUrl":"https:\/\/www.pressensa.shop\/wp-content\/uploads\/2022\/08\/INTENSIVE-TREATMENT-KIT-AMARILLO.webp","datePublished":"2022-06-23T10:55:01+00:00","dateModified":"2026-02-15T07:40:06+00:00","description":"Kit de soins du visage pour les femmes contenant un lait nettoyant et un tonique pour le visage. Cr\u00e8me de jour, cr\u00e8me de nuit et s\u00e9rum \u00e0 la vitamine C.","breadcrumb":{"@id":"https:\/\/www.pressensa.shop\/fr\/produit\/intensive-treatment-kit\/#breadcrumb"},"inLanguage":"fr-FR","potentialAction":[{"@type":"ReadAction","target":["https:\/\/www.pressensa.shop\/fr\/produit\/intensive-treatment-kit\/"]}]},{"@type":"ImageObject","inLanguage":"fr-FR","@id":"https:\/\/www.pressensa.shop\/fr\/produit\/intensive-treatment-kit\/#primaryimage","url":"https:\/\/www.pressensa.shop\/wp-content\/uploads\/2022\/08\/INTENSIVE-TREATMENT-KIT-AMARILLO.webp","contentUrl":"https:\/\/www.pressensa.shop\/wp-content\/uploads\/2022\/08\/INTENSIVE-TREATMENT-KIT-AMARILLO.webp","width":2160,"height":2160},{"@type":"BreadcrumbList","@id":"https:\/\/www.pressensa.shop\/fr\/produit\/intensive-treatment-kit\/#breadcrumb","itemListElement":[{"@type":"ListItem","position":1,"name":"Portada","item":"https:\/\/www.pressensa.shop\/fr\/"},{"@type":"ListItem","position":2,"name":"Boutique","item":"https:\/\/www.pressensa.shop\/fr\/boutique\/"},{"@type":"ListItem","position":3,"name":"Intensive Treatment Kit"}]},{"@type":"WebSite","@id":"https:\/\/www.pressensa.shop\/fr\/#website","url":"https:\/\/www.pressensa.shop\/fr\/","name":"Pressensa","description":"fabricante de productos de dermocosmetica, estetica y medicina est\u00e9tica.","publisher":{"@id":"https:\/\/www.pressensa.shop\/fr\/#organization"},"potentialAction":[{"@type":"SearchAction","target":{"@type":"EntryPoint","urlTemplate":"https:\/\/www.pressensa.shop\/fr\/?s={search_term_string}"},"query-input":{"@type":"PropertyValueSpecification","valueRequired":true,"valueName":"search_term_string"}}],"inLanguage":"fr-FR"},{"@type":"Organization","@id":"https:\/\/www.pressensa.shop\/fr\/#organization","name":"Pressensa","url":"https:\/\/www.pressensa.shop\/fr\/","logo":{"@type":"ImageObject","inLanguage":"fr-FR","@id":"https:\/\/www.pressensa.shop\/fr\/#\/schema\/logo\/image\/","url":"https:\/\/www.pressensa.shop\/wp-content\/uploads\/2022\/06\/Recurso-24.png","contentUrl":"https:\/\/www.pressensa.shop\/wp-content\/uploads\/2022\/06\/Recurso-24.png","width":281,"height":131,"caption":"Pressensa"},"image":{"@id":"https:\/\/www.pressensa.shop\/fr\/#\/schema\/logo\/image\/"}}]}},"_links":{"self":[{"href":"https:\/\/www.pressensa.shop\/fr\/wp-json\/wp\/v2\/product\/5769","targetHints":{"allow":["GET"]}}],"collection":[{"href":"https:\/\/www.pressensa.shop\/fr\/wp-json\/wp\/v2\/product"}],"about":[{"href":"https:\/\/www.pressensa.shop\/fr\/wp-json\/wp\/v2\/types\/product"}],"replies":[{"embeddable":true,"href":"https:\/\/www.pressensa.shop\/fr\/wp-json\/wp\/v2\/comments?post=5769"}],"version-history":[{"count":0,"href":"https:\/\/www.pressensa.shop\/fr\/wp-json\/wp\/v2\/product\/5769\/revisions"}],"wp:featuredmedia":[{"embeddable":true,"href":"https:\/\/www.pressensa.shop\/fr\/wp-json\/wp\/v2\/media\/23358"}],"wp:attachment":[{"href":"https:\/\/www.pressensa.shop\/fr\/wp-json\/wp\/v2\/media?parent=5769"}],"wp:term":[{"taxonomy":"product_brand","embeddable":true,"href":"https:\/\/www.pressensa.shop\/fr\/wp-json\/wp\/v2\/product_brand?post=5769"},{"taxonomy":"product_cat","embeddable":true,"href":"https:\/\/www.pressensa.shop\/fr\/wp-json\/wp\/v2\/product_cat?post=5769"},{"taxonomy":"product_tag","embeddable":true,"href":"https:\/\/www.pressensa.shop\/fr\/wp-json\/wp\/v2\/product_tag?post=5769"}],"curies":[{"name":"wp","href":"https:\/\/api.w.org\/{rel}","templated":true}]}}