{"id":5772,"date":"2022-06-23T12:55:00","date_gmt":"2022-06-23T10:55:00","guid":{"rendered":"https:\/\/www.presensa.com\/producto\/essential-daily-care-kit\/"},"modified":"2026-02-15T08:40:07","modified_gmt":"2026-02-15T07:40:07","slug":"essential-daily-care-kit","status":"publish","type":"product","link":"https:\/\/www.pressensa.shop\/fr\/produit\/essential-daily-care-kit\/","title":{"rendered":"Essential daily care Kit"},"content":{"rendered":"<p><strong>Contiene<\/strong><br \/>\nLeche Limpiadora DeePure<br \/>\nT\u00f3nico Hidratante<br \/>\nContorno de ojos<br \/>\nCrema de D\u00eda<br \/>\nCrema de Noche<\/p>\n","protected":false},"excerpt":{"rendered":"<h2>Kit de soins quotidiens essentiels<\/h2>\n<p>Si ce que tu cherchais est un Kit de soins essentiels pour la peau, <strong>Essential Daily Care Kit<\/strong>est tout ce dont vous avez besoin dans votre quotidien.<\/p>\n<p>Parfait pour maintenir et prolonger les r\u00e9sultats de quelque traitement m\u00e9dical-esth\u00e9tique.<\/p>\n<p><strong>Contient:<\/strong><br \/>\n<strong>Leche Limpiadora DeePure<\/strong><br \/>\nDeePure, un lait d\u00e9maquillant et hydratant \u00e0 la texture onctueuse et rafra\u00eechissante, formul\u00e9 \u00e0 base d&rsquo;eau glaciaire liposomale. Cette Eau du Glacier Liposomal est capt\u00e9e \u00e0 1.800 m de profondeur, ce qui garantit sa puret\u00e9 et sa fra\u00eecheur. L&rsquo;encapsulation dans des liposomes augmente sa p\u00e9n\u00e9tration dans la peau, provoquant une<strong>hydratation profonde<\/strong> et durable. Ses propri\u00e9t\u00e9s lui permettent d&rsquo;\u00eatre appliqu\u00e9 sur tous les <strong>types de peaux<\/strong>, m\u00eame les plus sensibles.<\/p>\n<p><strong>T\u00f3nico hidratante FresHydra:<\/strong><br \/>\nFormul\u00e9 pour tonifier l&rsquo;\u00e9piderme, rafra\u00eechir la peau, r\u00e9guler son pH et la pr\u00e9parer aux soins suivants. Nous avons con\u00e7u ce tonique pour tous les types de peaux, pensant aussi en ces plus sensibles. Il n&rsquo;y a pas d&rsquo;alcool.<\/p>\n<p><strong>Contorno de ojos<\/strong><br \/>\nCirclEye est formul\u00e9e pour att\u00e9nuer les cernes et les poches sous les yeux, offrant un effet liftant imm\u00e9diat. C&rsquo;est bien ce que la plupart des gens essaient de faire. Cependant, gr\u00e2ce \u00e0 sa formule enrichie de deux actifs issus de la cosm\u00e9tique mol\u00e9culaire intelligente, tels que : CITRUSTEM \u2122 Y TENS\u2019UP \u2122 (parmi ses autres ingr\u00e9dients), CirclEye tient v\u00e9ritablement ses promesses.<\/p>\n<p><strong>Cr\u00e8me hydratante de jour :<\/strong><br \/>\nTotaLift 24 heures est une cr\u00e8me hydratante qui maintient la peau hydrat\u00e9e jusqu&rsquo;\u00e0 24 heures. En sa formule contient acide hyaluronique de HPM (haute poids mol\u00e9culaire) et est id\u00e9ale pour l\u2019usage quotidien, car il le donne propri\u00e9t\u00e9s hautement hydratantes, humectantes et adoucissantes, maintenant la douceur de la peau.<\/p>\n<p><strong>La cr\u00e8me de nuit revitalisante SupremEffects,<\/strong><br \/>\ngr\u00e2ce au peptide Argirelox TM et \u00e0 l&rsquo;acide hyaluronique LMW (faible poids mol\u00e9culaire), rend un effet lifting du visage perceptible sans proc\u00e9dures invasives. De plus, est formul\u00e9 comme toute notre range de cosm\u00e9tiques pour tous types de peaux, aussi les plus sensibles.<\/p>\n<blockquote><p><strong>L&rsquo; actif le plus remarquable de ce kit est l\u2019Acide Hyaluronique, le CITRUSTEM \u2122 et aussi TENS\u2019UP \u2122. <\/strong><\/p><\/blockquote>\n","protected":false},"featured_media":23334,"comment_status":"open","ping_status":"closed","template":"","meta":[],"product_brand":[],"product_cat":[79],"product_tag":[],"class_list":{"0":"post-5772","1":"product","2":"type-product","3":"status-publish","4":"has-post-thumbnail","6":"product_cat-home-care-fr","8":"first","9":"instock","10":"taxable","11":"shipping-taxable","12":"purchasable","13":"product-type-simple"},"yoast_head":"<!-- This site is optimized with the Yoast SEO plugin v27.3 - https:\/\/yoast.com\/product\/yoast-seo-wordpress\/ -->\n<title>Pack de routine pour le visage \u00e0 l&#039;acide hyaluronique<\/title>\n<meta name=\"description\" content=\"Coffrets cadeaux pour femmes ayant une routine de soins incluant cr\u00e8me hydratante, contour des yeux et cr\u00e8me de nuit\" \/>\n<meta name=\"robots\" content=\"index, follow, max-snippet:-1, max-image-preview:large, max-video-preview:-1\" \/>\n<link rel=\"canonical\" href=\"https:\/\/www.pressensa.shop\/fr\/produit\/essential-daily-care-kit\/\" \/>\n<meta property=\"og:locale\" content=\"fr_FR\" \/>\n<meta property=\"og:type\" content=\"article\" \/>\n<meta property=\"og:title\" content=\"Pack de routine pour le visage \u00e0 l&#039;acide hyaluronique\" \/>\n<meta property=\"og:description\" content=\"Coffrets cadeaux pour femmes ayant une routine de soins incluant cr\u00e8me hydratante, contour des yeux et cr\u00e8me de nuit\" \/>\n<meta property=\"og:url\" content=\"https:\/\/www.pressensa.shop\/fr\/produit\/essential-daily-care-kit\/\" \/>\n<meta property=\"og:site_name\" content=\"Pressensa\" \/>\n<meta property=\"article:modified_time\" content=\"2026-02-15T07:40:07+00:00\" \/>\n<meta property=\"og:image\" content=\"https:\/\/www.pressensa.shop\/wp-content\/uploads\/2022\/08\/ESSENTIAL-DAILY-CARE-KIT-AZUL.webp\" \/>\n\t<meta property=\"og:image:width\" content=\"1920\" \/>\n\t<meta property=\"og:image:height\" content=\"1920\" \/>\n\t<meta property=\"og:image:type\" content=\"image\/webp\" \/>\n<meta name=\"twitter:card\" content=\"summary_large_image\" \/>\n<script type=\"application\/ld+json\" class=\"yoast-schema-graph\">{\"@context\":\"https:\\\/\\\/schema.org\",\"@graph\":[{\"@type\":\"WebPage\",\"@id\":\"https:\\\/\\\/www.pressensa.shop\\\/fr\\\/produit\\\/essential-daily-care-kit\\\/\",\"url\":\"https:\\\/\\\/www.pressensa.shop\\\/fr\\\/produit\\\/essential-daily-care-kit\\\/\",\"name\":\"Pack de routine pour le visage \u00e0 l'acide hyaluronique\",\"isPartOf\":{\"@id\":\"https:\\\/\\\/www.pressensa.shop\\\/fr\\\/#website\"},\"primaryImageOfPage\":{\"@id\":\"https:\\\/\\\/www.pressensa.shop\\\/fr\\\/produit\\\/essential-daily-care-kit\\\/#primaryimage\"},\"image\":{\"@id\":\"https:\\\/\\\/www.pressensa.shop\\\/fr\\\/produit\\\/essential-daily-care-kit\\\/#primaryimage\"},\"thumbnailUrl\":\"https:\\\/\\\/www.pressensa.shop\\\/wp-content\\\/uploads\\\/2022\\\/08\\\/ESSENTIAL-DAILY-CARE-KIT-AZUL.webp\",\"datePublished\":\"2022-06-23T10:55:00+00:00\",\"dateModified\":\"2026-02-15T07:40:07+00:00\",\"description\":\"Coffrets cadeaux pour femmes ayant une routine de soins incluant cr\u00e8me hydratante, contour des yeux et cr\u00e8me de nuit\",\"breadcrumb\":{\"@id\":\"https:\\\/\\\/www.pressensa.shop\\\/fr\\\/produit\\\/essential-daily-care-kit\\\/#breadcrumb\"},\"inLanguage\":\"fr-FR\",\"potentialAction\":[{\"@type\":\"ReadAction\",\"target\":[\"https:\\\/\\\/www.pressensa.shop\\\/fr\\\/produit\\\/essential-daily-care-kit\\\/\"]}]},{\"@type\":\"ImageObject\",\"inLanguage\":\"fr-FR\",\"@id\":\"https:\\\/\\\/www.pressensa.shop\\\/fr\\\/produit\\\/essential-daily-care-kit\\\/#primaryimage\",\"url\":\"https:\\\/\\\/www.pressensa.shop\\\/wp-content\\\/uploads\\\/2022\\\/08\\\/ESSENTIAL-DAILY-CARE-KIT-AZUL.webp\",\"contentUrl\":\"https:\\\/\\\/www.pressensa.shop\\\/wp-content\\\/uploads\\\/2022\\\/08\\\/ESSENTIAL-DAILY-CARE-KIT-AZUL.webp\",\"width\":1920,\"height\":1920},{\"@type\":\"BreadcrumbList\",\"@id\":\"https:\\\/\\\/www.pressensa.shop\\\/fr\\\/produit\\\/essential-daily-care-kit\\\/#breadcrumb\",\"itemListElement\":[{\"@type\":\"ListItem\",\"position\":1,\"name\":\"Portada\",\"item\":\"https:\\\/\\\/www.pressensa.shop\\\/fr\\\/\"},{\"@type\":\"ListItem\",\"position\":2,\"name\":\"Boutique\",\"item\":\"https:\\\/\\\/www.pressensa.shop\\\/fr\\\/boutique\\\/\"},{\"@type\":\"ListItem\",\"position\":3,\"name\":\"Essential daily care Kit\"}]},{\"@type\":\"WebSite\",\"@id\":\"https:\\\/\\\/www.pressensa.shop\\\/fr\\\/#website\",\"url\":\"https:\\\/\\\/www.pressensa.shop\\\/fr\\\/\",\"name\":\"Pressensa\",\"description\":\"fabricante de productos de dermocosmetica, estetica y medicina est\u00e9tica.\",\"publisher\":{\"@id\":\"https:\\\/\\\/www.pressensa.shop\\\/fr\\\/#organization\"},\"potentialAction\":[{\"@type\":\"SearchAction\",\"target\":{\"@type\":\"EntryPoint\",\"urlTemplate\":\"https:\\\/\\\/www.pressensa.shop\\\/fr\\\/?s={search_term_string}\"},\"query-input\":{\"@type\":\"PropertyValueSpecification\",\"valueRequired\":true,\"valueName\":\"search_term_string\"}}],\"inLanguage\":\"fr-FR\"},{\"@type\":\"Organization\",\"@id\":\"https:\\\/\\\/www.pressensa.shop\\\/fr\\\/#organization\",\"name\":\"Pressensa\",\"url\":\"https:\\\/\\\/www.pressensa.shop\\\/fr\\\/\",\"logo\":{\"@type\":\"ImageObject\",\"inLanguage\":\"fr-FR\",\"@id\":\"https:\\\/\\\/www.pressensa.shop\\\/fr\\\/#\\\/schema\\\/logo\\\/image\\\/\",\"url\":\"https:\\\/\\\/www.pressensa.shop\\\/wp-content\\\/uploads\\\/2022\\\/06\\\/Recurso-24.png\",\"contentUrl\":\"https:\\\/\\\/www.pressensa.shop\\\/wp-content\\\/uploads\\\/2022\\\/06\\\/Recurso-24.png\",\"width\":281,\"height\":131,\"caption\":\"Pressensa\"},\"image\":{\"@id\":\"https:\\\/\\\/www.pressensa.shop\\\/fr\\\/#\\\/schema\\\/logo\\\/image\\\/\"}}]}<\/script>\n<!-- \/ Yoast SEO plugin. -->","yoast_head_json":{"title":"Pack de routine pour le visage \u00e0 l'acide hyaluronique","description":"Coffrets cadeaux pour femmes ayant une routine de soins incluant cr\u00e8me hydratante, contour des yeux et cr\u00e8me de nuit","robots":{"index":"index","follow":"follow","max-snippet":"max-snippet:-1","max-image-preview":"max-image-preview:large","max-video-preview":"max-video-preview:-1"},"canonical":"https:\/\/www.pressensa.shop\/fr\/produit\/essential-daily-care-kit\/","og_locale":"fr_FR","og_type":"article","og_title":"Pack de routine pour le visage \u00e0 l'acide hyaluronique","og_description":"Coffrets cadeaux pour femmes ayant une routine de soins incluant cr\u00e8me hydratante, contour des yeux et cr\u00e8me de nuit","og_url":"https:\/\/www.pressensa.shop\/fr\/produit\/essential-daily-care-kit\/","og_site_name":"Pressensa","article_modified_time":"2026-02-15T07:40:07+00:00","og_image":[{"width":1920,"height":1920,"url":"https:\/\/www.pressensa.shop\/wp-content\/uploads\/2022\/08\/ESSENTIAL-DAILY-CARE-KIT-AZUL.webp","type":"image\/webp"}],"twitter_card":"summary_large_image","schema":{"@context":"https:\/\/schema.org","@graph":[{"@type":"WebPage","@id":"https:\/\/www.pressensa.shop\/fr\/produit\/essential-daily-care-kit\/","url":"https:\/\/www.pressensa.shop\/fr\/produit\/essential-daily-care-kit\/","name":"Pack de routine pour le visage \u00e0 l'acide hyaluronique","isPartOf":{"@id":"https:\/\/www.pressensa.shop\/fr\/#website"},"primaryImageOfPage":{"@id":"https:\/\/www.pressensa.shop\/fr\/produit\/essential-daily-care-kit\/#primaryimage"},"image":{"@id":"https:\/\/www.pressensa.shop\/fr\/produit\/essential-daily-care-kit\/#primaryimage"},"thumbnailUrl":"https:\/\/www.pressensa.shop\/wp-content\/uploads\/2022\/08\/ESSENTIAL-DAILY-CARE-KIT-AZUL.webp","datePublished":"2022-06-23T10:55:00+00:00","dateModified":"2026-02-15T07:40:07+00:00","description":"Coffrets cadeaux pour femmes ayant une routine de soins incluant cr\u00e8me hydratante, contour des yeux et cr\u00e8me de nuit","breadcrumb":{"@id":"https:\/\/www.pressensa.shop\/fr\/produit\/essential-daily-care-kit\/#breadcrumb"},"inLanguage":"fr-FR","potentialAction":[{"@type":"ReadAction","target":["https:\/\/www.pressensa.shop\/fr\/produit\/essential-daily-care-kit\/"]}]},{"@type":"ImageObject","inLanguage":"fr-FR","@id":"https:\/\/www.pressensa.shop\/fr\/produit\/essential-daily-care-kit\/#primaryimage","url":"https:\/\/www.pressensa.shop\/wp-content\/uploads\/2022\/08\/ESSENTIAL-DAILY-CARE-KIT-AZUL.webp","contentUrl":"https:\/\/www.pressensa.shop\/wp-content\/uploads\/2022\/08\/ESSENTIAL-DAILY-CARE-KIT-AZUL.webp","width":1920,"height":1920},{"@type":"BreadcrumbList","@id":"https:\/\/www.pressensa.shop\/fr\/produit\/essential-daily-care-kit\/#breadcrumb","itemListElement":[{"@type":"ListItem","position":1,"name":"Portada","item":"https:\/\/www.pressensa.shop\/fr\/"},{"@type":"ListItem","position":2,"name":"Boutique","item":"https:\/\/www.pressensa.shop\/fr\/boutique\/"},{"@type":"ListItem","position":3,"name":"Essential daily care Kit"}]},{"@type":"WebSite","@id":"https:\/\/www.pressensa.shop\/fr\/#website","url":"https:\/\/www.pressensa.shop\/fr\/","name":"Pressensa","description":"fabricante de productos de dermocosmetica, estetica y medicina est\u00e9tica.","publisher":{"@id":"https:\/\/www.pressensa.shop\/fr\/#organization"},"potentialAction":[{"@type":"SearchAction","target":{"@type":"EntryPoint","urlTemplate":"https:\/\/www.pressensa.shop\/fr\/?s={search_term_string}"},"query-input":{"@type":"PropertyValueSpecification","valueRequired":true,"valueName":"search_term_string"}}],"inLanguage":"fr-FR"},{"@type":"Organization","@id":"https:\/\/www.pressensa.shop\/fr\/#organization","name":"Pressensa","url":"https:\/\/www.pressensa.shop\/fr\/","logo":{"@type":"ImageObject","inLanguage":"fr-FR","@id":"https:\/\/www.pressensa.shop\/fr\/#\/schema\/logo\/image\/","url":"https:\/\/www.pressensa.shop\/wp-content\/uploads\/2022\/06\/Recurso-24.png","contentUrl":"https:\/\/www.pressensa.shop\/wp-content\/uploads\/2022\/06\/Recurso-24.png","width":281,"height":131,"caption":"Pressensa"},"image":{"@id":"https:\/\/www.pressensa.shop\/fr\/#\/schema\/logo\/image\/"}}]}},"_links":{"self":[{"href":"https:\/\/www.pressensa.shop\/fr\/wp-json\/wp\/v2\/product\/5772","targetHints":{"allow":["GET"]}}],"collection":[{"href":"https:\/\/www.pressensa.shop\/fr\/wp-json\/wp\/v2\/product"}],"about":[{"href":"https:\/\/www.pressensa.shop\/fr\/wp-json\/wp\/v2\/types\/product"}],"replies":[{"embeddable":true,"href":"https:\/\/www.pressensa.shop\/fr\/wp-json\/wp\/v2\/comments?post=5772"}],"version-history":[{"count":0,"href":"https:\/\/www.pressensa.shop\/fr\/wp-json\/wp\/v2\/product\/5772\/revisions"}],"wp:featuredmedia":[{"embeddable":true,"href":"https:\/\/www.pressensa.shop\/fr\/wp-json\/wp\/v2\/media\/23334"}],"wp:attachment":[{"href":"https:\/\/www.pressensa.shop\/fr\/wp-json\/wp\/v2\/media?parent=5772"}],"wp:term":[{"taxonomy":"product_brand","embeddable":true,"href":"https:\/\/www.pressensa.shop\/fr\/wp-json\/wp\/v2\/product_brand?post=5772"},{"taxonomy":"product_cat","embeddable":true,"href":"https:\/\/www.pressensa.shop\/fr\/wp-json\/wp\/v2\/product_cat?post=5772"},{"taxonomy":"product_tag","embeddable":true,"href":"https:\/\/www.pressensa.shop\/fr\/wp-json\/wp\/v2\/product_tag?post=5772"}],"curies":[{"name":"wp","href":"https:\/\/api.w.org\/{rel}","templated":true}]}}