{"id":5820,"date":"2022-06-23T12:54:53","date_gmt":"2022-06-23T10:54:53","guid":{"rendered":"https:\/\/www.presensa.com\/producto\/deepure\/"},"modified":"2022-09-30T11:24:49","modified_gmt":"2022-09-30T09:24:49","slug":"deepure","status":"publish","type":"product","link":"https:\/\/www.pressensa.shop\/fr\/produit\/deepure\/","title":{"rendered":"DeePure"},"content":{"rendered":"<p>Composants :<br \/>\nl&rsquo;eau liposomal des glaciers.<br \/>\nAcide st\u00e9arique et sodium cetearyl sulfate<br \/>\nHuile d&rsquo;amande douce<\/p>\n<p>150ml<br \/>\nPour tous les types de peau.<\/p>\n","protected":false},"excerpt":{"rendered":"<h2>Lait D\u00e9maquillant \u00e0 l&rsquo;Eau Liposomale des Glaciers<\/h2>\n<p>Le nettoyage de la peau est la<strong>premi\u00e8re \u00e9tape<\/strong> de toute <em>routine de soins<\/em> de la <strong>peau<\/strong>, et c&rsquo;est l&rsquo;une des choses les <strong>plus importantes<\/strong> pour Pressensa.<\/p>\n<p>Pour cette raison, DeePure, est un lait nettoyant et hydratant cr\u00e9meux et frais; formul\u00e9 \u00e0 l&rsquo;eau liposomal des glaciers. Nettoie et rafra\u00eechit la peau avec une hydratation profonde et durable. Cette Eau du Glacier Liposomal est capt\u00e9e \u00e0 1.800 m de profondeur, ce qui garantit sa puret\u00e9 et sa fra\u00eecheur. L&rsquo;encapsulation dans des liposomes augmente sa p\u00e9n\u00e9tration dans la peau, provoquant une<strong>hydratation profonde<\/strong> et durable. Ses propri\u00e9t\u00e9s lui permettent d&rsquo;\u00eatre appliqu\u00e9 sur tous les <strong>types de peaux<\/strong>, m\u00eame les plus sensibles.<\/p>\n<p>Son grand pouvoir nettoyant permet de faire glisser les r\u00e9sidus de maquillage sans agresser la peau m\u00eame d&rsquo;un millim\u00e8tre. Dans sa formulation, nous n&rsquo;avons pas utilis\u00e9 d&rsquo;alcool<\/p>\n<p>Dans sa formulation, nous n&rsquo;avons pas utilis\u00e9 d&rsquo;alcool e.<\/p>\n<h2>Acide st\u00e9arique et sodium cetearyl sulfate<br \/>\n+ Huile d&rsquo;amande douce<\/h2>\n<p>DeePure est formul\u00e9 \u00e0 :<\/p>\n<h3>Acide st\u00e9arique et Sodium cetearyl sulfate :<\/h3>\n<p>Combinaison <strong>d&rsquo;\u00e9mulsifiants doux et d&rsquo;\u00e9mollients<\/strong> qui nettoient la peau en profondeur, tout en l&rsquo;hydratant. Fournit une agr\u00e9able sensation de propret\u00e9.<\/p>\n<h3>Huile d\u2019amande douce :<\/h3>\n<p>L\u2019huile d\u2019amande douce est le responsable de calmer<strong>l\u2019irritation et inflammation de la peau<\/strong>. Riche en<strong>vitamines<\/strong>les plus nutritives telles que <strong>A, B1, B2, B6<\/strong>, et surtout en vitamine <strong>E<\/strong>. Excellent hydratante pour toutes les types de peaux, et d\u2019absorption facile. L\u2019usage de l\u2019extrait d\u2019amande douce rendra la peau douce et souple. Il est consid\u00e9r\u00e9 un <strong>traitement naturel de la beaut\u00e9.<\/strong><\/p>\n<p>De plus, cet actif vous aide \u00e0 vous d\u00e9barrasser de la peau s\u00e8che, les rides, impuret\u00e9s et cellules mortes.<\/p>\n<p>DeePure est id\u00e9al car il <strong>est facilement absorb\u00e9 par la peau ; il donne \u00e0 la peau un toucher brillant et nettoie facilement<\/strong>. L&rsquo;huile d&rsquo;amande douce est consid\u00e9r\u00e9e comme un traitement de beaut\u00e9 naturel. <strong>Il est parfait pour \u00eatre combin\u00e9 avec FresHydra Tonic.<\/strong><\/p>\n","protected":false},"featured_media":23488,"comment_status":"open","ping_status":"closed","template":"","meta":[],"product_brand":[],"product_cat":[79],"product_tag":[],"class_list":{"0":"post-5820","1":"product","2":"type-product","3":"status-publish","4":"has-post-thumbnail","6":"product_cat-home-care-fr","8":"first","9":"instock","10":"taxable","11":"shipping-taxable","12":"purchasable","13":"product-type-simple"},"yoast_head":"<!-- This site is optimized with the Yoast SEO plugin v27.3 - https:\/\/yoast.com\/product\/yoast-seo-wordpress\/ -->\n<title>Acheter le lait nettoyant \u00e0 l&#039;eau glaciale DeePure Liposomed<\/title>\n<meta name=\"description\" content=\"DeePure est un lait nettoyant \u00e0 l&#039;eau glaciaire liposom\u00e9e 20,97 \u20ac.150ml. Acide st\u00e9arique et sodium cetearyl sulfate + Huile d&#039;amande douce\" \/>\n<meta name=\"robots\" content=\"index, follow, max-snippet:-1, max-image-preview:large, max-video-preview:-1\" \/>\n<link rel=\"canonical\" href=\"https:\/\/www.pressensa.shop\/fr\/produit\/deepure\/\" \/>\n<meta property=\"og:locale\" content=\"fr_FR\" \/>\n<meta property=\"og:type\" content=\"article\" \/>\n<meta property=\"og:title\" content=\"Acheter le lait nettoyant \u00e0 l&#039;eau glaciale DeePure Liposomed\" \/>\n<meta property=\"og:description\" content=\"DeePure est un lait nettoyant \u00e0 l&#039;eau glaciaire liposom\u00e9e 20,97 \u20ac.150ml. Acide st\u00e9arique et sodium cetearyl sulfate + Huile d&#039;amande douce\" \/>\n<meta property=\"og:url\" content=\"https:\/\/www.pressensa.shop\/fr\/produit\/deepure\/\" \/>\n<meta property=\"og:site_name\" content=\"Pressensa\" \/>\n<meta property=\"article:modified_time\" content=\"2022-09-30T09:24:49+00:00\" \/>\n<meta property=\"og:image\" content=\"https:\/\/www.pressensa.shop\/wp-content\/uploads\/2022\/06\/DEEPURE-BOTE-1.jpg\" \/>\n\t<meta property=\"og:image:width\" content=\"1920\" \/>\n\t<meta property=\"og:image:height\" content=\"1920\" \/>\n\t<meta property=\"og:image:type\" content=\"image\/jpeg\" \/>\n<meta name=\"twitter:card\" content=\"summary_large_image\" \/>\n<script type=\"application\/ld+json\" class=\"yoast-schema-graph\">{\"@context\":\"https:\\\/\\\/schema.org\",\"@graph\":[{\"@type\":\"WebPage\",\"@id\":\"https:\\\/\\\/www.pressensa.shop\\\/fr\\\/produit\\\/deepure\\\/\",\"url\":\"https:\\\/\\\/www.pressensa.shop\\\/fr\\\/produit\\\/deepure\\\/\",\"name\":\"Acheter le lait nettoyant \u00e0 l'eau glaciale DeePure Liposomed\",\"isPartOf\":{\"@id\":\"https:\\\/\\\/www.pressensa.shop\\\/fr\\\/#website\"},\"primaryImageOfPage\":{\"@id\":\"https:\\\/\\\/www.pressensa.shop\\\/fr\\\/produit\\\/deepure\\\/#primaryimage\"},\"image\":{\"@id\":\"https:\\\/\\\/www.pressensa.shop\\\/fr\\\/produit\\\/deepure\\\/#primaryimage\"},\"thumbnailUrl\":\"https:\\\/\\\/www.pressensa.shop\\\/wp-content\\\/uploads\\\/2022\\\/07\\\/DEEPURE-BOTE.webp\",\"datePublished\":\"2022-06-23T10:54:53+00:00\",\"dateModified\":\"2022-09-30T09:24:49+00:00\",\"description\":\"DeePure est un lait nettoyant \u00e0 l'eau glaciaire liposom\u00e9e 20,97 \u20ac.150ml. Acide st\u00e9arique et sodium cetearyl sulfate + Huile d'amande douce\",\"breadcrumb\":{\"@id\":\"https:\\\/\\\/www.pressensa.shop\\\/fr\\\/produit\\\/deepure\\\/#breadcrumb\"},\"inLanguage\":\"fr-FR\",\"potentialAction\":[{\"@type\":\"ReadAction\",\"target\":[\"https:\\\/\\\/www.pressensa.shop\\\/fr\\\/produit\\\/deepure\\\/\"]}]},{\"@type\":\"ImageObject\",\"inLanguage\":\"fr-FR\",\"@id\":\"https:\\\/\\\/www.pressensa.shop\\\/fr\\\/produit\\\/deepure\\\/#primaryimage\",\"url\":\"https:\\\/\\\/www.pressensa.shop\\\/wp-content\\\/uploads\\\/2022\\\/07\\\/DEEPURE-BOTE.webp\",\"contentUrl\":\"https:\\\/\\\/www.pressensa.shop\\\/wp-content\\\/uploads\\\/2022\\\/07\\\/DEEPURE-BOTE.webp\",\"width\":2160,\"height\":2160},{\"@type\":\"BreadcrumbList\",\"@id\":\"https:\\\/\\\/www.pressensa.shop\\\/fr\\\/produit\\\/deepure\\\/#breadcrumb\",\"itemListElement\":[{\"@type\":\"ListItem\",\"position\":1,\"name\":\"Portada\",\"item\":\"https:\\\/\\\/www.pressensa.shop\\\/fr\\\/\"},{\"@type\":\"ListItem\",\"position\":2,\"name\":\"Boutique\",\"item\":\"https:\\\/\\\/www.pressensa.shop\\\/fr\\\/boutique\\\/\"},{\"@type\":\"ListItem\",\"position\":3,\"name\":\"DeePure\"}]},{\"@type\":\"WebSite\",\"@id\":\"https:\\\/\\\/www.pressensa.shop\\\/fr\\\/#website\",\"url\":\"https:\\\/\\\/www.pressensa.shop\\\/fr\\\/\",\"name\":\"Pressensa\",\"description\":\"fabricante de productos de dermocosmetica, estetica y medicina est\u00e9tica.\",\"publisher\":{\"@id\":\"https:\\\/\\\/www.pressensa.shop\\\/fr\\\/#organization\"},\"potentialAction\":[{\"@type\":\"SearchAction\",\"target\":{\"@type\":\"EntryPoint\",\"urlTemplate\":\"https:\\\/\\\/www.pressensa.shop\\\/fr\\\/?s={search_term_string}\"},\"query-input\":{\"@type\":\"PropertyValueSpecification\",\"valueRequired\":true,\"valueName\":\"search_term_string\"}}],\"inLanguage\":\"fr-FR\"},{\"@type\":\"Organization\",\"@id\":\"https:\\\/\\\/www.pressensa.shop\\\/fr\\\/#organization\",\"name\":\"Pressensa\",\"url\":\"https:\\\/\\\/www.pressensa.shop\\\/fr\\\/\",\"logo\":{\"@type\":\"ImageObject\",\"inLanguage\":\"fr-FR\",\"@id\":\"https:\\\/\\\/www.pressensa.shop\\\/fr\\\/#\\\/schema\\\/logo\\\/image\\\/\",\"url\":\"https:\\\/\\\/www.pressensa.shop\\\/wp-content\\\/uploads\\\/2022\\\/06\\\/Recurso-24.png\",\"contentUrl\":\"https:\\\/\\\/www.pressensa.shop\\\/wp-content\\\/uploads\\\/2022\\\/06\\\/Recurso-24.png\",\"width\":281,\"height\":131,\"caption\":\"Pressensa\"},\"image\":{\"@id\":\"https:\\\/\\\/www.pressensa.shop\\\/fr\\\/#\\\/schema\\\/logo\\\/image\\\/\"}}]}<\/script>\n<!-- \/ Yoast SEO plugin. -->","yoast_head_json":{"title":"Acheter le lait nettoyant \u00e0 l'eau glaciale DeePure Liposomed","description":"DeePure est un lait nettoyant \u00e0 l'eau glaciaire liposom\u00e9e 20,97 \u20ac.150ml. Acide st\u00e9arique et sodium cetearyl sulfate + Huile d'amande douce","robots":{"index":"index","follow":"follow","max-snippet":"max-snippet:-1","max-image-preview":"max-image-preview:large","max-video-preview":"max-video-preview:-1"},"canonical":"https:\/\/www.pressensa.shop\/fr\/produit\/deepure\/","og_locale":"fr_FR","og_type":"article","og_title":"Acheter le lait nettoyant \u00e0 l'eau glaciale DeePure Liposomed","og_description":"DeePure est un lait nettoyant \u00e0 l'eau glaciaire liposom\u00e9e 20,97 \u20ac.150ml. Acide st\u00e9arique et sodium cetearyl sulfate + Huile d'amande douce","og_url":"https:\/\/www.pressensa.shop\/fr\/produit\/deepure\/","og_site_name":"Pressensa","article_modified_time":"2022-09-30T09:24:49+00:00","og_image":[{"width":1920,"height":1920,"url":"https:\/\/www.pressensa.shop\/wp-content\/uploads\/2022\/06\/DEEPURE-BOTE-1.jpg","type":"image\/jpeg"}],"twitter_card":"summary_large_image","schema":{"@context":"https:\/\/schema.org","@graph":[{"@type":"WebPage","@id":"https:\/\/www.pressensa.shop\/fr\/produit\/deepure\/","url":"https:\/\/www.pressensa.shop\/fr\/produit\/deepure\/","name":"Acheter le lait nettoyant \u00e0 l'eau glaciale DeePure Liposomed","isPartOf":{"@id":"https:\/\/www.pressensa.shop\/fr\/#website"},"primaryImageOfPage":{"@id":"https:\/\/www.pressensa.shop\/fr\/produit\/deepure\/#primaryimage"},"image":{"@id":"https:\/\/www.pressensa.shop\/fr\/produit\/deepure\/#primaryimage"},"thumbnailUrl":"https:\/\/www.pressensa.shop\/wp-content\/uploads\/2022\/07\/DEEPURE-BOTE.webp","datePublished":"2022-06-23T10:54:53+00:00","dateModified":"2022-09-30T09:24:49+00:00","description":"DeePure est un lait nettoyant \u00e0 l'eau glaciaire liposom\u00e9e 20,97 \u20ac.150ml. Acide st\u00e9arique et sodium cetearyl sulfate + Huile d'amande douce","breadcrumb":{"@id":"https:\/\/www.pressensa.shop\/fr\/produit\/deepure\/#breadcrumb"},"inLanguage":"fr-FR","potentialAction":[{"@type":"ReadAction","target":["https:\/\/www.pressensa.shop\/fr\/produit\/deepure\/"]}]},{"@type":"ImageObject","inLanguage":"fr-FR","@id":"https:\/\/www.pressensa.shop\/fr\/produit\/deepure\/#primaryimage","url":"https:\/\/www.pressensa.shop\/wp-content\/uploads\/2022\/07\/DEEPURE-BOTE.webp","contentUrl":"https:\/\/www.pressensa.shop\/wp-content\/uploads\/2022\/07\/DEEPURE-BOTE.webp","width":2160,"height":2160},{"@type":"BreadcrumbList","@id":"https:\/\/www.pressensa.shop\/fr\/produit\/deepure\/#breadcrumb","itemListElement":[{"@type":"ListItem","position":1,"name":"Portada","item":"https:\/\/www.pressensa.shop\/fr\/"},{"@type":"ListItem","position":2,"name":"Boutique","item":"https:\/\/www.pressensa.shop\/fr\/boutique\/"},{"@type":"ListItem","position":3,"name":"DeePure"}]},{"@type":"WebSite","@id":"https:\/\/www.pressensa.shop\/fr\/#website","url":"https:\/\/www.pressensa.shop\/fr\/","name":"Pressensa","description":"fabricante de productos de dermocosmetica, estetica y medicina est\u00e9tica.","publisher":{"@id":"https:\/\/www.pressensa.shop\/fr\/#organization"},"potentialAction":[{"@type":"SearchAction","target":{"@type":"EntryPoint","urlTemplate":"https:\/\/www.pressensa.shop\/fr\/?s={search_term_string}"},"query-input":{"@type":"PropertyValueSpecification","valueRequired":true,"valueName":"search_term_string"}}],"inLanguage":"fr-FR"},{"@type":"Organization","@id":"https:\/\/www.pressensa.shop\/fr\/#organization","name":"Pressensa","url":"https:\/\/www.pressensa.shop\/fr\/","logo":{"@type":"ImageObject","inLanguage":"fr-FR","@id":"https:\/\/www.pressensa.shop\/fr\/#\/schema\/logo\/image\/","url":"https:\/\/www.pressensa.shop\/wp-content\/uploads\/2022\/06\/Recurso-24.png","contentUrl":"https:\/\/www.pressensa.shop\/wp-content\/uploads\/2022\/06\/Recurso-24.png","width":281,"height":131,"caption":"Pressensa"},"image":{"@id":"https:\/\/www.pressensa.shop\/fr\/#\/schema\/logo\/image\/"}}]}},"_links":{"self":[{"href":"https:\/\/www.pressensa.shop\/fr\/wp-json\/wp\/v2\/product\/5820","targetHints":{"allow":["GET"]}}],"collection":[{"href":"https:\/\/www.pressensa.shop\/fr\/wp-json\/wp\/v2\/product"}],"about":[{"href":"https:\/\/www.pressensa.shop\/fr\/wp-json\/wp\/v2\/types\/product"}],"replies":[{"embeddable":true,"href":"https:\/\/www.pressensa.shop\/fr\/wp-json\/wp\/v2\/comments?post=5820"}],"version-history":[{"count":0,"href":"https:\/\/www.pressensa.shop\/fr\/wp-json\/wp\/v2\/product\/5820\/revisions"}],"wp:featuredmedia":[{"embeddable":true,"href":"https:\/\/www.pressensa.shop\/fr\/wp-json\/wp\/v2\/media\/23488"}],"wp:attachment":[{"href":"https:\/\/www.pressensa.shop\/fr\/wp-json\/wp\/v2\/media?parent=5820"}],"wp:term":[{"taxonomy":"product_brand","embeddable":true,"href":"https:\/\/www.pressensa.shop\/fr\/wp-json\/wp\/v2\/product_brand?post=5820"},{"taxonomy":"product_cat","embeddable":true,"href":"https:\/\/www.pressensa.shop\/fr\/wp-json\/wp\/v2\/product_cat?post=5820"},{"taxonomy":"product_tag","embeddable":true,"href":"https:\/\/www.pressensa.shop\/fr\/wp-json\/wp\/v2\/product_tag?post=5820"}],"curies":[{"name":"wp","href":"https:\/\/api.w.org\/{rel}","templated":true}]}}