{"id":5824,"date":"2022-06-23T12:54:48","date_gmt":"2022-06-23T10:54:48","guid":{"rendered":"https:\/\/www.presensa.com\/producto\/dermo-repair-serum-regenerant-post-peeling\/"},"modified":"2026-02-18T12:07:29","modified_gmt":"2026-02-18T11:07:29","slug":"serum-regenerant-post-peeling","status":"publish","type":"product","link":"https:\/\/www.pressensa.shop\/fr\/produit\/serum-regenerant-post-peeling\/","title":{"rendered":"Dermo-Repair : s\u00e9rum r\u00e9g\u00e9n\u00e9rant post peeling"},"content":{"rendered":"<p><strong>Composants<\/strong> :<br \/>\n Arnica Montana<br \/>\nCentella Asiatica<br \/>\n Mauve<br \/>\nPanth\u00e9nol Collag\u00e8ne<br \/>\nhydrolys\u00e9<br \/>\n Hyaluronate de sodium<br \/>\n 15 ml<\/p>\n","protected":false},"excerpt":{"rendered":"<h2>S\u00e9rum r\u00e9g\u00e9n\u00e9rant post peeling<\/h2>\n<p>Une solution qui acc\u00e9l\u00e8re le processus de r\u00e9cup\u00e9ration et r\u00e9paration de la peau endommag\u00e9e et irrit\u00e9e. <strong>DermoRepair <\/strong> est con\u00e7u avec une formule avanc\u00e9e, qui agit de trois \u00e9tapes de r\u00e9paration de la peau: inflammation, prolif\u00e9ration et remodelation pour restaurer la barri\u00e8re cutan\u00e9e.<\/p>\n<h2>Action antioxydante, anti-inflammatoire, anticellulite et anti-\u00e2ge :\u00c9tincelle asiatique.<\/h2>\n<p>L\u2019 \u00c9tincelle asiatique, cet actif \u00e0 la mode est devenu l&rsquo;un des plus utilis\u00e9s dans les cosm\u00e9tiques cor\u00e9ens pour tous ses bienfaits.<\/p>\n<p>C&rsquo;est un actif essentiel pour le soin et la r\u00e9paration de la peau gr\u00e2ce \u00e0 sa <em>quadruple action.<\/em><\/p>\n<p>Sa formule contient \u00e9galement du Panth\u00e9nol, ou provitamine B5, il a la m\u00eame activit\u00e9 biologique que la Vitamine B5. Celui-ci joue un r\u00f4le central dans le m\u00e9tabolisme et dans le bon fonctionnement de la peau.<\/p>\n<p>.<\/p>\n<p>C&rsquo;est un acc\u00e9l\u00e9rateur <strong>parfait et puissant de la cicatrisation des plaies<\/strong> <\/p>\n<blockquote>\n<h4>Id\u00e9al pour\u2026<\/h4>\n<p>Il est id\u00e9al pour une utilisation dans les traitements post peeling ou m\u00e9soth\u00e9rapie.<\/p><\/blockquote>\n","protected":false},"featured_media":23499,"comment_status":"open","ping_status":"closed","template":"","meta":[],"product_brand":[],"product_cat":[72],"product_tag":[],"class_list":{"0":"post-5824","1":"product","2":"type-product","3":"status-publish","4":"has-post-thumbnail","6":"product_cat-professionnelle","8":"first","9":"instock","10":"sale","11":"taxable","12":"shipping-taxable","13":"purchasable","14":"product-type-simple"},"yoast_head":"<!-- This site is optimized with the Yoast SEO plugin v27.4 - https:\/\/yoast.com\/product\/yoast-seo-wordpress\/ -->\n<title>S\u00e9rum r\u00e9g\u00e9n\u00e9rant post peeling pour le visage : Dermo Repair<\/title>\n<meta name=\"description\" content=\"Pressensa Dermo Repair est un s\u00e9rum r\u00e9g\u00e9n\u00e9rant pour les peaux endommag\u00e9es et irrit\u00e9es. Id\u00e9al pour une utilisation en salon apr\u00e8s des traitements agressifs : m\u00e9so ; peeling...\" \/>\n<meta name=\"robots\" content=\"index, follow, max-snippet:-1, max-image-preview:large, max-video-preview:-1\" \/>\n<link rel=\"canonical\" href=\"https:\/\/www.pressensa.shop\/fr\/produit\/serum-regenerant-post-peeling\/\" \/>\n<meta property=\"og:locale\" content=\"fr_FR\" \/>\n<meta property=\"og:type\" content=\"article\" \/>\n<meta property=\"og:title\" content=\"S\u00e9rum r\u00e9g\u00e9n\u00e9rant post peeling pour le visage : Dermo Repair\" \/>\n<meta property=\"og:description\" content=\"Pressensa Dermo Repair est un s\u00e9rum r\u00e9g\u00e9n\u00e9rant pour les peaux endommag\u00e9es et irrit\u00e9es. Id\u00e9al pour une utilisation en salon apr\u00e8s des traitements agressifs : m\u00e9so ; peeling...\" \/>\n<meta property=\"og:url\" content=\"https:\/\/www.pressensa.shop\/fr\/produit\/serum-regenerant-post-peeling\/\" \/>\n<meta property=\"og:site_name\" content=\"Pressensa\" \/>\n<meta property=\"article:modified_time\" content=\"2026-02-18T11:07:29+00:00\" \/>\n<meta property=\"og:image\" content=\"https:\/\/eghgyirmzse.exactdn.com\/wp-content\/uploads\/2022\/07\/pressensa-dermorepair.png?strip=all&lossy=1&ssl=1\" \/>\n\t<meta property=\"og:image:width\" content=\"1080\" \/>\n\t<meta property=\"og:image:height\" content=\"1080\" \/>\n\t<meta property=\"og:image:type\" content=\"image\/png\" \/>\n<meta name=\"twitter:card\" content=\"summary_large_image\" \/>\n<script type=\"application\/ld+json\" class=\"yoast-schema-graph\">{\"@context\":\"https:\\\/\\\/schema.org\",\"@graph\":[{\"@type\":\"WebPage\",\"@id\":\"https:\\\/\\\/www.pressensa.shop\\\/fr\\\/produit\\\/serum-regenerant-post-peeling\\\/\",\"url\":\"https:\\\/\\\/www.pressensa.shop\\\/fr\\\/produit\\\/serum-regenerant-post-peeling\\\/\",\"name\":\"S\u00e9rum r\u00e9g\u00e9n\u00e9rant post peeling pour le visage : Dermo Repair\",\"isPartOf\":{\"@id\":\"https:\\\/\\\/www.pressensa.shop\\\/fr\\\/#website\"},\"primaryImageOfPage\":{\"@id\":\"https:\\\/\\\/www.pressensa.shop\\\/fr\\\/produit\\\/serum-regenerant-post-peeling\\\/#primaryimage\"},\"image\":{\"@id\":\"https:\\\/\\\/www.pressensa.shop\\\/fr\\\/produit\\\/serum-regenerant-post-peeling\\\/#primaryimage\"},\"thumbnailUrl\":\"https:\\\/\\\/www.pressensa.shop\\\/wp-content\\\/uploads\\\/2022\\\/07\\\/DERMO-REPAIR-FRASCO.webp\",\"datePublished\":\"2022-06-23T10:54:48+00:00\",\"dateModified\":\"2026-02-18T11:07:29+00:00\",\"description\":\"Pressensa Dermo Repair est un s\u00e9rum r\u00e9g\u00e9n\u00e9rant pour les peaux endommag\u00e9es et irrit\u00e9es. Id\u00e9al pour une utilisation en salon apr\u00e8s des traitements agressifs : m\u00e9so ; peeling...\",\"breadcrumb\":{\"@id\":\"https:\\\/\\\/www.pressensa.shop\\\/fr\\\/produit\\\/serum-regenerant-post-peeling\\\/#breadcrumb\"},\"inLanguage\":\"fr-FR\",\"potentialAction\":[{\"@type\":\"ReadAction\",\"target\":[\"https:\\\/\\\/www.pressensa.shop\\\/fr\\\/produit\\\/serum-regenerant-post-peeling\\\/\"]}]},{\"@type\":\"ImageObject\",\"inLanguage\":\"fr-FR\",\"@id\":\"https:\\\/\\\/www.pressensa.shop\\\/fr\\\/produit\\\/serum-regenerant-post-peeling\\\/#primaryimage\",\"url\":\"https:\\\/\\\/www.pressensa.shop\\\/wp-content\\\/uploads\\\/2022\\\/07\\\/DERMO-REPAIR-FRASCO.webp\",\"contentUrl\":\"https:\\\/\\\/www.pressensa.shop\\\/wp-content\\\/uploads\\\/2022\\\/07\\\/DERMO-REPAIR-FRASCO.webp\",\"width\":2160,\"height\":2160},{\"@type\":\"BreadcrumbList\",\"@id\":\"https:\\\/\\\/www.pressensa.shop\\\/fr\\\/produit\\\/serum-regenerant-post-peeling\\\/#breadcrumb\",\"itemListElement\":[{\"@type\":\"ListItem\",\"position\":1,\"name\":\"Portada\",\"item\":\"https:\\\/\\\/www.pressensa.shop\\\/fr\\\/\"},{\"@type\":\"ListItem\",\"position\":2,\"name\":\"Boutique\",\"item\":\"https:\\\/\\\/www.pressensa.shop\\\/fr\\\/boutique\\\/\"},{\"@type\":\"ListItem\",\"position\":3,\"name\":\"Dermo-Repair : s\u00e9rum r\u00e9g\u00e9n\u00e9rant post peeling\"}]},{\"@type\":\"WebSite\",\"@id\":\"https:\\\/\\\/www.pressensa.shop\\\/fr\\\/#website\",\"url\":\"https:\\\/\\\/www.pressensa.shop\\\/fr\\\/\",\"name\":\"Pressensa\",\"description\":\"fabricante de productos de dermocosmetica, estetica y medicina est\u00e9tica.\",\"publisher\":{\"@id\":\"https:\\\/\\\/www.pressensa.shop\\\/fr\\\/#organization\"},\"potentialAction\":[{\"@type\":\"SearchAction\",\"target\":{\"@type\":\"EntryPoint\",\"urlTemplate\":\"https:\\\/\\\/www.pressensa.shop\\\/fr\\\/?s={search_term_string}\"},\"query-input\":{\"@type\":\"PropertyValueSpecification\",\"valueRequired\":true,\"valueName\":\"search_term_string\"}}],\"inLanguage\":\"fr-FR\"},{\"@type\":\"Organization\",\"@id\":\"https:\\\/\\\/www.pressensa.shop\\\/fr\\\/#organization\",\"name\":\"Pressensa\",\"url\":\"https:\\\/\\\/www.pressensa.shop\\\/fr\\\/\",\"logo\":{\"@type\":\"ImageObject\",\"inLanguage\":\"fr-FR\",\"@id\":\"https:\\\/\\\/www.pressensa.shop\\\/fr\\\/#\\\/schema\\\/logo\\\/image\\\/\",\"url\":\"https:\\\/\\\/www.pressensa.shop\\\/wp-content\\\/uploads\\\/2022\\\/06\\\/Recurso-24.png\",\"contentUrl\":\"https:\\\/\\\/www.pressensa.shop\\\/wp-content\\\/uploads\\\/2022\\\/06\\\/Recurso-24.png\",\"width\":281,\"height\":131,\"caption\":\"Pressensa\"},\"image\":{\"@id\":\"https:\\\/\\\/www.pressensa.shop\\\/fr\\\/#\\\/schema\\\/logo\\\/image\\\/\"}}]}<\/script>\n<!-- \/ Yoast SEO plugin. -->","yoast_head_json":{"title":"S\u00e9rum r\u00e9g\u00e9n\u00e9rant post peeling pour le visage : Dermo Repair","description":"Pressensa Dermo Repair est un s\u00e9rum r\u00e9g\u00e9n\u00e9rant pour les peaux endommag\u00e9es et irrit\u00e9es. Id\u00e9al pour une utilisation en salon apr\u00e8s des traitements agressifs : m\u00e9so ; peeling...","robots":{"index":"index","follow":"follow","max-snippet":"max-snippet:-1","max-image-preview":"max-image-preview:large","max-video-preview":"max-video-preview:-1"},"canonical":"https:\/\/www.pressensa.shop\/fr\/produit\/serum-regenerant-post-peeling\/","og_locale":"fr_FR","og_type":"article","og_title":"S\u00e9rum r\u00e9g\u00e9n\u00e9rant post peeling pour le visage : Dermo Repair","og_description":"Pressensa Dermo Repair est un s\u00e9rum r\u00e9g\u00e9n\u00e9rant pour les peaux endommag\u00e9es et irrit\u00e9es. Id\u00e9al pour une utilisation en salon apr\u00e8s des traitements agressifs : m\u00e9so ; peeling...","og_url":"https:\/\/www.pressensa.shop\/fr\/produit\/serum-regenerant-post-peeling\/","og_site_name":"Pressensa","article_modified_time":"2026-02-18T11:07:29+00:00","og_image":[{"width":1080,"height":1080,"url":"https:\/\/eghgyirmzse.exactdn.com\/wp-content\/uploads\/2022\/07\/pressensa-dermorepair.png?strip=all&lossy=1&ssl=1","type":"image\/png"}],"twitter_card":"summary_large_image","schema":{"@context":"https:\/\/schema.org","@graph":[{"@type":"WebPage","@id":"https:\/\/www.pressensa.shop\/fr\/produit\/serum-regenerant-post-peeling\/","url":"https:\/\/www.pressensa.shop\/fr\/produit\/serum-regenerant-post-peeling\/","name":"S\u00e9rum r\u00e9g\u00e9n\u00e9rant post peeling pour le visage : Dermo Repair","isPartOf":{"@id":"https:\/\/www.pressensa.shop\/fr\/#website"},"primaryImageOfPage":{"@id":"https:\/\/www.pressensa.shop\/fr\/produit\/serum-regenerant-post-peeling\/#primaryimage"},"image":{"@id":"https:\/\/www.pressensa.shop\/fr\/produit\/serum-regenerant-post-peeling\/#primaryimage"},"thumbnailUrl":"https:\/\/www.pressensa.shop\/wp-content\/uploads\/2022\/07\/DERMO-REPAIR-FRASCO.webp","datePublished":"2022-06-23T10:54:48+00:00","dateModified":"2026-02-18T11:07:29+00:00","description":"Pressensa Dermo Repair est un s\u00e9rum r\u00e9g\u00e9n\u00e9rant pour les peaux endommag\u00e9es et irrit\u00e9es. Id\u00e9al pour une utilisation en salon apr\u00e8s des traitements agressifs : m\u00e9so ; peeling...","breadcrumb":{"@id":"https:\/\/www.pressensa.shop\/fr\/produit\/serum-regenerant-post-peeling\/#breadcrumb"},"inLanguage":"fr-FR","potentialAction":[{"@type":"ReadAction","target":["https:\/\/www.pressensa.shop\/fr\/produit\/serum-regenerant-post-peeling\/"]}]},{"@type":"ImageObject","inLanguage":"fr-FR","@id":"https:\/\/www.pressensa.shop\/fr\/produit\/serum-regenerant-post-peeling\/#primaryimage","url":"https:\/\/www.pressensa.shop\/wp-content\/uploads\/2022\/07\/DERMO-REPAIR-FRASCO.webp","contentUrl":"https:\/\/www.pressensa.shop\/wp-content\/uploads\/2022\/07\/DERMO-REPAIR-FRASCO.webp","width":2160,"height":2160},{"@type":"BreadcrumbList","@id":"https:\/\/www.pressensa.shop\/fr\/produit\/serum-regenerant-post-peeling\/#breadcrumb","itemListElement":[{"@type":"ListItem","position":1,"name":"Portada","item":"https:\/\/www.pressensa.shop\/fr\/"},{"@type":"ListItem","position":2,"name":"Boutique","item":"https:\/\/www.pressensa.shop\/fr\/boutique\/"},{"@type":"ListItem","position":3,"name":"Dermo-Repair : s\u00e9rum r\u00e9g\u00e9n\u00e9rant post peeling"}]},{"@type":"WebSite","@id":"https:\/\/www.pressensa.shop\/fr\/#website","url":"https:\/\/www.pressensa.shop\/fr\/","name":"Pressensa","description":"fabricante de productos de dermocosmetica, estetica y medicina est\u00e9tica.","publisher":{"@id":"https:\/\/www.pressensa.shop\/fr\/#organization"},"potentialAction":[{"@type":"SearchAction","target":{"@type":"EntryPoint","urlTemplate":"https:\/\/www.pressensa.shop\/fr\/?s={search_term_string}"},"query-input":{"@type":"PropertyValueSpecification","valueRequired":true,"valueName":"search_term_string"}}],"inLanguage":"fr-FR"},{"@type":"Organization","@id":"https:\/\/www.pressensa.shop\/fr\/#organization","name":"Pressensa","url":"https:\/\/www.pressensa.shop\/fr\/","logo":{"@type":"ImageObject","inLanguage":"fr-FR","@id":"https:\/\/www.pressensa.shop\/fr\/#\/schema\/logo\/image\/","url":"https:\/\/www.pressensa.shop\/wp-content\/uploads\/2022\/06\/Recurso-24.png","contentUrl":"https:\/\/www.pressensa.shop\/wp-content\/uploads\/2022\/06\/Recurso-24.png","width":281,"height":131,"caption":"Pressensa"},"image":{"@id":"https:\/\/www.pressensa.shop\/fr\/#\/schema\/logo\/image\/"}}]}},"_links":{"self":[{"href":"https:\/\/www.pressensa.shop\/fr\/wp-json\/wp\/v2\/product\/5824","targetHints":{"allow":["GET"]}}],"collection":[{"href":"https:\/\/www.pressensa.shop\/fr\/wp-json\/wp\/v2\/product"}],"about":[{"href":"https:\/\/www.pressensa.shop\/fr\/wp-json\/wp\/v2\/types\/product"}],"replies":[{"embeddable":true,"href":"https:\/\/www.pressensa.shop\/fr\/wp-json\/wp\/v2\/comments?post=5824"}],"version-history":[{"count":0,"href":"https:\/\/www.pressensa.shop\/fr\/wp-json\/wp\/v2\/product\/5824\/revisions"}],"wp:featuredmedia":[{"embeddable":true,"href":"https:\/\/www.pressensa.shop\/fr\/wp-json\/wp\/v2\/media\/23499"}],"wp:attachment":[{"href":"https:\/\/www.pressensa.shop\/fr\/wp-json\/wp\/v2\/media?parent=5824"}],"wp:term":[{"taxonomy":"product_brand","embeddable":true,"href":"https:\/\/www.pressensa.shop\/fr\/wp-json\/wp\/v2\/product_brand?post=5824"},{"taxonomy":"product_cat","embeddable":true,"href":"https:\/\/www.pressensa.shop\/fr\/wp-json\/wp\/v2\/product_cat?post=5824"},{"taxonomy":"product_tag","embeddable":true,"href":"https:\/\/www.pressensa.shop\/fr\/wp-json\/wp\/v2\/product_tag?post=5824"}],"curies":[{"name":"wp","href":"https:\/\/api.w.org\/{rel}","templated":true}]}}