{"id":5909,"date":"2022-06-23T12:54:47","date_gmt":"2022-06-23T10:54:47","guid":{"rendered":"https:\/\/www.presensa.com\/producto\/acnheal-ampoule-multivitaminee-et-huile-de-graines-de-citrouille-pour-lacne\/"},"modified":"2026-03-27T19:26:01","modified_gmt":"2026-03-27T18:26:01","slug":"cocktail-multivitamines-acides-acne-professionnel","status":"publish","type":"product","link":"https:\/\/www.pressensa.shop\/fr\/produit\/cocktail-multivitamines-acides-acne-professionnel\/","title":{"rendered":"AcnHeal | Ampoule multivitamin\u00e9e et huile de graines de citrouille pour l&rsquo;acn\u00e9."},"content":{"rendered":"<p><strong>Formul\u00e9 avec :<br \/>\nVitamines :<\/strong> A, B3, B5, B2<br \/>\nSilicium organique<br \/>\nHuile de p\u00e9pins de courge<br \/>\nAcides citrique, lactique et hyaluronique<\/p>\n<p>Une bo\u00eete contient 20 ampoules de 2ml chacune.<\/p>\n","protected":false},"excerpt":{"rendered":"<h2>Cocktail vitamin\u00e9 pour Dermapen<\/h2>\n<p>Acnheal est un cocktail de vitamines pour <span style=\"text-decoration: underline;\"><strong>traiter sprcificament l&rsquo;acn\u00e9 par les professionnels de l&rsquo;esth\u00e9tique<\/strong><\/span> Ce cocktail est formul\u00e9 pour acc\u00e9l\u00e9rer la gu\u00e9rison, apaiser les \u00e9ruptions et aider \u00e0 r\u00e9duire l&rsquo;inflammation de l&rsquo;acn\u00e9. Il fait \u00e9galement dispara\u00eetre les cicatrices et les imperfections caus\u00e9es par l&rsquo;acn\u00e9.<\/p>\n<h2>Agents exfoliants, nettoyants, hydratants et antioxydants.<\/h2>\n<p>Les <strong>ingr\u00e9dients d&rsquo;Acnheal<\/strong> sont soigneusement choisis pour stimuler les niveaux de collag\u00e8ne et d&rsquo;\u00e9lastine afin de lisser la peau, d&rsquo;exfolier et d&rsquo;att\u00e9nuer les lignes, les cicatrices d&rsquo;acn\u00e9 et la pigmentation. De plus, il aide \u00e0 contr\u00f4ler l&rsquo;exc\u00e8s d&rsquo;androg\u00e8nes et \u00e0 le pr\u00e9venir.<\/p>\n<h2>Ampoule de silicium organique pour l&rsquo;acn\u00e9<\/h2>\n<p>L&rsquo;un de ses actifs, le Silicium Organique, vise \u00e0 acc\u00e9l\u00e9rer le processus de cicatrisation ; servent d&rsquo;anti-inflammatoire et prot\u00e8gent \u00e9galement des radicaux libres et de l&rsquo;oxydation.<\/p>\n<h2>Acides pour l&rsquo;acn\u00e9<\/h2>\n<p>L&rsquo;acide citrique, l&rsquo;acide lactique et l&rsquo;acide hyaluronique sont les acides avec lesquels ce cocktail de vitamines est formul\u00e9, entre autres ingr\u00e9dients actifs.<\/p>\n","protected":false},"featured_media":23788,"comment_status":"open","ping_status":"closed","template":"","meta":[],"product_brand":[],"product_cat":[72],"product_tag":[],"class_list":{"0":"post-5909","1":"product","2":"type-product","3":"status-publish","4":"has-post-thumbnail","6":"product_cat-professionnelle","7":"pa_tamano-1-ampoule-2","8":"pa_tamano-boite-20-ampoule-fr","10":"first","11":"instock","12":"taxable","13":"shipping-taxable","14":"purchasable","15":"product-type-variable"},"yoast_head":"<!-- This site is optimized with the Yoast SEO plugin v27.3 - https:\/\/yoast.com\/product\/yoast-seo-wordpress\/ -->\n<title>Ampoule silicium organique, multi vitamine et acides pour l&#039;acne<\/title>\n<meta name=\"description\" content=\"Ampoules de silicium organique pour les professionnels de l&#039;esth\u00e9tique. 2ml x 20u. Autres ingr\u00e9dients actifs : Cucurbita Pepo (Citrouille) Huile de graines + Acide citrique + Acide lactique + Acide hyaluronique\" \/>\n<meta name=\"robots\" content=\"index, follow, max-snippet:-1, max-image-preview:large, max-video-preview:-1\" \/>\n<link rel=\"canonical\" href=\"https:\/\/www.pressensa.shop\/fr\/produit\/cocktail-multivitamines-acides-acne-professionnel\/\" \/>\n<meta property=\"og:locale\" content=\"fr_FR\" \/>\n<meta property=\"og:type\" content=\"article\" \/>\n<meta property=\"og:title\" content=\"Ampoule silicium organique, multi vitamine et acides pour l&#039;acne\" \/>\n<meta property=\"og:description\" content=\"Ampoules de silicium organique pour les professionnels de l&#039;esth\u00e9tique. 2ml x 20u. Autres ingr\u00e9dients actifs : Cucurbita Pepo (Citrouille) Huile de graines + Acide citrique + Acide lactique + Acide hyaluronique\" \/>\n<meta property=\"og:url\" content=\"https:\/\/www.pressensa.shop\/fr\/produit\/cocktail-multivitamines-acides-acne-professionnel\/\" \/>\n<meta property=\"og:site_name\" content=\"Pressensa\" \/>\n<meta property=\"article:modified_time\" content=\"2026-03-27T18:26:01+00:00\" \/>\n<meta property=\"og:image\" content=\"https:\/\/www.pressensa.shop\/wp-content\/uploads\/2022\/06\/ACNHEAL-CAJA.jpg\" \/>\n\t<meta property=\"og:image:width\" content=\"1920\" \/>\n\t<meta property=\"og:image:height\" content=\"1920\" \/>\n\t<meta property=\"og:image:type\" content=\"image\/jpeg\" \/>\n<meta name=\"twitter:card\" content=\"summary_large_image\" \/>\n<script type=\"application\/ld+json\" class=\"yoast-schema-graph\">{\"@context\":\"https:\\\/\\\/schema.org\",\"@graph\":[{\"@type\":\"WebPage\",\"@id\":\"https:\\\/\\\/www.pressensa.shop\\\/fr\\\/produit\\\/cocktail-multivitamines-acides-acne-professionnel\\\/\",\"url\":\"https:\\\/\\\/www.pressensa.shop\\\/fr\\\/produit\\\/cocktail-multivitamines-acides-acne-professionnel\\\/\",\"name\":\"Ampoule silicium organique, multi vitamine et acides pour l'acne\",\"isPartOf\":{\"@id\":\"https:\\\/\\\/www.pressensa.shop\\\/fr\\\/#website\"},\"primaryImageOfPage\":{\"@id\":\"https:\\\/\\\/www.pressensa.shop\\\/fr\\\/produit\\\/cocktail-multivitamines-acides-acne-professionnel\\\/#primaryimage\"},\"image\":{\"@id\":\"https:\\\/\\\/www.pressensa.shop\\\/fr\\\/produit\\\/cocktail-multivitamines-acides-acne-professionnel\\\/#primaryimage\"},\"thumbnailUrl\":\"https:\\\/\\\/www.pressensa.shop\\\/wp-content\\\/uploads\\\/2022\\\/06\\\/ACNHEAL-CAJA.webp\",\"datePublished\":\"2022-06-23T10:54:47+00:00\",\"dateModified\":\"2026-03-27T18:26:01+00:00\",\"description\":\"Ampoules de silicium organique pour les professionnels de l'esth\u00e9tique. 2ml x 20u. Autres ingr\u00e9dients actifs : Cucurbita Pepo (Citrouille) Huile de graines + Acide citrique + Acide lactique + Acide hyaluronique\",\"breadcrumb\":{\"@id\":\"https:\\\/\\\/www.pressensa.shop\\\/fr\\\/produit\\\/cocktail-multivitamines-acides-acne-professionnel\\\/#breadcrumb\"},\"inLanguage\":\"fr-FR\",\"potentialAction\":[{\"@type\":\"ReadAction\",\"target\":[\"https:\\\/\\\/www.pressensa.shop\\\/fr\\\/produit\\\/cocktail-multivitamines-acides-acne-professionnel\\\/\"]}]},{\"@type\":\"ImageObject\",\"inLanguage\":\"fr-FR\",\"@id\":\"https:\\\/\\\/www.pressensa.shop\\\/fr\\\/produit\\\/cocktail-multivitamines-acides-acne-professionnel\\\/#primaryimage\",\"url\":\"https:\\\/\\\/www.pressensa.shop\\\/wp-content\\\/uploads\\\/2022\\\/06\\\/ACNHEAL-CAJA.webp\",\"contentUrl\":\"https:\\\/\\\/www.pressensa.shop\\\/wp-content\\\/uploads\\\/2022\\\/06\\\/ACNHEAL-CAJA.webp\",\"width\":2160,\"height\":2160},{\"@type\":\"BreadcrumbList\",\"@id\":\"https:\\\/\\\/www.pressensa.shop\\\/fr\\\/produit\\\/cocktail-multivitamines-acides-acne-professionnel\\\/#breadcrumb\",\"itemListElement\":[{\"@type\":\"ListItem\",\"position\":1,\"name\":\"Portada\",\"item\":\"https:\\\/\\\/www.pressensa.shop\\\/fr\\\/\"},{\"@type\":\"ListItem\",\"position\":2,\"name\":\"Boutique\",\"item\":\"https:\\\/\\\/www.pressensa.shop\\\/fr\\\/boutique\\\/\"},{\"@type\":\"ListItem\",\"position\":3,\"name\":\"AcnHeal | Ampoule multivitamin\u00e9e et huile de graines de citrouille pour l&#8217;acn\u00e9.\"}]},{\"@type\":\"WebSite\",\"@id\":\"https:\\\/\\\/www.pressensa.shop\\\/fr\\\/#website\",\"url\":\"https:\\\/\\\/www.pressensa.shop\\\/fr\\\/\",\"name\":\"Pressensa\",\"description\":\"fabricante de productos de dermocosmetica, estetica y medicina est\u00e9tica.\",\"publisher\":{\"@id\":\"https:\\\/\\\/www.pressensa.shop\\\/fr\\\/#organization\"},\"potentialAction\":[{\"@type\":\"SearchAction\",\"target\":{\"@type\":\"EntryPoint\",\"urlTemplate\":\"https:\\\/\\\/www.pressensa.shop\\\/fr\\\/?s={search_term_string}\"},\"query-input\":{\"@type\":\"PropertyValueSpecification\",\"valueRequired\":true,\"valueName\":\"search_term_string\"}}],\"inLanguage\":\"fr-FR\"},{\"@type\":\"Organization\",\"@id\":\"https:\\\/\\\/www.pressensa.shop\\\/fr\\\/#organization\",\"name\":\"Pressensa\",\"url\":\"https:\\\/\\\/www.pressensa.shop\\\/fr\\\/\",\"logo\":{\"@type\":\"ImageObject\",\"inLanguage\":\"fr-FR\",\"@id\":\"https:\\\/\\\/www.pressensa.shop\\\/fr\\\/#\\\/schema\\\/logo\\\/image\\\/\",\"url\":\"https:\\\/\\\/www.pressensa.shop\\\/wp-content\\\/uploads\\\/2022\\\/06\\\/Recurso-24.png\",\"contentUrl\":\"https:\\\/\\\/www.pressensa.shop\\\/wp-content\\\/uploads\\\/2022\\\/06\\\/Recurso-24.png\",\"width\":281,\"height\":131,\"caption\":\"Pressensa\"},\"image\":{\"@id\":\"https:\\\/\\\/www.pressensa.shop\\\/fr\\\/#\\\/schema\\\/logo\\\/image\\\/\"}}]}<\/script>\n<!-- \/ Yoast SEO plugin. -->","yoast_head_json":{"title":"Ampoule silicium organique, multi vitamine et acides pour l'acne","description":"Ampoules de silicium organique pour les professionnels de l'esth\u00e9tique. 2ml x 20u. Autres ingr\u00e9dients actifs : Cucurbita Pepo (Citrouille) Huile de graines + Acide citrique + Acide lactique + Acide hyaluronique","robots":{"index":"index","follow":"follow","max-snippet":"max-snippet:-1","max-image-preview":"max-image-preview:large","max-video-preview":"max-video-preview:-1"},"canonical":"https:\/\/www.pressensa.shop\/fr\/produit\/cocktail-multivitamines-acides-acne-professionnel\/","og_locale":"fr_FR","og_type":"article","og_title":"Ampoule silicium organique, multi vitamine et acides pour l'acne","og_description":"Ampoules de silicium organique pour les professionnels de l'esth\u00e9tique. 2ml x 20u. Autres ingr\u00e9dients actifs : Cucurbita Pepo (Citrouille) Huile de graines + Acide citrique + Acide lactique + Acide hyaluronique","og_url":"https:\/\/www.pressensa.shop\/fr\/produit\/cocktail-multivitamines-acides-acne-professionnel\/","og_site_name":"Pressensa","article_modified_time":"2026-03-27T18:26:01+00:00","og_image":[{"width":1920,"height":1920,"url":"https:\/\/www.pressensa.shop\/wp-content\/uploads\/2022\/06\/ACNHEAL-CAJA.jpg","type":"image\/jpeg"}],"twitter_card":"summary_large_image","schema":{"@context":"https:\/\/schema.org","@graph":[{"@type":"WebPage","@id":"https:\/\/www.pressensa.shop\/fr\/produit\/cocktail-multivitamines-acides-acne-professionnel\/","url":"https:\/\/www.pressensa.shop\/fr\/produit\/cocktail-multivitamines-acides-acne-professionnel\/","name":"Ampoule silicium organique, multi vitamine et acides pour l'acne","isPartOf":{"@id":"https:\/\/www.pressensa.shop\/fr\/#website"},"primaryImageOfPage":{"@id":"https:\/\/www.pressensa.shop\/fr\/produit\/cocktail-multivitamines-acides-acne-professionnel\/#primaryimage"},"image":{"@id":"https:\/\/www.pressensa.shop\/fr\/produit\/cocktail-multivitamines-acides-acne-professionnel\/#primaryimage"},"thumbnailUrl":"https:\/\/www.pressensa.shop\/wp-content\/uploads\/2022\/06\/ACNHEAL-CAJA.webp","datePublished":"2022-06-23T10:54:47+00:00","dateModified":"2026-03-27T18:26:01+00:00","description":"Ampoules de silicium organique pour les professionnels de l'esth\u00e9tique. 2ml x 20u. Autres ingr\u00e9dients actifs : Cucurbita Pepo (Citrouille) Huile de graines + Acide citrique + Acide lactique + Acide hyaluronique","breadcrumb":{"@id":"https:\/\/www.pressensa.shop\/fr\/produit\/cocktail-multivitamines-acides-acne-professionnel\/#breadcrumb"},"inLanguage":"fr-FR","potentialAction":[{"@type":"ReadAction","target":["https:\/\/www.pressensa.shop\/fr\/produit\/cocktail-multivitamines-acides-acne-professionnel\/"]}]},{"@type":"ImageObject","inLanguage":"fr-FR","@id":"https:\/\/www.pressensa.shop\/fr\/produit\/cocktail-multivitamines-acides-acne-professionnel\/#primaryimage","url":"https:\/\/www.pressensa.shop\/wp-content\/uploads\/2022\/06\/ACNHEAL-CAJA.webp","contentUrl":"https:\/\/www.pressensa.shop\/wp-content\/uploads\/2022\/06\/ACNHEAL-CAJA.webp","width":2160,"height":2160},{"@type":"BreadcrumbList","@id":"https:\/\/www.pressensa.shop\/fr\/produit\/cocktail-multivitamines-acides-acne-professionnel\/#breadcrumb","itemListElement":[{"@type":"ListItem","position":1,"name":"Portada","item":"https:\/\/www.pressensa.shop\/fr\/"},{"@type":"ListItem","position":2,"name":"Boutique","item":"https:\/\/www.pressensa.shop\/fr\/boutique\/"},{"@type":"ListItem","position":3,"name":"AcnHeal | Ampoule multivitamin\u00e9e et huile de graines de citrouille pour l&#8217;acn\u00e9."}]},{"@type":"WebSite","@id":"https:\/\/www.pressensa.shop\/fr\/#website","url":"https:\/\/www.pressensa.shop\/fr\/","name":"Pressensa","description":"fabricante de productos de dermocosmetica, estetica y medicina est\u00e9tica.","publisher":{"@id":"https:\/\/www.pressensa.shop\/fr\/#organization"},"potentialAction":[{"@type":"SearchAction","target":{"@type":"EntryPoint","urlTemplate":"https:\/\/www.pressensa.shop\/fr\/?s={search_term_string}"},"query-input":{"@type":"PropertyValueSpecification","valueRequired":true,"valueName":"search_term_string"}}],"inLanguage":"fr-FR"},{"@type":"Organization","@id":"https:\/\/www.pressensa.shop\/fr\/#organization","name":"Pressensa","url":"https:\/\/www.pressensa.shop\/fr\/","logo":{"@type":"ImageObject","inLanguage":"fr-FR","@id":"https:\/\/www.pressensa.shop\/fr\/#\/schema\/logo\/image\/","url":"https:\/\/www.pressensa.shop\/wp-content\/uploads\/2022\/06\/Recurso-24.png","contentUrl":"https:\/\/www.pressensa.shop\/wp-content\/uploads\/2022\/06\/Recurso-24.png","width":281,"height":131,"caption":"Pressensa"},"image":{"@id":"https:\/\/www.pressensa.shop\/fr\/#\/schema\/logo\/image\/"}}]}},"_links":{"self":[{"href":"https:\/\/www.pressensa.shop\/fr\/wp-json\/wp\/v2\/product\/5909","targetHints":{"allow":["GET"]}}],"collection":[{"href":"https:\/\/www.pressensa.shop\/fr\/wp-json\/wp\/v2\/product"}],"about":[{"href":"https:\/\/www.pressensa.shop\/fr\/wp-json\/wp\/v2\/types\/product"}],"replies":[{"embeddable":true,"href":"https:\/\/www.pressensa.shop\/fr\/wp-json\/wp\/v2\/comments?post=5909"}],"version-history":[{"count":0,"href":"https:\/\/www.pressensa.shop\/fr\/wp-json\/wp\/v2\/product\/5909\/revisions"}],"wp:featuredmedia":[{"embeddable":true,"href":"https:\/\/www.pressensa.shop\/fr\/wp-json\/wp\/v2\/media\/23788"}],"wp:attachment":[{"href":"https:\/\/www.pressensa.shop\/fr\/wp-json\/wp\/v2\/media?parent=5909"}],"wp:term":[{"taxonomy":"product_brand","embeddable":true,"href":"https:\/\/www.pressensa.shop\/fr\/wp-json\/wp\/v2\/product_brand?post=5909"},{"taxonomy":"product_cat","embeddable":true,"href":"https:\/\/www.pressensa.shop\/fr\/wp-json\/wp\/v2\/product_cat?post=5909"},{"taxonomy":"product_tag","embeddable":true,"href":"https:\/\/www.pressensa.shop\/fr\/wp-json\/wp\/v2\/product_tag?post=5909"}],"curies":[{"name":"wp","href":"https:\/\/api.w.org\/{rel}","templated":true}]}}