{"id":6775,"date":"2022-08-18T15:11:40","date_gmt":"2022-08-18T13:11:40","guid":{"rendered":"https:\/\/www.presensa.com\/?post_type=product&#038;p=6775"},"modified":"2026-02-15T08:40:06","modified_gmt":"2026-02-15T07:40:06","slug":"kit-peeling","status":"publish","type":"product","link":"https:\/\/www.pressensa.shop\/fr\/produit\/kit-peeling\/","title":{"rendered":"Renovate Peeling Kit"},"content":{"rendered":"<p><strong>Contiene<\/strong><br \/>\nLait d\u00e9maquillant Deepure<br \/>\nLotion tonique hydratante<br \/>\nGommage exfoliant<br \/>\nS\u00e9rum r\u00e9parateur<br \/>\nCr\u00e8me protectrice SPF 80<\/p>\n","protected":false},"excerpt":{"rendered":"<p>Ce kit est tout ce dont vos patients ont besoin pour exfolier correctement la peau chez eux.<\/p>\n<p>Comprend notre<strong>DermoRepair, a serum r\u00e9parateur<\/strong> parfait pour r\u00e9parer la peau apr\u00e8s de l\u2019avoir soumise \u00e0 traitements de Peeling. Et aussi, une cr\u00e8me de tr\u00e8s haute protection: DefencExtra 80 SPF.<\/p>\n<p><strong>Contient:<\/strong><\/p>\n<p><strong>Leche Limpiadora DeePure<\/strong><br \/>\nDeePure, un lait d\u00e9maquillant et hydratant \u00e0 la texture onctueuse et rafra\u00eechissante, formul\u00e9 \u00e0 base d&rsquo;eau glaciaire liposomale. Cette Eau du Glacier Liposomal est capt\u00e9e \u00e0 1.800 m de profondeur, ce qui garantit sa puret\u00e9 et sa fra\u00eecheur. L&rsquo;encapsulation dans des liposomes augmente sa p\u00e9n\u00e9tration dans la peau, provoquant une<strong>hydratation profonde<\/strong> et durable. Ses propri\u00e9t\u00e9s lui permettent d&rsquo;\u00eatre appliqu\u00e9 sur tous les <strong>types de peaux<\/strong>, m\u00eame les plus sensibles.<\/p>\n<p><strong>T\u00f3nico hidratante FresHydra:<\/strong><br \/>\nFormul\u00e9 pour tonifier l&rsquo;\u00e9piderme, rafra\u00eechir la peau, r\u00e9guler son pH et la pr\u00e9parer aux soins suivants. Nous avons con\u00e7u ce tonique pour tous les types de peaux, pensant aussi en ces plus sensibles. Il n&rsquo;y a pas d&rsquo;alcool.<\/p>\n<p> <strong> Exfoliante: ExfoLight<\/strong><br \/>\nUn gommage visage \u00e0 l&rsquo;acide glycolique (12 %) con\u00e7u pour traiter les rides, les taches pigmentaires et les signes de l&rsquo;\u00e2ge.. De plus, est formul\u00e9 pour \u00eatre une exfoliation, mais de rien agressive, qui s\u2019agit comme peeling facial. Comme cons\u00e9quence, il livre la peau des cellules mortes et permet son oxyg\u00e9nation et r\u00e9g\u00e9n\u00e9ration.<\/p>\n<p><strong>S\u00e9rum Dermo Repair<\/strong><br \/>\nUne solution qui acc\u00e9l\u00e8re la r\u00e9g\u00e9n\u00e9ration et la r\u00e9paration des peaux ab\u00eem\u00e9es et irrit\u00e9es. DermoRepair est con\u00e7u avec une formule avanc\u00e9e, qui agit de trois \u00e9tapes de r\u00e9paration de la peau: inflammation, prolif\u00e9ration et remodelation pour restaurer la barri\u00e8re cutan\u00e9e.<\/p>\n<p><strong>Crema protectora Solar DefencExtra 80SPF<\/strong><br \/>\nCette \u00e9mulsion associe une protection UVA\/UVB efficace et imm\u00e9diate \u00e0 une formule ultra-l\u00e9g\u00e8re. DefecExtra est une cr\u00e8me hydratante qui s&rsquo;\u00e9tale facilement sur la peau, la laissant l\u00e9g\u00e8re et fra\u00eeche. De plus, elle n&rsquo;est pas du tout grasse ni collante, elle est absorb\u00e9e instantan\u00e9ment sans laisser de r\u00e9sidu de produit ni de taches blanches depuis de son application.<\/p>\n<blockquote><p><strong>L&rsquo; actif le plus remarquable de ce kit est l\u2019acide glycolique de 12&amp; et l\u2019eau liposome des glaciers.<\/strong><\/p><\/blockquote>\n","protected":false},"featured_media":15690,"comment_status":"open","ping_status":"closed","template":"","meta":[],"product_brand":[],"product_cat":[72],"product_tag":[],"class_list":{"0":"post-6775","1":"product","2":"type-product","3":"status-publish","4":"has-post-thumbnail","6":"product_cat-professionnelle","8":"first","9":"instock","10":"taxable","11":"shipping-taxable","12":"purchasable","13":"product-type-simple"},"yoast_head":"<!-- This site is optimized with the Yoast SEO plugin v27.4 - https:\/\/yoast.com\/product\/yoast-seo-wordpress\/ -->\n<title>Pack id\u00e9al pour les routines faciales avec une peau mixte ou grasse.<\/title>\n<meta name=\"description\" content=\"Kit de routine faciale pour les femmes. Contient un lait nettoyant, une lotion tonique pour le visage, un exfoliant, un s\u00e9rum r\u00e9parateur et une cr\u00e8me solaire. Kit complet\" \/>\n<meta name=\"robots\" content=\"noindex, nofollow\" \/>\n<meta property=\"og:locale\" content=\"fr_FR\" \/>\n<meta property=\"og:type\" content=\"article\" \/>\n<meta property=\"og:title\" content=\"Pack id\u00e9al pour les routines faciales avec une peau mixte ou grasse.\" \/>\n<meta property=\"og:description\" content=\"Kit de routine faciale pour les femmes. Contient un lait nettoyant, une lotion tonique pour le visage, un exfoliant, un s\u00e9rum r\u00e9parateur et une cr\u00e8me solaire. Kit complet\" \/>\n<meta property=\"og:url\" content=\"https:\/\/www.pressensa.shop\/fr\/produit\/kit-peeling\/\" \/>\n<meta property=\"og:site_name\" content=\"Pressensa\" \/>\n<meta property=\"article:modified_time\" content=\"2026-02-15T07:40:06+00:00\" \/>\n<meta property=\"og:image\" content=\"https:\/\/www.pressensa.shop\/wp-content\/uploads\/2022\/06\/RENOVATE-PEELING-KIT-ROSADO-1-1.jpg\" \/>\n\t<meta property=\"og:image:width\" content=\"1920\" \/>\n\t<meta property=\"og:image:height\" content=\"1920\" \/>\n\t<meta property=\"og:image:type\" content=\"image\/jpeg\" \/>\n<meta name=\"twitter:card\" content=\"summary_large_image\" \/>\n<script type=\"application\/ld+json\" class=\"yoast-schema-graph\">{\"@context\":\"https:\\\/\\\/schema.org\",\"@graph\":[{\"@type\":\"WebPage\",\"@id\":\"https:\\\/\\\/www.pressensa.shop\\\/fr\\\/produit\\\/kit-peeling\\\/\",\"url\":\"https:\\\/\\\/www.pressensa.shop\\\/fr\\\/produit\\\/kit-peeling\\\/\",\"name\":\"Pack id\u00e9al pour les routines faciales avec une peau mixte ou grasse.\",\"isPartOf\":{\"@id\":\"https:\\\/\\\/www.pressensa.shop\\\/fr\\\/#website\"},\"primaryImageOfPage\":{\"@id\":\"https:\\\/\\\/www.pressensa.shop\\\/fr\\\/produit\\\/kit-peeling\\\/#primaryimage\"},\"image\":{\"@id\":\"https:\\\/\\\/www.pressensa.shop\\\/fr\\\/produit\\\/kit-peeling\\\/#primaryimage\"},\"thumbnailUrl\":\"https:\\\/\\\/www.pressensa.shop\\\/wp-content\\\/uploads\\\/2022\\\/06\\\/RENOVATE-PEELING-KIT-ROSADO-1-1.jpg\",\"datePublished\":\"2022-08-18T13:11:40+00:00\",\"dateModified\":\"2026-02-15T07:40:06+00:00\",\"description\":\"Kit de routine faciale pour les femmes. Contient un lait nettoyant, une lotion tonique pour le visage, un exfoliant, un s\u00e9rum r\u00e9parateur et une cr\u00e8me solaire. Kit complet\",\"breadcrumb\":{\"@id\":\"https:\\\/\\\/www.pressensa.shop\\\/fr\\\/produit\\\/kit-peeling\\\/#breadcrumb\"},\"inLanguage\":\"fr-FR\",\"potentialAction\":[{\"@type\":\"ReadAction\",\"target\":[\"https:\\\/\\\/www.pressensa.shop\\\/fr\\\/produit\\\/kit-peeling\\\/\"]}]},{\"@type\":\"ImageObject\",\"inLanguage\":\"fr-FR\",\"@id\":\"https:\\\/\\\/www.pressensa.shop\\\/fr\\\/produit\\\/kit-peeling\\\/#primaryimage\",\"url\":\"https:\\\/\\\/www.pressensa.shop\\\/wp-content\\\/uploads\\\/2022\\\/06\\\/RENOVATE-PEELING-KIT-ROSADO-1-1.jpg\",\"contentUrl\":\"https:\\\/\\\/www.pressensa.shop\\\/wp-content\\\/uploads\\\/2022\\\/06\\\/RENOVATE-PEELING-KIT-ROSADO-1-1.jpg\",\"width\":1920,\"height\":1920,\"caption\":\"peeling-at-home\"},{\"@type\":\"BreadcrumbList\",\"@id\":\"https:\\\/\\\/www.pressensa.shop\\\/fr\\\/produit\\\/kit-peeling\\\/#breadcrumb\",\"itemListElement\":[{\"@type\":\"ListItem\",\"position\":1,\"name\":\"Portada\",\"item\":\"https:\\\/\\\/www.pressensa.shop\\\/fr\\\/\"},{\"@type\":\"ListItem\",\"position\":2,\"name\":\"Boutique\",\"item\":\"https:\\\/\\\/www.pressensa.shop\\\/fr\\\/boutique\\\/\"},{\"@type\":\"ListItem\",\"position\":3,\"name\":\"Renovate Peeling Kit\"}]},{\"@type\":\"WebSite\",\"@id\":\"https:\\\/\\\/www.pressensa.shop\\\/fr\\\/#website\",\"url\":\"https:\\\/\\\/www.pressensa.shop\\\/fr\\\/\",\"name\":\"Pressensa\",\"description\":\"fabricante de productos de dermocosmetica, estetica y medicina est\u00e9tica.\",\"publisher\":{\"@id\":\"https:\\\/\\\/www.pressensa.shop\\\/fr\\\/#organization\"},\"potentialAction\":[{\"@type\":\"SearchAction\",\"target\":{\"@type\":\"EntryPoint\",\"urlTemplate\":\"https:\\\/\\\/www.pressensa.shop\\\/fr\\\/?s={search_term_string}\"},\"query-input\":{\"@type\":\"PropertyValueSpecification\",\"valueRequired\":true,\"valueName\":\"search_term_string\"}}],\"inLanguage\":\"fr-FR\"},{\"@type\":\"Organization\",\"@id\":\"https:\\\/\\\/www.pressensa.shop\\\/fr\\\/#organization\",\"name\":\"Pressensa\",\"url\":\"https:\\\/\\\/www.pressensa.shop\\\/fr\\\/\",\"logo\":{\"@type\":\"ImageObject\",\"inLanguage\":\"fr-FR\",\"@id\":\"https:\\\/\\\/www.pressensa.shop\\\/fr\\\/#\\\/schema\\\/logo\\\/image\\\/\",\"url\":\"https:\\\/\\\/www.pressensa.shop\\\/wp-content\\\/uploads\\\/2022\\\/06\\\/Recurso-24.png\",\"contentUrl\":\"https:\\\/\\\/www.pressensa.shop\\\/wp-content\\\/uploads\\\/2022\\\/06\\\/Recurso-24.png\",\"width\":281,\"height\":131,\"caption\":\"Pressensa\"},\"image\":{\"@id\":\"https:\\\/\\\/www.pressensa.shop\\\/fr\\\/#\\\/schema\\\/logo\\\/image\\\/\"}}]}<\/script>\n<!-- \/ Yoast SEO plugin. -->","yoast_head_json":{"title":"Pack id\u00e9al pour les routines faciales avec une peau mixte ou grasse.","description":"Kit de routine faciale pour les femmes. Contient un lait nettoyant, une lotion tonique pour le visage, un exfoliant, un s\u00e9rum r\u00e9parateur et une cr\u00e8me solaire. Kit complet","robots":{"index":"noindex","follow":"nofollow"},"og_locale":"fr_FR","og_type":"article","og_title":"Pack id\u00e9al pour les routines faciales avec une peau mixte ou grasse.","og_description":"Kit de routine faciale pour les femmes. Contient un lait nettoyant, une lotion tonique pour le visage, un exfoliant, un s\u00e9rum r\u00e9parateur et une cr\u00e8me solaire. Kit complet","og_url":"https:\/\/www.pressensa.shop\/fr\/produit\/kit-peeling\/","og_site_name":"Pressensa","article_modified_time":"2026-02-15T07:40:06+00:00","og_image":[{"width":1920,"height":1920,"url":"https:\/\/www.pressensa.shop\/wp-content\/uploads\/2022\/06\/RENOVATE-PEELING-KIT-ROSADO-1-1.jpg","type":"image\/jpeg"}],"twitter_card":"summary_large_image","schema":{"@context":"https:\/\/schema.org","@graph":[{"@type":"WebPage","@id":"https:\/\/www.pressensa.shop\/fr\/produit\/kit-peeling\/","url":"https:\/\/www.pressensa.shop\/fr\/produit\/kit-peeling\/","name":"Pack id\u00e9al pour les routines faciales avec une peau mixte ou grasse.","isPartOf":{"@id":"https:\/\/www.pressensa.shop\/fr\/#website"},"primaryImageOfPage":{"@id":"https:\/\/www.pressensa.shop\/fr\/produit\/kit-peeling\/#primaryimage"},"image":{"@id":"https:\/\/www.pressensa.shop\/fr\/produit\/kit-peeling\/#primaryimage"},"thumbnailUrl":"https:\/\/www.pressensa.shop\/wp-content\/uploads\/2022\/06\/RENOVATE-PEELING-KIT-ROSADO-1-1.jpg","datePublished":"2022-08-18T13:11:40+00:00","dateModified":"2026-02-15T07:40:06+00:00","description":"Kit de routine faciale pour les femmes. Contient un lait nettoyant, une lotion tonique pour le visage, un exfoliant, un s\u00e9rum r\u00e9parateur et une cr\u00e8me solaire. Kit complet","breadcrumb":{"@id":"https:\/\/www.pressensa.shop\/fr\/produit\/kit-peeling\/#breadcrumb"},"inLanguage":"fr-FR","potentialAction":[{"@type":"ReadAction","target":["https:\/\/www.pressensa.shop\/fr\/produit\/kit-peeling\/"]}]},{"@type":"ImageObject","inLanguage":"fr-FR","@id":"https:\/\/www.pressensa.shop\/fr\/produit\/kit-peeling\/#primaryimage","url":"https:\/\/www.pressensa.shop\/wp-content\/uploads\/2022\/06\/RENOVATE-PEELING-KIT-ROSADO-1-1.jpg","contentUrl":"https:\/\/www.pressensa.shop\/wp-content\/uploads\/2022\/06\/RENOVATE-PEELING-KIT-ROSADO-1-1.jpg","width":1920,"height":1920,"caption":"peeling-at-home"},{"@type":"BreadcrumbList","@id":"https:\/\/www.pressensa.shop\/fr\/produit\/kit-peeling\/#breadcrumb","itemListElement":[{"@type":"ListItem","position":1,"name":"Portada","item":"https:\/\/www.pressensa.shop\/fr\/"},{"@type":"ListItem","position":2,"name":"Boutique","item":"https:\/\/www.pressensa.shop\/fr\/boutique\/"},{"@type":"ListItem","position":3,"name":"Renovate Peeling Kit"}]},{"@type":"WebSite","@id":"https:\/\/www.pressensa.shop\/fr\/#website","url":"https:\/\/www.pressensa.shop\/fr\/","name":"Pressensa","description":"fabricante de productos de dermocosmetica, estetica y medicina est\u00e9tica.","publisher":{"@id":"https:\/\/www.pressensa.shop\/fr\/#organization"},"potentialAction":[{"@type":"SearchAction","target":{"@type":"EntryPoint","urlTemplate":"https:\/\/www.pressensa.shop\/fr\/?s={search_term_string}"},"query-input":{"@type":"PropertyValueSpecification","valueRequired":true,"valueName":"search_term_string"}}],"inLanguage":"fr-FR"},{"@type":"Organization","@id":"https:\/\/www.pressensa.shop\/fr\/#organization","name":"Pressensa","url":"https:\/\/www.pressensa.shop\/fr\/","logo":{"@type":"ImageObject","inLanguage":"fr-FR","@id":"https:\/\/www.pressensa.shop\/fr\/#\/schema\/logo\/image\/","url":"https:\/\/www.pressensa.shop\/wp-content\/uploads\/2022\/06\/Recurso-24.png","contentUrl":"https:\/\/www.pressensa.shop\/wp-content\/uploads\/2022\/06\/Recurso-24.png","width":281,"height":131,"caption":"Pressensa"},"image":{"@id":"https:\/\/www.pressensa.shop\/fr\/#\/schema\/logo\/image\/"}}]}},"_links":{"self":[{"href":"https:\/\/www.pressensa.shop\/fr\/wp-json\/wp\/v2\/product\/6775","targetHints":{"allow":["GET"]}}],"collection":[{"href":"https:\/\/www.pressensa.shop\/fr\/wp-json\/wp\/v2\/product"}],"about":[{"href":"https:\/\/www.pressensa.shop\/fr\/wp-json\/wp\/v2\/types\/product"}],"replies":[{"embeddable":true,"href":"https:\/\/www.pressensa.shop\/fr\/wp-json\/wp\/v2\/comments?post=6775"}],"version-history":[{"count":0,"href":"https:\/\/www.pressensa.shop\/fr\/wp-json\/wp\/v2\/product\/6775\/revisions"}],"wp:featuredmedia":[{"embeddable":true,"href":"https:\/\/www.pressensa.shop\/fr\/wp-json\/wp\/v2\/media\/15690"}],"wp:attachment":[{"href":"https:\/\/www.pressensa.shop\/fr\/wp-json\/wp\/v2\/media?parent=6775"}],"wp:term":[{"taxonomy":"product_brand","embeddable":true,"href":"https:\/\/www.pressensa.shop\/fr\/wp-json\/wp\/v2\/product_brand?post=6775"},{"taxonomy":"product_cat","embeddable":true,"href":"https:\/\/www.pressensa.shop\/fr\/wp-json\/wp\/v2\/product_cat?post=6775"},{"taxonomy":"product_tag","embeddable":true,"href":"https:\/\/www.pressensa.shop\/fr\/wp-json\/wp\/v2\/product_tag?post=6775"}],"curies":[{"name":"wp","href":"https:\/\/api.w.org\/{rel}","templated":true}]}}