{"id":6791,"date":"2022-08-19T10:15:29","date_gmt":"2022-08-19T08:15:29","guid":{"rendered":"https:\/\/www.presensa.com\/?post_type=product&#038;p=6791"},"modified":"2026-02-15T08:40:06","modified_gmt":"2026-02-15T07:40:06","slug":"pack-anti-rides","status":"publish","type":"product","link":"https:\/\/www.pressensa.shop\/fr\/produit\/pack-anti-rides\/","title":{"rendered":"Pack Anti-Rides Jour et Nuit"},"content":{"rendered":"<p><strong>Contient :<\/strong><br \/>\nCr\u00e8me de jour<br \/>\nCr\u00e8me de nuit<\/p>\n","protected":false},"excerpt":{"rendered":"<p>Maintenir la peau hydrat\u00e9e est l&rsquo;une des solutions pour retarder le vieillissement.<\/p>\n<p>Avec le <strong>Pack Anti-Rides Jour et Nuit<\/strong>, vous r\u00e9duisez les rides et hydratez votre peau. Et il est id\u00e9al pour utiliser depuis de traitements m\u00e9dico-esth\u00e9tiques qui exigent une bonne hydratation post\u00e9rieure comme le peeling ou la m\u00e9soth\u00e9rapie.<\/p>\n<p>Est le traitement basique, n\u00e9cessaire et de maintenance gr\u00e2ce \u00e0 ses deux co-aidants <strong>TotaLift et SupremEffects<\/strong> de haute <strong>cosm\u00e9tique mol\u00e9culaire.<\/strong><\/p>\n<p><strong>Contient:<\/strong><\/p>\n<p><strong>Cr\u00e8me hydratante de jour :<\/strong><br \/>\nTotaLift 24 heures est une cr\u00e8me hydratante qui maintient la peau hydrat\u00e9e jusqu&rsquo;\u00e0 24 heures. En sa formule contient acide hyaluronique de HPM (haute poids mol\u00e9culaire) et est id\u00e9ale pour l\u2019usage quotidien, car il le donne propri\u00e9t\u00e9s hautement hydratantes, humectantes et adoucissantes, maintenant la douceur de la peau.<\/p>\n<p><strong>La cr\u00e8me de nuit revitalisante SupremEffects,<\/strong><br \/>\ngr\u00e2ce au peptide Argirelox TM et \u00e0 l&rsquo;acide hyaluronique LMW (faible poids mol\u00e9culaire), rend un effet lifting du visage perceptible sans proc\u00e9dures invasives. De plus, est formul\u00e9 comme toute notre range de cosm\u00e9tiques pour tous types de peaux, aussi les plus sensibles.<\/p>\n<blockquote><p><strong>L&rsquo; actif le plus remarquable de ce kit est l\u2019Acide Hyaluronique, le CITRUSTEM \u2122 et aussi TENS\u2019UP \u2122. <\/strong><\/p><\/blockquote>\n","protected":false},"featured_media":15698,"comment_status":"open","ping_status":"closed","template":"","meta":[],"product_brand":[],"product_cat":[72],"product_tag":[],"class_list":{"0":"post-6791","1":"product","2":"type-product","3":"status-publish","4":"has-post-thumbnail","6":"product_cat-professionnelle","8":"first","9":"instock","10":"taxable","11":"shipping-taxable","12":"purchasable","13":"product-type-simple"},"yoast_head":"<!-- This site is optimized with the Yoast SEO plugin v27.4 - https:\/\/yoast.com\/product\/yoast-seo-wordpress\/ -->\n<title>Acheter une cr\u00e8me de jour et de nuit \u00e0 l&#039;acide hyaluronique<\/title>\n<meta name=\"description\" content=\"Cr\u00e8mes de jour et de nuit \u00e0 l&#039;acide hyaluronique. Coffret id\u00e9al \u00e0 utiliser apr\u00e8s un soin en institut pour prolonger ses effets.\" \/>\n<meta name=\"robots\" content=\"index, follow, max-snippet:-1, max-image-preview:large, max-video-preview:-1\" \/>\n<link rel=\"canonical\" href=\"https:\/\/www.pressensa.shop\/fr\/produit\/pack-anti-rides\/\" \/>\n<meta property=\"og:locale\" content=\"fr_FR\" \/>\n<meta property=\"og:type\" content=\"article\" \/>\n<meta property=\"og:title\" content=\"Acheter une cr\u00e8me de jour et de nuit \u00e0 l&#039;acide hyaluronique\" \/>\n<meta property=\"og:description\" content=\"Cr\u00e8mes de jour et de nuit \u00e0 l&#039;acide hyaluronique. Coffret id\u00e9al \u00e0 utiliser apr\u00e8s un soin en institut pour prolonger ses effets.\" \/>\n<meta property=\"og:url\" content=\"https:\/\/www.pressensa.shop\/fr\/produit\/pack-anti-rides\/\" \/>\n<meta property=\"og:site_name\" content=\"Pressensa\" \/>\n<meta property=\"article:modified_time\" content=\"2026-02-15T07:40:06+00:00\" \/>\n<meta property=\"og:image\" content=\"https:\/\/www.pressensa.shop\/wp-content\/uploads\/2022\/06\/ANTI-WRINKLES-DAY-AND-NIGHT-PACK-MORADO-1.jpg\" \/>\n\t<meta property=\"og:image:width\" content=\"1920\" \/>\n\t<meta property=\"og:image:height\" content=\"1920\" \/>\n\t<meta property=\"og:image:type\" content=\"image\/jpeg\" \/>\n<meta name=\"twitter:card\" content=\"summary_large_image\" \/>\n<script type=\"application\/ld+json\" class=\"yoast-schema-graph\">{\"@context\":\"https:\\\/\\\/schema.org\",\"@graph\":[{\"@type\":\"WebPage\",\"@id\":\"https:\\\/\\\/www.pressensa.shop\\\/fr\\\/produit\\\/pack-anti-rides\\\/\",\"url\":\"https:\\\/\\\/www.pressensa.shop\\\/fr\\\/produit\\\/pack-anti-rides\\\/\",\"name\":\"Acheter une cr\u00e8me de jour et de nuit \u00e0 l'acide hyaluronique\",\"isPartOf\":{\"@id\":\"https:\\\/\\\/www.pressensa.shop\\\/fr\\\/#website\"},\"primaryImageOfPage\":{\"@id\":\"https:\\\/\\\/www.pressensa.shop\\\/fr\\\/produit\\\/pack-anti-rides\\\/#primaryimage\"},\"image\":{\"@id\":\"https:\\\/\\\/www.pressensa.shop\\\/fr\\\/produit\\\/pack-anti-rides\\\/#primaryimage\"},\"thumbnailUrl\":\"https:\\\/\\\/www.pressensa.shop\\\/wp-content\\\/uploads\\\/2022\\\/06\\\/ANTI-WRINKLES-DAY-AND-NIGHT-PACK-MORADO-1.jpg\",\"datePublished\":\"2022-08-19T08:15:29+00:00\",\"dateModified\":\"2026-02-15T07:40:06+00:00\",\"description\":\"Cr\u00e8mes de jour et de nuit \u00e0 l'acide hyaluronique. Coffret id\u00e9al \u00e0 utiliser apr\u00e8s un soin en institut pour prolonger ses effets.\",\"breadcrumb\":{\"@id\":\"https:\\\/\\\/www.pressensa.shop\\\/fr\\\/produit\\\/pack-anti-rides\\\/#breadcrumb\"},\"inLanguage\":\"fr-FR\",\"potentialAction\":[{\"@type\":\"ReadAction\",\"target\":[\"https:\\\/\\\/www.pressensa.shop\\\/fr\\\/produit\\\/pack-anti-rides\\\/\"]}]},{\"@type\":\"ImageObject\",\"inLanguage\":\"fr-FR\",\"@id\":\"https:\\\/\\\/www.pressensa.shop\\\/fr\\\/produit\\\/pack-anti-rides\\\/#primaryimage\",\"url\":\"https:\\\/\\\/www.pressensa.shop\\\/wp-content\\\/uploads\\\/2022\\\/06\\\/ANTI-WRINKLES-DAY-AND-NIGHT-PACK-MORADO-1.jpg\",\"contentUrl\":\"https:\\\/\\\/www.pressensa.shop\\\/wp-content\\\/uploads\\\/2022\\\/06\\\/ANTI-WRINKLES-DAY-AND-NIGHT-PACK-MORADO-1.jpg\",\"width\":1920,\"height\":1920,\"caption\":\"soins-de-jour- et- de-nuit\"},{\"@type\":\"BreadcrumbList\",\"@id\":\"https:\\\/\\\/www.pressensa.shop\\\/fr\\\/produit\\\/pack-anti-rides\\\/#breadcrumb\",\"itemListElement\":[{\"@type\":\"ListItem\",\"position\":1,\"name\":\"Portada\",\"item\":\"https:\\\/\\\/www.pressensa.shop\\\/fr\\\/\"},{\"@type\":\"ListItem\",\"position\":2,\"name\":\"Boutique\",\"item\":\"https:\\\/\\\/www.pressensa.shop\\\/fr\\\/boutique\\\/\"},{\"@type\":\"ListItem\",\"position\":3,\"name\":\"Pack Anti-Rides Jour et Nuit\"}]},{\"@type\":\"WebSite\",\"@id\":\"https:\\\/\\\/www.pressensa.shop\\\/fr\\\/#website\",\"url\":\"https:\\\/\\\/www.pressensa.shop\\\/fr\\\/\",\"name\":\"Pressensa\",\"description\":\"fabricante de productos de dermocosmetica, estetica y medicina est\u00e9tica.\",\"publisher\":{\"@id\":\"https:\\\/\\\/www.pressensa.shop\\\/fr\\\/#organization\"},\"potentialAction\":[{\"@type\":\"SearchAction\",\"target\":{\"@type\":\"EntryPoint\",\"urlTemplate\":\"https:\\\/\\\/www.pressensa.shop\\\/fr\\\/?s={search_term_string}\"},\"query-input\":{\"@type\":\"PropertyValueSpecification\",\"valueRequired\":true,\"valueName\":\"search_term_string\"}}],\"inLanguage\":\"fr-FR\"},{\"@type\":\"Organization\",\"@id\":\"https:\\\/\\\/www.pressensa.shop\\\/fr\\\/#organization\",\"name\":\"Pressensa\",\"url\":\"https:\\\/\\\/www.pressensa.shop\\\/fr\\\/\",\"logo\":{\"@type\":\"ImageObject\",\"inLanguage\":\"fr-FR\",\"@id\":\"https:\\\/\\\/www.pressensa.shop\\\/fr\\\/#\\\/schema\\\/logo\\\/image\\\/\",\"url\":\"https:\\\/\\\/www.pressensa.shop\\\/wp-content\\\/uploads\\\/2022\\\/06\\\/Recurso-24.png\",\"contentUrl\":\"https:\\\/\\\/www.pressensa.shop\\\/wp-content\\\/uploads\\\/2022\\\/06\\\/Recurso-24.png\",\"width\":281,\"height\":131,\"caption\":\"Pressensa\"},\"image\":{\"@id\":\"https:\\\/\\\/www.pressensa.shop\\\/fr\\\/#\\\/schema\\\/logo\\\/image\\\/\"}}]}<\/script>\n<!-- \/ Yoast SEO plugin. -->","yoast_head_json":{"title":"Acheter une cr\u00e8me de jour et de nuit \u00e0 l'acide hyaluronique","description":"Cr\u00e8mes de jour et de nuit \u00e0 l'acide hyaluronique. Coffret id\u00e9al \u00e0 utiliser apr\u00e8s un soin en institut pour prolonger ses effets.","robots":{"index":"index","follow":"follow","max-snippet":"max-snippet:-1","max-image-preview":"max-image-preview:large","max-video-preview":"max-video-preview:-1"},"canonical":"https:\/\/www.pressensa.shop\/fr\/produit\/pack-anti-rides\/","og_locale":"fr_FR","og_type":"article","og_title":"Acheter une cr\u00e8me de jour et de nuit \u00e0 l'acide hyaluronique","og_description":"Cr\u00e8mes de jour et de nuit \u00e0 l'acide hyaluronique. Coffret id\u00e9al \u00e0 utiliser apr\u00e8s un soin en institut pour prolonger ses effets.","og_url":"https:\/\/www.pressensa.shop\/fr\/produit\/pack-anti-rides\/","og_site_name":"Pressensa","article_modified_time":"2026-02-15T07:40:06+00:00","og_image":[{"width":1920,"height":1920,"url":"https:\/\/www.pressensa.shop\/wp-content\/uploads\/2022\/06\/ANTI-WRINKLES-DAY-AND-NIGHT-PACK-MORADO-1.jpg","type":"image\/jpeg"}],"twitter_card":"summary_large_image","schema":{"@context":"https:\/\/schema.org","@graph":[{"@type":"WebPage","@id":"https:\/\/www.pressensa.shop\/fr\/produit\/pack-anti-rides\/","url":"https:\/\/www.pressensa.shop\/fr\/produit\/pack-anti-rides\/","name":"Acheter une cr\u00e8me de jour et de nuit \u00e0 l'acide hyaluronique","isPartOf":{"@id":"https:\/\/www.pressensa.shop\/fr\/#website"},"primaryImageOfPage":{"@id":"https:\/\/www.pressensa.shop\/fr\/produit\/pack-anti-rides\/#primaryimage"},"image":{"@id":"https:\/\/www.pressensa.shop\/fr\/produit\/pack-anti-rides\/#primaryimage"},"thumbnailUrl":"https:\/\/www.pressensa.shop\/wp-content\/uploads\/2022\/06\/ANTI-WRINKLES-DAY-AND-NIGHT-PACK-MORADO-1.jpg","datePublished":"2022-08-19T08:15:29+00:00","dateModified":"2026-02-15T07:40:06+00:00","description":"Cr\u00e8mes de jour et de nuit \u00e0 l'acide hyaluronique. Coffret id\u00e9al \u00e0 utiliser apr\u00e8s un soin en institut pour prolonger ses effets.","breadcrumb":{"@id":"https:\/\/www.pressensa.shop\/fr\/produit\/pack-anti-rides\/#breadcrumb"},"inLanguage":"fr-FR","potentialAction":[{"@type":"ReadAction","target":["https:\/\/www.pressensa.shop\/fr\/produit\/pack-anti-rides\/"]}]},{"@type":"ImageObject","inLanguage":"fr-FR","@id":"https:\/\/www.pressensa.shop\/fr\/produit\/pack-anti-rides\/#primaryimage","url":"https:\/\/www.pressensa.shop\/wp-content\/uploads\/2022\/06\/ANTI-WRINKLES-DAY-AND-NIGHT-PACK-MORADO-1.jpg","contentUrl":"https:\/\/www.pressensa.shop\/wp-content\/uploads\/2022\/06\/ANTI-WRINKLES-DAY-AND-NIGHT-PACK-MORADO-1.jpg","width":1920,"height":1920,"caption":"soins-de-jour- et- de-nuit"},{"@type":"BreadcrumbList","@id":"https:\/\/www.pressensa.shop\/fr\/produit\/pack-anti-rides\/#breadcrumb","itemListElement":[{"@type":"ListItem","position":1,"name":"Portada","item":"https:\/\/www.pressensa.shop\/fr\/"},{"@type":"ListItem","position":2,"name":"Boutique","item":"https:\/\/www.pressensa.shop\/fr\/boutique\/"},{"@type":"ListItem","position":3,"name":"Pack Anti-Rides Jour et Nuit"}]},{"@type":"WebSite","@id":"https:\/\/www.pressensa.shop\/fr\/#website","url":"https:\/\/www.pressensa.shop\/fr\/","name":"Pressensa","description":"fabricante de productos de dermocosmetica, estetica y medicina est\u00e9tica.","publisher":{"@id":"https:\/\/www.pressensa.shop\/fr\/#organization"},"potentialAction":[{"@type":"SearchAction","target":{"@type":"EntryPoint","urlTemplate":"https:\/\/www.pressensa.shop\/fr\/?s={search_term_string}"},"query-input":{"@type":"PropertyValueSpecification","valueRequired":true,"valueName":"search_term_string"}}],"inLanguage":"fr-FR"},{"@type":"Organization","@id":"https:\/\/www.pressensa.shop\/fr\/#organization","name":"Pressensa","url":"https:\/\/www.pressensa.shop\/fr\/","logo":{"@type":"ImageObject","inLanguage":"fr-FR","@id":"https:\/\/www.pressensa.shop\/fr\/#\/schema\/logo\/image\/","url":"https:\/\/www.pressensa.shop\/wp-content\/uploads\/2022\/06\/Recurso-24.png","contentUrl":"https:\/\/www.pressensa.shop\/wp-content\/uploads\/2022\/06\/Recurso-24.png","width":281,"height":131,"caption":"Pressensa"},"image":{"@id":"https:\/\/www.pressensa.shop\/fr\/#\/schema\/logo\/image\/"}}]}},"_links":{"self":[{"href":"https:\/\/www.pressensa.shop\/fr\/wp-json\/wp\/v2\/product\/6791","targetHints":{"allow":["GET"]}}],"collection":[{"href":"https:\/\/www.pressensa.shop\/fr\/wp-json\/wp\/v2\/product"}],"about":[{"href":"https:\/\/www.pressensa.shop\/fr\/wp-json\/wp\/v2\/types\/product"}],"replies":[{"embeddable":true,"href":"https:\/\/www.pressensa.shop\/fr\/wp-json\/wp\/v2\/comments?post=6791"}],"version-history":[{"count":0,"href":"https:\/\/www.pressensa.shop\/fr\/wp-json\/wp\/v2\/product\/6791\/revisions"}],"wp:featuredmedia":[{"embeddable":true,"href":"https:\/\/www.pressensa.shop\/fr\/wp-json\/wp\/v2\/media\/15698"}],"wp:attachment":[{"href":"https:\/\/www.pressensa.shop\/fr\/wp-json\/wp\/v2\/media?parent=6791"}],"wp:term":[{"taxonomy":"product_brand","embeddable":true,"href":"https:\/\/www.pressensa.shop\/fr\/wp-json\/wp\/v2\/product_brand?post=6791"},{"taxonomy":"product_cat","embeddable":true,"href":"https:\/\/www.pressensa.shop\/fr\/wp-json\/wp\/v2\/product_cat?post=6791"},{"taxonomy":"product_tag","embeddable":true,"href":"https:\/\/www.pressensa.shop\/fr\/wp-json\/wp\/v2\/product_tag?post=6791"}],"curies":[{"name":"wp","href":"https:\/\/api.w.org\/{rel}","templated":true}]}}