{"id":7552,"date":"2022-09-08T13:42:39","date_gmt":"2022-09-08T11:42:39","guid":{"rendered":"https:\/\/www.presensa.com\/producto\/cours-de-remplissage\/"},"modified":"2025-05-22T11:25:05","modified_gmt":"2025-05-22T09:25:05","slug":"cours-de-remplissage","status":"publish","type":"product","link":"https:\/\/www.pressensa.shop\/fr\/produit\/cours-de-remplissage\/","title":{"rendered":"Cours de remplissage"},"content":{"rendered":"<p><strong>Le cours comprend :<\/strong><br \/>\nAcc\u00e8s aux vid\u00e9os de formation<br \/>\n5 manuels m\u00e9thodologiques avec une description d\u00e9taill\u00e9e des protocoles de proc\u00e9dure et des structures anatomiques ;<br \/>\nAssistance en ligne par un dermatologue sp\u00e9cialis\u00e9o<\/p>\n<p>Certificat de d\u00e9veloppement professionnel international<\/p>\n<p>&nbsp;<br \/>\n\ud83c\udf81 Livraison gratuite disponible ! Ajoutez le code courseshipping dans le panier pour b\u00e9n\u00e9ficier de la livraison gratuite exclusive lors de l\u2019achat de ce cours en ligne.<\/p>\n","protected":false},"excerpt":{"rendered":"<p><strong>Cours Avanc\u00e9 en Techniques d\u2019Injection de Filler avec Produits Innovants et Nouvelles Technologies<\/strong><\/p>\n<p>Apprenez les techniques d\u2019injection de filler les plus avanc\u00e9es pour des zones cl\u00e9s comme le visage, le cou et les mains !<\/p>\n<p><strong>Description du Cours :<\/strong> Ce cours complet comprend une s\u00e9rie de vid\u00e9os qui couvrent \u00e0 la fois les bases th\u00e9oriques et la pratique clinique. Vous d\u00e9couvrirez comment s\u00e9lectionner la technique d\u2019injection la plus adapt\u00e9e et adapter la m\u00e9thode en fonction des r\u00e9sultats souhait\u00e9s, pour un rajeunissement naturel allant au-del\u00e0 de la simple \u00e9limination des rides.<\/p>\n<p><strong>Ce Que Vous Apprendrez :<\/strong><\/p>\n<ul>\n<li>S\u00e9lection de techniques d\u2019injection pour des zones sp\u00e9cifiques : visage, cou et mains.<\/li>\n<li>Comment choisir la m\u00e9thode d\u2019injection adapt\u00e9e pour des r\u00e9sultats personnalis\u00e9s.<\/li>\n<li>Principes pour am\u00e9liorer l\u2019apparence du patient, en soulignant un rajeunissement naturel.<\/li>\n<li>Examen d\u00e9taill\u00e9 des structures anatomiques cl\u00e9s pour une injection de filler s\u00fbre et efficace.<\/li>\n<\/ul>\n<blockquote><p><strong>Remarque <\/strong> : Ce cours est exclusivement r\u00e9serv\u00e9 aux m\u00e9decins.<\/p><\/blockquote>\n<p><strong>Dur\u00e9e et Structure du Cours :<\/strong><\/p>\n<ul>\n<li><strong>Section Th\u00e9orique : <\/strong> 6 le\u00e7ons en vid\u00e9o avec pr\u00e9sentations PowerPoint (environ 30 minutes chacune).<\/li>\n<li><strong>Section Pratique :<\/strong> 11 le\u00e7ons en vid\u00e9o (10-15 minutes chacune) illustrant les proc\u00e9dures et techniques en temps r\u00e9el.<\/li>\n<\/ul>\n<p>Obtenez une formation de qualit\u00e9 et amenez vos comp\u00e9tences en techniques de filler \u00e0 un niveau sup\u00e9rieur.<\/p>\n<p>\ud83c\udf81 <strong data-start=\"88\" data-end=\"119\">Livraison gratuite disponible ! <\/strong> Ajoutez le code <strong data-start=\"136\" data-end=\"156\"><code data-start=\"138\" data-end=\"154\">courseshipping<\/code><\/strong> dans le panier pour b\u00e9n\u00e9ficier de la <strong data-start=\"184\" data-end=\"200\"> livraison gratuite exclusive<\/strong> lors de l\u2019achat de ce cours en ligne.<\/p>\n<p>&nbsp;<\/p>\n","protected":false},"featured_media":7594,"comment_status":"open","ping_status":"closed","template":"","meta":[],"product_brand":[],"product_cat":[201,72],"product_tag":[],"class_list":{"0":"post-7552","1":"product","2":"type-product","3":"status-publish","4":"has-post-thumbnail","6":"product_cat-cursos-online-fr","7":"product_cat-professionnelle","8":"product_shipping_class-livraison-gratuite-cours","10":"first","11":"instock","12":"taxable","13":"shipping-taxable","14":"purchasable","15":"product-type-simple"},"yoast_head":"<!-- This site is optimized with the Yoast SEO plugin v27.4 - https:\/\/yoast.com\/product\/yoast-seo-wordpress\/ -->\n<title>Cours de remplissage - Pressensa<\/title>\n<meta name=\"description\" content=\"Cours avanc\u00e9 sur les techniques d&#039;injection de produits de comblement utilisant des produits innovants. Exclusivement pour les m\u00e9decins.\" \/>\n<meta name=\"robots\" content=\"index, follow, max-snippet:-1, max-image-preview:large, max-video-preview:-1\" \/>\n<link rel=\"canonical\" href=\"https:\/\/www.pressensa.shop\/fr\/produit\/cours-de-remplissage\/\" \/>\n<meta property=\"og:locale\" content=\"fr_FR\" \/>\n<meta property=\"og:type\" content=\"article\" \/>\n<meta property=\"og:title\" content=\"Cours de remplissage - Pressensa\" \/>\n<meta property=\"og:description\" content=\"Cours avanc\u00e9 sur les techniques d&#039;injection de produits de comblement utilisant des produits innovants. Exclusivement pour les m\u00e9decins.\" \/>\n<meta property=\"og:url\" content=\"https:\/\/www.pressensa.shop\/fr\/produit\/cours-de-remplissage\/\" \/>\n<meta property=\"og:site_name\" content=\"Pressensa\" \/>\n<meta property=\"article:modified_time\" content=\"2025-05-22T09:25:05+00:00\" \/>\n<meta property=\"og:image\" content=\"https:\/\/www.pressensa.shop\/wp-content\/uploads\/2022\/09\/3-1.png\" \/>\n\t<meta property=\"og:image:width\" content=\"1080\" \/>\n\t<meta property=\"og:image:height\" content=\"1080\" \/>\n\t<meta property=\"og:image:type\" content=\"image\/png\" \/>\n<meta name=\"twitter:card\" content=\"summary_large_image\" \/>\n<script type=\"application\/ld+json\" class=\"yoast-schema-graph\">{\"@context\":\"https:\\\/\\\/schema.org\",\"@graph\":[{\"@type\":\"WebPage\",\"@id\":\"https:\\\/\\\/www.pressensa.shop\\\/fr\\\/produit\\\/cours-de-remplissage\\\/\",\"url\":\"https:\\\/\\\/www.pressensa.shop\\\/fr\\\/produit\\\/cours-de-remplissage\\\/\",\"name\":\"Cours de remplissage - Pressensa\",\"isPartOf\":{\"@id\":\"https:\\\/\\\/www.pressensa.shop\\\/fr\\\/#website\"},\"primaryImageOfPage\":{\"@id\":\"https:\\\/\\\/www.pressensa.shop\\\/fr\\\/produit\\\/cours-de-remplissage\\\/#primaryimage\"},\"image\":{\"@id\":\"https:\\\/\\\/www.pressensa.shop\\\/fr\\\/produit\\\/cours-de-remplissage\\\/#primaryimage\"},\"thumbnailUrl\":\"https:\\\/\\\/www.pressensa.shop\\\/wp-content\\\/uploads\\\/2022\\\/09\\\/3-1.png\",\"datePublished\":\"2022-09-08T11:42:39+00:00\",\"dateModified\":\"2025-05-22T09:25:05+00:00\",\"description\":\"Cours avanc\u00e9 sur les techniques d'injection de produits de comblement utilisant des produits innovants. Exclusivement pour les m\u00e9decins.\",\"breadcrumb\":{\"@id\":\"https:\\\/\\\/www.pressensa.shop\\\/fr\\\/produit\\\/cours-de-remplissage\\\/#breadcrumb\"},\"inLanguage\":\"fr-FR\",\"potentialAction\":[{\"@type\":\"ReadAction\",\"target\":[\"https:\\\/\\\/www.pressensa.shop\\\/fr\\\/produit\\\/cours-de-remplissage\\\/\"]}]},{\"@type\":\"ImageObject\",\"inLanguage\":\"fr-FR\",\"@id\":\"https:\\\/\\\/www.pressensa.shop\\\/fr\\\/produit\\\/cours-de-remplissage\\\/#primaryimage\",\"url\":\"https:\\\/\\\/www.pressensa.shop\\\/wp-content\\\/uploads\\\/2022\\\/09\\\/3-1.png\",\"contentUrl\":\"https:\\\/\\\/www.pressensa.shop\\\/wp-content\\\/uploads\\\/2022\\\/09\\\/3-1.png\",\"width\":1080,\"height\":1080},{\"@type\":\"BreadcrumbList\",\"@id\":\"https:\\\/\\\/www.pressensa.shop\\\/fr\\\/produit\\\/cours-de-remplissage\\\/#breadcrumb\",\"itemListElement\":[{\"@type\":\"ListItem\",\"position\":1,\"name\":\"Portada\",\"item\":\"https:\\\/\\\/www.pressensa.shop\\\/fr\\\/\"},{\"@type\":\"ListItem\",\"position\":2,\"name\":\"Boutique\",\"item\":\"https:\\\/\\\/www.pressensa.shop\\\/fr\\\/boutique\\\/\"},{\"@type\":\"ListItem\",\"position\":3,\"name\":\"Cours de remplissage\"}]},{\"@type\":\"WebSite\",\"@id\":\"https:\\\/\\\/www.pressensa.shop\\\/fr\\\/#website\",\"url\":\"https:\\\/\\\/www.pressensa.shop\\\/fr\\\/\",\"name\":\"Pressensa\",\"description\":\"fabricante de productos de dermocosmetica, estetica y medicina est\u00e9tica.\",\"publisher\":{\"@id\":\"https:\\\/\\\/www.pressensa.shop\\\/fr\\\/#organization\"},\"potentialAction\":[{\"@type\":\"SearchAction\",\"target\":{\"@type\":\"EntryPoint\",\"urlTemplate\":\"https:\\\/\\\/www.pressensa.shop\\\/fr\\\/?s={search_term_string}\"},\"query-input\":{\"@type\":\"PropertyValueSpecification\",\"valueRequired\":true,\"valueName\":\"search_term_string\"}}],\"inLanguage\":\"fr-FR\"},{\"@type\":\"Organization\",\"@id\":\"https:\\\/\\\/www.pressensa.shop\\\/fr\\\/#organization\",\"name\":\"Pressensa\",\"url\":\"https:\\\/\\\/www.pressensa.shop\\\/fr\\\/\",\"logo\":{\"@type\":\"ImageObject\",\"inLanguage\":\"fr-FR\",\"@id\":\"https:\\\/\\\/www.pressensa.shop\\\/fr\\\/#\\\/schema\\\/logo\\\/image\\\/\",\"url\":\"https:\\\/\\\/www.pressensa.shop\\\/wp-content\\\/uploads\\\/2022\\\/06\\\/Recurso-24.png\",\"contentUrl\":\"https:\\\/\\\/www.pressensa.shop\\\/wp-content\\\/uploads\\\/2022\\\/06\\\/Recurso-24.png\",\"width\":281,\"height\":131,\"caption\":\"Pressensa\"},\"image\":{\"@id\":\"https:\\\/\\\/www.pressensa.shop\\\/fr\\\/#\\\/schema\\\/logo\\\/image\\\/\"}}]}<\/script>\n<!-- \/ Yoast SEO plugin. -->","yoast_head_json":{"title":"Cours de remplissage - Pressensa","description":"Cours avanc\u00e9 sur les techniques d'injection de produits de comblement utilisant des produits innovants. Exclusivement pour les m\u00e9decins.","robots":{"index":"index","follow":"follow","max-snippet":"max-snippet:-1","max-image-preview":"max-image-preview:large","max-video-preview":"max-video-preview:-1"},"canonical":"https:\/\/www.pressensa.shop\/fr\/produit\/cours-de-remplissage\/","og_locale":"fr_FR","og_type":"article","og_title":"Cours de remplissage - Pressensa","og_description":"Cours avanc\u00e9 sur les techniques d'injection de produits de comblement utilisant des produits innovants. Exclusivement pour les m\u00e9decins.","og_url":"https:\/\/www.pressensa.shop\/fr\/produit\/cours-de-remplissage\/","og_site_name":"Pressensa","article_modified_time":"2025-05-22T09:25:05+00:00","og_image":[{"width":1080,"height":1080,"url":"https:\/\/www.pressensa.shop\/wp-content\/uploads\/2022\/09\/3-1.png","type":"image\/png"}],"twitter_card":"summary_large_image","schema":{"@context":"https:\/\/schema.org","@graph":[{"@type":"WebPage","@id":"https:\/\/www.pressensa.shop\/fr\/produit\/cours-de-remplissage\/","url":"https:\/\/www.pressensa.shop\/fr\/produit\/cours-de-remplissage\/","name":"Cours de remplissage - Pressensa","isPartOf":{"@id":"https:\/\/www.pressensa.shop\/fr\/#website"},"primaryImageOfPage":{"@id":"https:\/\/www.pressensa.shop\/fr\/produit\/cours-de-remplissage\/#primaryimage"},"image":{"@id":"https:\/\/www.pressensa.shop\/fr\/produit\/cours-de-remplissage\/#primaryimage"},"thumbnailUrl":"https:\/\/www.pressensa.shop\/wp-content\/uploads\/2022\/09\/3-1.png","datePublished":"2022-09-08T11:42:39+00:00","dateModified":"2025-05-22T09:25:05+00:00","description":"Cours avanc\u00e9 sur les techniques d'injection de produits de comblement utilisant des produits innovants. Exclusivement pour les m\u00e9decins.","breadcrumb":{"@id":"https:\/\/www.pressensa.shop\/fr\/produit\/cours-de-remplissage\/#breadcrumb"},"inLanguage":"fr-FR","potentialAction":[{"@type":"ReadAction","target":["https:\/\/www.pressensa.shop\/fr\/produit\/cours-de-remplissage\/"]}]},{"@type":"ImageObject","inLanguage":"fr-FR","@id":"https:\/\/www.pressensa.shop\/fr\/produit\/cours-de-remplissage\/#primaryimage","url":"https:\/\/www.pressensa.shop\/wp-content\/uploads\/2022\/09\/3-1.png","contentUrl":"https:\/\/www.pressensa.shop\/wp-content\/uploads\/2022\/09\/3-1.png","width":1080,"height":1080},{"@type":"BreadcrumbList","@id":"https:\/\/www.pressensa.shop\/fr\/produit\/cours-de-remplissage\/#breadcrumb","itemListElement":[{"@type":"ListItem","position":1,"name":"Portada","item":"https:\/\/www.pressensa.shop\/fr\/"},{"@type":"ListItem","position":2,"name":"Boutique","item":"https:\/\/www.pressensa.shop\/fr\/boutique\/"},{"@type":"ListItem","position":3,"name":"Cours de remplissage"}]},{"@type":"WebSite","@id":"https:\/\/www.pressensa.shop\/fr\/#website","url":"https:\/\/www.pressensa.shop\/fr\/","name":"Pressensa","description":"fabricante de productos de dermocosmetica, estetica y medicina est\u00e9tica.","publisher":{"@id":"https:\/\/www.pressensa.shop\/fr\/#organization"},"potentialAction":[{"@type":"SearchAction","target":{"@type":"EntryPoint","urlTemplate":"https:\/\/www.pressensa.shop\/fr\/?s={search_term_string}"},"query-input":{"@type":"PropertyValueSpecification","valueRequired":true,"valueName":"search_term_string"}}],"inLanguage":"fr-FR"},{"@type":"Organization","@id":"https:\/\/www.pressensa.shop\/fr\/#organization","name":"Pressensa","url":"https:\/\/www.pressensa.shop\/fr\/","logo":{"@type":"ImageObject","inLanguage":"fr-FR","@id":"https:\/\/www.pressensa.shop\/fr\/#\/schema\/logo\/image\/","url":"https:\/\/www.pressensa.shop\/wp-content\/uploads\/2022\/06\/Recurso-24.png","contentUrl":"https:\/\/www.pressensa.shop\/wp-content\/uploads\/2022\/06\/Recurso-24.png","width":281,"height":131,"caption":"Pressensa"},"image":{"@id":"https:\/\/www.pressensa.shop\/fr\/#\/schema\/logo\/image\/"}}]}},"_links":{"self":[{"href":"https:\/\/www.pressensa.shop\/fr\/wp-json\/wp\/v2\/product\/7552","targetHints":{"allow":["GET"]}}],"collection":[{"href":"https:\/\/www.pressensa.shop\/fr\/wp-json\/wp\/v2\/product"}],"about":[{"href":"https:\/\/www.pressensa.shop\/fr\/wp-json\/wp\/v2\/types\/product"}],"replies":[{"embeddable":true,"href":"https:\/\/www.pressensa.shop\/fr\/wp-json\/wp\/v2\/comments?post=7552"}],"version-history":[{"count":0,"href":"https:\/\/www.pressensa.shop\/fr\/wp-json\/wp\/v2\/product\/7552\/revisions"}],"wp:featuredmedia":[{"embeddable":true,"href":"https:\/\/www.pressensa.shop\/fr\/wp-json\/wp\/v2\/media\/7594"}],"wp:attachment":[{"href":"https:\/\/www.pressensa.shop\/fr\/wp-json\/wp\/v2\/media?parent=7552"}],"wp:term":[{"taxonomy":"product_brand","embeddable":true,"href":"https:\/\/www.pressensa.shop\/fr\/wp-json\/wp\/v2\/product_brand?post=7552"},{"taxonomy":"product_cat","embeddable":true,"href":"https:\/\/www.pressensa.shop\/fr\/wp-json\/wp\/v2\/product_cat?post=7552"},{"taxonomy":"product_tag","embeddable":true,"href":"https:\/\/www.pressensa.shop\/fr\/wp-json\/wp\/v2\/product_tag?post=7552"}],"curies":[{"name":"wp","href":"https:\/\/api.w.org\/{rel}","templated":true}]}}