{"id":13404,"date":"2023-08-31T10:52:29","date_gmt":"2023-08-31T08:52:29","guid":{"rendered":"https:\/\/www.pressensa.shop\/?post_type=product&#038;p=13404"},"modified":"2023-08-31T11:55:22","modified_gmt":"2023-08-31T09:55:22","slug":"curso-avanzado-completo","status":"publish","type":"product","link":"https:\/\/www.pressensa.shop\/ru\/product\/curso-avanzado-completo\/","title":{"rendered":"Curso avanzado completo de Estetica"},"content":{"rendered":"<h3>Curso avanzado completo de t\u00e9cnicas de est\u00e9tica:<\/h3>\n<p>Curso de Microneedling- filler- peeling<\/p>\n<p>1. Curso avanzado en Microneedling para cara y cuerpo utilizando productos \u00fanicos y nuevas tecnolog\u00edas. El curso ofrece 12 protocolos de terapia con microneedling:<\/p>\n<p>Mesopen Lift<br \/>\nMesopen RoseLips<br \/>\nMesopen Revitalization<br \/>\nMesopen Chin Mesopen Fill<br \/>\nMesopen Hair<br \/>\nMesopen White<br \/>\nMesopen Stretch Marks<br \/>\nMesopen Activ Eyes<br \/>\nMesopen Cellulite<br \/>\nMesopen Acne<br \/>\nMesopen Hands<\/p>\n<p>&nbsp;<\/p>\n<p>&nbsp;<\/p>\n<p>&nbsp;<\/p>\n<p>&nbsp;<\/p>\n","protected":false},"excerpt":{"rendered":"<p>2.Curso avanzado donde aprender\u00e1s nuevas t\u00e9cnicas de tratamiento de peeling con los productos de Pressensa de la l\u00ednea de Peeling.<\/p>\n<p>Aprender\u00e1s a trav\u00e9s de v\u00eddeos explicativos, con base te\u00f3rica, y pr\u00e1cticos, sobre la realizaci\u00f3n de los tratamientos de Peeling paso a paso.<\/p>\n<p>Puedes elegir entre comprar el curso junto con el pack de productos Pressensa, o solo, comprar el curso.<\/p>\n<p>El Curso incluye:<\/p>\n<p>Renova Peel 1A New Jessner White Peel<\/p>\n<p>Rejova Peel 1 B(AHA Innovated) Luminosa TCA Basic<\/p>\n<p>Hydra Peel Luminossa TCA ANTI-AGE<\/p>\n<p>Rosacea Peel Luminossa TCA LIFT<\/p>\n<p>CrystalBright Peel Luminossa TCA WHITE<\/p>\n<p>Magic Combi Peel Luminosa TCA Retinol \u0410cne<\/p>\n<p>Antiacne Blue Red Peel Luminosa TCA Body<\/p>\n<p>Lifting Peel<\/p>\n<p>&nbsp;<\/p>\n<p>3. Curso en <strong>t\u00e9cnicas de Inyecci\u00f3n de filler<\/strong>\u00a0utilizando productos \u00fanicos y nuevas tecnolog\u00edas.<\/p>\n<blockquote><p>T\u00e9cnicas de inyecci\u00f3n de rellenos para la cara, el cuello y las manos.<\/p><\/blockquote>\n<p>El curso est\u00e1 compuesto de v\u00eddeos explicando tanto la Teor\u00eda como la Pr\u00e1ctica:<br \/>\nC\u00f3mo elegir la t\u00e9cnica adecuada de inyecci\u00f3n de relleno para la cara, el cuello y las manos;<br \/>\nC\u00f3mo elegir el m\u00e9todo de inyecci\u00f3n seg\u00fan los resultados que le gustar\u00eda lograr;<br \/>\nc\u00f3mo hacer que el paciente se vea m\u00e1s joven, pero no solo sin arrugas;<br \/>\ny todas las estructuras anat\u00f3micas importantes para la inyecci\u00f3n de relleno.<br \/>\nEste curso es solo para m\u00e9dicos.<\/p>\n<p>&nbsp;<\/p>\n","protected":false},"featured_media":0,"comment_status":"open","ping_status":"closed","template":"","meta":[],"product_brand":[],"product_cat":[44],"product_tag":[],"class_list":{"0":"post-13404","1":"product","2":"type-product","3":"status-publish","5":"product_cat-profesional","7":"first","8":"instock","9":"taxable","10":"shipping-taxable","11":"purchasable","12":"product-type-simple"},"yoast_head":"<!-- This site is optimized with the Yoast SEO plugin v27.5 - https:\/\/yoast.com\/product\/yoast-seo-wordpress\/ -->\n<title>Curso avanzado completo de Estetica - Pressensa<\/title>\n<meta name=\"robots\" content=\"index, follow, max-snippet:-1, max-image-preview:large, max-video-preview:-1\" \/>\n<link rel=\"canonical\" href=\"https:\/\/www.pressensa.shop\/ru\/product\/curso-avanzado-completo\/\" \/>\n<meta property=\"og:locale\" content=\"ru_RU\" \/>\n<meta property=\"og:type\" content=\"article\" \/>\n<meta property=\"og:title\" content=\"Curso avanzado completo de Estetica - Pressensa\" \/>\n<meta property=\"og:description\" content=\"2.Curso avanzado donde aprender\u00e1s nuevas t\u00e9cnicas de tratamiento de peeling con los productos de Pressensa de la l\u00ednea de Peeling.  Aprender\u00e1s a trav\u00e9s de v\u00eddeos explicativos, con base te\u00f3rica, y pr\u00e1cticos, sobre la realizaci\u00f3n de los tratamientos de Peeling paso a paso.  Puedes elegir entre comprar el curso junto con el pack de productos Pressensa, o solo, comprar el curso.  El Curso incluye:  Renova Peel 1A New Jessner White Peel  Rejova Peel 1 B(AHA Innovated) Luminosa TCA Basic  Hydra Peel Luminossa TCA ANTI-AGE  Rosacea Peel Luminossa TCA LIFT  CrystalBright Peel Luminossa TCA WHITE  Magic Combi Peel Luminosa TCA Retinol \u0410cne  Antiacne Blue Red Peel Luminosa TCA Body  Lifting Peel  &nbsp;  3. Curso en t\u00e9cnicas de Inyecci\u00f3n de filler\u00a0utilizando productos \u00fanicos y nuevas tecnolog\u00edas. T\u00e9cnicas de inyecci\u00f3n de rellenos para la cara, el cuello y las manos. El curso est\u00e1 compuesto de v\u00eddeos explicando tanto la Teor\u00eda como la Pr\u00e1ctica: C\u00f3mo elegir la t\u00e9cnica adecuada de inyecci\u00f3n de relleno para la cara, el cuello y las manos; C\u00f3mo elegir el m\u00e9todo de inyecci\u00f3n seg\u00fan los resultados que le gustar\u00eda lograr; c\u00f3mo hacer que el paciente se vea m\u00e1s joven, pero no solo sin arrugas; y todas las estructuras anat\u00f3micas importantes para la inyecci\u00f3n de relleno. Este curso es solo para m\u00e9dicos.  &nbsp;\" \/>\n<meta property=\"og:url\" content=\"https:\/\/www.pressensa.shop\/ru\/product\/curso-avanzado-completo\/\" \/>\n<meta property=\"og:site_name\" content=\"Pressensa\" \/>\n<meta property=\"article:modified_time\" content=\"2023-08-31T09:55:22+00:00\" \/>\n<meta property=\"og:image\" content=\"https:\/\/www.pressensa.shop\/wp-content\/uploads\/2022\/09\/cursos-medicina-estetica.jpg\" \/>\n\t<meta property=\"og:image:width\" content=\"1080\" \/>\n\t<meta property=\"og:image:height\" content=\"1080\" \/>\n\t<meta property=\"og:image:type\" content=\"image\/jpeg\" \/>\n<meta name=\"twitter:card\" content=\"summary_large_image\" \/>\n<script type=\"application\/ld+json\" class=\"yoast-schema-graph\">{\"@context\":\"https:\\\/\\\/schema.org\",\"@graph\":[{\"@type\":\"WebPage\",\"@id\":\"https:\\\/\\\/www.pressensa.shop\\\/ru\\\/product\\\/curso-avanzado-completo\\\/\",\"url\":\"https:\\\/\\\/www.pressensa.shop\\\/ru\\\/product\\\/curso-avanzado-completo\\\/\",\"name\":\"Curso avanzado completo de Estetica - Pressensa\",\"isPartOf\":{\"@id\":\"https:\\\/\\\/www.pressensa.shop\\\/ru\\\/#website\"},\"datePublished\":\"2023-08-31T08:52:29+00:00\",\"dateModified\":\"2023-08-31T09:55:22+00:00\",\"breadcrumb\":{\"@id\":\"https:\\\/\\\/www.pressensa.shop\\\/ru\\\/product\\\/curso-avanzado-completo\\\/#breadcrumb\"},\"inLanguage\":\"ru-RU\",\"potentialAction\":[{\"@type\":\"ReadAction\",\"target\":[\"https:\\\/\\\/www.pressensa.shop\\\/ru\\\/product\\\/curso-avanzado-completo\\\/\"]}]},{\"@type\":\"BreadcrumbList\",\"@id\":\"https:\\\/\\\/www.pressensa.shop\\\/ru\\\/product\\\/curso-avanzado-completo\\\/#breadcrumb\",\"itemListElement\":[{\"@type\":\"ListItem\",\"position\":1,\"name\":\"Portada\",\"item\":\"https:\\\/\\\/www.pressensa.shop\\\/ru\\\/\"},{\"@type\":\"ListItem\",\"position\":2,\"name\":\"\u041c\u0430\u0433\u0430\u0437\u0438\u043d\",\"item\":\"https:\\\/\\\/www.pressensa.shop\\\/ru\\\/shop\\\/\"},{\"@type\":\"ListItem\",\"position\":3,\"name\":\"Curso avanzado completo de Estetica\"}]},{\"@type\":\"WebSite\",\"@id\":\"https:\\\/\\\/www.pressensa.shop\\\/ru\\\/#website\",\"url\":\"https:\\\/\\\/www.pressensa.shop\\\/ru\\\/\",\"name\":\"Pressensa\",\"description\":\"fabricante de productos de dermocosmetica, estetica y medicina est\u00e9tica.\",\"publisher\":{\"@id\":\"https:\\\/\\\/www.pressensa.shop\\\/ru\\\/#organization\"},\"potentialAction\":[{\"@type\":\"SearchAction\",\"target\":{\"@type\":\"EntryPoint\",\"urlTemplate\":\"https:\\\/\\\/www.pressensa.shop\\\/ru\\\/?s={search_term_string}\"},\"query-input\":{\"@type\":\"PropertyValueSpecification\",\"valueRequired\":true,\"valueName\":\"search_term_string\"}}],\"inLanguage\":\"ru-RU\"},{\"@type\":\"Organization\",\"@id\":\"https:\\\/\\\/www.pressensa.shop\\\/ru\\\/#organization\",\"name\":\"Pressensa\",\"url\":\"https:\\\/\\\/www.pressensa.shop\\\/ru\\\/\",\"logo\":{\"@type\":\"ImageObject\",\"inLanguage\":\"ru-RU\",\"@id\":\"https:\\\/\\\/www.pressensa.shop\\\/ru\\\/#\\\/schema\\\/logo\\\/image\\\/\",\"url\":\"https:\\\/\\\/www.pressensa.shop\\\/wp-content\\\/uploads\\\/2022\\\/06\\\/Recurso-24.png\",\"contentUrl\":\"https:\\\/\\\/www.pressensa.shop\\\/wp-content\\\/uploads\\\/2022\\\/06\\\/Recurso-24.png\",\"width\":281,\"height\":131,\"caption\":\"Pressensa\"},\"image\":{\"@id\":\"https:\\\/\\\/www.pressensa.shop\\\/ru\\\/#\\\/schema\\\/logo\\\/image\\\/\"}}]}<\/script>\n<!-- \/ Yoast SEO plugin. -->","yoast_head_json":{"title":"Curso avanzado completo de Estetica - Pressensa","robots":{"index":"index","follow":"follow","max-snippet":"max-snippet:-1","max-image-preview":"max-image-preview:large","max-video-preview":"max-video-preview:-1"},"canonical":"https:\/\/www.pressensa.shop\/ru\/product\/curso-avanzado-completo\/","og_locale":"ru_RU","og_type":"article","og_title":"Curso avanzado completo de Estetica - Pressensa","og_description":"2.Curso avanzado donde aprender\u00e1s nuevas t\u00e9cnicas de tratamiento de peeling con los productos de Pressensa de la l\u00ednea de Peeling.  Aprender\u00e1s a trav\u00e9s de v\u00eddeos explicativos, con base te\u00f3rica, y pr\u00e1cticos, sobre la realizaci\u00f3n de los tratamientos de Peeling paso a paso.  Puedes elegir entre comprar el curso junto con el pack de productos Pressensa, o solo, comprar el curso.  El Curso incluye:  Renova Peel 1A New Jessner White Peel  Rejova Peel 1 B(AHA Innovated) Luminosa TCA Basic  Hydra Peel Luminossa TCA ANTI-AGE  Rosacea Peel Luminossa TCA LIFT  CrystalBright Peel Luminossa TCA WHITE  Magic Combi Peel Luminosa TCA Retinol \u0410cne  Antiacne Blue Red Peel Luminosa TCA Body  Lifting Peel  &nbsp;  3. Curso en t\u00e9cnicas de Inyecci\u00f3n de filler\u00a0utilizando productos \u00fanicos y nuevas tecnolog\u00edas. T\u00e9cnicas de inyecci\u00f3n de rellenos para la cara, el cuello y las manos. El curso est\u00e1 compuesto de v\u00eddeos explicando tanto la Teor\u00eda como la Pr\u00e1ctica: C\u00f3mo elegir la t\u00e9cnica adecuada de inyecci\u00f3n de relleno para la cara, el cuello y las manos; C\u00f3mo elegir el m\u00e9todo de inyecci\u00f3n seg\u00fan los resultados que le gustar\u00eda lograr; c\u00f3mo hacer que el paciente se vea m\u00e1s joven, pero no solo sin arrugas; y todas las estructuras anat\u00f3micas importantes para la inyecci\u00f3n de relleno. Este curso es solo para m\u00e9dicos.  &nbsp;","og_url":"https:\/\/www.pressensa.shop\/ru\/product\/curso-avanzado-completo\/","og_site_name":"Pressensa","article_modified_time":"2023-08-31T09:55:22+00:00","og_image":[{"width":1080,"height":1080,"url":"https:\/\/www.pressensa.shop\/wp-content\/uploads\/2022\/09\/cursos-medicina-estetica.jpg","type":"image\/jpeg"}],"twitter_card":"summary_large_image","schema":{"@context":"https:\/\/schema.org","@graph":[{"@type":"WebPage","@id":"https:\/\/www.pressensa.shop\/ru\/product\/curso-avanzado-completo\/","url":"https:\/\/www.pressensa.shop\/ru\/product\/curso-avanzado-completo\/","name":"Curso avanzado completo de Estetica - Pressensa","isPartOf":{"@id":"https:\/\/www.pressensa.shop\/ru\/#website"},"datePublished":"2023-08-31T08:52:29+00:00","dateModified":"2023-08-31T09:55:22+00:00","breadcrumb":{"@id":"https:\/\/www.pressensa.shop\/ru\/product\/curso-avanzado-completo\/#breadcrumb"},"inLanguage":"ru-RU","potentialAction":[{"@type":"ReadAction","target":["https:\/\/www.pressensa.shop\/ru\/product\/curso-avanzado-completo\/"]}]},{"@type":"BreadcrumbList","@id":"https:\/\/www.pressensa.shop\/ru\/product\/curso-avanzado-completo\/#breadcrumb","itemListElement":[{"@type":"ListItem","position":1,"name":"Portada","item":"https:\/\/www.pressensa.shop\/ru\/"},{"@type":"ListItem","position":2,"name":"\u041c\u0430\u0433\u0430\u0437\u0438\u043d","item":"https:\/\/www.pressensa.shop\/ru\/shop\/"},{"@type":"ListItem","position":3,"name":"Curso avanzado completo de Estetica"}]},{"@type":"WebSite","@id":"https:\/\/www.pressensa.shop\/ru\/#website","url":"https:\/\/www.pressensa.shop\/ru\/","name":"Pressensa","description":"fabricante de productos de dermocosmetica, estetica y medicina est\u00e9tica.","publisher":{"@id":"https:\/\/www.pressensa.shop\/ru\/#organization"},"potentialAction":[{"@type":"SearchAction","target":{"@type":"EntryPoint","urlTemplate":"https:\/\/www.pressensa.shop\/ru\/?s={search_term_string}"},"query-input":{"@type":"PropertyValueSpecification","valueRequired":true,"valueName":"search_term_string"}}],"inLanguage":"ru-RU"},{"@type":"Organization","@id":"https:\/\/www.pressensa.shop\/ru\/#organization","name":"Pressensa","url":"https:\/\/www.pressensa.shop\/ru\/","logo":{"@type":"ImageObject","inLanguage":"ru-RU","@id":"https:\/\/www.pressensa.shop\/ru\/#\/schema\/logo\/image\/","url":"https:\/\/www.pressensa.shop\/wp-content\/uploads\/2022\/06\/Recurso-24.png","contentUrl":"https:\/\/www.pressensa.shop\/wp-content\/uploads\/2022\/06\/Recurso-24.png","width":281,"height":131,"caption":"Pressensa"},"image":{"@id":"https:\/\/www.pressensa.shop\/ru\/#\/schema\/logo\/image\/"}}]}},"_links":{"self":[{"href":"https:\/\/www.pressensa.shop\/ru\/wp-json\/wp\/v2\/product\/13404","targetHints":{"allow":["GET"]}}],"collection":[{"href":"https:\/\/www.pressensa.shop\/ru\/wp-json\/wp\/v2\/product"}],"about":[{"href":"https:\/\/www.pressensa.shop\/ru\/wp-json\/wp\/v2\/types\/product"}],"replies":[{"embeddable":true,"href":"https:\/\/www.pressensa.shop\/ru\/wp-json\/wp\/v2\/comments?post=13404"}],"version-history":[{"count":0,"href":"https:\/\/www.pressensa.shop\/ru\/wp-json\/wp\/v2\/product\/13404\/revisions"}],"wp:attachment":[{"href":"https:\/\/www.pressensa.shop\/ru\/wp-json\/wp\/v2\/media?parent=13404"}],"wp:term":[{"taxonomy":"product_brand","embeddable":true,"href":"https:\/\/www.pressensa.shop\/ru\/wp-json\/wp\/v2\/product_brand?post=13404"},{"taxonomy":"product_cat","embeddable":true,"href":"https:\/\/www.pressensa.shop\/ru\/wp-json\/wp\/v2\/product_cat?post=13404"},{"taxonomy":"product_tag","embeddable":true,"href":"https:\/\/www.pressensa.shop\/ru\/wp-json\/wp\/v2\/product_tag?post=13404"}],"curies":[{"name":"wp","href":"https:\/\/api.w.org\/{rel}","templated":true}]}}